{"id":11894,"date":"2020-12-21T09:28:54","date_gmt":"2020-12-21T08:28:54","guid":{"rendered":"https:\/\/came-italy.com\/?page_id=11894"},"modified":"2024-06-11T14:29:19","modified_gmt":"2024-06-11T12:29:19","slug":"dienstleistungen","status":"publish","type":"page","link":"https:\/\/came-italy.com\/de\/dienstleistungen\/","title":{"rendered":"Dienstleistungen"},"content":{"rendered":"<div class=\"entry_line\">&nbsp;<\/div>\n<div class=\"col-2\">\n<div>\n<h2 class=\"h2_20--black\">Forschung, Entwicklung und technische Unterst\u00fctzung<\/h2>\n<div class=\"orange-bullet font-20\">Entwurf<\/div>\n<div class=\"pl15\">Elektrische Dimensionierung mit Tabellenkalkulation oder Motor-CAD.<\/div>\n<div class=\"orange-bullet font-20\">Kostenersparung<\/div>\n<div class=\"pl15\">Produktanalyse im Hinblick auf Optimierung und Kostensenkung.<\/div>\n<div class=\"orange-bullet font-20\">Werkstatt<\/div>\n<div class=\"pl15\">Tests am Bremspr\u00fcfstand zur Charakterisierung und m\u00f6glicherweise Optimierung des Elektromotors, um ihn effizienter zu machen.<\/div>\n<div class=\"orange-bullet font-20\">Mikroentladungen<\/div>\n<div class=\"pl15\">Test mit einem speziellen Messger\u00e4t, um den Grad der Robustheit eines Umrichtermotors zu \u00fcberpr\u00fcfen und gegebenenfalls zu verbessern.<\/div>\n<div class=\"orange-bullet font-20\">BLDC-Prototyping<\/div>\n<div class=\"pl15\">Co-Design und Industrialisierung von gewickelten Statoren f\u00fcr b\u00fcrstenlose Motoren mit sehr hohem Wirkungsgrad.<\/div>\n<\/div>\n<h2 class=\"h2_20--black\">Co-Design Druckguss<\/h2>\n<div class=\"orange-bullet font-20\">Entwurf und Co-Design<\/div>\n<div class=\"pl15\">Entwurf und Co-Design in Zusammenarbeit mit dem Kunden, um den Konstruktionsprozess zu beschleunigen und den Kunden w\u00e4hrend dieser Phase mit einem schl\u00fcsselfertigen Service zu unterst\u00fctzen. Die F&amp;E-Abteilung von Came arbeitet mit CAD-Systemen zur Konstruktionsunterst\u00fctzung und Analysesystemen zur Str\u00f6mungssimulation (MAGMA, PROCAST).<\/div>\n<div class=\"orange-bullet font-20\">Entwurf und Fertigung von Formen<\/div>\n<div class=\"pl15\">Entwurf und Optimierung der Dokumentation f\u00fcr die Fertigung von Formen und Zubeh\u00f6r.<\/div>\n<h2 class=\"h2_20--black\">Portal Came<\/h2>\n<p><a class=\"link-black-20\" href=\"http:\/\/portal.came-italy.com\" target=\"_blank\" rel=\"noopener\">Portal.Came-Italy.com<\/a><br \/>\n&nbsp;<br \/>\nEine Webumgebung,<a href=\"https:\/\/came-italy.com\/de\/das-neue-came-portal\/\" target=\"_blank\" rel=\"noopener\"> in der unsere Kunden alle Informationen zum Handel und zu laufenden Auftr\u00e4gen finden k\u00f6nnen:<\/a><\/p>\n<div class=\"orange-bullet font-20\">Liefertermine,<\/div>\n<div class=\"orange-bullet font-20\">Best\u00e4nde,<\/div>\n<div class=\"orange-bullet font-20\">Handelsbedingungen,<\/div>\n<div class=\"orange-bullet font-20\">Handelsunterlagen.<\/div>\n<div style=\"margin-top: 10px;\">Und vieles mehr\u2026<\/div>\n<h2 class=\"h2_20--black\">Konsignationslager<\/h2>\n<p>Came bietet seinen treuesten <a href=\"https:\/\/came-italy.com\/de\/die-bedeutung-einer-integrierten-lieferkette-zwischen-kunde-und-lieferan\/\" target=\"_blank\" rel=\"noopener\">Kunden verschiedene L\u00f6sungen zur Erf\u00fcllung ihrer logistischen Bed\u00fcrfnisse und zur Optimierung der Lieferzeiten durch Integration der Lieferkette:<\/a><\/p>\n<div class=\"orange-bullet font-20\">Konsignationslagervertr\u00e4ge \u00fcber VMI zur perfekten Synchronisation des Lagerhaltungssystems,<\/div>\n<div class=\"orange-bullet font-20\">Konsignationslagervertr\u00e4ge beim Kunden mit Beseitigung der Vorlaufzeit,<\/div>\n<div class=\"orange-bullet font-20\">Lagervertr\u00e4ge bei Came mit Reduzierung der Vorlaufzeit nur noch auf Verpackung und Transport,<\/div>\n<div class=\"orange-bullet font-20\">Prognosevertr\u00e4ge f\u00fcr den Kauf von Rohstatoren, um die gesamte Durchlaufzeit zu verk\u00fcrzen.<\/div>\n<\/div>\n<div class=\"col-2 col-2-right\">\n<h2 class=\"h2_20 orange\">Kontaktieren Sie uns<\/h2>\n\n<div class=\"wpcf7 no-js\" id=\"wpcf7-f3813-o1\" lang=\"it-IT\" dir=\"ltr\" data-wpcf7-id=\"3813\">\n<div class=\"screen-reader-response\"><p role=\"status\" aria-live=\"polite\" aria-atomic=\"true\"><\/p> <ul><\/ul><\/div>\n<form action=\"\/de\/wp-json\/wp\/v2\/pages\/11894#wpcf7-f3813-o1\" method=\"post\" class=\"wpcf7-form init\" aria-label=\"Modulo di contatto\" novalidate=\"novalidate\" data-status=\"init\">\n<fieldset class=\"hidden-fields-container\"><input type=\"hidden\" name=\"_wpcf7\" value=\"3813\" \/><input type=\"hidden\" name=\"_wpcf7_version\" value=\"6.1.5\" \/><input type=\"hidden\" name=\"_wpcf7_locale\" value=\"it_IT\" \/><input type=\"hidden\" name=\"_wpcf7_unit_tag\" value=\"wpcf7-f3813-o1\" \/><input type=\"hidden\" name=\"_wpcf7_container_post\" value=\"0\" \/><input type=\"hidden\" name=\"_wpcf7_posted_data_hash\" value=\"\" \/><input type=\"hidden\" name=\"_wpcf7_recaptcha_response\" value=\"\" \/>\n<\/fieldset>\n<p><label>Dein Name<\/label><span class=\"wpcf7-form-control-wrap\" data-name=\"your-name\"><input size=\"40\" maxlength=\"400\" class=\"wpcf7-form-control wpcf7-text wpcf7-validates-as-required\" aria-required=\"true\" aria-invalid=\"false\" value=\"\" type=\"text\" name=\"your-name\" \/><\/span><br \/>\n<label>Deine email<\/label><span class=\"wpcf7-form-control-wrap\" data-name=\"your-email\"><input size=\"40\" maxlength=\"400\" class=\"wpcf7-form-control wpcf7-email wpcf7-validates-as-required wpcf7-text wpcf7-validates-as-email\" aria-required=\"true\" aria-invalid=\"false\" value=\"\" type=\"email\" name=\"your-email\" \/><\/span><br \/>\n<label>Telefon<\/label><span class=\"wpcf7-form-control-wrap\" data-name=\"tel-182s\"><input size=\"40\" maxlength=\"400\" class=\"wpcf7-form-control wpcf7-tel wpcf7-validates-as-required wpcf7-text wpcf7-validates-as-tel\" aria-required=\"true\" aria-invalid=\"false\" value=\"\" type=\"tel\" name=\"tel-182s\" \/><\/span><br \/>\n<label>Mail-Betreff<\/label><span class=\"wpcf7-form-control-wrap\" data-name=\"your-subject\"><input size=\"40\" maxlength=\"400\" class=\"wpcf7-form-control wpcf7-text wpcf7-validates-as-required\" aria-required=\"true\" aria-invalid=\"false\" value=\"\" type=\"text\" name=\"your-subject\" \/><\/span><br \/>\n<label>Botschaft<\/label>\n<\/p>\n<div id=\"form_message_2\">\n\t<p><span class=\"wpcf7-form-control-wrap\" data-name=\"your-message\"><textarea cols=\"40\" rows=\"10\" maxlength=\"2000\" class=\"wpcf7-form-control wpcf7-textarea\" aria-invalid=\"false\" name=\"your-message\"><\/textarea><\/span>\n\t<\/p>\n<\/div>\n<p><span class='form-checkbox'><span class=\"wpcf7-form-control-wrap\" data-name=\"newsletter\"><span class=\"wpcf7-form-control wpcf7-checkbox\" id=\"checkbox-newsletter\"><span class=\"wpcf7-list-item first last\"><input type=\"checkbox\" name=\"newsletter[]\" value=\"Melden Sie sich f\u00fcr unseren Newsletter an\" \/><span class=\"wpcf7-list-item-label\">Melden Sie sich f\u00fcr unseren Newsletter an<\/span><\/span><\/span><\/span><\/span><br \/>\n<span class='form-checkbox'><span class=\"wpcf7-form-control-wrap\" data-name=\"privacy-policy\"><span class=\"wpcf7-form-control wpcf7-acceptance\"><span class=\"wpcf7-list-item\"><label><input type=\"checkbox\" name=\"privacy-policy\" value=\"1\" aria-invalid=\"false\" \/><span class=\"wpcf7-list-item-label\">Ich habe die Datenschutzbestimmungen<\/span> <a href=\"https:\/\/came-italy.com\/it\/privacy-policy\/\">Privacy Policy<\/a><\/span><\/label><\/span><\/span><\/span><br \/>\n<\/span>\n<\/p>\n<div id=\"submit-die-casting\">\n\t<p><input class=\"wpcf7-form-control wpcf7-submit has-spinner\" type=\"submit\" value=\"SNEDEN\" \/>\n\t<\/p>\n<\/div><div class=\"wpcf7-response-output\" aria-hidden=\"true\"><\/div>\n<\/form>\n<\/div>\n\n<\/div>\n","protected":false},"excerpt":{"rendered":"<p>&nbsp; Forschung, Entwicklung und technische Unterst\u00fctzung Entwurf Elektrische Dimensionierung mit Tabellenkalkulation oder Motor-CAD. Kostenersparung Produktanalyse im Hinblick auf Optimierung und Kostensenkung. Werkstatt Tests am Bremspr\u00fcfstand zur Charakterisierung und m\u00f6glicherweise Optimierung des Elektromotors, um ihn effizienter zu machen. Mikroentladungen Test mit einem speziellen Messger\u00e4t, um den Grad der Robustheit eines Umrichtermotors zu \u00fcberpr\u00fcfen und gegebenenfalls zu [&hellip;]<\/p>\n","protected":false},"author":1,"featured_media":11889,"parent":0,"menu_order":0,"comment_status":"closed","ping_status":"closed","template":"","meta":{"ngg_post_thumbnail":0,"footnotes":""},"class_list":["post-11894","page","type-page","status-publish","has-post-thumbnail","hentry"],"yoast_head":"<!-- This site is optimized with the Yoast SEO plugin v27.4 - https:\/\/yoast.com\/product\/yoast-seo-wordpress\/ -->\n<title>Dienstleistungen - Came Spa<\/title>\n<meta name=\"robots\" content=\"index, follow, max-snippet:-1, max-image-preview:large, max-video-preview:-1\" \/>\n<link rel=\"canonical\" href=\"https:\/\/came-italy.com\/de\/dienstleistungen\/\" \/>\n<meta property=\"og:locale\" content=\"de_DE\" \/>\n<meta property=\"og:type\" content=\"article\" \/>\n<meta property=\"og:title\" content=\"Dienstleistungen - Came Spa\" \/>\n<meta property=\"og:description\" content=\"&nbsp; Forschung, Entwicklung und technische Unterst\u00fctzung Entwurf Elektrische Dimensionierung mit Tabellenkalkulation oder Motor-CAD. Kostenersparung Produktanalyse im Hinblick auf Optimierung und Kostensenkung. Werkstatt Tests am Bremspr\u00fcfstand zur Charakterisierung und m\u00f6glicherweise Optimierung des Elektromotors, um ihn effizienter zu machen. Mikroentladungen Test mit einem speziellen Messger\u00e4t, um den Grad der Robustheit eines Umrichtermotors zu \u00fcberpr\u00fcfen und gegebenenfalls zu [&hellip;]\" \/>\n<meta property=\"og:url\" content=\"https:\/\/came-italy.com\/de\/dienstleistungen\/\" \/>\n<meta property=\"og:site_name\" content=\"Came Spa\" \/>\n<meta property=\"article:modified_time\" content=\"2024-06-11T12:29:19+00:00\" \/>\n<meta property=\"og:image\" content=\"https:\/\/came-italy.com\/wp-content\/uploads\/2020\/12\/came-servizi.jpg\" \/>\n\t<meta property=\"og:image:width\" content=\"2560\" \/>\n\t<meta property=\"og:image:height\" content=\"1247\" \/>\n\t<meta property=\"og:image:type\" content=\"image\/jpeg\" \/>\n<meta name=\"twitter:card\" content=\"summary_large_image\" \/>\n<meta name=\"twitter:label1\" content=\"Gesch\u00e4tzte Lesezeit\" \/>\n\t<meta name=\"twitter:data1\" content=\"2\u00a0Minuten\" \/>\n<script type=\"application\/ld+json\" class=\"yoast-schema-graph\">{\"@context\":\"https:\\\/\\\/schema.org\",\"@graph\":[{\"@type\":\"WebPage\",\"@id\":\"https:\\\/\\\/came-italy.com\\\/de\\\/dienstleistungen\\\/\",\"url\":\"https:\\\/\\\/came-italy.com\\\/de\\\/dienstleistungen\\\/\",\"name\":\"Dienstleistungen - Came Spa\",\"isPartOf\":{\"@id\":\"https:\\\/\\\/came-italy.com\\\/de\\\/#website\"},\"primaryImageOfPage\":{\"@id\":\"https:\\\/\\\/came-italy.com\\\/de\\\/dienstleistungen\\\/#primaryimage\"},\"image\":{\"@id\":\"https:\\\/\\\/came-italy.com\\\/de\\\/dienstleistungen\\\/#primaryimage\"},\"thumbnailUrl\":\"https:\\\/\\\/came-italy.com\\\/wp-content\\\/uploads\\\/2020\\\/12\\\/came-servizi.jpg\",\"datePublished\":\"2020-12-21T08:28:54+00:00\",\"dateModified\":\"2024-06-11T12:29:19+00:00\",\"breadcrumb\":{\"@id\":\"https:\\\/\\\/came-italy.com\\\/de\\\/dienstleistungen\\\/#breadcrumb\"},\"inLanguage\":\"de\",\"potentialAction\":[{\"@type\":\"ReadAction\",\"target\":[\"https:\\\/\\\/came-italy.com\\\/de\\\/dienstleistungen\\\/\"]}]},{\"@type\":\"ImageObject\",\"inLanguage\":\"de\",\"@id\":\"https:\\\/\\\/came-italy.com\\\/de\\\/dienstleistungen\\\/#primaryimage\",\"url\":\"https:\\\/\\\/came-italy.com\\\/wp-content\\\/uploads\\\/2020\\\/12\\\/came-servizi.jpg\",\"contentUrl\":\"https:\\\/\\\/came-italy.com\\\/wp-content\\\/uploads\\\/2020\\\/12\\\/came-servizi.jpg\",\"width\":2560,\"height\":1247},{\"@type\":\"BreadcrumbList\",\"@id\":\"https:\\\/\\\/came-italy.com\\\/de\\\/dienstleistungen\\\/#breadcrumb\",\"itemListElement\":[{\"@type\":\"ListItem\",\"position\":1,\"name\":\"Home\",\"item\":\"https:\\\/\\\/came-italy.com\\\/de\\\/\"},{\"@type\":\"ListItem\",\"position\":2,\"name\":\"Dienstleistungen\"}]},{\"@type\":\"WebSite\",\"@id\":\"https:\\\/\\\/came-italy.com\\\/de\\\/#website\",\"url\":\"https:\\\/\\\/came-italy.com\\\/de\\\/\",\"name\":\"Came Spa\",\"description\":\"Avvolgimenti e componenti per motori elettrici\",\"publisher\":{\"@id\":\"https:\\\/\\\/came-italy.com\\\/de\\\/#organization\"},\"potentialAction\":[{\"@type\":\"SearchAction\",\"target\":{\"@type\":\"EntryPoint\",\"urlTemplate\":\"https:\\\/\\\/came-italy.com\\\/de\\\/?s={search_term_string}\"},\"query-input\":{\"@type\":\"PropertyValueSpecification\",\"valueRequired\":true,\"valueName\":\"search_term_string\"}}],\"inLanguage\":\"de\"},{\"@type\":\"Organization\",\"@id\":\"https:\\\/\\\/came-italy.com\\\/de\\\/#organization\",\"name\":\"Came Spa\",\"url\":\"https:\\\/\\\/came-italy.com\\\/de\\\/\",\"logo\":{\"@type\":\"ImageObject\",\"inLanguage\":\"de\",\"@id\":\"https:\\\/\\\/came-italy.com\\\/de\\\/#\\\/schema\\\/logo\\\/image\\\/\",\"url\":\"https:\\\/\\\/came-italy.com\\\/wp-content\\\/uploads\\\/2016\\\/07\\\/logo-came-spa.png\",\"contentUrl\":\"https:\\\/\\\/came-italy.com\\\/wp-content\\\/uploads\\\/2016\\\/07\\\/logo-came-spa.png\",\"width\":766,\"height\":129,\"caption\":\"Came Spa\"},\"image\":{\"@id\":\"https:\\\/\\\/came-italy.com\\\/de\\\/#\\\/schema\\\/logo\\\/image\\\/\"}}]}<\/script>\n<!-- \/ Yoast SEO plugin. -->","yoast_head_json":{"title":"Dienstleistungen - Came Spa","robots":{"index":"index","follow":"follow","max-snippet":"max-snippet:-1","max-image-preview":"max-image-preview:large","max-video-preview":"max-video-preview:-1"},"canonical":"https:\/\/came-italy.com\/de\/dienstleistungen\/","og_locale":"de_DE","og_type":"article","og_title":"Dienstleistungen - Came Spa","og_description":"&nbsp; Forschung, Entwicklung und technische Unterst\u00fctzung Entwurf Elektrische Dimensionierung mit Tabellenkalkulation oder Motor-CAD. Kostenersparung Produktanalyse im Hinblick auf Optimierung und Kostensenkung. Werkstatt Tests am Bremspr\u00fcfstand zur Charakterisierung und m\u00f6glicherweise Optimierung des Elektromotors, um ihn effizienter zu machen. Mikroentladungen Test mit einem speziellen Messger\u00e4t, um den Grad der Robustheit eines Umrichtermotors zu \u00fcberpr\u00fcfen und gegebenenfalls zu [&hellip;]","og_url":"https:\/\/came-italy.com\/de\/dienstleistungen\/","og_site_name":"Came Spa","article_modified_time":"2024-06-11T12:29:19+00:00","og_image":[{"width":2560,"height":1247,"url":"https:\/\/came-italy.com\/wp-content\/uploads\/2020\/12\/came-servizi.jpg","type":"image\/jpeg"}],"twitter_card":"summary_large_image","twitter_misc":{"Gesch\u00e4tzte Lesezeit":"2\u00a0Minuten"},"schema":{"@context":"https:\/\/schema.org","@graph":[{"@type":"WebPage","@id":"https:\/\/came-italy.com\/de\/dienstleistungen\/","url":"https:\/\/came-italy.com\/de\/dienstleistungen\/","name":"Dienstleistungen - Came Spa","isPartOf":{"@id":"https:\/\/came-italy.com\/de\/#website"},"primaryImageOfPage":{"@id":"https:\/\/came-italy.com\/de\/dienstleistungen\/#primaryimage"},"image":{"@id":"https:\/\/came-italy.com\/de\/dienstleistungen\/#primaryimage"},"thumbnailUrl":"https:\/\/came-italy.com\/wp-content\/uploads\/2020\/12\/came-servizi.jpg","datePublished":"2020-12-21T08:28:54+00:00","dateModified":"2024-06-11T12:29:19+00:00","breadcrumb":{"@id":"https:\/\/came-italy.com\/de\/dienstleistungen\/#breadcrumb"},"inLanguage":"de","potentialAction":[{"@type":"ReadAction","target":["https:\/\/came-italy.com\/de\/dienstleistungen\/"]}]},{"@type":"ImageObject","inLanguage":"de","@id":"https:\/\/came-italy.com\/de\/dienstleistungen\/#primaryimage","url":"https:\/\/came-italy.com\/wp-content\/uploads\/2020\/12\/came-servizi.jpg","contentUrl":"https:\/\/came-italy.com\/wp-content\/uploads\/2020\/12\/came-servizi.jpg","width":2560,"height":1247},{"@type":"BreadcrumbList","@id":"https:\/\/came-italy.com\/de\/dienstleistungen\/#breadcrumb","itemListElement":[{"@type":"ListItem","position":1,"name":"Home","item":"https:\/\/came-italy.com\/de\/"},{"@type":"ListItem","position":2,"name":"Dienstleistungen"}]},{"@type":"WebSite","@id":"https:\/\/came-italy.com\/de\/#website","url":"https:\/\/came-italy.com\/de\/","name":"Came Spa","description":"Avvolgimenti e componenti per motori elettrici","publisher":{"@id":"https:\/\/came-italy.com\/de\/#organization"},"potentialAction":[{"@type":"SearchAction","target":{"@type":"EntryPoint","urlTemplate":"https:\/\/came-italy.com\/de\/?s={search_term_string}"},"query-input":{"@type":"PropertyValueSpecification","valueRequired":true,"valueName":"search_term_string"}}],"inLanguage":"de"},{"@type":"Organization","@id":"https:\/\/came-italy.com\/de\/#organization","name":"Came Spa","url":"https:\/\/came-italy.com\/de\/","logo":{"@type":"ImageObject","inLanguage":"de","@id":"https:\/\/came-italy.com\/de\/#\/schema\/logo\/image\/","url":"https:\/\/came-italy.com\/wp-content\/uploads\/2016\/07\/logo-came-spa.png","contentUrl":"https:\/\/came-italy.com\/wp-content\/uploads\/2016\/07\/logo-came-spa.png","width":766,"height":129,"caption":"Came Spa"},"image":{"@id":"https:\/\/came-italy.com\/de\/#\/schema\/logo\/image\/"}}]}},"_links":{"self":[{"href":"https:\/\/came-italy.com\/de\/wp-json\/wp\/v2\/pages\/11894","targetHints":{"allow":["GET"]}}],"collection":[{"href":"https:\/\/came-italy.com\/de\/wp-json\/wp\/v2\/pages"}],"about":[{"href":"https:\/\/came-italy.com\/de\/wp-json\/wp\/v2\/types\/page"}],"author":[{"embeddable":true,"href":"https:\/\/came-italy.com\/de\/wp-json\/wp\/v2\/users\/1"}],"replies":[{"embeddable":true,"href":"https:\/\/came-italy.com\/de\/wp-json\/wp\/v2\/comments?post=11894"}],"version-history":[{"count":8,"href":"https:\/\/came-italy.com\/de\/wp-json\/wp\/v2\/pages\/11894\/revisions"}],"predecessor-version":[{"id":17057,"href":"https:\/\/came-italy.com\/de\/wp-json\/wp\/v2\/pages\/11894\/revisions\/17057"}],"wp:featuredmedia":[{"embeddable":true,"href":"https:\/\/came-italy.com\/de\/wp-json\/wp\/v2\/media\/11889"}],"wp:attachment":[{"href":"https:\/\/came-italy.com\/de\/wp-json\/wp\/v2\/media?parent=11894"}],"curies":[{"name":"wp","href":"https:\/\/api.w.org\/{rel}","templated":true}]}}