{"id":12613,"date":"2021-08-25T11:08:21","date_gmt":"2021-08-25T09:08:21","guid":{"rendered":"https:\/\/came-italy.com\/?page_id=12613"},"modified":"2022-03-07T12:32:52","modified_gmt":"2022-03-07T11:32:52","slug":"werte-und-ethikkodex","status":"publish","type":"page","link":"https:\/\/came-italy.com\/de\/werte-und-ethikkodex\/","title":{"rendered":"Werte und Ethikkodex"},"content":{"rendered":"<div class=\"entry_line\">&nbsp;<\/div>\n<p>&nbsp;<\/p>\n<h2><span class=\"orange\">Die Werte<\/span><\/h2>\n<p>Der Leitfaden f\u00fcr unsere Entscheidungen, die Ideale, an die wir immer geglaubt haben<\/p>\n<div class=\"container\">\n<div class=\"item\">\n<img decoding=\"async\" src=\"https:\/\/came-italy.com\/wp-content\/uploads\/2022\/02\/Centralita.jpg\" alt=\"\" height=\"100px\"\/><\/p>\n<div class=\"orange font-16\">Im Mittelpunkt<br \/> der Kunde<\/div>\n<p>Einen aufmerksamen Blick auf die Bed\u00fcrfnisse eines jeden Kunden zu haben, um ihn in seinem Wachstum zu begleiten\n<\/p><\/div>\n<div class=\"item\">\n<img decoding=\"async\" src=\"https:\/\/came-italy.com\/wp-content\/uploads\/2022\/02\/Collaborazione.jpg\" alt=\"\" height=\"100px\"\/><\/p>\n<div class=\"orange font-16\">Zusammenarbeit<br \/> und Teamgeist<\/div>\n<p>Gegenseitige Hilfe und Respekt, Teamarbeit, Bew\u00e4ltigung von Herausforderungen zum Wohle des Unternehmens und unserer Kunden\n<\/p><\/div>\n<div class=\"item\">\n<img decoding=\"async\" src=\"https:\/\/came-italy.com\/wp-content\/uploads\/2022\/02\/Appartenenza.jpg\" alt=\"\" height=\"100px\"\/><\/p>\n<div class=\"orange font-16\">Zugeh\u00f6rigkeitsgef\u00fchl<br \/> und Engagement<\/div>\n<p>Der Stolz darauf, Teil des Teams von Came zu sein, dieselben Werte zu teilen und sich jeden Tag aufs Neue f\u00fcr das gemeinsame Wohl und den gemeinsamen Erfolg einzusetzen\n<\/p><\/div>\n<div class=\"item\">\n<img decoding=\"async\" src=\"https:\/\/came-italy.com\/wp-content\/uploads\/2022\/02\/Passione.jpg\" alt=\"\" height=\"100px\"\/><\/p>\n<div class=\"orange font-16\">Leidenschaft<br \/> und Verl\u00e4sslichkeit<\/div>\n<p>Die Liebe zu seiner Arbeit und die Zufriedenheit, bei dem, was man tut, immer das Beste zu geben. Konsequente, glaubw\u00fcrdige und vertrauensw\u00fcrdige Menschen zu sein, die ihre Verpflichtungen einhalten\n<\/p><\/div>\n<div class=\"item\">\n<img decoding=\"async\" src=\"https:\/\/came-italy.com\/wp-content\/uploads\/2022\/02\/Innovazione.jpg\" alt=\"\" height=\"100px\"\/><\/p>\n<div class=\"orange font-16\">Innovation<br \/> und Verbesserung<\/div>\n<p>Modern sein und an der Spitze der Technologie und der Produkte stehen. St\u00e4ndige Optimierung der Produktions- und Organisationsprozesse mit Aufmerksamkeit und Liebe zum Detail\n<\/p><\/div>\n<\/div>\n<p>&nbsp;<\/p>\n<h2><span class=\"orange\">Ethikkodex<\/span><\/h2>\n<div class=\"col-2\">Das ethische Management von Came basiert auf der Achtung menschlicher, sozialer, nachhaltiger \u00f6kologischer und moralischer Werte. Dies hat uns dazu motiviert, die Richtlinien unseres Ethikkodex klar zu umrei\u00dfen, damit sie von unserem internen Team und unseren externen Partnern geteilt und t\u00e4glich angewendet werden k\u00f6nnen. <\/br><br \/>\n<a href=\"https:\/\/came-italy.com\/wp-content\/uploads\/2021\/08\/Codice-etico.pdf\" target=\"_blank\" rel=\"noopener\">Unseren Ethikkodex k\u00f6nnen Sie hier nachlesen.<\/a><\/div>\n<div class=\"col-2 col-2-right\">\n<h2 style=\"margin-top:-20px;\" class=\"h2_20 orange\">Kontaktieren Sie uns<\/h2>\n\n<div class=\"wpcf7 no-js\" id=\"wpcf7-f3813-o1\" lang=\"it-IT\" dir=\"ltr\" data-wpcf7-id=\"3813\">\n<div class=\"screen-reader-response\"><p role=\"status\" aria-live=\"polite\" aria-atomic=\"true\"><\/p> <ul><\/ul><\/div>\n<form action=\"\/de\/wp-json\/wp\/v2\/pages\/12613#wpcf7-f3813-o1\" method=\"post\" class=\"wpcf7-form init\" aria-label=\"Modulo di contatto\" novalidate=\"novalidate\" data-status=\"init\">\n<fieldset class=\"hidden-fields-container\"><input type=\"hidden\" name=\"_wpcf7\" value=\"3813\" \/><input type=\"hidden\" name=\"_wpcf7_version\" value=\"6.1.5\" \/><input type=\"hidden\" name=\"_wpcf7_locale\" value=\"it_IT\" \/><input type=\"hidden\" name=\"_wpcf7_unit_tag\" value=\"wpcf7-f3813-o1\" \/><input type=\"hidden\" name=\"_wpcf7_container_post\" value=\"0\" \/><input type=\"hidden\" name=\"_wpcf7_posted_data_hash\" value=\"\" \/><input type=\"hidden\" name=\"_wpcf7_recaptcha_response\" value=\"\" \/>\n<\/fieldset>\n<p><label>Dein Name<\/label><span class=\"wpcf7-form-control-wrap\" data-name=\"your-name\"><input size=\"40\" maxlength=\"400\" class=\"wpcf7-form-control wpcf7-text wpcf7-validates-as-required\" aria-required=\"true\" aria-invalid=\"false\" value=\"\" type=\"text\" name=\"your-name\" \/><\/span><br \/>\n<label>Deine email<\/label><span class=\"wpcf7-form-control-wrap\" data-name=\"your-email\"><input size=\"40\" maxlength=\"400\" class=\"wpcf7-form-control wpcf7-email wpcf7-validates-as-required wpcf7-text wpcf7-validates-as-email\" aria-required=\"true\" aria-invalid=\"false\" value=\"\" type=\"email\" name=\"your-email\" \/><\/span><br \/>\n<label>Telefon<\/label><span class=\"wpcf7-form-control-wrap\" data-name=\"tel-182s\"><input size=\"40\" maxlength=\"400\" class=\"wpcf7-form-control wpcf7-tel wpcf7-validates-as-required wpcf7-text wpcf7-validates-as-tel\" aria-required=\"true\" aria-invalid=\"false\" value=\"\" type=\"tel\" name=\"tel-182s\" \/><\/span><br \/>\n<label>Mail-Betreff<\/label><span class=\"wpcf7-form-control-wrap\" data-name=\"your-subject\"><input size=\"40\" maxlength=\"400\" class=\"wpcf7-form-control wpcf7-text wpcf7-validates-as-required\" aria-required=\"true\" aria-invalid=\"false\" value=\"\" type=\"text\" name=\"your-subject\" \/><\/span><br \/>\n<label>Botschaft<\/label>\n<\/p>\n<div id=\"form_message_2\">\n\t<p><span class=\"wpcf7-form-control-wrap\" data-name=\"your-message\"><textarea cols=\"40\" rows=\"10\" maxlength=\"2000\" class=\"wpcf7-form-control wpcf7-textarea\" aria-invalid=\"false\" name=\"your-message\"><\/textarea><\/span>\n\t<\/p>\n<\/div>\n<p><span class='form-checkbox'><span class=\"wpcf7-form-control-wrap\" data-name=\"newsletter\"><span class=\"wpcf7-form-control wpcf7-checkbox\" id=\"checkbox-newsletter\"><span class=\"wpcf7-list-item first last\"><input type=\"checkbox\" name=\"newsletter[]\" value=\"Melden Sie sich f\u00fcr unseren Newsletter an\" \/><span class=\"wpcf7-list-item-label\">Melden Sie sich f\u00fcr unseren Newsletter an<\/span><\/span><\/span><\/span><\/span><br \/>\n<span class='form-checkbox'><span class=\"wpcf7-form-control-wrap\" data-name=\"privacy-policy\"><span class=\"wpcf7-form-control wpcf7-acceptance\"><span class=\"wpcf7-list-item\"><label><input type=\"checkbox\" name=\"privacy-policy\" value=\"1\" aria-invalid=\"false\" \/><span class=\"wpcf7-list-item-label\">Ich habe die Datenschutzbestimmungen<\/span> <a href=\"https:\/\/came-italy.com\/it\/privacy-policy\/\">Privacy Policy<\/a><\/span><\/label><\/span><\/span><\/span><br \/>\n<\/span>\n<\/p>\n<div id=\"submit-die-casting\">\n\t<p><input class=\"wpcf7-form-control wpcf7-submit has-spinner\" type=\"submit\" value=\"SNEDEN\" \/>\n\t<\/p>\n<\/div><div class=\"wpcf7-response-output\" aria-hidden=\"true\"><\/div>\n<\/form>\n<\/div>\n\n<\/div>\n","protected":false},"excerpt":{"rendered":"<p>&nbsp; &nbsp; Die Werte Der Leitfaden f\u00fcr unsere Entscheidungen, die Ideale, an die wir immer geglaubt haben Im Mittelpunkt der Kunde Einen aufmerksamen Blick auf die Bed\u00fcrfnisse eines jeden Kunden zu haben, um ihn in seinem Wachstum zu begleiten Zusammenarbeit und Teamgeist Gegenseitige Hilfe und Respekt, Teamarbeit, Bew\u00e4ltigung von Herausforderungen zum Wohle des Unternehmens und [&hellip;]<\/p>\n","protected":false},"author":6,"featured_media":12580,"parent":0,"menu_order":0,"comment_status":"closed","ping_status":"closed","template":"","meta":{"ngg_post_thumbnail":0,"footnotes":""},"class_list":["post-12613","page","type-page","status-publish","has-post-thumbnail","hentry"],"yoast_head":"<!-- This site is optimized with the Yoast SEO plugin v27.2 - https:\/\/yoast.com\/product\/yoast-seo-wordpress\/ -->\n<title>Werte und Ethikkodex - Came Spa<\/title>\n<meta name=\"robots\" content=\"index, follow, max-snippet:-1, max-image-preview:large, max-video-preview:-1\" \/>\n<link rel=\"canonical\" href=\"https:\/\/came-italy.com\/de\/werte-und-ethikkodex\/\" \/>\n<meta property=\"og:locale\" content=\"de_DE\" \/>\n<meta property=\"og:type\" content=\"article\" \/>\n<meta property=\"og:title\" content=\"Werte und Ethikkodex - Came Spa\" \/>\n<meta property=\"og:description\" content=\"&nbsp; &nbsp; Die Werte Der Leitfaden f\u00fcr unsere Entscheidungen, die Ideale, an die wir immer geglaubt haben Im Mittelpunkt der Kunde Einen aufmerksamen Blick auf die Bed\u00fcrfnisse eines jeden Kunden zu haben, um ihn in seinem Wachstum zu begleiten Zusammenarbeit und Teamgeist Gegenseitige Hilfe und Respekt, Teamarbeit, Bew\u00e4ltigung von Herausforderungen zum Wohle des Unternehmens und [&hellip;]\" \/>\n<meta property=\"og:url\" content=\"https:\/\/came-italy.com\/de\/werte-und-ethikkodex\/\" \/>\n<meta property=\"og:site_name\" content=\"Came Spa\" \/>\n<meta property=\"article:modified_time\" content=\"2022-03-07T11:32:52+00:00\" \/>\n<meta property=\"og:image\" content=\"https:\/\/came-italy.com\/wp-content\/uploads\/2021\/08\/Codice-Etico.jpg\" \/>\n\t<meta property=\"og:image:width\" content=\"1600\" \/>\n\t<meta property=\"og:image:height\" content=\"600\" \/>\n\t<meta property=\"og:image:type\" content=\"image\/jpeg\" \/>\n<meta name=\"twitter:card\" content=\"summary_large_image\" \/>\n<meta name=\"twitter:label1\" content=\"Gesch\u00e4tzte Lesezeit\" \/>\n\t<meta name=\"twitter:data1\" content=\"1\u00a0Minute\" \/>\n<script type=\"application\/ld+json\" class=\"yoast-schema-graph\">{\"@context\":\"https:\/\/schema.org\",\"@graph\":[{\"@type\":\"WebPage\",\"@id\":\"https:\/\/came-italy.com\/de\/werte-und-ethikkodex\/\",\"url\":\"https:\/\/came-italy.com\/de\/werte-und-ethikkodex\/\",\"name\":\"Werte und Ethikkodex - Came Spa\",\"isPartOf\":{\"@id\":\"https:\/\/came-italy.com\/de\/#website\"},\"primaryImageOfPage\":{\"@id\":\"https:\/\/came-italy.com\/de\/werte-und-ethikkodex\/#primaryimage\"},\"image\":{\"@id\":\"https:\/\/came-italy.com\/de\/werte-und-ethikkodex\/#primaryimage\"},\"thumbnailUrl\":\"https:\/\/came-italy.com\/wp-content\/uploads\/2021\/08\/Codice-Etico.jpg\",\"datePublished\":\"2021-08-25T09:08:21+00:00\",\"dateModified\":\"2022-03-07T11:32:52+00:00\",\"breadcrumb\":{\"@id\":\"https:\/\/came-italy.com\/de\/werte-und-ethikkodex\/#breadcrumb\"},\"inLanguage\":\"de\",\"potentialAction\":[{\"@type\":\"ReadAction\",\"target\":[\"https:\/\/came-italy.com\/de\/werte-und-ethikkodex\/\"]}]},{\"@type\":\"ImageObject\",\"inLanguage\":\"de\",\"@id\":\"https:\/\/came-italy.com\/de\/werte-und-ethikkodex\/#primaryimage\",\"url\":\"https:\/\/came-italy.com\/wp-content\/uploads\/2021\/08\/Codice-Etico.jpg\",\"contentUrl\":\"https:\/\/came-italy.com\/wp-content\/uploads\/2021\/08\/Codice-Etico.jpg\",\"width\":1600,\"height\":600},{\"@type\":\"BreadcrumbList\",\"@id\":\"https:\/\/came-italy.com\/de\/werte-und-ethikkodex\/#breadcrumb\",\"itemListElement\":[{\"@type\":\"ListItem\",\"position\":1,\"name\":\"Home\",\"item\":\"https:\/\/came-italy.com\/de\/\"},{\"@type\":\"ListItem\",\"position\":2,\"name\":\"Werte und Ethikkodex\"}]},{\"@type\":\"WebSite\",\"@id\":\"https:\/\/came-italy.com\/de\/#website\",\"url\":\"https:\/\/came-italy.com\/de\/\",\"name\":\"Came Spa\",\"description\":\"Avvolgimenti e componenti per motori elettrici\",\"publisher\":{\"@id\":\"https:\/\/came-italy.com\/de\/#organization\"},\"potentialAction\":[{\"@type\":\"SearchAction\",\"target\":{\"@type\":\"EntryPoint\",\"urlTemplate\":\"https:\/\/came-italy.com\/de\/?s={search_term_string}\"},\"query-input\":{\"@type\":\"PropertyValueSpecification\",\"valueRequired\":true,\"valueName\":\"search_term_string\"}}],\"inLanguage\":\"de\"},{\"@type\":\"Organization\",\"@id\":\"https:\/\/came-italy.com\/de\/#organization\",\"name\":\"Came Spa\",\"url\":\"https:\/\/came-italy.com\/de\/\",\"logo\":{\"@type\":\"ImageObject\",\"inLanguage\":\"de\",\"@id\":\"https:\/\/came-italy.com\/de\/#\/schema\/logo\/image\/\",\"url\":\"https:\/\/came-italy.com\/wp-content\/uploads\/2016\/07\/logo-came-spa.png\",\"contentUrl\":\"https:\/\/came-italy.com\/wp-content\/uploads\/2016\/07\/logo-came-spa.png\",\"width\":766,\"height\":129,\"caption\":\"Came Spa\"},\"image\":{\"@id\":\"https:\/\/came-italy.com\/de\/#\/schema\/logo\/image\/\"}}]}<\/script>\n<!-- \/ Yoast SEO plugin. -->","yoast_head_json":{"title":"Werte und Ethikkodex - Came Spa","robots":{"index":"index","follow":"follow","max-snippet":"max-snippet:-1","max-image-preview":"max-image-preview:large","max-video-preview":"max-video-preview:-1"},"canonical":"https:\/\/came-italy.com\/de\/werte-und-ethikkodex\/","og_locale":"de_DE","og_type":"article","og_title":"Werte und Ethikkodex - Came Spa","og_description":"&nbsp; &nbsp; Die Werte Der Leitfaden f\u00fcr unsere Entscheidungen, die Ideale, an die wir immer geglaubt haben Im Mittelpunkt der Kunde Einen aufmerksamen Blick auf die Bed\u00fcrfnisse eines jeden Kunden zu haben, um ihn in seinem Wachstum zu begleiten Zusammenarbeit und Teamgeist Gegenseitige Hilfe und Respekt, Teamarbeit, Bew\u00e4ltigung von Herausforderungen zum Wohle des Unternehmens und [&hellip;]","og_url":"https:\/\/came-italy.com\/de\/werte-und-ethikkodex\/","og_site_name":"Came Spa","article_modified_time":"2022-03-07T11:32:52+00:00","og_image":[{"width":1600,"height":600,"url":"https:\/\/came-italy.com\/wp-content\/uploads\/2021\/08\/Codice-Etico.jpg","type":"image\/jpeg"}],"twitter_card":"summary_large_image","twitter_misc":{"Gesch\u00e4tzte Lesezeit":"1\u00a0Minute"},"schema":{"@context":"https:\/\/schema.org","@graph":[{"@type":"WebPage","@id":"https:\/\/came-italy.com\/de\/werte-und-ethikkodex\/","url":"https:\/\/came-italy.com\/de\/werte-und-ethikkodex\/","name":"Werte und Ethikkodex - Came Spa","isPartOf":{"@id":"https:\/\/came-italy.com\/de\/#website"},"primaryImageOfPage":{"@id":"https:\/\/came-italy.com\/de\/werte-und-ethikkodex\/#primaryimage"},"image":{"@id":"https:\/\/came-italy.com\/de\/werte-und-ethikkodex\/#primaryimage"},"thumbnailUrl":"https:\/\/came-italy.com\/wp-content\/uploads\/2021\/08\/Codice-Etico.jpg","datePublished":"2021-08-25T09:08:21+00:00","dateModified":"2022-03-07T11:32:52+00:00","breadcrumb":{"@id":"https:\/\/came-italy.com\/de\/werte-und-ethikkodex\/#breadcrumb"},"inLanguage":"de","potentialAction":[{"@type":"ReadAction","target":["https:\/\/came-italy.com\/de\/werte-und-ethikkodex\/"]}]},{"@type":"ImageObject","inLanguage":"de","@id":"https:\/\/came-italy.com\/de\/werte-und-ethikkodex\/#primaryimage","url":"https:\/\/came-italy.com\/wp-content\/uploads\/2021\/08\/Codice-Etico.jpg","contentUrl":"https:\/\/came-italy.com\/wp-content\/uploads\/2021\/08\/Codice-Etico.jpg","width":1600,"height":600},{"@type":"BreadcrumbList","@id":"https:\/\/came-italy.com\/de\/werte-und-ethikkodex\/#breadcrumb","itemListElement":[{"@type":"ListItem","position":1,"name":"Home","item":"https:\/\/came-italy.com\/de\/"},{"@type":"ListItem","position":2,"name":"Werte und Ethikkodex"}]},{"@type":"WebSite","@id":"https:\/\/came-italy.com\/de\/#website","url":"https:\/\/came-italy.com\/de\/","name":"Came Spa","description":"Avvolgimenti e componenti per motori elettrici","publisher":{"@id":"https:\/\/came-italy.com\/de\/#organization"},"potentialAction":[{"@type":"SearchAction","target":{"@type":"EntryPoint","urlTemplate":"https:\/\/came-italy.com\/de\/?s={search_term_string}"},"query-input":{"@type":"PropertyValueSpecification","valueRequired":true,"valueName":"search_term_string"}}],"inLanguage":"de"},{"@type":"Organization","@id":"https:\/\/came-italy.com\/de\/#organization","name":"Came Spa","url":"https:\/\/came-italy.com\/de\/","logo":{"@type":"ImageObject","inLanguage":"de","@id":"https:\/\/came-italy.com\/de\/#\/schema\/logo\/image\/","url":"https:\/\/came-italy.com\/wp-content\/uploads\/2016\/07\/logo-came-spa.png","contentUrl":"https:\/\/came-italy.com\/wp-content\/uploads\/2016\/07\/logo-came-spa.png","width":766,"height":129,"caption":"Came Spa"},"image":{"@id":"https:\/\/came-italy.com\/de\/#\/schema\/logo\/image\/"}}]}},"_links":{"self":[{"href":"https:\/\/came-italy.com\/de\/wp-json\/wp\/v2\/pages\/12613","targetHints":{"allow":["GET"]}}],"collection":[{"href":"https:\/\/came-italy.com\/de\/wp-json\/wp\/v2\/pages"}],"about":[{"href":"https:\/\/came-italy.com\/de\/wp-json\/wp\/v2\/types\/page"}],"author":[{"embeddable":true,"href":"https:\/\/came-italy.com\/de\/wp-json\/wp\/v2\/users\/6"}],"replies":[{"embeddable":true,"href":"https:\/\/came-italy.com\/de\/wp-json\/wp\/v2\/comments?post=12613"}],"version-history":[{"count":6,"href":"https:\/\/came-italy.com\/de\/wp-json\/wp\/v2\/pages\/12613\/revisions"}],"predecessor-version":[{"id":13373,"href":"https:\/\/came-italy.com\/de\/wp-json\/wp\/v2\/pages\/12613\/revisions\/13373"}],"wp:featuredmedia":[{"embeddable":true,"href":"https:\/\/came-italy.com\/de\/wp-json\/wp\/v2\/media\/12580"}],"wp:attachment":[{"href":"https:\/\/came-italy.com\/de\/wp-json\/wp\/v2\/media?parent=12613"}],"curies":[{"name":"wp","href":"https:\/\/api.w.org\/{rel}","templated":true}]}}