{"id":12615,"date":"2021-08-25T11:09:46","date_gmt":"2021-08-25T09:09:46","guid":{"rendered":"https:\/\/came-italy.com\/?page_id=12615"},"modified":"2024-07-09T09:23:58","modified_gmt":"2024-07-09T07:23:58","slug":"qualitaets-sicherheits-umwelt-und-soziale-verantwortungspolitik","status":"publish","type":"page","link":"https:\/\/came-italy.com\/de\/qualitaets-sicherheits-umwelt-und-soziale-verantwortungspolitik\/","title":{"rendered":"Qualit\u00e4ts-, Sicherheits-, Umwelt- und soziale Verantwortungspolitik"},"content":{"rendered":"<div class=\"entry_line\">&nbsp;<\/div>\n<div class=\"col-2\">Die Richtlinien von Came zu Qualit\u00e4t, Sicherheit und Umwelt zielen darauf ab, den Kunden durch das bestm\u00f6gliche Produkt und die bestm\u00f6gliche Dienstleistung zu sch\u00fctzen, sowie die Mitarbeiter und die Umwelt als grundlegendes Kapital f\u00fcr das Wachstum des Unternehmens.<\/br><br \/>\nWichtige Werte, um unsere strategischen Ziele zu erreichen, sind Wissen, Engagement und kontinuierliche Verbesserung von Prozessen und Mitarbeitern.<\/br><br \/>\n<a href=\"\/wp-content\/uploads\/2024\/07\/MQ05-Allegato1_Politica-SGI_rev6.pdf\" target=\"_blank\" rel=\"noopener\">Sie k\u00f6nnen unsere Richtlinien zu Qualit\u00e4t, Gesundheit und Sicherheit, Umwelt und sozialer Verantwortung lesen<\/a><\/div>\n<div class=\"col-2 col-2-right\">\n<h2 class=\"h2_20 orange\">Kontaktieren Sie uns<\/h2>\n\n<div class=\"wpcf7 no-js\" id=\"wpcf7-f3813-o1\" lang=\"it-IT\" dir=\"ltr\" data-wpcf7-id=\"3813\">\n<div class=\"screen-reader-response\"><p role=\"status\" aria-live=\"polite\" aria-atomic=\"true\"><\/p> <ul><\/ul><\/div>\n<form action=\"\/de\/wp-json\/wp\/v2\/pages\/12615#wpcf7-f3813-o1\" method=\"post\" class=\"wpcf7-form init\" aria-label=\"Modulo di contatto\" novalidate=\"novalidate\" data-status=\"init\">\n<fieldset class=\"hidden-fields-container\"><input type=\"hidden\" name=\"_wpcf7\" value=\"3813\" \/><input type=\"hidden\" name=\"_wpcf7_version\" value=\"6.1.5\" \/><input type=\"hidden\" name=\"_wpcf7_locale\" value=\"it_IT\" \/><input type=\"hidden\" name=\"_wpcf7_unit_tag\" value=\"wpcf7-f3813-o1\" \/><input type=\"hidden\" name=\"_wpcf7_container_post\" value=\"0\" \/><input type=\"hidden\" name=\"_wpcf7_posted_data_hash\" value=\"\" \/><input type=\"hidden\" name=\"_wpcf7_recaptcha_response\" value=\"\" \/>\n<\/fieldset>\n<p><label>Dein Name<\/label><span class=\"wpcf7-form-control-wrap\" data-name=\"your-name\"><input size=\"40\" maxlength=\"400\" class=\"wpcf7-form-control wpcf7-text wpcf7-validates-as-required\" aria-required=\"true\" aria-invalid=\"false\" value=\"\" type=\"text\" name=\"your-name\" \/><\/span><br \/>\n<label>Deine email<\/label><span class=\"wpcf7-form-control-wrap\" data-name=\"your-email\"><input size=\"40\" maxlength=\"400\" class=\"wpcf7-form-control wpcf7-email wpcf7-validates-as-required wpcf7-text wpcf7-validates-as-email\" aria-required=\"true\" aria-invalid=\"false\" value=\"\" type=\"email\" name=\"your-email\" \/><\/span><br \/>\n<label>Telefon<\/label><span class=\"wpcf7-form-control-wrap\" data-name=\"tel-182s\"><input size=\"40\" maxlength=\"400\" class=\"wpcf7-form-control wpcf7-tel wpcf7-validates-as-required wpcf7-text wpcf7-validates-as-tel\" aria-required=\"true\" aria-invalid=\"false\" value=\"\" type=\"tel\" name=\"tel-182s\" \/><\/span><br \/>\n<label>Mail-Betreff<\/label><span class=\"wpcf7-form-control-wrap\" data-name=\"your-subject\"><input size=\"40\" maxlength=\"400\" class=\"wpcf7-form-control wpcf7-text wpcf7-validates-as-required\" aria-required=\"true\" aria-invalid=\"false\" value=\"\" type=\"text\" name=\"your-subject\" \/><\/span><br \/>\n<label>Botschaft<\/label>\n<\/p>\n<div id=\"form_message_2\">\n\t<p><span class=\"wpcf7-form-control-wrap\" data-name=\"your-message\"><textarea cols=\"40\" rows=\"10\" maxlength=\"2000\" class=\"wpcf7-form-control wpcf7-textarea\" aria-invalid=\"false\" name=\"your-message\"><\/textarea><\/span>\n\t<\/p>\n<\/div>\n<p><span class='form-checkbox'><span class=\"wpcf7-form-control-wrap\" data-name=\"newsletter\"><span class=\"wpcf7-form-control wpcf7-checkbox\" id=\"checkbox-newsletter\"><span class=\"wpcf7-list-item first last\"><input type=\"checkbox\" name=\"newsletter[]\" value=\"Melden Sie sich f\u00fcr unseren Newsletter an\" \/><span class=\"wpcf7-list-item-label\">Melden Sie sich f\u00fcr unseren Newsletter an<\/span><\/span><\/span><\/span><\/span><br \/>\n<span class='form-checkbox'><span class=\"wpcf7-form-control-wrap\" data-name=\"privacy-policy\"><span class=\"wpcf7-form-control wpcf7-acceptance\"><span class=\"wpcf7-list-item\"><label><input type=\"checkbox\" name=\"privacy-policy\" value=\"1\" aria-invalid=\"false\" \/><span class=\"wpcf7-list-item-label\">Ich habe die Datenschutzbestimmungen<\/span> <a href=\"https:\/\/came-italy.com\/it\/privacy-policy\/\">Privacy Policy<\/a><\/span><\/label><\/span><\/span><\/span><br \/>\n<\/span>\n<\/p>\n<div id=\"submit-die-casting\">\n\t<p><input class=\"wpcf7-form-control wpcf7-submit has-spinner\" type=\"submit\" value=\"SNEDEN\" \/>\n\t<\/p>\n<\/div><div class=\"wpcf7-response-output\" aria-hidden=\"true\"><\/div>\n<\/form>\n<\/div>\n\n<\/div>\n","protected":false},"excerpt":{"rendered":"<p>&nbsp; Die Richtlinien von Came zu Qualit\u00e4t, Sicherheit und Umwelt zielen darauf ab, den Kunden durch das bestm\u00f6gliche Produkt und die bestm\u00f6gliche Dienstleistung zu sch\u00fctzen, sowie die Mitarbeiter und die Umwelt als grundlegendes Kapital f\u00fcr das Wachstum des Unternehmens. Wichtige Werte, um unsere strategischen Ziele zu erreichen, sind Wissen, Engagement und kontinuierliche Verbesserung von Prozessen [&hellip;]<\/p>\n","protected":false},"author":6,"featured_media":12636,"parent":0,"menu_order":0,"comment_status":"closed","ping_status":"closed","template":"","meta":{"ngg_post_thumbnail":0,"footnotes":""},"class_list":["post-12615","page","type-page","status-publish","has-post-thumbnail","hentry"],"yoast_head":"<!-- This site is optimized with the Yoast SEO plugin v27.4 - https:\/\/yoast.com\/product\/yoast-seo-wordpress\/ -->\n<title>Qualit\u00e4ts-, Sicherheits-, Umwelt- und soziale Verantwortungspolitik - Came Spa<\/title>\n<meta name=\"robots\" content=\"index, follow, max-snippet:-1, max-image-preview:large, max-video-preview:-1\" \/>\n<link rel=\"canonical\" href=\"https:\/\/came-italy.com\/de\/qualitaets-sicherheits-umwelt-und-soziale-verantwortungspolitik\/\" \/>\n<meta property=\"og:locale\" content=\"de_DE\" \/>\n<meta property=\"og:type\" content=\"article\" \/>\n<meta property=\"og:title\" content=\"Qualit\u00e4ts-, Sicherheits-, Umwelt- und soziale Verantwortungspolitik - Came Spa\" \/>\n<meta property=\"og:description\" content=\"&nbsp; Die Richtlinien von Came zu Qualit\u00e4t, Sicherheit und Umwelt zielen darauf ab, den Kunden durch das bestm\u00f6gliche Produkt und die bestm\u00f6gliche Dienstleistung zu sch\u00fctzen, sowie die Mitarbeiter und die Umwelt als grundlegendes Kapital f\u00fcr das Wachstum des Unternehmens. Wichtige Werte, um unsere strategischen Ziele zu erreichen, sind Wissen, Engagement und kontinuierliche Verbesserung von Prozessen [&hellip;]\" \/>\n<meta property=\"og:url\" content=\"https:\/\/came-italy.com\/de\/qualitaets-sicherheits-umwelt-und-soziale-verantwortungspolitik\/\" \/>\n<meta property=\"og:site_name\" content=\"Came Spa\" \/>\n<meta property=\"article:modified_time\" content=\"2024-07-09T07:23:58+00:00\" \/>\n<meta property=\"og:image\" content=\"https:\/\/came-italy.com\/wp-content\/uploads\/2021\/08\/Azienda-1.jpg\" \/>\n\t<meta property=\"og:image:width\" content=\"1600\" \/>\n\t<meta property=\"og:image:height\" content=\"600\" \/>\n\t<meta property=\"og:image:type\" content=\"image\/jpeg\" \/>\n<meta name=\"twitter:card\" content=\"summary_large_image\" \/>\n<meta name=\"twitter:label1\" content=\"Gesch\u00e4tzte Lesezeit\" \/>\n\t<meta name=\"twitter:data1\" content=\"1\u00a0Minute\" \/>\n<script type=\"application\/ld+json\" class=\"yoast-schema-graph\">{\"@context\":\"https:\\\/\\\/schema.org\",\"@graph\":[{\"@type\":\"WebPage\",\"@id\":\"https:\\\/\\\/came-italy.com\\\/de\\\/qualitaets-sicherheits-umwelt-und-soziale-verantwortungspolitik\\\/\",\"url\":\"https:\\\/\\\/came-italy.com\\\/de\\\/qualitaets-sicherheits-umwelt-und-soziale-verantwortungspolitik\\\/\",\"name\":\"Qualit\u00e4ts-, Sicherheits-, Umwelt- und soziale Verantwortungspolitik - Came Spa\",\"isPartOf\":{\"@id\":\"https:\\\/\\\/came-italy.com\\\/de\\\/#website\"},\"primaryImageOfPage\":{\"@id\":\"https:\\\/\\\/came-italy.com\\\/de\\\/qualitaets-sicherheits-umwelt-und-soziale-verantwortungspolitik\\\/#primaryimage\"},\"image\":{\"@id\":\"https:\\\/\\\/came-italy.com\\\/de\\\/qualitaets-sicherheits-umwelt-und-soziale-verantwortungspolitik\\\/#primaryimage\"},\"thumbnailUrl\":\"https:\\\/\\\/came-italy.com\\\/wp-content\\\/uploads\\\/2021\\\/08\\\/Azienda-1.jpg\",\"datePublished\":\"2021-08-25T09:09:46+00:00\",\"dateModified\":\"2024-07-09T07:23:58+00:00\",\"breadcrumb\":{\"@id\":\"https:\\\/\\\/came-italy.com\\\/de\\\/qualitaets-sicherheits-umwelt-und-soziale-verantwortungspolitik\\\/#breadcrumb\"},\"inLanguage\":\"de\",\"potentialAction\":[{\"@type\":\"ReadAction\",\"target\":[\"https:\\\/\\\/came-italy.com\\\/de\\\/qualitaets-sicherheits-umwelt-und-soziale-verantwortungspolitik\\\/\"]}]},{\"@type\":\"ImageObject\",\"inLanguage\":\"de\",\"@id\":\"https:\\\/\\\/came-italy.com\\\/de\\\/qualitaets-sicherheits-umwelt-und-soziale-verantwortungspolitik\\\/#primaryimage\",\"url\":\"https:\\\/\\\/came-italy.com\\\/wp-content\\\/uploads\\\/2021\\\/08\\\/Azienda-1.jpg\",\"contentUrl\":\"https:\\\/\\\/came-italy.com\\\/wp-content\\\/uploads\\\/2021\\\/08\\\/Azienda-1.jpg\",\"width\":1600,\"height\":600},{\"@type\":\"BreadcrumbList\",\"@id\":\"https:\\\/\\\/came-italy.com\\\/de\\\/qualitaets-sicherheits-umwelt-und-soziale-verantwortungspolitik\\\/#breadcrumb\",\"itemListElement\":[{\"@type\":\"ListItem\",\"position\":1,\"name\":\"Home\",\"item\":\"https:\\\/\\\/came-italy.com\\\/de\\\/\"},{\"@type\":\"ListItem\",\"position\":2,\"name\":\"Qualit\u00e4ts-, Sicherheits-, Umwelt- und soziale Verantwortungspolitik\"}]},{\"@type\":\"WebSite\",\"@id\":\"https:\\\/\\\/came-italy.com\\\/de\\\/#website\",\"url\":\"https:\\\/\\\/came-italy.com\\\/de\\\/\",\"name\":\"Came Spa\",\"description\":\"Avvolgimenti e componenti per motori elettrici\",\"publisher\":{\"@id\":\"https:\\\/\\\/came-italy.com\\\/de\\\/#organization\"},\"potentialAction\":[{\"@type\":\"SearchAction\",\"target\":{\"@type\":\"EntryPoint\",\"urlTemplate\":\"https:\\\/\\\/came-italy.com\\\/de\\\/?s={search_term_string}\"},\"query-input\":{\"@type\":\"PropertyValueSpecification\",\"valueRequired\":true,\"valueName\":\"search_term_string\"}}],\"inLanguage\":\"de\"},{\"@type\":\"Organization\",\"@id\":\"https:\\\/\\\/came-italy.com\\\/de\\\/#organization\",\"name\":\"Came Spa\",\"url\":\"https:\\\/\\\/came-italy.com\\\/de\\\/\",\"logo\":{\"@type\":\"ImageObject\",\"inLanguage\":\"de\",\"@id\":\"https:\\\/\\\/came-italy.com\\\/de\\\/#\\\/schema\\\/logo\\\/image\\\/\",\"url\":\"https:\\\/\\\/came-italy.com\\\/wp-content\\\/uploads\\\/2016\\\/07\\\/logo-came-spa.png\",\"contentUrl\":\"https:\\\/\\\/came-italy.com\\\/wp-content\\\/uploads\\\/2016\\\/07\\\/logo-came-spa.png\",\"width\":766,\"height\":129,\"caption\":\"Came Spa\"},\"image\":{\"@id\":\"https:\\\/\\\/came-italy.com\\\/de\\\/#\\\/schema\\\/logo\\\/image\\\/\"}}]}<\/script>\n<!-- \/ Yoast SEO plugin. -->","yoast_head_json":{"title":"Qualit\u00e4ts-, Sicherheits-, Umwelt- und soziale Verantwortungspolitik - Came Spa","robots":{"index":"index","follow":"follow","max-snippet":"max-snippet:-1","max-image-preview":"max-image-preview:large","max-video-preview":"max-video-preview:-1"},"canonical":"https:\/\/came-italy.com\/de\/qualitaets-sicherheits-umwelt-und-soziale-verantwortungspolitik\/","og_locale":"de_DE","og_type":"article","og_title":"Qualit\u00e4ts-, Sicherheits-, Umwelt- und soziale Verantwortungspolitik - Came Spa","og_description":"&nbsp; Die Richtlinien von Came zu Qualit\u00e4t, Sicherheit und Umwelt zielen darauf ab, den Kunden durch das bestm\u00f6gliche Produkt und die bestm\u00f6gliche Dienstleistung zu sch\u00fctzen, sowie die Mitarbeiter und die Umwelt als grundlegendes Kapital f\u00fcr das Wachstum des Unternehmens. Wichtige Werte, um unsere strategischen Ziele zu erreichen, sind Wissen, Engagement und kontinuierliche Verbesserung von Prozessen [&hellip;]","og_url":"https:\/\/came-italy.com\/de\/qualitaets-sicherheits-umwelt-und-soziale-verantwortungspolitik\/","og_site_name":"Came Spa","article_modified_time":"2024-07-09T07:23:58+00:00","og_image":[{"width":1600,"height":600,"url":"https:\/\/came-italy.com\/wp-content\/uploads\/2021\/08\/Azienda-1.jpg","type":"image\/jpeg"}],"twitter_card":"summary_large_image","twitter_misc":{"Gesch\u00e4tzte Lesezeit":"1\u00a0Minute"},"schema":{"@context":"https:\/\/schema.org","@graph":[{"@type":"WebPage","@id":"https:\/\/came-italy.com\/de\/qualitaets-sicherheits-umwelt-und-soziale-verantwortungspolitik\/","url":"https:\/\/came-italy.com\/de\/qualitaets-sicherheits-umwelt-und-soziale-verantwortungspolitik\/","name":"Qualit\u00e4ts-, Sicherheits-, Umwelt- und soziale Verantwortungspolitik - Came Spa","isPartOf":{"@id":"https:\/\/came-italy.com\/de\/#website"},"primaryImageOfPage":{"@id":"https:\/\/came-italy.com\/de\/qualitaets-sicherheits-umwelt-und-soziale-verantwortungspolitik\/#primaryimage"},"image":{"@id":"https:\/\/came-italy.com\/de\/qualitaets-sicherheits-umwelt-und-soziale-verantwortungspolitik\/#primaryimage"},"thumbnailUrl":"https:\/\/came-italy.com\/wp-content\/uploads\/2021\/08\/Azienda-1.jpg","datePublished":"2021-08-25T09:09:46+00:00","dateModified":"2024-07-09T07:23:58+00:00","breadcrumb":{"@id":"https:\/\/came-italy.com\/de\/qualitaets-sicherheits-umwelt-und-soziale-verantwortungspolitik\/#breadcrumb"},"inLanguage":"de","potentialAction":[{"@type":"ReadAction","target":["https:\/\/came-italy.com\/de\/qualitaets-sicherheits-umwelt-und-soziale-verantwortungspolitik\/"]}]},{"@type":"ImageObject","inLanguage":"de","@id":"https:\/\/came-italy.com\/de\/qualitaets-sicherheits-umwelt-und-soziale-verantwortungspolitik\/#primaryimage","url":"https:\/\/came-italy.com\/wp-content\/uploads\/2021\/08\/Azienda-1.jpg","contentUrl":"https:\/\/came-italy.com\/wp-content\/uploads\/2021\/08\/Azienda-1.jpg","width":1600,"height":600},{"@type":"BreadcrumbList","@id":"https:\/\/came-italy.com\/de\/qualitaets-sicherheits-umwelt-und-soziale-verantwortungspolitik\/#breadcrumb","itemListElement":[{"@type":"ListItem","position":1,"name":"Home","item":"https:\/\/came-italy.com\/de\/"},{"@type":"ListItem","position":2,"name":"Qualit\u00e4ts-, Sicherheits-, Umwelt- und soziale Verantwortungspolitik"}]},{"@type":"WebSite","@id":"https:\/\/came-italy.com\/de\/#website","url":"https:\/\/came-italy.com\/de\/","name":"Came Spa","description":"Avvolgimenti e componenti per motori elettrici","publisher":{"@id":"https:\/\/came-italy.com\/de\/#organization"},"potentialAction":[{"@type":"SearchAction","target":{"@type":"EntryPoint","urlTemplate":"https:\/\/came-italy.com\/de\/?s={search_term_string}"},"query-input":{"@type":"PropertyValueSpecification","valueRequired":true,"valueName":"search_term_string"}}],"inLanguage":"de"},{"@type":"Organization","@id":"https:\/\/came-italy.com\/de\/#organization","name":"Came Spa","url":"https:\/\/came-italy.com\/de\/","logo":{"@type":"ImageObject","inLanguage":"de","@id":"https:\/\/came-italy.com\/de\/#\/schema\/logo\/image\/","url":"https:\/\/came-italy.com\/wp-content\/uploads\/2016\/07\/logo-came-spa.png","contentUrl":"https:\/\/came-italy.com\/wp-content\/uploads\/2016\/07\/logo-came-spa.png","width":766,"height":129,"caption":"Came Spa"},"image":{"@id":"https:\/\/came-italy.com\/de\/#\/schema\/logo\/image\/"}}]}},"_links":{"self":[{"href":"https:\/\/came-italy.com\/de\/wp-json\/wp\/v2\/pages\/12615","targetHints":{"allow":["GET"]}}],"collection":[{"href":"https:\/\/came-italy.com\/de\/wp-json\/wp\/v2\/pages"}],"about":[{"href":"https:\/\/came-italy.com\/de\/wp-json\/wp\/v2\/types\/page"}],"author":[{"embeddable":true,"href":"https:\/\/came-italy.com\/de\/wp-json\/wp\/v2\/users\/6"}],"replies":[{"embeddable":true,"href":"https:\/\/came-italy.com\/de\/wp-json\/wp\/v2\/comments?post=12615"}],"version-history":[{"count":6,"href":"https:\/\/came-italy.com\/de\/wp-json\/wp\/v2\/pages\/12615\/revisions"}],"predecessor-version":[{"id":17172,"href":"https:\/\/came-italy.com\/de\/wp-json\/wp\/v2\/pages\/12615\/revisions\/17172"}],"wp:featuredmedia":[{"embeddable":true,"href":"https:\/\/came-italy.com\/de\/wp-json\/wp\/v2\/media\/12636"}],"wp:attachment":[{"href":"https:\/\/came-italy.com\/de\/wp-json\/wp\/v2\/media?parent=12615"}],"curies":[{"name":"wp","href":"https:\/\/api.w.org\/{rel}","templated":true}]}}