{"id":12933,"date":"2021-11-09T13:54:26","date_gmt":"2021-11-09T12:54:26","guid":{"rendered":"https:\/\/came-italy.com\/?page_id=12933"},"modified":"2025-07-18T09:53:48","modified_gmt":"2025-07-18T07:53:48","slug":"zertifikate-came","status":"publish","type":"page","link":"https:\/\/came-italy.com\/de\/zertifikate-came\/","title":{"rendered":"Zertifikate Came"},"content":{"rendered":"<p>Came hat in seinem Streben nach Exzellenz und kontinuierlicher Verbesserung und der Entwicklung von Nachhaltigkeit die Zertifizierung f\u00fcr die folgenden Managementsysteme erhalten:<br \/>\n&nbsp;<br \/>\n&#8211; <a href=\"https:\/\/came-italy.com\/wp-content\/uploads\/2025\/07\/CAME-SPA_UNI-EN-ISO-9001.pdf\" target=\"_blank\" rel=\"noopener\">Qualit\u00e4tsmanagementsystem UNI EN ISO 9001:2015<\/a><br \/>\n&nbsp;<br \/>\n&#8211; <a href=\"\/wp-content\/uploads\/2024\/10\/Sistema-di-gestione-qualita-per-il-settore-Automotive-IATF-16949.pdf\" target=\"_blank\" rel=\"noopener\">Qualit\u00e4tsmanagementsystem f\u00fcr die Automobilindustrie IATF 16949<\/a> (nur f\u00fcr den Standort Druckguss)<br \/>\n&nbsp;<br \/>\n&#8211; Managementsystem f\u00fcr Sicherheit und Gesundheitsschutz am Arbeitsplatz <a href=\"\/wp-content\/uploads\/2025\/07\/CAME-SPA_UNI-EN-ISO-45001.pdf\" target=\"_blank\" rel=\"noopener\">UNI ISO 45001:2023<\/a><br \/>\n&nbsp;<br \/>\n&#8211; Umweltmanagementsystem <a href=\"\/wp-content\/uploads\/2025\/07\/CAME-SPA_UNI-EN-ISO-14001.pdf\" target=\"_blank\" rel=\"noopener\">UNI EN ISO 14001:2015<\/a><\/p>\n<p>&nbsp;<\/p>\n","protected":false},"excerpt":{"rendered":"<p>Came hat in seinem Streben nach Exzellenz und kontinuierlicher Verbesserung und der Entwicklung von Nachhaltigkeit die Zertifizierung f\u00fcr die folgenden Managementsysteme erhalten: &nbsp; &#8211; Qualit\u00e4tsmanagementsystem UNI EN ISO 9001:2015 &nbsp; &#8211; Qualit\u00e4tsmanagementsystem f\u00fcr die Automobilindustrie IATF 16949 (nur f\u00fcr den Standort Druckguss) &nbsp; &#8211; Managementsystem f\u00fcr Sicherheit und Gesundheitsschutz am Arbeitsplatz UNI ISO 45001:2023 &nbsp; [&hellip;]<\/p>\n","protected":false},"author":6,"featured_media":12809,"parent":0,"menu_order":0,"comment_status":"closed","ping_status":"closed","template":"","meta":{"ngg_post_thumbnail":0,"footnotes":""},"class_list":["post-12933","page","type-page","status-publish","has-post-thumbnail","hentry"],"yoast_head":"<!-- This site is optimized with the Yoast SEO plugin v27.4 - https:\/\/yoast.com\/product\/yoast-seo-wordpress\/ -->\n<title>Zertifikate Came - Came Spa<\/title>\n<meta name=\"robots\" content=\"index, follow, max-snippet:-1, max-image-preview:large, max-video-preview:-1\" \/>\n<link rel=\"canonical\" href=\"https:\/\/came-italy.com\/de\/zertifikate-came\/\" \/>\n<meta property=\"og:locale\" content=\"de_DE\" \/>\n<meta property=\"og:type\" content=\"article\" \/>\n<meta property=\"og:title\" content=\"Zertifikate Came - Came Spa\" \/>\n<meta property=\"og:description\" content=\"Came hat in seinem Streben nach Exzellenz und kontinuierlicher Verbesserung und der Entwicklung von Nachhaltigkeit die Zertifizierung f\u00fcr die folgenden Managementsysteme erhalten: &nbsp; &#8211; Qualit\u00e4tsmanagementsystem UNI EN ISO 9001:2015 &nbsp; &#8211; Qualit\u00e4tsmanagementsystem f\u00fcr die Automobilindustrie IATF 16949 (nur f\u00fcr den Standort Druckguss) &nbsp; &#8211; Managementsystem f\u00fcr Sicherheit und Gesundheitsschutz am Arbeitsplatz UNI ISO 45001:2023 &nbsp; [&hellip;]\" \/>\n<meta property=\"og:url\" content=\"https:\/\/came-italy.com\/de\/zertifikate-came\/\" \/>\n<meta property=\"og:site_name\" content=\"Came Spa\" \/>\n<meta property=\"article:modified_time\" content=\"2025-07-18T07:53:48+00:00\" \/>\n<meta property=\"og:image\" content=\"https:\/\/came-italy.com\/wp-content\/uploads\/2021\/10\/Certificati.jpg\" \/>\n\t<meta property=\"og:image:width\" content=\"1600\" \/>\n\t<meta property=\"og:image:height\" content=\"600\" \/>\n\t<meta property=\"og:image:type\" content=\"image\/jpeg\" \/>\n<meta name=\"twitter:card\" content=\"summary_large_image\" \/>\n<meta name=\"twitter:label1\" content=\"Gesch\u00e4tzte Lesezeit\" \/>\n\t<meta name=\"twitter:data1\" content=\"1\u00a0Minute\" \/>\n<script type=\"application\/ld+json\" class=\"yoast-schema-graph\">{\"@context\":\"https:\\\/\\\/schema.org\",\"@graph\":[{\"@type\":\"WebPage\",\"@id\":\"https:\\\/\\\/came-italy.com\\\/de\\\/zertifikate-came\\\/\",\"url\":\"https:\\\/\\\/came-italy.com\\\/de\\\/zertifikate-came\\\/\",\"name\":\"Zertifikate Came - Came Spa\",\"isPartOf\":{\"@id\":\"https:\\\/\\\/came-italy.com\\\/de\\\/#website\"},\"primaryImageOfPage\":{\"@id\":\"https:\\\/\\\/came-italy.com\\\/de\\\/zertifikate-came\\\/#primaryimage\"},\"image\":{\"@id\":\"https:\\\/\\\/came-italy.com\\\/de\\\/zertifikate-came\\\/#primaryimage\"},\"thumbnailUrl\":\"https:\\\/\\\/came-italy.com\\\/wp-content\\\/uploads\\\/2021\\\/10\\\/Certificati.jpg\",\"datePublished\":\"2021-11-09T12:54:26+00:00\",\"dateModified\":\"2025-07-18T07:53:48+00:00\",\"breadcrumb\":{\"@id\":\"https:\\\/\\\/came-italy.com\\\/de\\\/zertifikate-came\\\/#breadcrumb\"},\"inLanguage\":\"de\",\"potentialAction\":[{\"@type\":\"ReadAction\",\"target\":[\"https:\\\/\\\/came-italy.com\\\/de\\\/zertifikate-came\\\/\"]}]},{\"@type\":\"ImageObject\",\"inLanguage\":\"de\",\"@id\":\"https:\\\/\\\/came-italy.com\\\/de\\\/zertifikate-came\\\/#primaryimage\",\"url\":\"https:\\\/\\\/came-italy.com\\\/wp-content\\\/uploads\\\/2021\\\/10\\\/Certificati.jpg\",\"contentUrl\":\"https:\\\/\\\/came-italy.com\\\/wp-content\\\/uploads\\\/2021\\\/10\\\/Certificati.jpg\",\"width\":1600,\"height\":600},{\"@type\":\"BreadcrumbList\",\"@id\":\"https:\\\/\\\/came-italy.com\\\/de\\\/zertifikate-came\\\/#breadcrumb\",\"itemListElement\":[{\"@type\":\"ListItem\",\"position\":1,\"name\":\"Home\",\"item\":\"https:\\\/\\\/came-italy.com\\\/de\\\/\"},{\"@type\":\"ListItem\",\"position\":2,\"name\":\"Zertifikate Came\"}]},{\"@type\":\"WebSite\",\"@id\":\"https:\\\/\\\/came-italy.com\\\/de\\\/#website\",\"url\":\"https:\\\/\\\/came-italy.com\\\/de\\\/\",\"name\":\"Came Spa\",\"description\":\"Avvolgimenti e componenti per motori elettrici\",\"publisher\":{\"@id\":\"https:\\\/\\\/came-italy.com\\\/de\\\/#organization\"},\"potentialAction\":[{\"@type\":\"SearchAction\",\"target\":{\"@type\":\"EntryPoint\",\"urlTemplate\":\"https:\\\/\\\/came-italy.com\\\/de\\\/?s={search_term_string}\"},\"query-input\":{\"@type\":\"PropertyValueSpecification\",\"valueRequired\":true,\"valueName\":\"search_term_string\"}}],\"inLanguage\":\"de\"},{\"@type\":\"Organization\",\"@id\":\"https:\\\/\\\/came-italy.com\\\/de\\\/#organization\",\"name\":\"Came Spa\",\"url\":\"https:\\\/\\\/came-italy.com\\\/de\\\/\",\"logo\":{\"@type\":\"ImageObject\",\"inLanguage\":\"de\",\"@id\":\"https:\\\/\\\/came-italy.com\\\/de\\\/#\\\/schema\\\/logo\\\/image\\\/\",\"url\":\"https:\\\/\\\/came-italy.com\\\/wp-content\\\/uploads\\\/2016\\\/07\\\/logo-came-spa.png\",\"contentUrl\":\"https:\\\/\\\/came-italy.com\\\/wp-content\\\/uploads\\\/2016\\\/07\\\/logo-came-spa.png\",\"width\":766,\"height\":129,\"caption\":\"Came Spa\"},\"image\":{\"@id\":\"https:\\\/\\\/came-italy.com\\\/de\\\/#\\\/schema\\\/logo\\\/image\\\/\"}}]}<\/script>\n<!-- \/ Yoast SEO plugin. -->","yoast_head_json":{"title":"Zertifikate Came - Came Spa","robots":{"index":"index","follow":"follow","max-snippet":"max-snippet:-1","max-image-preview":"max-image-preview:large","max-video-preview":"max-video-preview:-1"},"canonical":"https:\/\/came-italy.com\/de\/zertifikate-came\/","og_locale":"de_DE","og_type":"article","og_title":"Zertifikate Came - Came Spa","og_description":"Came hat in seinem Streben nach Exzellenz und kontinuierlicher Verbesserung und der Entwicklung von Nachhaltigkeit die Zertifizierung f\u00fcr die folgenden Managementsysteme erhalten: &nbsp; &#8211; Qualit\u00e4tsmanagementsystem UNI EN ISO 9001:2015 &nbsp; &#8211; Qualit\u00e4tsmanagementsystem f\u00fcr die Automobilindustrie IATF 16949 (nur f\u00fcr den Standort Druckguss) &nbsp; &#8211; Managementsystem f\u00fcr Sicherheit und Gesundheitsschutz am Arbeitsplatz UNI ISO 45001:2023 &nbsp; [&hellip;]","og_url":"https:\/\/came-italy.com\/de\/zertifikate-came\/","og_site_name":"Came Spa","article_modified_time":"2025-07-18T07:53:48+00:00","og_image":[{"width":1600,"height":600,"url":"https:\/\/came-italy.com\/wp-content\/uploads\/2021\/10\/Certificati.jpg","type":"image\/jpeg"}],"twitter_card":"summary_large_image","twitter_misc":{"Gesch\u00e4tzte Lesezeit":"1\u00a0Minute"},"schema":{"@context":"https:\/\/schema.org","@graph":[{"@type":"WebPage","@id":"https:\/\/came-italy.com\/de\/zertifikate-came\/","url":"https:\/\/came-italy.com\/de\/zertifikate-came\/","name":"Zertifikate Came - Came Spa","isPartOf":{"@id":"https:\/\/came-italy.com\/de\/#website"},"primaryImageOfPage":{"@id":"https:\/\/came-italy.com\/de\/zertifikate-came\/#primaryimage"},"image":{"@id":"https:\/\/came-italy.com\/de\/zertifikate-came\/#primaryimage"},"thumbnailUrl":"https:\/\/came-italy.com\/wp-content\/uploads\/2021\/10\/Certificati.jpg","datePublished":"2021-11-09T12:54:26+00:00","dateModified":"2025-07-18T07:53:48+00:00","breadcrumb":{"@id":"https:\/\/came-italy.com\/de\/zertifikate-came\/#breadcrumb"},"inLanguage":"de","potentialAction":[{"@type":"ReadAction","target":["https:\/\/came-italy.com\/de\/zertifikate-came\/"]}]},{"@type":"ImageObject","inLanguage":"de","@id":"https:\/\/came-italy.com\/de\/zertifikate-came\/#primaryimage","url":"https:\/\/came-italy.com\/wp-content\/uploads\/2021\/10\/Certificati.jpg","contentUrl":"https:\/\/came-italy.com\/wp-content\/uploads\/2021\/10\/Certificati.jpg","width":1600,"height":600},{"@type":"BreadcrumbList","@id":"https:\/\/came-italy.com\/de\/zertifikate-came\/#breadcrumb","itemListElement":[{"@type":"ListItem","position":1,"name":"Home","item":"https:\/\/came-italy.com\/de\/"},{"@type":"ListItem","position":2,"name":"Zertifikate Came"}]},{"@type":"WebSite","@id":"https:\/\/came-italy.com\/de\/#website","url":"https:\/\/came-italy.com\/de\/","name":"Came Spa","description":"Avvolgimenti e componenti per motori elettrici","publisher":{"@id":"https:\/\/came-italy.com\/de\/#organization"},"potentialAction":[{"@type":"SearchAction","target":{"@type":"EntryPoint","urlTemplate":"https:\/\/came-italy.com\/de\/?s={search_term_string}"},"query-input":{"@type":"PropertyValueSpecification","valueRequired":true,"valueName":"search_term_string"}}],"inLanguage":"de"},{"@type":"Organization","@id":"https:\/\/came-italy.com\/de\/#organization","name":"Came Spa","url":"https:\/\/came-italy.com\/de\/","logo":{"@type":"ImageObject","inLanguage":"de","@id":"https:\/\/came-italy.com\/de\/#\/schema\/logo\/image\/","url":"https:\/\/came-italy.com\/wp-content\/uploads\/2016\/07\/logo-came-spa.png","contentUrl":"https:\/\/came-italy.com\/wp-content\/uploads\/2016\/07\/logo-came-spa.png","width":766,"height":129,"caption":"Came Spa"},"image":{"@id":"https:\/\/came-italy.com\/de\/#\/schema\/logo\/image\/"}}]}},"_links":{"self":[{"href":"https:\/\/came-italy.com\/de\/wp-json\/wp\/v2\/pages\/12933","targetHints":{"allow":["GET"]}}],"collection":[{"href":"https:\/\/came-italy.com\/de\/wp-json\/wp\/v2\/pages"}],"about":[{"href":"https:\/\/came-italy.com\/de\/wp-json\/wp\/v2\/types\/page"}],"author":[{"embeddable":true,"href":"https:\/\/came-italy.com\/de\/wp-json\/wp\/v2\/users\/6"}],"replies":[{"embeddable":true,"href":"https:\/\/came-italy.com\/de\/wp-json\/wp\/v2\/comments?post=12933"}],"version-history":[{"count":15,"href":"https:\/\/came-italy.com\/de\/wp-json\/wp\/v2\/pages\/12933\/revisions"}],"predecessor-version":[{"id":19079,"href":"https:\/\/came-italy.com\/de\/wp-json\/wp\/v2\/pages\/12933\/revisions\/19079"}],"wp:featuredmedia":[{"embeddable":true,"href":"https:\/\/came-italy.com\/de\/wp-json\/wp\/v2\/media\/12809"}],"wp:attachment":[{"href":"https:\/\/came-italy.com\/de\/wp-json\/wp\/v2\/media?parent=12933"}],"curies":[{"name":"wp","href":"https:\/\/api.w.org\/{rel}","templated":true}]}}