{"id":2355,"date":"2016-05-06T16:37:17","date_gmt":"2016-05-06T16:37:17","guid":{"rendered":"http:\/\/came-italy.loc\/de\/?page_id=2355"},"modified":"2022-06-16T12:45:54","modified_gmt":"2022-06-16T10:45:54","slug":"came","status":"publish","type":"page","link":"https:\/\/came-italy.com\/de\/came\/","title":{"rendered":"Came"},"content":{"rendered":"<div class=\"entry_line\">&nbsp;<\/div>\n<div class=\"col-2\">\nDer globale Markt ver\u00e4ndert sich rasant und stellt Nachhaltigkeit und Innovation in den Mittelpunkt, zwischen Marktbed\u00fcrfnissen und Produktionskapazit\u00e4t. Unternehmen brauchen Partner f\u00fcr die gemeinsame Innovation und Produktion.<br \/>\n&nbsp;<br \/>\nSeit 40 Jahren befasst sich Came mit Komponenten f\u00fcr Elektromotoren, Wicklungen und Aluminiumdruckguss. Unsere Geschichte hat dazu gef\u00fchrt, dass wir Werte, F\u00e4higkeiten und Erfahrungen entwickelt haben, die uns als europ\u00e4ische Marktf\u00fchrer mit Best\u00e4ndigkeit und Vision f\u00fcr die Zukunft positionieren.<br \/>\n&nbsp;<br \/>\nDie Marke Came basiert auf Werten, einschlie\u00dflich Kundenorientierung und kontinuierlicher Verbesserung durch Innovation.<br \/>\nUm das Versprechen dieser Werte einzul\u00f6sen, verl\u00e4sst sich Came auf eine solide Struktur von Management und Teamarbeit in jedem Prozess von Co-Design, Qualit\u00e4t, F&#038;E, Produktion und Logistik.<\/p>\n<h2 class=\"h2_20--black\">  Erfolgsfaktoren \/ Nutzen f\u00fcr den Kunden<\/h2>\n<div class=\"orange-bullet font-20\">Best\u00e4ndiges Unternehmen<\/div>\n<div class=\"orange-bullet font-20\">Schlankes und effektives Beschaffungsmanagement (Hauptauftragnehmer)<\/div>\n<div class=\"orange-bullet font-20\">Innovations- und F&#038;E-Dienstleistungen f\u00fcr die Entwicklung neuer Produkte<\/div>\n<div class=\"orange-bullet font-20\">Dienstleistungen im Bereich Co-Design und Planung von Druckgussteilen aus Aluminium<\/div>\n<div class=\"orange-bullet font-20\">Optimierung von Bestellungen, Lieferzeiten und Best\u00e4nden<\/div>\n<div class=\"orange-bullet font-20\">Anbieter von umfassenden L\u00f6sungen: Wicklungen, Druckguss, Baugruppen, Management von Statoren, Rotoren und Wellen<\/div>\n<\/div>\n<div class=\"col-2 col-2-right\">\n<h2 class=\"h2_20 orange\">Kontaktieren Sie uns<\/h2>\n\n<div class=\"wpcf7 no-js\" id=\"wpcf7-f3813-o1\" lang=\"it-IT\" dir=\"ltr\" data-wpcf7-id=\"3813\">\n<div class=\"screen-reader-response\"><p role=\"status\" aria-live=\"polite\" aria-atomic=\"true\"><\/p> <ul><\/ul><\/div>\n<form action=\"\/de\/wp-json\/wp\/v2\/pages\/2355#wpcf7-f3813-o1\" method=\"post\" class=\"wpcf7-form init\" aria-label=\"Modulo di contatto\" novalidate=\"novalidate\" data-status=\"init\">\n<fieldset class=\"hidden-fields-container\"><input type=\"hidden\" name=\"_wpcf7\" value=\"3813\" \/><input type=\"hidden\" name=\"_wpcf7_version\" value=\"6.1.5\" \/><input type=\"hidden\" name=\"_wpcf7_locale\" value=\"it_IT\" \/><input type=\"hidden\" name=\"_wpcf7_unit_tag\" value=\"wpcf7-f3813-o1\" \/><input type=\"hidden\" name=\"_wpcf7_container_post\" value=\"0\" \/><input type=\"hidden\" name=\"_wpcf7_posted_data_hash\" value=\"\" \/><input type=\"hidden\" name=\"_wpcf7_recaptcha_response\" value=\"\" \/>\n<\/fieldset>\n<p><label>Dein Name<\/label><span class=\"wpcf7-form-control-wrap\" data-name=\"your-name\"><input size=\"40\" maxlength=\"400\" class=\"wpcf7-form-control wpcf7-text wpcf7-validates-as-required\" aria-required=\"true\" aria-invalid=\"false\" value=\"\" type=\"text\" name=\"your-name\" \/><\/span><br \/>\n<label>Deine email<\/label><span class=\"wpcf7-form-control-wrap\" data-name=\"your-email\"><input size=\"40\" maxlength=\"400\" class=\"wpcf7-form-control wpcf7-email wpcf7-validates-as-required wpcf7-text wpcf7-validates-as-email\" aria-required=\"true\" aria-invalid=\"false\" value=\"\" type=\"email\" name=\"your-email\" \/><\/span><br \/>\n<label>Telefon<\/label><span class=\"wpcf7-form-control-wrap\" data-name=\"tel-182s\"><input size=\"40\" maxlength=\"400\" class=\"wpcf7-form-control wpcf7-tel wpcf7-validates-as-required wpcf7-text wpcf7-validates-as-tel\" aria-required=\"true\" aria-invalid=\"false\" value=\"\" type=\"tel\" name=\"tel-182s\" \/><\/span><br \/>\n<label>Mail-Betreff<\/label><span class=\"wpcf7-form-control-wrap\" data-name=\"your-subject\"><input size=\"40\" maxlength=\"400\" class=\"wpcf7-form-control wpcf7-text wpcf7-validates-as-required\" aria-required=\"true\" aria-invalid=\"false\" value=\"\" type=\"text\" name=\"your-subject\" \/><\/span><br \/>\n<label>Botschaft<\/label>\n<\/p>\n<div id=\"form_message_2\">\n\t<p><span class=\"wpcf7-form-control-wrap\" data-name=\"your-message\"><textarea cols=\"40\" rows=\"10\" maxlength=\"2000\" class=\"wpcf7-form-control wpcf7-textarea\" aria-invalid=\"false\" name=\"your-message\"><\/textarea><\/span>\n\t<\/p>\n<\/div>\n<p><span class='form-checkbox'><span class=\"wpcf7-form-control-wrap\" data-name=\"newsletter\"><span class=\"wpcf7-form-control wpcf7-checkbox\" id=\"checkbox-newsletter\"><span class=\"wpcf7-list-item first last\"><input type=\"checkbox\" name=\"newsletter[]\" value=\"Melden Sie sich f\u00fcr unseren Newsletter an\" \/><span class=\"wpcf7-list-item-label\">Melden Sie sich f\u00fcr unseren Newsletter an<\/span><\/span><\/span><\/span><\/span><br \/>\n<span class='form-checkbox'><span class=\"wpcf7-form-control-wrap\" data-name=\"privacy-policy\"><span class=\"wpcf7-form-control wpcf7-acceptance\"><span class=\"wpcf7-list-item\"><label><input type=\"checkbox\" name=\"privacy-policy\" value=\"1\" aria-invalid=\"false\" \/><span class=\"wpcf7-list-item-label\">Ich habe die Datenschutzbestimmungen<\/span> <a href=\"https:\/\/came-italy.com\/it\/privacy-policy\/\">Privacy Policy<\/a><\/span><\/label><\/span><\/span><\/span><br \/>\n<\/span>\n<\/p>\n<div id=\"submit-die-casting\">\n\t<p><input class=\"wpcf7-form-control wpcf7-submit has-spinner\" type=\"submit\" value=\"SNEDEN\" \/>\n\t<\/p>\n<\/div><div class=\"wpcf7-response-output\" aria-hidden=\"true\"><\/div>\n<\/form>\n<\/div>\n\n<\/div>\n<div class=\"page-block\">\n<h1 class=\"title\">Anwendungsbereiche<\/h1>\n<div class=\"entry_line\">&nbsp;<\/div>\n<table class=\"application-sectors\">\n<tbody>\n<tr>\n<td><img loading=\"lazy\" decoding=\"async\" class=\"alignnone size-large wp-image-2235\" src=\"https:\/\/came-italy.com\/wp-content\/uploads\/2016\/04\/motori-eletricci.jpg\" alt=\"motori-eletricci\" width=\"240\" height=\"240\"><br \/>\nElektromotoren<\/td>\n<td><img loading=\"lazy\" decoding=\"async\" class=\"alignnone size-large wp-image-2236\" src=\"https:\/\/came-italy.com\/wp-content\/uploads\/2016\/04\/motoriduttori.jpg\" alt=\"motoriduttori\" width=\"240\" height=\"240\"><br \/>\nGetriebemotoren<\/td>\n<td><img loading=\"lazy\" decoding=\"async\" class=\"alignnone size-large wp-image-2234\" src=\"https:\/\/came-italy.com\/wp-content\/uploads\/2016\/04\/pompe.jpg\" alt=\"pompe\" width=\"240\" height=\"240\"><br \/>\nPumpen<\/td>\n<td><img loading=\"lazy\" decoding=\"async\" class=\"alignnone size-large wp-image-2233\" src=\"https:\/\/came-italy.com\/wp-content\/uploads\/2016\/04\/motori-per-autoveicoli.jpg\" alt=\"motori-per-autoveicoli\" width=\"240\" height=\"240\"><br \/>\nFahrzeugmotoren<\/td>\n<td><img loading=\"lazy\" decoding=\"async\" class=\"alignnone size-large wp-image-2232\" src=\"https:\/\/came-italy.com\/wp-content\/uploads\/2016\/04\/compressori.jpg\" alt=\"compressori\" width=\"240\" height=\"240\"><br \/>\nKompressoren<\/td>\n<td><img loading=\"lazy\" decoding=\"async\" class=\"alignnone size-full wp-image-2231\" src=\"https:\/\/came-italy.com\/wp-content\/uploads\/2016\/04\/pompe-sommerse.jpg\" alt=\"pompe-sommerse\" width=\"240\" height=\"240\"><br \/>\nTauchpumpen<\/td>\n<\/tr>\n<\/tbody>\n<\/table>\n<\/div>\n","protected":false},"excerpt":{"rendered":"<p>&nbsp; Der globale Markt ver\u00e4ndert sich rasant und stellt Nachhaltigkeit und Innovation in den Mittelpunkt, zwischen Marktbed\u00fcrfnissen und Produktionskapazit\u00e4t. Unternehmen brauchen Partner f\u00fcr die gemeinsame Innovation und Produktion. &nbsp; Seit 40 Jahren befasst sich Came mit Komponenten f\u00fcr Elektromotoren, Wicklungen und Aluminiumdruckguss. Unsere Geschichte hat dazu gef\u00fchrt, dass wir Werte, F\u00e4higkeiten und Erfahrungen entwickelt haben, [&hellip;]<\/p>\n","protected":false},"author":1,"featured_media":13950,"parent":0,"menu_order":0,"comment_status":"closed","ping_status":"closed","template":"","meta":{"ngg_post_thumbnail":0,"footnotes":""},"class_list":["post-2355","page","type-page","status-publish","has-post-thumbnail","hentry"],"yoast_head":"<!-- This site is optimized with the Yoast SEO plugin v27.4 - https:\/\/yoast.com\/product\/yoast-seo-wordpress\/ -->\n<title>Came - Came Spa<\/title>\n<meta name=\"robots\" content=\"index, follow, max-snippet:-1, max-image-preview:large, max-video-preview:-1\" \/>\n<link rel=\"canonical\" href=\"https:\/\/came-italy.com\/de\/came\/\" \/>\n<meta property=\"og:locale\" content=\"de_DE\" \/>\n<meta property=\"og:type\" content=\"article\" \/>\n<meta property=\"og:title\" content=\"Came - Came Spa\" \/>\n<meta property=\"og:description\" content=\"&nbsp; Der globale Markt ver\u00e4ndert sich rasant und stellt Nachhaltigkeit und Innovation in den Mittelpunkt, zwischen Marktbed\u00fcrfnissen und Produktionskapazit\u00e4t. Unternehmen brauchen Partner f\u00fcr die gemeinsame Innovation und Produktion. &nbsp; Seit 40 Jahren befasst sich Came mit Komponenten f\u00fcr Elektromotoren, Wicklungen und Aluminiumdruckguss. Unsere Geschichte hat dazu gef\u00fchrt, dass wir Werte, F\u00e4higkeiten und Erfahrungen entwickelt haben, [&hellip;]\" \/>\n<meta property=\"og:url\" content=\"https:\/\/came-italy.com\/de\/came\/\" \/>\n<meta property=\"og:site_name\" content=\"Came Spa\" \/>\n<meta property=\"article:modified_time\" content=\"2022-06-16T10:45:54+00:00\" \/>\n<meta property=\"og:image\" content=\"https:\/\/came-italy.com\/wp-content\/uploads\/2022\/06\/Came.jpg\" \/>\n\t<meta property=\"og:image:width\" content=\"1600\" \/>\n\t<meta property=\"og:image:height\" content=\"600\" \/>\n\t<meta property=\"og:image:type\" content=\"image\/jpeg\" \/>\n<meta name=\"twitter:card\" content=\"summary_large_image\" \/>\n<meta name=\"twitter:label1\" content=\"Gesch\u00e4tzte Lesezeit\" \/>\n\t<meta name=\"twitter:data1\" content=\"1\u00a0Minute\" \/>\n<script type=\"application\/ld+json\" class=\"yoast-schema-graph\">{\"@context\":\"https:\\\/\\\/schema.org\",\"@graph\":[{\"@type\":\"WebPage\",\"@id\":\"https:\\\/\\\/came-italy.com\\\/de\\\/came\\\/\",\"url\":\"https:\\\/\\\/came-italy.com\\\/de\\\/came\\\/\",\"name\":\"Came - Came Spa\",\"isPartOf\":{\"@id\":\"https:\\\/\\\/came-italy.com\\\/de\\\/#website\"},\"primaryImageOfPage\":{\"@id\":\"https:\\\/\\\/came-italy.com\\\/de\\\/came\\\/#primaryimage\"},\"image\":{\"@id\":\"https:\\\/\\\/came-italy.com\\\/de\\\/came\\\/#primaryimage\"},\"thumbnailUrl\":\"https:\\\/\\\/came-italy.com\\\/wp-content\\\/uploads\\\/2022\\\/06\\\/Came.jpg\",\"datePublished\":\"2016-05-06T16:37:17+00:00\",\"dateModified\":\"2022-06-16T10:45:54+00:00\",\"breadcrumb\":{\"@id\":\"https:\\\/\\\/came-italy.com\\\/de\\\/came\\\/#breadcrumb\"},\"inLanguage\":\"de\",\"potentialAction\":[{\"@type\":\"ReadAction\",\"target\":[\"https:\\\/\\\/came-italy.com\\\/de\\\/came\\\/\"]}]},{\"@type\":\"ImageObject\",\"inLanguage\":\"de\",\"@id\":\"https:\\\/\\\/came-italy.com\\\/de\\\/came\\\/#primaryimage\",\"url\":\"https:\\\/\\\/came-italy.com\\\/wp-content\\\/uploads\\\/2022\\\/06\\\/Came.jpg\",\"contentUrl\":\"https:\\\/\\\/came-italy.com\\\/wp-content\\\/uploads\\\/2022\\\/06\\\/Came.jpg\",\"width\":1600,\"height\":600},{\"@type\":\"BreadcrumbList\",\"@id\":\"https:\\\/\\\/came-italy.com\\\/de\\\/came\\\/#breadcrumb\",\"itemListElement\":[{\"@type\":\"ListItem\",\"position\":1,\"name\":\"Home\",\"item\":\"https:\\\/\\\/came-italy.com\\\/de\\\/\"},{\"@type\":\"ListItem\",\"position\":2,\"name\":\"Came\"}]},{\"@type\":\"WebSite\",\"@id\":\"https:\\\/\\\/came-italy.com\\\/de\\\/#website\",\"url\":\"https:\\\/\\\/came-italy.com\\\/de\\\/\",\"name\":\"Came Spa\",\"description\":\"Avvolgimenti e componenti per motori elettrici\",\"publisher\":{\"@id\":\"https:\\\/\\\/came-italy.com\\\/de\\\/#organization\"},\"potentialAction\":[{\"@type\":\"SearchAction\",\"target\":{\"@type\":\"EntryPoint\",\"urlTemplate\":\"https:\\\/\\\/came-italy.com\\\/de\\\/?s={search_term_string}\"},\"query-input\":{\"@type\":\"PropertyValueSpecification\",\"valueRequired\":true,\"valueName\":\"search_term_string\"}}],\"inLanguage\":\"de\"},{\"@type\":\"Organization\",\"@id\":\"https:\\\/\\\/came-italy.com\\\/de\\\/#organization\",\"name\":\"Came Spa\",\"url\":\"https:\\\/\\\/came-italy.com\\\/de\\\/\",\"logo\":{\"@type\":\"ImageObject\",\"inLanguage\":\"de\",\"@id\":\"https:\\\/\\\/came-italy.com\\\/de\\\/#\\\/schema\\\/logo\\\/image\\\/\",\"url\":\"https:\\\/\\\/came-italy.com\\\/wp-content\\\/uploads\\\/2016\\\/07\\\/logo-came-spa.png\",\"contentUrl\":\"https:\\\/\\\/came-italy.com\\\/wp-content\\\/uploads\\\/2016\\\/07\\\/logo-came-spa.png\",\"width\":766,\"height\":129,\"caption\":\"Came Spa\"},\"image\":{\"@id\":\"https:\\\/\\\/came-italy.com\\\/de\\\/#\\\/schema\\\/logo\\\/image\\\/\"}}]}<\/script>\n<!-- \/ Yoast SEO plugin. -->","yoast_head_json":{"title":"Came - Came Spa","robots":{"index":"index","follow":"follow","max-snippet":"max-snippet:-1","max-image-preview":"max-image-preview:large","max-video-preview":"max-video-preview:-1"},"canonical":"https:\/\/came-italy.com\/de\/came\/","og_locale":"de_DE","og_type":"article","og_title":"Came - Came Spa","og_description":"&nbsp; Der globale Markt ver\u00e4ndert sich rasant und stellt Nachhaltigkeit und Innovation in den Mittelpunkt, zwischen Marktbed\u00fcrfnissen und Produktionskapazit\u00e4t. Unternehmen brauchen Partner f\u00fcr die gemeinsame Innovation und Produktion. &nbsp; Seit 40 Jahren befasst sich Came mit Komponenten f\u00fcr Elektromotoren, Wicklungen und Aluminiumdruckguss. Unsere Geschichte hat dazu gef\u00fchrt, dass wir Werte, F\u00e4higkeiten und Erfahrungen entwickelt haben, [&hellip;]","og_url":"https:\/\/came-italy.com\/de\/came\/","og_site_name":"Came Spa","article_modified_time":"2022-06-16T10:45:54+00:00","og_image":[{"width":1600,"height":600,"url":"https:\/\/came-italy.com\/wp-content\/uploads\/2022\/06\/Came.jpg","type":"image\/jpeg"}],"twitter_card":"summary_large_image","twitter_misc":{"Gesch\u00e4tzte Lesezeit":"1\u00a0Minute"},"schema":{"@context":"https:\/\/schema.org","@graph":[{"@type":"WebPage","@id":"https:\/\/came-italy.com\/de\/came\/","url":"https:\/\/came-italy.com\/de\/came\/","name":"Came - Came Spa","isPartOf":{"@id":"https:\/\/came-italy.com\/de\/#website"},"primaryImageOfPage":{"@id":"https:\/\/came-italy.com\/de\/came\/#primaryimage"},"image":{"@id":"https:\/\/came-italy.com\/de\/came\/#primaryimage"},"thumbnailUrl":"https:\/\/came-italy.com\/wp-content\/uploads\/2022\/06\/Came.jpg","datePublished":"2016-05-06T16:37:17+00:00","dateModified":"2022-06-16T10:45:54+00:00","breadcrumb":{"@id":"https:\/\/came-italy.com\/de\/came\/#breadcrumb"},"inLanguage":"de","potentialAction":[{"@type":"ReadAction","target":["https:\/\/came-italy.com\/de\/came\/"]}]},{"@type":"ImageObject","inLanguage":"de","@id":"https:\/\/came-italy.com\/de\/came\/#primaryimage","url":"https:\/\/came-italy.com\/wp-content\/uploads\/2022\/06\/Came.jpg","contentUrl":"https:\/\/came-italy.com\/wp-content\/uploads\/2022\/06\/Came.jpg","width":1600,"height":600},{"@type":"BreadcrumbList","@id":"https:\/\/came-italy.com\/de\/came\/#breadcrumb","itemListElement":[{"@type":"ListItem","position":1,"name":"Home","item":"https:\/\/came-italy.com\/de\/"},{"@type":"ListItem","position":2,"name":"Came"}]},{"@type":"WebSite","@id":"https:\/\/came-italy.com\/de\/#website","url":"https:\/\/came-italy.com\/de\/","name":"Came Spa","description":"Avvolgimenti e componenti per motori elettrici","publisher":{"@id":"https:\/\/came-italy.com\/de\/#organization"},"potentialAction":[{"@type":"SearchAction","target":{"@type":"EntryPoint","urlTemplate":"https:\/\/came-italy.com\/de\/?s={search_term_string}"},"query-input":{"@type":"PropertyValueSpecification","valueRequired":true,"valueName":"search_term_string"}}],"inLanguage":"de"},{"@type":"Organization","@id":"https:\/\/came-italy.com\/de\/#organization","name":"Came Spa","url":"https:\/\/came-italy.com\/de\/","logo":{"@type":"ImageObject","inLanguage":"de","@id":"https:\/\/came-italy.com\/de\/#\/schema\/logo\/image\/","url":"https:\/\/came-italy.com\/wp-content\/uploads\/2016\/07\/logo-came-spa.png","contentUrl":"https:\/\/came-italy.com\/wp-content\/uploads\/2016\/07\/logo-came-spa.png","width":766,"height":129,"caption":"Came Spa"},"image":{"@id":"https:\/\/came-italy.com\/de\/#\/schema\/logo\/image\/"}}]}},"_links":{"self":[{"href":"https:\/\/came-italy.com\/de\/wp-json\/wp\/v2\/pages\/2355","targetHints":{"allow":["GET"]}}],"collection":[{"href":"https:\/\/came-italy.com\/de\/wp-json\/wp\/v2\/pages"}],"about":[{"href":"https:\/\/came-italy.com\/de\/wp-json\/wp\/v2\/types\/page"}],"author":[{"embeddable":true,"href":"https:\/\/came-italy.com\/de\/wp-json\/wp\/v2\/users\/1"}],"replies":[{"embeddable":true,"href":"https:\/\/came-italy.com\/de\/wp-json\/wp\/v2\/comments?post=2355"}],"version-history":[{"count":17,"href":"https:\/\/came-italy.com\/de\/wp-json\/wp\/v2\/pages\/2355\/revisions"}],"predecessor-version":[{"id":12639,"href":"https:\/\/came-italy.com\/de\/wp-json\/wp\/v2\/pages\/2355\/revisions\/12639"}],"wp:featuredmedia":[{"embeddable":true,"href":"https:\/\/came-italy.com\/de\/wp-json\/wp\/v2\/media\/13950"}],"wp:attachment":[{"href":"https:\/\/came-italy.com\/de\/wp-json\/wp\/v2\/media?parent=2355"}],"curies":[{"name":"wp","href":"https:\/\/api.w.org\/{rel}","templated":true}]}}