{"id":2369,"date":"2016-05-06T17:05:29","date_gmt":"2016-05-06T17:05:29","guid":{"rendered":"http:\/\/came-italy.loc\/de\/?page_id=2369"},"modified":"2016-08-31T16:12:44","modified_gmt":"2016-08-31T14:12:44","slug":"druckgussteile","status":"publish","type":"page","link":"https:\/\/came-italy.com\/de\/druckgussteile\/","title":{"rendered":"Druckgussteile"},"content":{"rendered":"<div class=\"entry_line\"><\/div>\n<div class=\"col-3 top20\">Came Spa produziert Druckgussteile aus Aluminiumlegierung f\u00fcr Elektromotoren, stellt Gussteile in Lohnfertigung her, \u00fcbernimmt die Planung und Herstellung von Formen und verf\u00fcgt \u00fcber ein eigenes Produktangebot, das von der Baugr\u00f6\u00dfe <strong>Mec 63 bis Mec160 reicht<\/strong>.<br \/>\nDank ihrer weitreichenden Erfahrung ist die Firma Came Spa au\u00dferdem in der Lage, Formen ausgehend von der Kundenzeichnung (bis zur Produktherstellung) zu planen und ihre Zusammenarbeit f\u00fcr jede konstruktive Anforderung bereitzustellen.<br \/>\nBei der Produktion von Druckgussteilen legen wir gro\u00dfen Wert auf die enge Zusammenarbeit mit dem Kunden, um den spezifischen Anforderungen jedes Marktteilnehmers dynamisch und flexibel zu entsprechen.<br \/>\nDa wir bestrebt sind, die &#8222;h\u00f6chste Qualit\u00e4t&#8220; zu erreichen, sind wir dank unserer Unternehmensorganisation in der Lage, aufgrund unserer Erfahrung und Kompetenz von Mal zu Mal die verschiedensten Probleme zu l\u00f6sen.<\/div>\n<div class=\"col-3\">\n<h2>Typen<\/h2>\n<ul>\n<li>Geh\u00e4use komplett mit F\u00fc\u00dfen Mec 56 &#8211; 160<\/li>\n<li>Geh\u00e4use mit angeschraubten F\u00fc\u00dfen Mec 56 -160<\/li>\n<li>Lohnfertigung von Druckgussteilen<\/li>\n<li>Erstellung neuer Formen nach<\/li>\n<li>Kundenanforderung<\/li>\n<\/ul>\n<\/div>\n<div class=\"col-3 last-child\">\n<div class=\"services-box\">\n<h2>LEISTUNG NACH MASS<\/h2>\n<ul>\n<li>Individuelle L\u00f6sungen<\/li>\n<li>Technisch-kaufm\u00e4nnischer Kundendienst<\/li>\n<li>Forschung und Entwicklung<\/li>\n<\/ul>\n<div class=\"services-box-contact\"><a href=\"https:\/\/came-italy.com\/it\/contatti-came-spa-componenti-per-motori-elettrici-vicenza\/\">Kontaktieren Sie uns<\/a><\/div>\n<\/div>\n<div class=\"download-box\">\n<h2>Download<\/h2>\n<p><a href=\"https:\/\/came-italy.com\/wp-content\/uploads\/2016\/05\/EN-Came-Catalogo-pressofusioni-072015rev06.pdf\" target=\"_blank\"><img loading=\"lazy\" decoding=\"async\" class=\"alignnone size-full wp-image-2254\" src=\"https:\/\/came-italy.com\/wp-content\/uploads\/2016\/04\/ico_download.png\" alt=\"ico_download\" width=\"59\" height=\"79\" \/><\/a><\/p>\n<p><a class=\"download-box-link\" href=\"https:\/\/came-italy.com\/wp-content\/uploads\/2016\/05\/EN-Came-Catalogo-pressofusioni-072015rev06.pdf\" target=\"_blank\">Katalog als pdf herunterladen<\/a><\/p>\n<\/div>\n<\/div>\n<div class=\"page-block top50\">\n<h2>Produktionsanlagen<\/h2>\n<table class=\"page-table\">\n<tbody>\n<tr>\n<td>\n<div>Automatisierte Druckgussmaschinen mit Roboter<\/div>\n<\/td>\n<td>\n<h3 class=\"year\">4<span class=\"h3small\">x<\/span>420<span class=\"h3small\">t<\/span><\/h3>\n<\/td>\n<td>\n<h3 class=\"year\">2<span class=\"h3small\">x<\/span>560<span class=\"h3small\">t<\/span><\/h3>\n<\/td>\n<td>\n<h3 class=\"year\">2<span class=\"h3small\">x<\/span>1,000<span class=\"h3small\">t<\/span><\/h3>\n<\/td>\n<\/tr>\n<\/tbody>\n<\/table>\n<\/div>\n<p><img loading=\"lazy\" decoding=\"async\" class=\"alignnone size-page-feature-thumb wp-image-2266\" src=\"https:\/\/came-italy.com\/wp-content\/uploads\/2016\/04\/came-pressofusioni-1000x398.jpg\" alt=\"came-pressofusioni\" width=\"1000\" height=\"398\" srcset=\"https:\/\/came-italy.com\/wp-content\/uploads\/2016\/04\/came-pressofusioni-1000x398.jpg 1000w, https:\/\/came-italy.com\/wp-content\/uploads\/2016\/04\/came-pressofusioni-850x338.jpg 850w, https:\/\/came-italy.com\/wp-content\/uploads\/2016\/04\/came-pressofusioni-1200x477.jpg 1200w, https:\/\/came-italy.com\/wp-content\/uploads\/2016\/04\/came-pressofusioni-300x119.jpg 300w, https:\/\/came-italy.com\/wp-content\/uploads\/2016\/04\/came-pressofusioni-650x259.jpg 650w, https:\/\/came-italy.com\/wp-content\/uploads\/2016\/04\/came-pressofusioni.jpg 1257w\" sizes=\"auto, (max-width: 1000px) 100vw, 1000px\" \/><\/p>\n","protected":false},"excerpt":{"rendered":"<p>Came Spa produziert Druckgussteile aus Aluminiumlegierung f\u00fcr Elektromotoren, stellt Gussteile in Lohnfertigung her, \u00fcbernimmt die Planung und Herstellung von Formen und verf\u00fcgt \u00fcber ein eigenes Produktangebot, das von der Baugr\u00f6\u00dfe Mec 63 bis Mec160 reicht. Dank ihrer weitreichenden Erfahrung ist die Firma Came Spa au\u00dferdem in der Lage, Formen ausgehend von der Kundenzeichnung (bis zur [&hellip;]<\/p>\n","protected":false},"author":1,"featured_media":2243,"parent":0,"menu_order":0,"comment_status":"closed","ping_status":"closed","template":"","meta":{"ngg_post_thumbnail":0,"footnotes":""},"class_list":["post-2369","page","type-page","status-publish","has-post-thumbnail","hentry"],"yoast_head":"<!-- This site is optimized with the Yoast SEO plugin v27.4 - https:\/\/yoast.com\/product\/yoast-seo-wordpress\/ -->\n<title>Druckgussteile - Came Spa<\/title>\n<meta name=\"robots\" content=\"index, follow, max-snippet:-1, max-image-preview:large, max-video-preview:-1\" \/>\n<link rel=\"canonical\" href=\"https:\/\/came-italy.com\/de\/druckgussteile\/\" \/>\n<meta property=\"og:locale\" content=\"de_DE\" \/>\n<meta property=\"og:type\" content=\"article\" \/>\n<meta property=\"og:title\" content=\"Druckgussteile - Came Spa\" \/>\n<meta property=\"og:description\" content=\"Came Spa produziert Druckgussteile aus Aluminiumlegierung f\u00fcr Elektromotoren, stellt Gussteile in Lohnfertigung her, \u00fcbernimmt die Planung und Herstellung von Formen und verf\u00fcgt \u00fcber ein eigenes Produktangebot, das von der Baugr\u00f6\u00dfe Mec 63 bis Mec160 reicht. Dank ihrer weitreichenden Erfahrung ist die Firma Came Spa au\u00dferdem in der Lage, Formen ausgehend von der Kundenzeichnung (bis zur [&hellip;]\" \/>\n<meta property=\"og:url\" content=\"https:\/\/came-italy.com\/de\/druckgussteile\/\" \/>\n<meta property=\"og:site_name\" content=\"Came Spa\" \/>\n<meta property=\"article:modified_time\" content=\"2016-08-31T14:12:44+00:00\" \/>\n<meta property=\"og:image\" content=\"https:\/\/came-italy.com\/wp-content\/uploads\/2016\/04\/big_image_pressofusionii.jpg\" \/>\n\t<meta property=\"og:image:width\" content=\"1200\" \/>\n\t<meta property=\"og:image:height\" content=\"600\" \/>\n\t<meta property=\"og:image:type\" content=\"image\/jpeg\" \/>\n<meta name=\"twitter:card\" content=\"summary_large_image\" \/>\n<meta name=\"twitter:label1\" content=\"Gesch\u00e4tzte Lesezeit\" \/>\n\t<meta name=\"twitter:data1\" content=\"1\u00a0Minute\" \/>\n<script type=\"application\/ld+json\" class=\"yoast-schema-graph\">{\"@context\":\"https:\\\/\\\/schema.org\",\"@graph\":[{\"@type\":\"WebPage\",\"@id\":\"https:\\\/\\\/came-italy.com\\\/de\\\/druckgussteile\\\/\",\"url\":\"https:\\\/\\\/came-italy.com\\\/de\\\/druckgussteile\\\/\",\"name\":\"Druckgussteile - Came Spa\",\"isPartOf\":{\"@id\":\"https:\\\/\\\/came-italy.com\\\/de\\\/#website\"},\"primaryImageOfPage\":{\"@id\":\"https:\\\/\\\/came-italy.com\\\/de\\\/druckgussteile\\\/#primaryimage\"},\"image\":{\"@id\":\"https:\\\/\\\/came-italy.com\\\/de\\\/druckgussteile\\\/#primaryimage\"},\"thumbnailUrl\":\"https:\\\/\\\/came-italy.com\\\/wp-content\\\/uploads\\\/2016\\\/04\\\/big_image_pressofusionii.jpg\",\"datePublished\":\"2016-05-06T17:05:29+00:00\",\"dateModified\":\"2016-08-31T14:12:44+00:00\",\"breadcrumb\":{\"@id\":\"https:\\\/\\\/came-italy.com\\\/de\\\/druckgussteile\\\/#breadcrumb\"},\"inLanguage\":\"de\",\"potentialAction\":[{\"@type\":\"ReadAction\",\"target\":[\"https:\\\/\\\/came-italy.com\\\/de\\\/druckgussteile\\\/\"]}]},{\"@type\":\"ImageObject\",\"inLanguage\":\"de\",\"@id\":\"https:\\\/\\\/came-italy.com\\\/de\\\/druckgussteile\\\/#primaryimage\",\"url\":\"https:\\\/\\\/came-italy.com\\\/wp-content\\\/uploads\\\/2016\\\/04\\\/big_image_pressofusionii.jpg\",\"contentUrl\":\"https:\\\/\\\/came-italy.com\\\/wp-content\\\/uploads\\\/2016\\\/04\\\/big_image_pressofusionii.jpg\",\"width\":1200,\"height\":600,\"caption\":\"Pressofusioni-motori-elettrici-Vicenza\"},{\"@type\":\"BreadcrumbList\",\"@id\":\"https:\\\/\\\/came-italy.com\\\/de\\\/druckgussteile\\\/#breadcrumb\",\"itemListElement\":[{\"@type\":\"ListItem\",\"position\":1,\"name\":\"Home\",\"item\":\"https:\\\/\\\/came-italy.com\\\/de\\\/\"},{\"@type\":\"ListItem\",\"position\":2,\"name\":\"Druckgussteile\"}]},{\"@type\":\"WebSite\",\"@id\":\"https:\\\/\\\/came-italy.com\\\/de\\\/#website\",\"url\":\"https:\\\/\\\/came-italy.com\\\/de\\\/\",\"name\":\"Came Spa\",\"description\":\"Avvolgimenti e componenti per motori elettrici\",\"publisher\":{\"@id\":\"https:\\\/\\\/came-italy.com\\\/de\\\/#organization\"},\"potentialAction\":[{\"@type\":\"SearchAction\",\"target\":{\"@type\":\"EntryPoint\",\"urlTemplate\":\"https:\\\/\\\/came-italy.com\\\/de\\\/?s={search_term_string}\"},\"query-input\":{\"@type\":\"PropertyValueSpecification\",\"valueRequired\":true,\"valueName\":\"search_term_string\"}}],\"inLanguage\":\"de\"},{\"@type\":\"Organization\",\"@id\":\"https:\\\/\\\/came-italy.com\\\/de\\\/#organization\",\"name\":\"Came Spa\",\"url\":\"https:\\\/\\\/came-italy.com\\\/de\\\/\",\"logo\":{\"@type\":\"ImageObject\",\"inLanguage\":\"de\",\"@id\":\"https:\\\/\\\/came-italy.com\\\/de\\\/#\\\/schema\\\/logo\\\/image\\\/\",\"url\":\"https:\\\/\\\/came-italy.com\\\/wp-content\\\/uploads\\\/2016\\\/07\\\/logo-came-spa.png\",\"contentUrl\":\"https:\\\/\\\/came-italy.com\\\/wp-content\\\/uploads\\\/2016\\\/07\\\/logo-came-spa.png\",\"width\":766,\"height\":129,\"caption\":\"Came Spa\"},\"image\":{\"@id\":\"https:\\\/\\\/came-italy.com\\\/de\\\/#\\\/schema\\\/logo\\\/image\\\/\"}}]}<\/script>\n<!-- \/ Yoast SEO plugin. -->","yoast_head_json":{"title":"Druckgussteile - Came Spa","robots":{"index":"index","follow":"follow","max-snippet":"max-snippet:-1","max-image-preview":"max-image-preview:large","max-video-preview":"max-video-preview:-1"},"canonical":"https:\/\/came-italy.com\/de\/druckgussteile\/","og_locale":"de_DE","og_type":"article","og_title":"Druckgussteile - Came Spa","og_description":"Came Spa produziert Druckgussteile aus Aluminiumlegierung f\u00fcr Elektromotoren, stellt Gussteile in Lohnfertigung her, \u00fcbernimmt die Planung und Herstellung von Formen und verf\u00fcgt \u00fcber ein eigenes Produktangebot, das von der Baugr\u00f6\u00dfe Mec 63 bis Mec160 reicht. Dank ihrer weitreichenden Erfahrung ist die Firma Came Spa au\u00dferdem in der Lage, Formen ausgehend von der Kundenzeichnung (bis zur [&hellip;]","og_url":"https:\/\/came-italy.com\/de\/druckgussteile\/","og_site_name":"Came Spa","article_modified_time":"2016-08-31T14:12:44+00:00","og_image":[{"width":1200,"height":600,"url":"https:\/\/came-italy.com\/wp-content\/uploads\/2016\/04\/big_image_pressofusionii.jpg","type":"image\/jpeg"}],"twitter_card":"summary_large_image","twitter_misc":{"Gesch\u00e4tzte Lesezeit":"1\u00a0Minute"},"schema":{"@context":"https:\/\/schema.org","@graph":[{"@type":"WebPage","@id":"https:\/\/came-italy.com\/de\/druckgussteile\/","url":"https:\/\/came-italy.com\/de\/druckgussteile\/","name":"Druckgussteile - Came Spa","isPartOf":{"@id":"https:\/\/came-italy.com\/de\/#website"},"primaryImageOfPage":{"@id":"https:\/\/came-italy.com\/de\/druckgussteile\/#primaryimage"},"image":{"@id":"https:\/\/came-italy.com\/de\/druckgussteile\/#primaryimage"},"thumbnailUrl":"https:\/\/came-italy.com\/wp-content\/uploads\/2016\/04\/big_image_pressofusionii.jpg","datePublished":"2016-05-06T17:05:29+00:00","dateModified":"2016-08-31T14:12:44+00:00","breadcrumb":{"@id":"https:\/\/came-italy.com\/de\/druckgussteile\/#breadcrumb"},"inLanguage":"de","potentialAction":[{"@type":"ReadAction","target":["https:\/\/came-italy.com\/de\/druckgussteile\/"]}]},{"@type":"ImageObject","inLanguage":"de","@id":"https:\/\/came-italy.com\/de\/druckgussteile\/#primaryimage","url":"https:\/\/came-italy.com\/wp-content\/uploads\/2016\/04\/big_image_pressofusionii.jpg","contentUrl":"https:\/\/came-italy.com\/wp-content\/uploads\/2016\/04\/big_image_pressofusionii.jpg","width":1200,"height":600,"caption":"Pressofusioni-motori-elettrici-Vicenza"},{"@type":"BreadcrumbList","@id":"https:\/\/came-italy.com\/de\/druckgussteile\/#breadcrumb","itemListElement":[{"@type":"ListItem","position":1,"name":"Home","item":"https:\/\/came-italy.com\/de\/"},{"@type":"ListItem","position":2,"name":"Druckgussteile"}]},{"@type":"WebSite","@id":"https:\/\/came-italy.com\/de\/#website","url":"https:\/\/came-italy.com\/de\/","name":"Came Spa","description":"Avvolgimenti e componenti per motori elettrici","publisher":{"@id":"https:\/\/came-italy.com\/de\/#organization"},"potentialAction":[{"@type":"SearchAction","target":{"@type":"EntryPoint","urlTemplate":"https:\/\/came-italy.com\/de\/?s={search_term_string}"},"query-input":{"@type":"PropertyValueSpecification","valueRequired":true,"valueName":"search_term_string"}}],"inLanguage":"de"},{"@type":"Organization","@id":"https:\/\/came-italy.com\/de\/#organization","name":"Came Spa","url":"https:\/\/came-italy.com\/de\/","logo":{"@type":"ImageObject","inLanguage":"de","@id":"https:\/\/came-italy.com\/de\/#\/schema\/logo\/image\/","url":"https:\/\/came-italy.com\/wp-content\/uploads\/2016\/07\/logo-came-spa.png","contentUrl":"https:\/\/came-italy.com\/wp-content\/uploads\/2016\/07\/logo-came-spa.png","width":766,"height":129,"caption":"Came Spa"},"image":{"@id":"https:\/\/came-italy.com\/de\/#\/schema\/logo\/image\/"}}]}},"_links":{"self":[{"href":"https:\/\/came-italy.com\/de\/wp-json\/wp\/v2\/pages\/2369","targetHints":{"allow":["GET"]}}],"collection":[{"href":"https:\/\/came-italy.com\/de\/wp-json\/wp\/v2\/pages"}],"about":[{"href":"https:\/\/came-italy.com\/de\/wp-json\/wp\/v2\/types\/page"}],"author":[{"embeddable":true,"href":"https:\/\/came-italy.com\/de\/wp-json\/wp\/v2\/users\/1"}],"replies":[{"embeddable":true,"href":"https:\/\/came-italy.com\/de\/wp-json\/wp\/v2\/comments?post=2369"}],"version-history":[{"count":3,"href":"https:\/\/came-italy.com\/de\/wp-json\/wp\/v2\/pages\/2369\/revisions"}],"predecessor-version":[{"id":2454,"href":"https:\/\/came-italy.com\/de\/wp-json\/wp\/v2\/pages\/2369\/revisions\/2454"}],"wp:featuredmedia":[{"embeddable":true,"href":"https:\/\/came-italy.com\/de\/wp-json\/wp\/v2\/media\/2243"}],"wp:attachment":[{"href":"https:\/\/came-italy.com\/de\/wp-json\/wp\/v2\/media?parent=2369"}],"curies":[{"name":"wp","href":"https:\/\/api.w.org\/{rel}","templated":true}]}}