{"id":3806,"date":"2018-03-20T11:28:32","date_gmt":"2018-03-20T10:28:32","guid":{"rendered":"https:\/\/came-italy.com\/?page_id=3806"},"modified":"2025-02-11T13:27:45","modified_gmt":"2025-02-11T12:27:45","slug":"die-casting","status":"publish","type":"page","link":"https:\/\/came-italy.com\/de\/die-casting\/","title":{"rendered":"Die Casting"},"content":{"rendered":"<div class=\"die-video\">\n<div class=\"videoWrapper\"><iframe loading=\"lazy\" src=\"https:\/\/www.youtube.com\/embed\/lMm7tJyGcpg?rel=0&amp;showinfo=0\" width=\"1200\" height=\"600\" frameborder=\"0\" allowfullscreen=\"allowfullscreen\"><\/iframe><\/div>\n<\/div>\n<h1 class=\"h1_35\">Aluminiumdruckguss<\/h1>\n<div class=\"slogan20\">Vom Entwurf zum fertigen Produkt<\/div>\n<div class=\"entry_line top20\">&nbsp;<\/div>\n<div class=\"col4\">\n<h2 class=\"h2_20\">Druckguss mit automatischen Roboterinseln:<\/h2>\n<p>1 x 320 Tonnen<br \/>\n3 x 400 Tonnen<br \/>\n5 x 560 Tonnen<br \/>\n1 x 750 Tonnen<br \/>\n2 x 1,000 Tonnen<br \/>\n1 x 1,400 Tonnen<\/p>\n<\/div>\n<div class=\"col4\">\n<h2 class=\"h2_20\">Druckgussmaschinen:<\/h2>\n<p>8 x Stanzpressen<br \/>\n5 x Drehinseln<br \/>\n3 x Muldenbandstrahlanlagen<br \/>\n2 x H\u00e4ngebahnstrahlanlage<\/p>\n<\/div>\n<div class=\"col4\">\n<h2 class=\"h2_20\">Gewichtsbereich:<\/h2>\n<p>Bis zu 21 Kg<\/p>\n<\/div>\n<div class=\"col4\">\n<h2 class=\"h2_20\">Software:<\/h2>\n<p>CAD-System,<br \/>\nAnalysen mit Flusssimulation<\/p>\n<\/div>\n<div class=\"entry_line\">&nbsp;<\/div>\n<div class=\"col-2\">\n<p><img loading=\"lazy\" decoding=\"async\" class=\"alignnone size-full wp-image-4523\" src=\"https:\/\/came-italy.com\/wp-content\/uploads\/2018\/11\/Came-Die-casting-proprietary.jpg\" alt=\"\" width=\"550\" height=\"367\"><\/p>\n<h2 class=\"h2_20--black\">Unsere Fertigkeiten<\/h2>\n<p>Die R&amp;D-Abteilung von Came arbeitet mit einem CAD-Assistenzsystem f\u00fcr Design und Analysesystemen mit Flusssimulation (MAGMA, PROCAST).<\/p>\n<p>&nbsp;<\/p>\n<p>Die Gie\u00dfereiabteilung z\u00e4hlt 11 komplett automatisierte Arbeitsinseln, die mit dem Firmennetzwerk verbunden sind und die aus einer Presse, einer Schneidemaschine, einer Werkzeugmaschine zur Beseitigung des Speisers und einem anthropomorphen Roboter zur Handhabung der Bewegung der Schmelze im Inneren der Insel bestehen.<\/p>\n<p>&nbsp;<\/p>\n<p>Der Hang zur stetigen Verbesserung und die Investierung in Technologie stehen f\u00fcr Produkte und Dienstleistungen hoher Qualit\u00e4t, was die Grundwerte der Firmenphilosophie von Came ist.<\/p>\n<p>&nbsp;<\/p>\n<p>Die Qualit\u00e4t wird von den gem\u00e4\u00df der ISO 9001-Norm strukturierten Prozessen sowie von einem modern ausgestatteten metrologischen B\u00fcro (3D-Messmaschine, RX-Kabine, Spektrometer) garantiert und von der Pr\u00e4senz eines Personals unterst\u00fctzt, das zur Kontrolle aller Produktionsschichten bef\u00e4higt ist.<\/p>\n<h2 class=\"h2_20--black\">Endbearbeitung<\/h2>\n<p>Um den Kunden eine hohe Qualit\u00e4t der Endprodukte zu garantieren, bietet Came<br \/>\nOberfl\u00e4chenveredelung, maschinelle Bearbeitung und zus\u00e4tzliche Dienste f\u00fcr Baugruppen an<\/p>\n<p>&nbsp;<\/p>\n<p>Nachstehend die vollst\u00e4ndige Liste der Dienstleistungen von Came:<br \/>\n\u2022 Entwurf und Fertigung von Formen;<br \/>\n\u2022 Machbarkeitsstudien, Co-Design und Str\u00f6mungssimulation;<br \/>\n\u2022 Lohnfertigung von Stanzteilen;<br \/>\n\u2022 Oberfl\u00e4chenveredelung wie Sandstrahlen, Trommelschleifen, Lackieren, Kataphorese, Verchromen;<br \/>\n\u2022 Impr\u00e4gnierung;<br \/>\n\u2022 \u00dcberspritzung.<\/p>\n<h2 class=\"h2_20--black\">Mechanische Bearbeitung<\/h2>\n<p>Die Abteilung verf\u00fcgt \u00fcber CNC-Maschinen und Fachpersonal.<\/p>\n<h2 class=\"h2_20--black\">Qualit\u00e4t<\/h2>\n<p>Heute verlangen der Markt und internationale Unternehmen ein klares Bekenntnis zur Qualit\u00e4t.<br \/>\nDaher betrachtet Came Qualit\u00e4t als eines der wichtigsten Unternehmensziele, das auf die<br \/>\nBed\u00fcrfnisse der Kunden ausgerichtet ist.<\/p>\n<p>&nbsp;<\/p>\n<p>Came verf\u00fcgt \u00fcber folgende Zertifizierungssysteme:<br \/>\n\u2022 ISO9001:2015<br \/>\n\u2022 ISO14001:2015<br \/>\n\u2022 ISO45001:2018<br \/>\n\u2022 Einhaltung des Managementsystems IATF 16949<\/p>\n<p>&nbsp;<\/p>\n<p>Der Messraum von Came ist modern ausgestattet mit Quantometer (chemische Analyse von<br \/>\nAluminium), R\u00f6ntgenkabine, 3D-Messer, Laserscanarm, Profilometer, H\u00e4rtepr\u00fcfer,<br \/>\nRauigkeitsmesser und herk\u00f6mmlichen Instrumenten.<\/p>\n<\/div>\n<div class=\"col-2 col-2-right\">\n<h2 class=\"h2_20 orange\">Kontaktieren Sie uns<\/h2>\n\n<div class=\"wpcf7 no-js\" id=\"wpcf7-f3813-o1\" lang=\"it-IT\" dir=\"ltr\" data-wpcf7-id=\"3813\">\n<div class=\"screen-reader-response\"><p role=\"status\" aria-live=\"polite\" aria-atomic=\"true\"><\/p> <ul><\/ul><\/div>\n<form action=\"\/de\/wp-json\/wp\/v2\/pages\/3806#wpcf7-f3813-o1\" method=\"post\" class=\"wpcf7-form init\" aria-label=\"Modulo di contatto\" novalidate=\"novalidate\" data-status=\"init\">\n<fieldset class=\"hidden-fields-container\"><input type=\"hidden\" name=\"_wpcf7\" value=\"3813\" \/><input type=\"hidden\" name=\"_wpcf7_version\" value=\"6.1.5\" \/><input type=\"hidden\" name=\"_wpcf7_locale\" value=\"it_IT\" \/><input type=\"hidden\" name=\"_wpcf7_unit_tag\" value=\"wpcf7-f3813-o1\" \/><input type=\"hidden\" name=\"_wpcf7_container_post\" value=\"0\" \/><input type=\"hidden\" name=\"_wpcf7_posted_data_hash\" value=\"\" \/><input type=\"hidden\" name=\"_wpcf7_recaptcha_response\" value=\"\" \/>\n<\/fieldset>\n<p><label>Dein Name<\/label><span class=\"wpcf7-form-control-wrap\" data-name=\"your-name\"><input size=\"40\" maxlength=\"400\" class=\"wpcf7-form-control wpcf7-text wpcf7-validates-as-required\" aria-required=\"true\" aria-invalid=\"false\" value=\"\" type=\"text\" name=\"your-name\" \/><\/span><br \/>\n<label>Deine email<\/label><span class=\"wpcf7-form-control-wrap\" data-name=\"your-email\"><input size=\"40\" maxlength=\"400\" class=\"wpcf7-form-control wpcf7-email wpcf7-validates-as-required wpcf7-text wpcf7-validates-as-email\" aria-required=\"true\" aria-invalid=\"false\" value=\"\" type=\"email\" name=\"your-email\" \/><\/span><br \/>\n<label>Telefon<\/label><span class=\"wpcf7-form-control-wrap\" data-name=\"tel-182s\"><input size=\"40\" maxlength=\"400\" class=\"wpcf7-form-control wpcf7-tel wpcf7-validates-as-required wpcf7-text wpcf7-validates-as-tel\" aria-required=\"true\" aria-invalid=\"false\" value=\"\" type=\"tel\" name=\"tel-182s\" \/><\/span><br \/>\n<label>Mail-Betreff<\/label><span class=\"wpcf7-form-control-wrap\" data-name=\"your-subject\"><input size=\"40\" maxlength=\"400\" class=\"wpcf7-form-control wpcf7-text wpcf7-validates-as-required\" aria-required=\"true\" aria-invalid=\"false\" value=\"\" type=\"text\" name=\"your-subject\" \/><\/span><br \/>\n<label>Botschaft<\/label>\n<\/p>\n<div id=\"form_message_2\">\n\t<p><span class=\"wpcf7-form-control-wrap\" data-name=\"your-message\"><textarea cols=\"40\" rows=\"10\" maxlength=\"2000\" class=\"wpcf7-form-control wpcf7-textarea\" aria-invalid=\"false\" name=\"your-message\"><\/textarea><\/span>\n\t<\/p>\n<\/div>\n<p><span class='form-checkbox'><span class=\"wpcf7-form-control-wrap\" data-name=\"newsletter\"><span class=\"wpcf7-form-control wpcf7-checkbox\" id=\"checkbox-newsletter\"><span class=\"wpcf7-list-item first last\"><input type=\"checkbox\" name=\"newsletter[]\" value=\"Melden Sie sich f\u00fcr unseren Newsletter an\" \/><span class=\"wpcf7-list-item-label\">Melden Sie sich f\u00fcr unseren Newsletter an<\/span><\/span><\/span><\/span><\/span><br \/>\n<span class='form-checkbox'><span class=\"wpcf7-form-control-wrap\" data-name=\"privacy-policy\"><span class=\"wpcf7-form-control wpcf7-acceptance\"><span class=\"wpcf7-list-item\"><label><input type=\"checkbox\" name=\"privacy-policy\" value=\"1\" aria-invalid=\"false\" \/><span class=\"wpcf7-list-item-label\">Ich habe die Datenschutzbestimmungen<\/span> <a href=\"https:\/\/came-italy.com\/it\/privacy-policy\/\">Privacy Policy<\/a><\/span><\/label><\/span><\/span><\/span><br \/>\n<\/span>\n<\/p>\n<div id=\"submit-die-casting\">\n\t<p><input class=\"wpcf7-form-control wpcf7-submit has-spinner\" type=\"submit\" value=\"SNEDEN\" \/>\n\t<\/p>\n<\/div><div class=\"wpcf7-response-output\" aria-hidden=\"true\"><\/div>\n<\/form>\n<\/div>\n\n<div class=\"floatLeft clear top50\">\n<h2 class=\"h2_20 orange top20\">Download<\/h2>\n<p><a class=\"top20 floatLeft\" href=\"https:\/\/came-italy.com\/wp-content\/uploads\/2025\/01\/Came-Die-Casting-catalog-2025-web.pdf\" target=\"_blank\" rel=\"noopener\"><img loading=\"lazy\" decoding=\"async\" class=\"alignnone wp-image-2254 size-full\" src=\"https:\/\/came-italy.com\/wp-content\/uploads\/2018\/10\/pdfs-512.png\" alt=\"ico_download\" width=\"60\" height=\"83\"><\/a><a class=\"pdf-text-link\" href=\"https:\/\/came-italy.com\/wp-content\/uploads\/2025\/01\/Came-Die-Casting-catalog-2025-web.pdf\" target=\"_blank\" rel=\"noopener\">Katalog als<br \/>\npdf herunterladen<\/a><\/p>\n<\/div>\n<\/div>\n","protected":false},"excerpt":{"rendered":"<p>Aluminiumdruckguss Vom Entwurf zum fertigen Produkt &nbsp; Druckguss mit automatischen Roboterinseln: 1 x 320 Tonnen 3 x 400 Tonnen 5 x 560 Tonnen 1 x 750 Tonnen 2 x 1,000 Tonnen 1 x 1,400 Tonnen Druckgussmaschinen: 8 x Stanzpressen 5 x Drehinseln 3 x Muldenbandstrahlanlagen 2 x H\u00e4ngebahnstrahlanlage Gewichtsbereich: Bis zu 21 Kg Software: CAD-System, [&hellip;]<\/p>\n","protected":false},"author":1,"featured_media":0,"parent":0,"menu_order":0,"comment_status":"closed","ping_status":"closed","template":"diecasting.php","meta":{"ngg_post_thumbnail":0,"footnotes":""},"class_list":["post-3806","page","type-page","status-publish","hentry"],"yoast_head":"<!-- This site is optimized with the Yoast SEO plugin v27.4 - https:\/\/yoast.com\/product\/yoast-seo-wordpress\/ -->\n<title>Die Casting - Came Spa<\/title>\n<meta name=\"robots\" content=\"index, follow, max-snippet:-1, max-image-preview:large, max-video-preview:-1\" \/>\n<link rel=\"canonical\" href=\"https:\/\/came-italy.com\/de\/die-casting\/\" \/>\n<meta property=\"og:locale\" content=\"de_DE\" \/>\n<meta property=\"og:type\" content=\"article\" \/>\n<meta property=\"og:title\" content=\"Die Casting - Came Spa\" \/>\n<meta property=\"og:description\" content=\"Aluminiumdruckguss Vom Entwurf zum fertigen Produkt &nbsp; Druckguss mit automatischen Roboterinseln: 1 x 320 Tonnen 3 x 400 Tonnen 5 x 560 Tonnen 1 x 750 Tonnen 2 x 1,000 Tonnen 1 x 1,400 Tonnen Druckgussmaschinen: 8 x Stanzpressen 5 x Drehinseln 3 x Muldenbandstrahlanlagen 2 x H\u00e4ngebahnstrahlanlage Gewichtsbereich: Bis zu 21 Kg Software: CAD-System, [&hellip;]\" \/>\n<meta property=\"og:url\" content=\"https:\/\/came-italy.com\/de\/die-casting\/\" \/>\n<meta property=\"og:site_name\" content=\"Came Spa\" \/>\n<meta property=\"article:modified_time\" content=\"2025-02-11T12:27:45+00:00\" \/>\n<meta property=\"og:image\" content=\"https:\/\/came-italy.com\/wp-content\/uploads\/2018\/11\/Came-Die-casting-proprietary.jpg\" \/>\n\t<meta property=\"og:image:width\" content=\"550\" \/>\n\t<meta property=\"og:image:height\" content=\"367\" \/>\n\t<meta property=\"og:image:type\" content=\"image\/jpeg\" \/>\n<meta name=\"twitter:card\" content=\"summary_large_image\" \/>\n<meta name=\"twitter:label1\" content=\"Gesch\u00e4tzte Lesezeit\" \/>\n\t<meta name=\"twitter:data1\" content=\"2\u00a0Minuten\" \/>\n<script type=\"application\/ld+json\" class=\"yoast-schema-graph\">{\"@context\":\"https:\\\/\\\/schema.org\",\"@graph\":[{\"@type\":\"WebPage\",\"@id\":\"https:\\\/\\\/came-italy.com\\\/de\\\/die-casting\\\/\",\"url\":\"https:\\\/\\\/came-italy.com\\\/de\\\/die-casting\\\/\",\"name\":\"Die Casting - Came Spa\",\"isPartOf\":{\"@id\":\"https:\\\/\\\/came-italy.com\\\/de\\\/#website\"},\"primaryImageOfPage\":{\"@id\":\"https:\\\/\\\/came-italy.com\\\/de\\\/die-casting\\\/#primaryimage\"},\"image\":{\"@id\":\"https:\\\/\\\/came-italy.com\\\/de\\\/die-casting\\\/#primaryimage\"},\"thumbnailUrl\":\"https:\\\/\\\/came-italy.com\\\/wp-content\\\/uploads\\\/2018\\\/11\\\/Came-Die-casting-proprietary.jpg\",\"datePublished\":\"2018-03-20T10:28:32+00:00\",\"dateModified\":\"2025-02-11T12:27:45+00:00\",\"breadcrumb\":{\"@id\":\"https:\\\/\\\/came-italy.com\\\/de\\\/die-casting\\\/#breadcrumb\"},\"inLanguage\":\"de\",\"potentialAction\":[{\"@type\":\"ReadAction\",\"target\":[\"https:\\\/\\\/came-italy.com\\\/de\\\/die-casting\\\/\"]}]},{\"@type\":\"ImageObject\",\"inLanguage\":\"de\",\"@id\":\"https:\\\/\\\/came-italy.com\\\/de\\\/die-casting\\\/#primaryimage\",\"url\":\"https:\\\/\\\/came-italy.com\\\/wp-content\\\/uploads\\\/2018\\\/11\\\/Came-Die-casting-proprietary.jpg\",\"contentUrl\":\"https:\\\/\\\/came-italy.com\\\/wp-content\\\/uploads\\\/2018\\\/11\\\/Came-Die-casting-proprietary.jpg\"},{\"@type\":\"BreadcrumbList\",\"@id\":\"https:\\\/\\\/came-italy.com\\\/de\\\/die-casting\\\/#breadcrumb\",\"itemListElement\":[{\"@type\":\"ListItem\",\"position\":1,\"name\":\"Home\",\"item\":\"https:\\\/\\\/came-italy.com\\\/de\\\/\"},{\"@type\":\"ListItem\",\"position\":2,\"name\":\"Die Casting\"}]},{\"@type\":\"WebSite\",\"@id\":\"https:\\\/\\\/came-italy.com\\\/de\\\/#website\",\"url\":\"https:\\\/\\\/came-italy.com\\\/de\\\/\",\"name\":\"Came Spa\",\"description\":\"Avvolgimenti e componenti per motori elettrici\",\"publisher\":{\"@id\":\"https:\\\/\\\/came-italy.com\\\/de\\\/#organization\"},\"potentialAction\":[{\"@type\":\"SearchAction\",\"target\":{\"@type\":\"EntryPoint\",\"urlTemplate\":\"https:\\\/\\\/came-italy.com\\\/de\\\/?s={search_term_string}\"},\"query-input\":{\"@type\":\"PropertyValueSpecification\",\"valueRequired\":true,\"valueName\":\"search_term_string\"}}],\"inLanguage\":\"de\"},{\"@type\":\"Organization\",\"@id\":\"https:\\\/\\\/came-italy.com\\\/de\\\/#organization\",\"name\":\"Came Spa\",\"url\":\"https:\\\/\\\/came-italy.com\\\/de\\\/\",\"logo\":{\"@type\":\"ImageObject\",\"inLanguage\":\"de\",\"@id\":\"https:\\\/\\\/came-italy.com\\\/de\\\/#\\\/schema\\\/logo\\\/image\\\/\",\"url\":\"https:\\\/\\\/came-italy.com\\\/wp-content\\\/uploads\\\/2016\\\/07\\\/logo-came-spa.png\",\"contentUrl\":\"https:\\\/\\\/came-italy.com\\\/wp-content\\\/uploads\\\/2016\\\/07\\\/logo-came-spa.png\",\"width\":766,\"height\":129,\"caption\":\"Came Spa\"},\"image\":{\"@id\":\"https:\\\/\\\/came-italy.com\\\/de\\\/#\\\/schema\\\/logo\\\/image\\\/\"}}]}<\/script>\n<!-- \/ Yoast SEO plugin. -->","yoast_head_json":{"title":"Die Casting - Came Spa","robots":{"index":"index","follow":"follow","max-snippet":"max-snippet:-1","max-image-preview":"max-image-preview:large","max-video-preview":"max-video-preview:-1"},"canonical":"https:\/\/came-italy.com\/de\/die-casting\/","og_locale":"de_DE","og_type":"article","og_title":"Die Casting - Came Spa","og_description":"Aluminiumdruckguss Vom Entwurf zum fertigen Produkt &nbsp; Druckguss mit automatischen Roboterinseln: 1 x 320 Tonnen 3 x 400 Tonnen 5 x 560 Tonnen 1 x 750 Tonnen 2 x 1,000 Tonnen 1 x 1,400 Tonnen Druckgussmaschinen: 8 x Stanzpressen 5 x Drehinseln 3 x Muldenbandstrahlanlagen 2 x H\u00e4ngebahnstrahlanlage Gewichtsbereich: Bis zu 21 Kg Software: CAD-System, [&hellip;]","og_url":"https:\/\/came-italy.com\/de\/die-casting\/","og_site_name":"Came Spa","article_modified_time":"2025-02-11T12:27:45+00:00","og_image":[{"width":550,"height":367,"url":"https:\/\/came-italy.com\/wp-content\/uploads\/2018\/11\/Came-Die-casting-proprietary.jpg","type":"image\/jpeg"}],"twitter_card":"summary_large_image","twitter_misc":{"Gesch\u00e4tzte Lesezeit":"2\u00a0Minuten"},"schema":{"@context":"https:\/\/schema.org","@graph":[{"@type":"WebPage","@id":"https:\/\/came-italy.com\/de\/die-casting\/","url":"https:\/\/came-italy.com\/de\/die-casting\/","name":"Die Casting - Came Spa","isPartOf":{"@id":"https:\/\/came-italy.com\/de\/#website"},"primaryImageOfPage":{"@id":"https:\/\/came-italy.com\/de\/die-casting\/#primaryimage"},"image":{"@id":"https:\/\/came-italy.com\/de\/die-casting\/#primaryimage"},"thumbnailUrl":"https:\/\/came-italy.com\/wp-content\/uploads\/2018\/11\/Came-Die-casting-proprietary.jpg","datePublished":"2018-03-20T10:28:32+00:00","dateModified":"2025-02-11T12:27:45+00:00","breadcrumb":{"@id":"https:\/\/came-italy.com\/de\/die-casting\/#breadcrumb"},"inLanguage":"de","potentialAction":[{"@type":"ReadAction","target":["https:\/\/came-italy.com\/de\/die-casting\/"]}]},{"@type":"ImageObject","inLanguage":"de","@id":"https:\/\/came-italy.com\/de\/die-casting\/#primaryimage","url":"https:\/\/came-italy.com\/wp-content\/uploads\/2018\/11\/Came-Die-casting-proprietary.jpg","contentUrl":"https:\/\/came-italy.com\/wp-content\/uploads\/2018\/11\/Came-Die-casting-proprietary.jpg"},{"@type":"BreadcrumbList","@id":"https:\/\/came-italy.com\/de\/die-casting\/#breadcrumb","itemListElement":[{"@type":"ListItem","position":1,"name":"Home","item":"https:\/\/came-italy.com\/de\/"},{"@type":"ListItem","position":2,"name":"Die Casting"}]},{"@type":"WebSite","@id":"https:\/\/came-italy.com\/de\/#website","url":"https:\/\/came-italy.com\/de\/","name":"Came Spa","description":"Avvolgimenti e componenti per motori elettrici","publisher":{"@id":"https:\/\/came-italy.com\/de\/#organization"},"potentialAction":[{"@type":"SearchAction","target":{"@type":"EntryPoint","urlTemplate":"https:\/\/came-italy.com\/de\/?s={search_term_string}"},"query-input":{"@type":"PropertyValueSpecification","valueRequired":true,"valueName":"search_term_string"}}],"inLanguage":"de"},{"@type":"Organization","@id":"https:\/\/came-italy.com\/de\/#organization","name":"Came Spa","url":"https:\/\/came-italy.com\/de\/","logo":{"@type":"ImageObject","inLanguage":"de","@id":"https:\/\/came-italy.com\/de\/#\/schema\/logo\/image\/","url":"https:\/\/came-italy.com\/wp-content\/uploads\/2016\/07\/logo-came-spa.png","contentUrl":"https:\/\/came-italy.com\/wp-content\/uploads\/2016\/07\/logo-came-spa.png","width":766,"height":129,"caption":"Came Spa"},"image":{"@id":"https:\/\/came-italy.com\/de\/#\/schema\/logo\/image\/"}}]}},"_links":{"self":[{"href":"https:\/\/came-italy.com\/de\/wp-json\/wp\/v2\/pages\/3806","targetHints":{"allow":["GET"]}}],"collection":[{"href":"https:\/\/came-italy.com\/de\/wp-json\/wp\/v2\/pages"}],"about":[{"href":"https:\/\/came-italy.com\/de\/wp-json\/wp\/v2\/types\/page"}],"author":[{"embeddable":true,"href":"https:\/\/came-italy.com\/de\/wp-json\/wp\/v2\/users\/1"}],"replies":[{"embeddable":true,"href":"https:\/\/came-italy.com\/de\/wp-json\/wp\/v2\/comments?post=3806"}],"version-history":[{"count":15,"href":"https:\/\/came-italy.com\/de\/wp-json\/wp\/v2\/pages\/3806\/revisions"}],"predecessor-version":[{"id":18041,"href":"https:\/\/came-italy.com\/de\/wp-json\/wp\/v2\/pages\/3806\/revisions\/18041"}],"wp:attachment":[{"href":"https:\/\/came-italy.com\/de\/wp-json\/wp\/v2\/media?parent=3806"}],"curies":[{"name":"wp","href":"https:\/\/api.w.org\/{rel}","templated":true}]}}