{"id":3899,"date":"2018-06-12T12:32:46","date_gmt":"2018-06-12T10:32:46","guid":{"rendered":"https:\/\/came-italy.com\/?page_id=3899"},"modified":"2023-03-06T13:17:44","modified_gmt":"2023-03-06T12:17:44","slug":"cookie-richtlinien","status":"publish","type":"page","link":"https:\/\/came-italy.com\/de\/cookie-richtlinien\/","title":{"rendered":"Cookie-Richtlinien"},"content":{"rendered":"<p>Diese Website verwendet Cookies. Wir verwenden Cookies zur Anpassung von Inhalten und Anzeigen, zur Bereitstellung von Social-Media-Funktionen und zur Analyse unseres Datenverkehrs. Wir teilen auch Informationen dar\u00fcber, wie Sie unsere Website nutzen, mit unseren Webanalyse-, Werbe- und Social Media-Partnern, die diese mit anderen Informationen kombinieren k\u00f6nnen, die Sie ihnen zur Verf\u00fcgung gestellt haben oder die sie durch Ihre Nutzung ihrer Dienste erhalten haben. Stimmen Sie unseren Cookies zu, wenn Sie unsere Website weiterhin nutzen.Wenn Sie die Website weiterhin nutzen, stimmen Sie unserer Verwendung von Cookies zu<\/p>\n<p>&nbsp;<\/p>\n<p class=\"western\">Cookies sind kleine Textdateien, die von Websites verwendet werden k\u00f6nnen, um Ihr Benutzererlebnis f\u00fcr Sie effizienter zu gestalten.<\/p>\n<p>&nbsp;<\/p>\n<p class=\"western\">Das Gesetz besagt, dass wir Cookies auf Ihrem Ger\u00e4t speichern d\u00fcrfen, wenn sie f\u00fcr den Betrieb dieser Website unbedingt erforderlich sind. F\u00fcr alle anderen Arten von Cookies ben\u00f6tigen wir Ihre Zustimmung.<\/p>\n<p>&nbsp;<\/p>\n<p class=\"western\">Diese Website verwendet verschiedene Arten von Cookies. Einige Cookies werden von Drittanbietern gesetzt, die auf unseren Seiten erscheinen.<\/p>\n<p>&nbsp;<\/p>\n<p class=\"western\">Sie k\u00f6nnen Ihre Einwilligung in die Cookies-Erkl\u00e4rung auf unserer Website jederzeit \u00e4ndern oder widerrufen.<\/p>\n<p>&nbsp;<\/p>\n<p class=\"western\">Seine Zustimmung gilt f\u00fcr folgende Websites: www.came-italy.com<\/p>\n<p>&nbsp;<\/p>\n<p class=\"western\">Came spa sch\u00fctzt die Privatsph\u00e4re der Navigatoren dieser Website gem\u00e4\u00df DSGVO EU 2016\/679. Wir bitten den Navigator der Website, vor dem Besuch der Website diese Seite und alle sp\u00e4teren Erg\u00e4nzungen bez\u00fcglich des Schutzes personenbezogener Daten zu lesen. Was hier angegeben ist, bezieht sich auf die Website www.came-italy.com. F\u00fcr alle externen Ressourcen, die der Navigator \u00fcber Links erreichen kann, beziehen Sie sich bitte auf die dem Benutzer vorgeschlagenen Websites.<\/p>\n<p>&nbsp;<\/p>\n<p><b>1) NAVIGATION<\/b><\/p>\n<p>&nbsp;<\/p>\n<p class=\"western\">Auf der Website werden Software zum Erheben von statistischen Analysen verwendet, um zu verstehen, wie die Benutzer die Website nutzen, so dass wir die Interaktion zwischen Website und Benutzer bei sp\u00e4teren Aktualisierungen der Website verbessern k\u00f6nnen: Die Daten werden dann in zusammengefasster und anonymer Form f\u00fcr statistische Zwecke gesammelt. Die \u201epassive\u201c Navigation beinhaltet die Verwendung von Cookies (Sitzung oder permanent), die der Benutzer auch \u00fcber seinen Browser deaktivieren kann.<\/p>\n<p>&nbsp;<\/p>\n<p><b>2) <\/b><b>SAMMELN VON INFORMATIONEN<\/b><\/p>\n<p>&nbsp;<\/p>\n<p class=\"western\">Die Sammlung von Informationen betrifft die Anforderung von Informationen, das Abonnement des Newsletters und die Verwendung des Kommentarformulars.<\/p>\n<p>&nbsp;<\/p>\n<p class=\"western\"><i><b>Informationsanfrage<\/b><\/i><\/p>\n<p>&nbsp;<\/p>\n<p class=\"western\">Die im Rahmen der Informationsanfrage angegebenen E-Mail- und personenbezogenen Daten werden ausschlie\u00dflich zur Erleichterung der Kontaktaufnahme zwischen Came Spa und dem Navigator verwendet, um auf seine Anfragen zu antworten.<\/p>\n<p>&nbsp;<\/p>\n<p><b>3) COOKIES<\/b><\/p>\n<p>&nbsp;<\/p>\n<p class=\"western\">Unsere Website verwendet Cookies, um zu verstehen, wie wir den Besuchern ein besseres Surferlebnis bieten k\u00f6nnen. Ein Cookie ist eine kleine Textdatei mit alphanumerischen Zeichen, die im Speicher Ihres Browsers gespeichert wird, sofern Sie den zustimmen. Cookies enthalten Informationen, die \u00fcbertragen werden, aber es sind KEINE Informationen, die es uns erm\u00f6glichen, den Benutzer zu identifizieren: Seine Privatsph\u00e4re ist garantiert!<\/p>\n<p class=\"western\">Wir verwenden Performance-\/Analyse-Cookies (siehe nachfolgend \u201eGoogle Analytics\u201c), die es uns erm\u00f6glichen, die Anzahl der Besucher zu z\u00e4hlen und zu sehen, wie diese auf der Website navigieren. Die Daten sind aggregiert, nicht einzeln. Mit diesen Cookies k\u00f6nnen wir verstehen, wie wir die Website verbessern oder zuk\u00fcnftigen Nutzern helfen k\u00f6nnen, die gesuchten Informationen noch schneller zu finden.<\/p>\n<p>&nbsp;<\/p>\n<p><b><i>Google Analytics<\/i><\/b><\/p>\n<p>&nbsp;<\/p>\n<p class=\"western\">F\u00fcr die Zwecke der vertraglichen Verpflichtungen gegen\u00fcber Google und unter Ausschluss jeglicher Haftung von Google f\u00fcr die darin enthaltenen Inhalte wird darauf hingewiesen, dass <i>\u201eGoogle Analytics ein Webanalysedienst von Google Inc. ist. (\u201cGoogle\u201d). Google Analytics verwendet sogenannte \u201eCookies\u201c, Textdateien, die auf Ihrem Computer gespeichert werden und die eine anonyme Analyse der Benutzung der Website durch Sie erm\u00f6glichen. Die durch das Cookie erzeugten Informationen \u00fcber Ihre Benutzung dieser Website werden an einen Server von Google in den USA \u00fcbertragen und dort gespeichert. Google wird diese Informationen benutzen, um Ihre Nutzung der Website auszuwerten, um Berichte \u00fcber die Websiteaktivit\u00e4ten f\u00fcr die Websitebetreiber zusammenzustellen sowie um weitere mit der Websitenutzung und der Internetnutzung verbundene Dienstleistungen zu erbringen. Google kann diese Informationen auch an Dritte weitergeben, sofern dies gesetzlich vorgeschrieben ist, oder soweit Dritte diese Daten im Auftrag von Google bearbeiten. Google wird die IP-Adresse des Nutzers mit keinen anderen Daten von Google in Verbindung bringen. Als Benutzer k\u00f6nnen Sie die Installation der Cookies durch eine entsprechende Einstellung Ihrer Browser-Software verhindern. In diesem Fall k\u00f6nnen Sie jedoch gegebenenfalls nicht s\u00e4mtliche Funktionen dieser Website vollumf\u00e4nglich nutzen. Durch die Nutzung dieser Website erkl\u00e4ren Sie sich mit der Bearbeitung der \u00fcber Sie erhobenen Daten durch Google in der zuvor beschriebenen Art und Weise und zu dem zuvor benannten Zweck einverstanden\u201c.<\/i><\/p>\n<p>&nbsp;<\/p>\n<p class=\"western\"><i><b>Datenschutzerkl\u00e4rung einiger Drittparteien, die Cookies auf unserer Website verwenden<\/b><\/i><\/p>\n<p>&nbsp;<\/p>\n<p><a href=\"https:\/\/policies.google.com\/privacy?hl=de&amp;gl=de\"><span style=\"font-weight: 400;\">Datenschutzerkl\u00e4rung Google<\/a><\/p>\n<p>&nbsp;<\/p>\n<p>Ein <a href=\"https:\/\/tools.google.com\/dlpage\/gaoptout?hl=de\">Zusatzmodul<\/a> erm\u00f6glicht es, <strong>Google Analytics zu deaktivieren<\/strong><\/p>\n<p>&nbsp;<\/p>\n<p><b>4)&nbsp;<\/b><b>IN UNSERE WEBSITE INTEGRIERTE DRITTANBIETER-ANWENDUNGEN<\/b><\/p>\n<p>&nbsp;<\/p>\n<p class=\"western\">Wir k\u00f6nnen auf unserer Website Computeranwendungen von Drittanbietern einbinden, die es Ihnen erm\u00f6glichen, den Inhalt unserer Website mit anderen Personen zu teilen oder diesen Personen Ihre Beratung oder Ihre Meinung \u00fcber den Inhalt unserer Website mitzuteilen. Dies gilt insbesondere f\u00fcr Schaltfl\u00e4chen wie \u201eTeilen\u201c, \u201eGef\u00e4llt mir\u201c, die von sozialen Netzwerken wie \u201eFacebook\u201c, \u201eTwitter\u201c, \u201eLinkedIn\u201c, \u201eGoogle+\u201c usw. bereitgestellt werden.<\/p>\n<p>&nbsp;<\/p>\n<p class=\"western\">Das soziale Netzwerk, das \u00fcber eine der oben genannten Schaltfl\u00e4chen verf\u00fcgt, kann Sie \u00fcber diese Schaltfl\u00e4che identifizieren, auch wenn sie nicht verwendet wird, wenn Sie unsere Website besuchen.<\/p>\n<p>&nbsp;<\/p>\n<p class=\"western\">Diese Art von Schaltfl\u00e4chen kann es dem betreffenden sozialen Netzwerk erm\u00f6glichen, Ihre Navigation auf unserer Website zu verfolgen, nur weil Ihr Konto des betreffenden sozialen Netzwerks w\u00e4hrend Ihres Besuchs auf Ihrem Terminal aktiviert wurde (offene Sitzung).<\/p>\n<p>&nbsp;<\/p>\n<p class=\"western\">Wir haben keine Kontrolle \u00fcber den Prozess, den das soziale Netzwerk verwendet, um Informationen \u00fcber Ihren Besuch auf unserer Website zu sammeln und die mit Ihren pers\u00f6nlichen Daten zu verkn\u00fcpfen. Bitte lesen Sie die Datenschutzrichtlinien dieser sozialen Netzwerke, um mehr \u00fcber ihren Zweck, einschlie\u00dflich der Werbung, und die Navigationsinformationen, die sie mit diesen Anwendungsschaltfl\u00e4chen sammeln k\u00f6nnen, zu erfahren. Insbesondere sollten diese Richtlinien es Ihnen erm\u00f6glichen, Ihre Auswahl in solchen sozialen Netzwerken \u00fcber Ihre Kontoeinstellungen f\u00fcr die Nutzung jedes einzelnen von ihnen auszu\u00fcben.<\/p>\n<p>&nbsp;<\/p>\n<p class=\"western\"><b>So deaktivieren Sie Cookies von Drittanbietern<\/b><\/p>\n<p>&nbsp;<\/p>\n<ul>\n<li style=\"font-weight: 400;\"><a href=\"http:\/\/www.google.com\/ads\/preferences\/?hl=de\"><span style=\"font-weight: 400;\">Google-Dienste<\/a><\/li>\n<li style=\"font-weight: 400;\"><a href=\"https:\/\/www.facebook.com\/help\/cookies?ref_type=sitefooter\"><span style=\"font-weight: 400;\">Facebook<\/a><\/li>\n<li style=\"font-weight: 400;\"><a href=\"https:\/\/help.twitter.com\/de\/rules-and-policies\/twitter-cookies\"><span style=\"font-weight: 400;\">Twitter<\/a><\/li>\n<\/ul>\n<p>&nbsp;<\/p>\n<p><b>5)&nbsp;<\/b><b>IHRE WAHLM\u00d6GLICHKEITEN IN BEZUG AUF COOKIES<\/b><\/p>\n<p>&nbsp;<\/p>\n<p class=\"western\">Sie haben mehrere M\u00f6glichkeiten, Cookies zu verwalten. Alle Parameter, die Sie Ihrerseits einstellen k\u00f6nnen, k\u00f6nnen zu \u00c4nderungen Ihrer Internet-Surfmethoden und Ihrer Zugangsbedingungen zu einigen Diensten f\u00fchren, die die Verwendung von Cookies erfordern.<\/p>\n<p class=\"western\">Sie k\u00f6nnen jederzeit Ihre Auswahl an Cookies wie unten beschrieben ausdr\u00fccken und \u00e4ndern.<\/p>\n<p>&nbsp;<\/p>\n<p class=\"western\"><i><b>Auswahlm\u00f6glichkeiten Ihres Browsers<\/b><\/i><\/p>\n<p>&nbsp;<\/p>\n<p class=\"western\">Es ist m\u00f6glich, Ihren Browser so zu konfigurieren, dass die Cookies auf Ihrem Ger\u00e4t gespeichert werden oder im Gegenteil, entweder systematisch oder je nach Absender abgelehnt werden. Sie k\u00f6nnen Ihren Browser auch so einstellen, dass er Sie auffordert, Cookies zu akzeptieren oder abzulehnen, bevor ein Cookie auf Ihrem Ger\u00e4t gespeichert wird. Weitere Informationen finden Sie unter \u201eWie k\u00f6nnen Sie Ihre Wahl treffen, je nachdem, welchen Browser Sie verwenden?\u201c<\/p>\n<p>&nbsp;<\/p>\n<p class=\"western\">\u2013 <i><b>Zustimmung zu Cookies<\/b><\/i><\/p>\n<p>&nbsp;<\/p>\n<p class=\"western\">Die Registrierung eines Cookies in einem Ger\u00e4t ist im Wesentlichen der Bereitschaft des Nutzers untergeordnet, die durch die vom Browser angebotenen Optionen jederzeit und kostenlos ausgedr\u00fcckt und ge\u00e4ndert werden kann. Wenn Sie die Speicherung von Cookies in Ihrem Terminal \u00fcber Ihren Browser akzeptiert haben, k\u00f6nnen die in den von Ihnen aufgerufenen Seiten und Inhalten integrierten Cookies vor\u00fcbergehend in einem eigenen Bereich Ihres Ger\u00e4tes gespeichert werden. Sie sind nur f\u00fcr den Absender lesbar.<\/p>\n<p>&nbsp;<\/p>\n<p><b>\u2013&nbsp;<\/b><i><b>Ablehnung von Cookies<\/b><\/i><\/p>\n<p>&nbsp;<\/p>\n<p class=\"western\">Wenn Sie Cookies in Ihrem Terminal ablehnen oder die registrierten Cookies entfernen, k\u00f6nnen Sie m\u00f6glicherweise nicht alle unsere interaktiven Funktionen nutzen. Dies ist der Fall, wenn Sie versuchen, auf unsere Inhalte oder Dienste zuzugreifen, die eine Identifizierung erfordern. Gleiches gilt, wenn wir oder unsere Lieferanten den Browsertyp Ihres Ger\u00e4tes, die Sprach- und Anzeigeeinstellungen oder das Land, aus dem das Terminal an das Internet angeschlossen ist, aus technischen Gr\u00fcnden nicht erkennen k\u00f6nnen. In solchen F\u00e4llen lehnen wir jede Verantwortung f\u00fcr die Folgen ab, die sich aus der Unm\u00f6glichkeit f\u00fcr uns ergeben, die f\u00fcr den Betrieb notwendigen Cookies zu registrieren oder zu lesen, die Sie abgelehnt oder gel\u00f6scht haben.<\/p>\n<p>&nbsp;<\/p>\n<p><b>\u2013&nbsp;<\/b><i><b>Wie k\u00f6nnen Sie Ihre Wahl treffen, je nachdem, welchen Browser Sie verwenden?<\/b><\/i><b><\/b><\/p>\n<p>&nbsp;<\/p>\n<p class=\"western\">F\u00fcr die Verwaltung von Cookies und Ihrer Auswahl ist die Konfiguration jedes Browsers unterschiedlich. Es wird im Hilfe-Men\u00fc Ihres Browsers beschrieben, das Sie dar\u00fcber informiert, wie Sie Ihre Auswahl an Cookies \u00e4ndern k\u00f6nnen.<\/p>\n<p>&nbsp;<\/p>\n<p><span style=\"font-weight: 400;\">Internet Explorer\u2122: <a href=\"https:\/\/support.microsoft.com\/de-de\/help\/17442\/windows-internet-explorer-delete-manage-cookies#ie=ie-11\"><span style=\"font-weight: 400;\">http:\/\/windows.microsoft.com\/it-it\/internet-explorer\/delete-manage-cookies#ie=ie-11<\/a><\/p>\n<p>&nbsp;<\/p>\n<p><span style=\"font-weight: 400;\">Safari\u2122:&nbsp;<a href=\"https:\/\/support.apple.com\/de-de\/HT201265\"><span style=\"font-weight: 400;\">https:\/\/support.apple.com\/de-de\/HT201265 <\/a><\/p>\n<p>&nbsp;<\/p>\n<p><span style=\"font-weight: 400;\">Chrome\u2122: <a href=\"https:\/\/support.google.com\/accounts\/answer\/61416?hl=de\"><span style=\"font-weight: 400;\">https:\/\/support.google.com\/accounts\/answer\/61416?hl=de<\/a><\/p>\n<p>&nbsp;<\/p>\n<p><span style=\"font-weight: 400;\">Firefox\u2122:&nbsp;<a href=\"http:\/\/support.mozilla.org\/it\/kb\/Attivare%20e%20disattivare%20i%20cookie\"><span style=\"font-weight: 400;\">http:\/\/support.mozilla.org\/it\/kb\/Attivare%20e%20disattivare%20i%20cookie <\/a><\/p>\n<p>&nbsp;<\/p>\n<p><span style=\"font-weight: 400;\">Opera\u2122:&nbsp;<a href=\"http:\/\/help.opera.com\/Windows\/10.20\/de\/cookies.html\">http:\/\/help.opera.com\/Windows\/10.20\/de\/cookies.html<\/a><\/p>\n<p>&nbsp;<\/p>\n<p><span style=\"font-weight: 400;\">usw.<\/p>\n<p>&nbsp;<\/p>\n<p class=\"western\">Wenn Sie keine Cookies in Ihrem Terminal registrieren m\u00f6chten (auch nicht f\u00fcr Werbezwecke), k\u00f6nnen Sie die Cookies \u00fcber die Browser-Funktion entsprechend konfigurieren.<\/p>\n","protected":false},"excerpt":{"rendered":"<p>Diese Website verwendet Cookies. Wir verwenden Cookies zur Anpassung von Inhalten und Anzeigen, zur Bereitstellung von Social-Media-Funktionen und zur Analyse unseres Datenverkehrs. Wir teilen auch Informationen dar\u00fcber, wie Sie unsere Website nutzen, mit unseren Webanalyse-, Werbe- und Social Media-Partnern, die diese mit anderen Informationen kombinieren k\u00f6nnen, die Sie ihnen zur Verf\u00fcgung gestellt haben oder die [&hellip;]<\/p>\n","protected":false},"author":1,"featured_media":0,"parent":0,"menu_order":0,"comment_status":"closed","ping_status":"closed","template":"","meta":{"ngg_post_thumbnail":0,"footnotes":""},"class_list":["post-3899","page","type-page","status-publish","hentry"],"yoast_head":"<!-- This site is optimized with the Yoast SEO plugin v27.4 - https:\/\/yoast.com\/product\/yoast-seo-wordpress\/ -->\n<title>Cookie-Richtlinien - Came Spa<\/title>\n<meta name=\"robots\" content=\"index, follow, max-snippet:-1, max-image-preview:large, max-video-preview:-1\" \/>\n<link rel=\"canonical\" href=\"https:\/\/came-italy.com\/de\/cookie-richtlinien\/\" \/>\n<meta property=\"og:locale\" content=\"de_DE\" \/>\n<meta property=\"og:type\" content=\"article\" \/>\n<meta property=\"og:title\" content=\"Cookie-Richtlinien - Came Spa\" \/>\n<meta property=\"og:description\" content=\"Diese Website verwendet Cookies. Wir verwenden Cookies zur Anpassung von Inhalten und Anzeigen, zur Bereitstellung von Social-Media-Funktionen und zur Analyse unseres Datenverkehrs. Wir teilen auch Informationen dar\u00fcber, wie Sie unsere Website nutzen, mit unseren Webanalyse-, Werbe- und Social Media-Partnern, die diese mit anderen Informationen kombinieren k\u00f6nnen, die Sie ihnen zur Verf\u00fcgung gestellt haben oder die [&hellip;]\" \/>\n<meta property=\"og:url\" content=\"https:\/\/came-italy.com\/de\/cookie-richtlinien\/\" \/>\n<meta property=\"og:site_name\" content=\"Came Spa\" \/>\n<meta property=\"article:modified_time\" content=\"2023-03-06T12:17:44+00:00\" \/>\n<meta name=\"twitter:card\" content=\"summary_large_image\" \/>\n<meta name=\"twitter:label1\" content=\"Gesch\u00e4tzte Lesezeit\" \/>\n\t<meta name=\"twitter:data1\" content=\"6\u00a0Minuten\" \/>\n<script type=\"application\/ld+json\" class=\"yoast-schema-graph\">{\"@context\":\"https:\\\/\\\/schema.org\",\"@graph\":[{\"@type\":\"WebPage\",\"@id\":\"https:\\\/\\\/came-italy.com\\\/de\\\/cookie-richtlinien\\\/\",\"url\":\"https:\\\/\\\/came-italy.com\\\/de\\\/cookie-richtlinien\\\/\",\"name\":\"Cookie-Richtlinien - Came Spa\",\"isPartOf\":{\"@id\":\"https:\\\/\\\/came-italy.com\\\/de\\\/#website\"},\"datePublished\":\"2018-06-12T10:32:46+00:00\",\"dateModified\":\"2023-03-06T12:17:44+00:00\",\"breadcrumb\":{\"@id\":\"https:\\\/\\\/came-italy.com\\\/de\\\/cookie-richtlinien\\\/#breadcrumb\"},\"inLanguage\":\"de\",\"potentialAction\":[{\"@type\":\"ReadAction\",\"target\":[\"https:\\\/\\\/came-italy.com\\\/de\\\/cookie-richtlinien\\\/\"]}]},{\"@type\":\"BreadcrumbList\",\"@id\":\"https:\\\/\\\/came-italy.com\\\/de\\\/cookie-richtlinien\\\/#breadcrumb\",\"itemListElement\":[{\"@type\":\"ListItem\",\"position\":1,\"name\":\"Home\",\"item\":\"https:\\\/\\\/came-italy.com\\\/de\\\/\"},{\"@type\":\"ListItem\",\"position\":2,\"name\":\"Cookie-Richtlinien\"}]},{\"@type\":\"WebSite\",\"@id\":\"https:\\\/\\\/came-italy.com\\\/de\\\/#website\",\"url\":\"https:\\\/\\\/came-italy.com\\\/de\\\/\",\"name\":\"Came Spa\",\"description\":\"Avvolgimenti e componenti per motori elettrici\",\"publisher\":{\"@id\":\"https:\\\/\\\/came-italy.com\\\/de\\\/#organization\"},\"potentialAction\":[{\"@type\":\"SearchAction\",\"target\":{\"@type\":\"EntryPoint\",\"urlTemplate\":\"https:\\\/\\\/came-italy.com\\\/de\\\/?s={search_term_string}\"},\"query-input\":{\"@type\":\"PropertyValueSpecification\",\"valueRequired\":true,\"valueName\":\"search_term_string\"}}],\"inLanguage\":\"de\"},{\"@type\":\"Organization\",\"@id\":\"https:\\\/\\\/came-italy.com\\\/de\\\/#organization\",\"name\":\"Came Spa\",\"url\":\"https:\\\/\\\/came-italy.com\\\/de\\\/\",\"logo\":{\"@type\":\"ImageObject\",\"inLanguage\":\"de\",\"@id\":\"https:\\\/\\\/came-italy.com\\\/de\\\/#\\\/schema\\\/logo\\\/image\\\/\",\"url\":\"https:\\\/\\\/came-italy.com\\\/wp-content\\\/uploads\\\/2016\\\/07\\\/logo-came-spa.png\",\"contentUrl\":\"https:\\\/\\\/came-italy.com\\\/wp-content\\\/uploads\\\/2016\\\/07\\\/logo-came-spa.png\",\"width\":766,\"height\":129,\"caption\":\"Came Spa\"},\"image\":{\"@id\":\"https:\\\/\\\/came-italy.com\\\/de\\\/#\\\/schema\\\/logo\\\/image\\\/\"}}]}<\/script>\n<!-- \/ Yoast SEO plugin. -->","yoast_head_json":{"title":"Cookie-Richtlinien - Came Spa","robots":{"index":"index","follow":"follow","max-snippet":"max-snippet:-1","max-image-preview":"max-image-preview:large","max-video-preview":"max-video-preview:-1"},"canonical":"https:\/\/came-italy.com\/de\/cookie-richtlinien\/","og_locale":"de_DE","og_type":"article","og_title":"Cookie-Richtlinien - Came Spa","og_description":"Diese Website verwendet Cookies. Wir verwenden Cookies zur Anpassung von Inhalten und Anzeigen, zur Bereitstellung von Social-Media-Funktionen und zur Analyse unseres Datenverkehrs. Wir teilen auch Informationen dar\u00fcber, wie Sie unsere Website nutzen, mit unseren Webanalyse-, Werbe- und Social Media-Partnern, die diese mit anderen Informationen kombinieren k\u00f6nnen, die Sie ihnen zur Verf\u00fcgung gestellt haben oder die [&hellip;]","og_url":"https:\/\/came-italy.com\/de\/cookie-richtlinien\/","og_site_name":"Came Spa","article_modified_time":"2023-03-06T12:17:44+00:00","twitter_card":"summary_large_image","twitter_misc":{"Gesch\u00e4tzte Lesezeit":"6\u00a0Minuten"},"schema":{"@context":"https:\/\/schema.org","@graph":[{"@type":"WebPage","@id":"https:\/\/came-italy.com\/de\/cookie-richtlinien\/","url":"https:\/\/came-italy.com\/de\/cookie-richtlinien\/","name":"Cookie-Richtlinien - Came Spa","isPartOf":{"@id":"https:\/\/came-italy.com\/de\/#website"},"datePublished":"2018-06-12T10:32:46+00:00","dateModified":"2023-03-06T12:17:44+00:00","breadcrumb":{"@id":"https:\/\/came-italy.com\/de\/cookie-richtlinien\/#breadcrumb"},"inLanguage":"de","potentialAction":[{"@type":"ReadAction","target":["https:\/\/came-italy.com\/de\/cookie-richtlinien\/"]}]},{"@type":"BreadcrumbList","@id":"https:\/\/came-italy.com\/de\/cookie-richtlinien\/#breadcrumb","itemListElement":[{"@type":"ListItem","position":1,"name":"Home","item":"https:\/\/came-italy.com\/de\/"},{"@type":"ListItem","position":2,"name":"Cookie-Richtlinien"}]},{"@type":"WebSite","@id":"https:\/\/came-italy.com\/de\/#website","url":"https:\/\/came-italy.com\/de\/","name":"Came Spa","description":"Avvolgimenti e componenti per motori elettrici","publisher":{"@id":"https:\/\/came-italy.com\/de\/#organization"},"potentialAction":[{"@type":"SearchAction","target":{"@type":"EntryPoint","urlTemplate":"https:\/\/came-italy.com\/de\/?s={search_term_string}"},"query-input":{"@type":"PropertyValueSpecification","valueRequired":true,"valueName":"search_term_string"}}],"inLanguage":"de"},{"@type":"Organization","@id":"https:\/\/came-italy.com\/de\/#organization","name":"Came Spa","url":"https:\/\/came-italy.com\/de\/","logo":{"@type":"ImageObject","inLanguage":"de","@id":"https:\/\/came-italy.com\/de\/#\/schema\/logo\/image\/","url":"https:\/\/came-italy.com\/wp-content\/uploads\/2016\/07\/logo-came-spa.png","contentUrl":"https:\/\/came-italy.com\/wp-content\/uploads\/2016\/07\/logo-came-spa.png","width":766,"height":129,"caption":"Came Spa"},"image":{"@id":"https:\/\/came-italy.com\/de\/#\/schema\/logo\/image\/"}}]}},"_links":{"self":[{"href":"https:\/\/came-italy.com\/de\/wp-json\/wp\/v2\/pages\/3899","targetHints":{"allow":["GET"]}}],"collection":[{"href":"https:\/\/came-italy.com\/de\/wp-json\/wp\/v2\/pages"}],"about":[{"href":"https:\/\/came-italy.com\/de\/wp-json\/wp\/v2\/types\/page"}],"author":[{"embeddable":true,"href":"https:\/\/came-italy.com\/de\/wp-json\/wp\/v2\/users\/1"}],"replies":[{"embeddable":true,"href":"https:\/\/came-italy.com\/de\/wp-json\/wp\/v2\/comments?post=3899"}],"version-history":[{"count":6,"href":"https:\/\/came-italy.com\/de\/wp-json\/wp\/v2\/pages\/3899\/revisions"}],"predecessor-version":[{"id":15045,"href":"https:\/\/came-italy.com\/de\/wp-json\/wp\/v2\/pages\/3899\/revisions\/15045"}],"wp:attachment":[{"href":"https:\/\/came-italy.com\/de\/wp-json\/wp\/v2\/media?parent=3899"}],"curies":[{"name":"wp","href":"https:\/\/api.w.org\/{rel}","templated":true}]}}