{"id":3912,"date":"2018-06-12T18:00:55","date_gmt":"2018-06-12T16:00:55","guid":{"rendered":"https:\/\/came-italy.com\/?page_id=3912"},"modified":"2018-06-12T18:00:55","modified_gmt":"2018-06-12T16:00:55","slug":"datenschutz","status":"publish","type":"page","link":"https:\/\/came-italy.com\/de\/datenschutz\/","title":{"rendered":"Datenschutz"},"content":{"rendered":"<p><strong>ERKL\u00c4RUNG ZUR VERARBEITUNG PERSONENBEZOGENER DATEN<\/strong><\/p>\n<p>&nbsp;<\/p>\n<p class=\"western\"><span style=\"font-size: medium;\"><span lang=\"de-DE\">Diese Informationen werden gem\u00e4\u00df Art. 13 EU-Verordnung 2016\/679 (DSGVO) f\u00fcr Nutzer bereitgestellt, die mit der Website von Came spa interagieren. Sie sind elektronisch zug\u00e4nglich unter der Adresse: <a href=\"https:\/\/came-italy.com\">www.came-italy.com<\/a>, der Homepage der Website.<\/span><\/span><\/p>\n<p>&nbsp;<\/p>\n<p class=\"western\"><span style=\"font-size: medium;\"><span lang=\"de-DE\">Diese Erkl\u00e4rung beschreibt die Art der Verwaltung der einzigen offiziellen Website des Unternehmens, jedoch nicht die anderer externer Websites, die vom Benutzer \u00fcber Links aufgerufen werden k\u00f6nnen.<\/span><\/span><\/p>\n<p>&nbsp;<\/p>\n<p class=\"western\"><span style=\"font-size: medium;\"><span lang=\"de-DE\">Zus\u00e4tzliche Informationen k\u00f6nnen in den verschiedenen Zugangskan\u00e4len bereitgestellt werden, aufgeteilt nach den behandelten Themen. Andere Informationen k\u00f6nnen innerhalb der Website in Bezug auf bestimmte Dienstleistungen bereitgestellt werden.<\/span><\/span><\/p>\n<p>&nbsp;<\/p>\n<p><strong>Verantwortlicher der Datenverarbeitung Came spa &#8211;&nbsp;<span style=\"font-weight: 400;\">Via Risorgimento, 96 36070, San Pietro Mussolino, VI<\/span><\/strong><\/p>\n<p><span style=\"font-weight: 400;\">Kontaktdaten:&nbsp;<a href=\"mailto:privacy@came-italy.com\">privacy@came-italy.com<\/a><\/span><\/p>\n<p>&nbsp;<\/p>\n<p><strong>Zweckbestimmungen der Verarbeitung<\/strong><\/p>\n<p>&nbsp;<\/p>\n<p><span style=\"font-weight: 400;\">Die Verarbeitung der freiwillig zur Verf\u00fcgung gestellten personenbezogenen Daten unterliegt der Verarbeitung zu folgenden Zwecken:<\/span><\/p>\n<ul>\n<li style=\"font-weight: 400;\">Navigieren auf dieser Website;<\/li>\n<li style=\"font-weight: 400;\">Interaktion mit sozialen Netzwerken;<\/li>\n<li style=\"font-weight: 400;\">jede Kontaktanfrage mit Zusendung der von Ihnen angeforderten Informationen;<\/li>\n<li style=\"font-weight: 400;\">das Versenden von E-Mail-Nachrichten \u00fcber Newsletter;<\/li>\n<li style=\"font-weight: 400;\">Verwaltungs- und Buchhaltungst\u00e4tigkeiten im Allgemeinen und zur Erf\u00fcllung gesetzlicher Verpflichtungen.<\/li>\n<\/ul>\n<p>&nbsp;<\/p>\n<p class=\"western\"><span style=\"font-size: medium;\"><span lang=\"de-DE\">Ihre personenbezogenen Daten k\u00f6nnen mit Ihrer Zustimmung auch f\u00fcr Marketing- und Werbezwecke verwendet werden. Wenn Sie den Newsletter abonnieren, k\u00f6nnen Sie sich in eine Mailingliste eintragen, \u00fcber die Nachrichten kommerzieller und werblicher Art verschickt werden.<\/span><\/span><\/p>\n<p>&nbsp;<\/p>\n<p><strong>Art der Datenverarbeitung und Art der Erhebung<\/strong><\/p>\n<p>&nbsp;<\/p>\n<p><strong>Navigationsdaten &#8211; Protokolldateien<\/strong><\/p>\n<p>&nbsp;<\/p>\n<p><span style=\"font-weight: 400;\">Es ist m\u00f6glich, auf die Webseite zuzugreifen, ohne dass die \u00dcbertragung irgendwelcher personenbezogener Daten erforderlich ist. Die Computersysteme und Anwendungen, die dem Betrieb dieser Website gewidmet sind, sammeln w\u00e4hrend ihres normalen Betriebs einige Daten (deren \u00dcbertragung bei der Verwendung von Internet-Kommunikationsprotokollen implizit ist), die nicht direkt identifizierbaren Benutzern zugeordnet sind. Die gesammelten Daten umfassen die IP-Adressen der Benutzer, die sich mit der Website verbinden, die URI-Adressen (Uniform Resource Identifier) der angeforderten Ressourcen, den Zeitpunkt der Anfrage und den Zahlencode, der den Status der vom Server gegebenen Antwort angibt (erfolgreich, fehlerhaft usw.).<\/span><\/p>\n<p><span style=\"font-weight: 400;\">Diese Informationen liefern keine personenbezogenen Daten \u00fcber den Benutzer und werden nicht erhoben, um mit identifizierten Interessenten in Verbindung gebracht zu werden, sondern es handelt sich um technische \/ IT-Daten, die gesammelt und auf aggregierte und anonyme Weise verwendet werden, um das ordnungsgem\u00e4\u00dfe Funktionieren und die Sicherheit der Website zu \u00fcberpr\u00fcfen, die Servicequalit\u00e4t zu verbessern und Statistiken \u00fcber die Nutzung der Website bereitzustellen, um die Haftung im Falle von hypothetischen Computerverbrechen gegen die Website zu ermitteln.<\/span><\/p>\n<p>&nbsp;<\/p>\n<p><strong>Vom Benutzer freiwillig zur Verf\u00fcgung gestellte Daten<\/strong><\/p>\n<p>&nbsp;<\/p>\n<p><span style=\"font-weight: 400;\">Die freiwillige und ausdr\u00fcckliche Zusendung von elektronischer Post an die in den verschiedenen Zugangskan\u00e4len dieser Website angegebenen Adressen beinhaltet die nachtr\u00e4gliche Erfassung der Adresse und Daten des Absenders \/ Nutzers, die f\u00fcr die Beantwortung der Anfragen und \/ oder die Erbringung der gew\u00fcnschten Dienstleistung erforderlich sind. Es ist jedoch sichergestellt, dass diese Behandlung auf den Grunds\u00e4tzen von Treu und Glauben, Rechtm\u00e4\u00dfigkeit, Transparenz und dem Schutz der Vertraulichkeit beruht, wie in der DSGVO angegeben. In jedem Fall werden vor der Aktivierung eines bestimmten Dienstes geeignete Informationen zur Verf\u00fcgung gestellt und gegebenenfalls die Zustimmung zur Verarbeitung personenbezogener Daten eingeholt. Diese Einwilligung kann sp\u00e4ter jederzeit widerrufen werden, wodurch die M\u00f6glichkeit der Nutzung des betreffenden Dienstes entf\u00e4llt wird.<\/span><\/p>\n<p>&nbsp;<\/p>\n<p><strong>(COOKIE-RICHTLINIEN)<\/strong><\/p>\n<p>&nbsp;<\/p>\n<p><strong>Rechtsgrundlage der Verarbeitung<\/strong><\/p>\n<p>&nbsp;<\/p>\n<p><span style=\"font-weight: 400;\">Die pers\u00f6nlichen Daten der Besucher und Nutzer der Website werden auf der Grundlage der von ihnen erteilten Zustimmung in Bezug auf die oben beschriebenen Methoden und Zwecke f\u00fcr die Daten freiwillig zur Verf\u00fcgung gestellt, durch den Zugang zu und die Navigation auf der Website und \/ oder die Nutzung der Dienstleistungen, die der Verantwortliche \u00fcber diese Website anbietet. Abgesehen von den Angaben zu den Navigationsdaten, die vom System automatisch erfasst werden, und zum Betrieb von Cookies, auf die verwiesen wird, ist die Erteilung der Einwilligung freiwillig und der Nutzer kann eine bereits erteilte Einwilligung jederzeit verweigern oder widerrufen.<\/span><\/p>\n<p><span style=\"font-weight: 400;\">Die Nichterteilung der Einwilligung oder deren Widerruf hat keine Konsequenzen, au\u00dfer der Unm\u00f6glichkeit, die Website zu nutzen und\/oder die angeforderte Dienstleistung zu erbringen oder detailliertere Informationen \u00fcber die Aktivit\u00e4ten des Unternehmens zu erhalten.<\/span><\/p>\n<p><span style=\"font-weight: 400;\">Die Verarbeitung personenbezogener Daten kann in jedem Fall erfolgen, wenn dies f\u00fcr die Verfolgung eines berechtigten Interesses des Verantwortlichen oder aufgrund einer gesetzlichen Verpflichtung erforderlich ist. Insbesondere ist es nicht erforderlich, die Zustimmung zur Verarbeitung der im vorherigen Punkt genannten Navigationsdaten und Protokolle einzuholen, da die Daten als ein berechtigtes Interesse behandelt werden (Erw\u00e4gungsgrund 47 der DSGVO).<\/span><\/p>\n<p>&nbsp;<\/p>\n<p><strong>Freiwilligkeit der Bereitstellung von Daten<\/strong><\/p>\n<p>&nbsp;<\/p>\n<p><span style=\"font-weight: 400;\">Abgesehen von den Angaben zu den Navigationsdaten ist die Angabe personenbezogener Daten durch den Betroffenen f\u00fcr die im vorigen Absatz beschriebenen Zwecke optional. Die Nichtbereitstellung kann dazu f\u00fchren, dass bestimmte Dienste der Website nicht genutzt werden k\u00f6nnen.<\/span><\/p>\n<p>&nbsp;<\/p>\n<p><strong>Art und Weise der Datenverarbeitung<\/strong><\/p>\n<p>&nbsp;<\/p>\n<p><span style=\"font-weight: 400;\">Personenbezogene Daten werden mit automatisierten Instrumenten f\u00fcr die Zeit verarbeitet, die unbedingt erforderlich ist, um die Zwecke zu erreichen, f\u00fcr die sie erhoben werden, gem\u00e4\u00df den Grunds\u00e4tzen der Rechtm\u00e4\u00dfigkeit, der Zweckbindung und der Datenminimierung im Sinne von Art. 5 der DSGVO und innerhalb des gesetzlich vorgeschriebenen Zeitrahmens. Es werden besondere Sicherheitsma\u00dfnahmen getroffen, um den Verlust von Daten, die unrechtm\u00e4\u00dfige oder fehlerhafte Nutzung und den unberechtigten Zugriff zu verhindern.<\/span><\/p>\n<p>&nbsp;<\/p>\n<p><b>\u00dcbermittlung und Verbreitung der Daten<\/b><\/p>\n<p>&nbsp;<\/p>\n<p><span style=\"font-weight: 400;\">Ihre Daten, die Gegenstand der Verarbeitung sind, werden nicht verbreitetet, k\u00f6nnen aber an Unternehmen weitergegeben werden, die vertraglich mit dem Unternehmen verbunden sind, in \u00dcbereinstimmung mit und innerhalb der Grenzen der DSGVO. Die gesammelten Daten werden nicht ins Ausland \u00fcbertragen. Die Daten k\u00f6nnen an Dritte weitergegeben werden, die den nachfolgenden Kategorien angeh\u00f6ren:<\/span><\/p>\n<p><span style=\"font-weight: 400;\">\u2013 Stellen, die Dienstleistungen f\u00fcr die Verwaltung des vom Unternehmen genutzten Informationssystems und der Telekommunikationsnetze (einschlie\u00dflich E-Mail) erbringen;<\/span><\/p>\n<p><span style=\"font-weight: 400;\">\u2013 Studien oder Unternehmen im Rahmen von Unterst\u00fctzungs- und Beratungsbeziehungen;<\/span><\/p>\n<p><span style=\"font-weight: 400;\">\u2013 zust\u00e4ndige Beh\u00f6rden zur Erf\u00fcllung gesetzlicher Verpflichtungen und\/oder Bestimmungen \u00f6ffentlicher Stellen, auf Anfrage.<\/span><\/p>\n<p><span style=\"font-weight: 400;\">Die zu den oben angef\u00fchrten Kategorien geh\u00f6renden Personen oder Unternehmen fungieren als Auftragsverarbeiter &nbsp;oder arbeiten vollst\u00e4ndig unabh\u00e4ngig als eigenst\u00e4ndige Verantwortliche. Die Liste m\u00f6glicher Auftragsverarbeiter wird st\u00e4ndig aktualisiert und steht am Sitz des Unternehmens zur Verf\u00fcgung. &nbsp;Jede weitere Mitteilung und Verbreitung erfolgt ausschlie\u00dflich mit Ihrer ausdr\u00fccklichen Zustimmung.<\/span><\/p>\n<p>&nbsp;<\/p>\n<p><b>Dauer der Datenspeicherung<\/b><\/p>\n<p>&nbsp;<\/p>\n<p><span style=\"font-weight: 400;\">Am Ende der Erbringung des Dienstes werden personenbezogene Daten ausschlie\u00dflich zu historischen oder statistischen Zwecken gespeichert, in \u00dcbereinstimmung mit den Gesetzen, Verordnungen, EU-Gesetzen und Verhaltenskodizes, die gem\u00e4\u00df Artikel 40 der EU-Verordnung 2016\/679 unterzeichnet wurden, f\u00fcr einen Zeitraum gem\u00e4\u00df der geltenden Gesetzgebung (in der Regel 10 Jahre) oder, falls sie keinem Gesetz unterliegen, f\u00fcr einen Zeitraum von h\u00f6chstens f\u00fcnf Jahren. Nach Ablauf dieser Frist werden personenbezogene Daten anonymisiert gespeichert oder vernichtet.<\/span><\/p>\n<p>&nbsp;<\/p>\n<p><b>M\u00f6gliches Bestehen einer automatisierten Entscheidungsfindung<\/b><\/p>\n<p>&nbsp;<\/p>\n<p><span style=\"font-weight: 400;\">Der Verantwortliche informiert die betroffene Person, dass es auf dieser Website keinen automatisierten Entscheidungsprozess gibt, also insbesondere kein Profiling-System.<\/span><\/p>\n<p>&nbsp;<\/p>\n<p><b>Minderj\u00e4hrige<\/b><\/p>\n<p>&nbsp;<\/p>\n<p><span style=\"font-weight: 400;\">Diese Website und die Dienste des Verantwortlichen sind nicht f\u00fcr Kinder unter 16 Jahren bestimmt und der Verantwortliche sammelt wissentlich keine personenbezogenen Daten \u00fcber Minderj\u00e4hrige. Falls Informationen \u00fcber Minderj\u00e4hrige unfreiwillig erfasst werden, l\u00f6scht der Verantwortliche sie auf Verlangen der Nutzer zeitnah.<\/span><\/p>\n<p>&nbsp;<\/p>\n<p><span style=\"font-weight: 400;\"><br \/>\n<\/span><strong>Rechte der betroffenen Person<\/strong><\/p>\n<p>&nbsp;<\/p>\n<p><span style=\"font-weight: 400;\">Die betroffenen Personen haben das Recht, von der Gesellschaft Informationen \u00fcber die Verarbeitung personenbezogener Daten zu erhalten, per E-Mail an: <\/span><a href=\"mailto:privacy@came-italy.com\"><span style=\"font-weight: 400;\">privacy@came-italy.com<\/span><\/a><\/p>\n<ul>\n<li><strong>Auskunftsrecht<\/strong> Wir sind transparent \u00fcber die von uns erhobenen Daten und deren Verwendung. Sie k\u00f6nnen uns jederzeit per E-Mail kontaktieren, um auf die in unserem Besitz befindlichen Informationen zuzugreifen.<\/li>\n<li><strong>Recht auf Berichtigung<\/strong>: Sie haben das Recht, unrichtige oder unvollst\u00e4ndige Informationen zu berichtigen und deren Aktualisierung und\/oder \u00c4nderung zu verlangen.<\/li>\n<li><strong>Recht auf L\u00f6schung (\u201eRecht auf Vergessenwerden\u201c)<\/strong> Senden Sie uns eine Anfrage zur L\u00f6schung aller Sie betreffenden Daten und wir werden uns innerhalb von 30 Tagen um Ihre Anfrage k\u00fcmmern.<\/li>\n<li><strong>Recht auf Einschr\u00e4nkung der Verarbeitung<\/strong>: Sie haben das Recht zu verlangen, dass der Verantwortliche f\u00fcr die Datenverarbeitung die Verarbeitung Ihrer Daten einschr\u00e4nkt.<\/li>\n<li><strong>Recht auf Daten\u00fcbertragbarkeit<\/strong>: Wenn Sie uns darum bitten, exportieren wir Ihre Daten so, dass sie in einem strukturierten, g\u00e4ngigen und maschinenlesbaren Format an Dritte weitergegeben werden k\u00f6nnen.<\/li>\n<li><strong>Widerspruchsrecht<\/strong>: Sie k\u00f6nnen sich jederzeit von allen spezifischen Verwendungen Ihrer Daten (Newsletter, automatisierte E-Mails, usw.) abmelden.<\/li>\n<li><strong>Recht, eine Beschwerde einzureichen<\/strong>: Wenn Sie glauben, dass Ihre Rechte nicht respektiert wurden, k\u00f6nnen Sie eine Beschwerde bei der zust\u00e4ndigen Beh\u00f6rde gem\u00e4\u00df den auf der Website www.garanteprivacy.it ver\u00f6ffentlichten Angaben einreichen oder per E-Mail an urp@gpdp.it stellen.<\/li>\n<\/ul>\n","protected":false},"excerpt":{"rendered":"<p>ERKL\u00c4RUNG ZUR VERARBEITUNG PERSONENBEZOGENER DATEN &nbsp; Diese Informationen werden gem\u00e4\u00df Art. 13 EU-Verordnung 2016\/679 (DSGVO) f\u00fcr Nutzer bereitgestellt, die mit der Website von Came spa interagieren. Sie sind elektronisch zug\u00e4nglich unter der Adresse: www.came-italy.com, der Homepage der Website. &nbsp; Diese Erkl\u00e4rung beschreibt die Art der Verwaltung der einzigen offiziellen Website des Unternehmens, jedoch nicht die [&hellip;]<\/p>\n","protected":false},"author":1,"featured_media":0,"parent":0,"menu_order":0,"comment_status":"closed","ping_status":"closed","template":"","meta":{"ngg_post_thumbnail":0,"footnotes":""},"class_list":["post-3912","page","type-page","status-publish","hentry"],"yoast_head":"<!-- This site is optimized with the Yoast SEO plugin v27.2 - https:\/\/yoast.com\/product\/yoast-seo-wordpress\/ -->\n<title>Datenschutz - Came Spa<\/title>\n<meta name=\"robots\" content=\"index, follow, max-snippet:-1, max-image-preview:large, max-video-preview:-1\" \/>\n<link rel=\"canonical\" href=\"https:\/\/came-italy.com\/de\/datenschutz\/\" \/>\n<meta property=\"og:locale\" content=\"de_DE\" \/>\n<meta property=\"og:type\" content=\"article\" \/>\n<meta property=\"og:title\" content=\"Datenschutz - Came Spa\" \/>\n<meta property=\"og:description\" content=\"ERKL\u00c4RUNG ZUR VERARBEITUNG PERSONENBEZOGENER DATEN &nbsp; Diese Informationen werden gem\u00e4\u00df Art. 13 EU-Verordnung 2016\/679 (DSGVO) f\u00fcr Nutzer bereitgestellt, die mit der Website von Came spa interagieren. Sie sind elektronisch zug\u00e4nglich unter der Adresse: www.came-italy.com, der Homepage der Website. &nbsp; Diese Erkl\u00e4rung beschreibt die Art der Verwaltung der einzigen offiziellen Website des Unternehmens, jedoch nicht die [&hellip;]\" \/>\n<meta property=\"og:url\" content=\"https:\/\/came-italy.com\/de\/datenschutz\/\" \/>\n<meta property=\"og:site_name\" content=\"Came Spa\" \/>\n<meta name=\"twitter:card\" content=\"summary_large_image\" \/>\n<meta name=\"twitter:label1\" content=\"Gesch\u00e4tzte Lesezeit\" \/>\n\t<meta name=\"twitter:data1\" content=\"7\u00a0Minuten\" \/>\n<script type=\"application\/ld+json\" class=\"yoast-schema-graph\">{\"@context\":\"https:\/\/schema.org\",\"@graph\":[{\"@type\":\"WebPage\",\"@id\":\"https:\/\/came-italy.com\/de\/datenschutz\/\",\"url\":\"https:\/\/came-italy.com\/de\/datenschutz\/\",\"name\":\"Datenschutz - Came Spa\",\"isPartOf\":{\"@id\":\"https:\/\/came-italy.com\/de\/#website\"},\"datePublished\":\"2018-06-12T16:00:55+00:00\",\"breadcrumb\":{\"@id\":\"https:\/\/came-italy.com\/de\/datenschutz\/#breadcrumb\"},\"inLanguage\":\"de\",\"potentialAction\":[{\"@type\":\"ReadAction\",\"target\":[\"https:\/\/came-italy.com\/de\/datenschutz\/\"]}]},{\"@type\":\"BreadcrumbList\",\"@id\":\"https:\/\/came-italy.com\/de\/datenschutz\/#breadcrumb\",\"itemListElement\":[{\"@type\":\"ListItem\",\"position\":1,\"name\":\"Home\",\"item\":\"https:\/\/came-italy.com\/de\/\"},{\"@type\":\"ListItem\",\"position\":2,\"name\":\"Datenschutz\"}]},{\"@type\":\"WebSite\",\"@id\":\"https:\/\/came-italy.com\/de\/#website\",\"url\":\"https:\/\/came-italy.com\/de\/\",\"name\":\"Came Spa\",\"description\":\"Avvolgimenti e componenti per motori elettrici\",\"publisher\":{\"@id\":\"https:\/\/came-italy.com\/de\/#organization\"},\"potentialAction\":[{\"@type\":\"SearchAction\",\"target\":{\"@type\":\"EntryPoint\",\"urlTemplate\":\"https:\/\/came-italy.com\/de\/?s={search_term_string}\"},\"query-input\":{\"@type\":\"PropertyValueSpecification\",\"valueRequired\":true,\"valueName\":\"search_term_string\"}}],\"inLanguage\":\"de\"},{\"@type\":\"Organization\",\"@id\":\"https:\/\/came-italy.com\/de\/#organization\",\"name\":\"Came Spa\",\"url\":\"https:\/\/came-italy.com\/de\/\",\"logo\":{\"@type\":\"ImageObject\",\"inLanguage\":\"de\",\"@id\":\"https:\/\/came-italy.com\/de\/#\/schema\/logo\/image\/\",\"url\":\"https:\/\/came-italy.com\/wp-content\/uploads\/2016\/07\/logo-came-spa.png\",\"contentUrl\":\"https:\/\/came-italy.com\/wp-content\/uploads\/2016\/07\/logo-came-spa.png\",\"width\":766,\"height\":129,\"caption\":\"Came Spa\"},\"image\":{\"@id\":\"https:\/\/came-italy.com\/de\/#\/schema\/logo\/image\/\"}}]}<\/script>\n<!-- \/ Yoast SEO plugin. -->","yoast_head_json":{"title":"Datenschutz - Came Spa","robots":{"index":"index","follow":"follow","max-snippet":"max-snippet:-1","max-image-preview":"max-image-preview:large","max-video-preview":"max-video-preview:-1"},"canonical":"https:\/\/came-italy.com\/de\/datenschutz\/","og_locale":"de_DE","og_type":"article","og_title":"Datenschutz - Came Spa","og_description":"ERKL\u00c4RUNG ZUR VERARBEITUNG PERSONENBEZOGENER DATEN &nbsp; Diese Informationen werden gem\u00e4\u00df Art. 13 EU-Verordnung 2016\/679 (DSGVO) f\u00fcr Nutzer bereitgestellt, die mit der Website von Came spa interagieren. Sie sind elektronisch zug\u00e4nglich unter der Adresse: www.came-italy.com, der Homepage der Website. &nbsp; Diese Erkl\u00e4rung beschreibt die Art der Verwaltung der einzigen offiziellen Website des Unternehmens, jedoch nicht die [&hellip;]","og_url":"https:\/\/came-italy.com\/de\/datenschutz\/","og_site_name":"Came Spa","twitter_card":"summary_large_image","twitter_misc":{"Gesch\u00e4tzte Lesezeit":"7\u00a0Minuten"},"schema":{"@context":"https:\/\/schema.org","@graph":[{"@type":"WebPage","@id":"https:\/\/came-italy.com\/de\/datenschutz\/","url":"https:\/\/came-italy.com\/de\/datenschutz\/","name":"Datenschutz - Came Spa","isPartOf":{"@id":"https:\/\/came-italy.com\/de\/#website"},"datePublished":"2018-06-12T16:00:55+00:00","breadcrumb":{"@id":"https:\/\/came-italy.com\/de\/datenschutz\/#breadcrumb"},"inLanguage":"de","potentialAction":[{"@type":"ReadAction","target":["https:\/\/came-italy.com\/de\/datenschutz\/"]}]},{"@type":"BreadcrumbList","@id":"https:\/\/came-italy.com\/de\/datenschutz\/#breadcrumb","itemListElement":[{"@type":"ListItem","position":1,"name":"Home","item":"https:\/\/came-italy.com\/de\/"},{"@type":"ListItem","position":2,"name":"Datenschutz"}]},{"@type":"WebSite","@id":"https:\/\/came-italy.com\/de\/#website","url":"https:\/\/came-italy.com\/de\/","name":"Came Spa","description":"Avvolgimenti e componenti per motori elettrici","publisher":{"@id":"https:\/\/came-italy.com\/de\/#organization"},"potentialAction":[{"@type":"SearchAction","target":{"@type":"EntryPoint","urlTemplate":"https:\/\/came-italy.com\/de\/?s={search_term_string}"},"query-input":{"@type":"PropertyValueSpecification","valueRequired":true,"valueName":"search_term_string"}}],"inLanguage":"de"},{"@type":"Organization","@id":"https:\/\/came-italy.com\/de\/#organization","name":"Came Spa","url":"https:\/\/came-italy.com\/de\/","logo":{"@type":"ImageObject","inLanguage":"de","@id":"https:\/\/came-italy.com\/de\/#\/schema\/logo\/image\/","url":"https:\/\/came-italy.com\/wp-content\/uploads\/2016\/07\/logo-came-spa.png","contentUrl":"https:\/\/came-italy.com\/wp-content\/uploads\/2016\/07\/logo-came-spa.png","width":766,"height":129,"caption":"Came Spa"},"image":{"@id":"https:\/\/came-italy.com\/de\/#\/schema\/logo\/image\/"}}]}},"_links":{"self":[{"href":"https:\/\/came-italy.com\/de\/wp-json\/wp\/v2\/pages\/3912","targetHints":{"allow":["GET"]}}],"collection":[{"href":"https:\/\/came-italy.com\/de\/wp-json\/wp\/v2\/pages"}],"about":[{"href":"https:\/\/came-italy.com\/de\/wp-json\/wp\/v2\/types\/page"}],"author":[{"embeddable":true,"href":"https:\/\/came-italy.com\/de\/wp-json\/wp\/v2\/users\/1"}],"replies":[{"embeddable":true,"href":"https:\/\/came-italy.com\/de\/wp-json\/wp\/v2\/comments?post=3912"}],"version-history":[{"count":4,"href":"https:\/\/came-italy.com\/de\/wp-json\/wp\/v2\/pages\/3912\/revisions"}],"predecessor-version":[{"id":3923,"href":"https:\/\/came-italy.com\/de\/wp-json\/wp\/v2\/pages\/3912\/revisions\/3923"}],"wp:attachment":[{"href":"https:\/\/came-italy.com\/de\/wp-json\/wp\/v2\/media?parent=3912"}],"curies":[{"name":"wp","href":"https:\/\/api.w.org\/{rel}","templated":true}]}}