{"id":737,"date":"2016-04-28T22:31:13","date_gmt":"2016-04-28T22:31:13","guid":{"rendered":"http:\/\/came-italy.loc\/de\/?page_id=737"},"modified":"2025-02-10T10:38:45","modified_gmt":"2025-02-10T09:38:45","slug":"home","status":"publish","type":"page","link":"https:\/\/came-italy.com\/de\/","title":{"rendered":"Home"},"content":{"rendered":"<div class=\"module\">\n<div class=\"full-line-10\"><\/div>\n<div class=\"home-section__block\">\n<h1><a href=\"https:\/\/came-italy.com\/en\/die-casting\/\">Druckgussteile<\/a><\/h1>\n<p><a href=\"https:\/\/came-italy.com\/en\/die-casting\/\">Geh\u00e4use komplett mit F\u00fc\u00dfen Baugr\u00f6\u00dfe Mec 56-132, mit angeschraubten F\u00fc\u00dfen, Baugr\u00f6\u00dfe Mec 56-132, Druckgussteile in Lohnfertigung, Erstellung neuer Formen<\/a>\n<\/div>\n<div class=\"home-section__block\">\n<h1><a href=\"https:\/\/came-italy.com\/de\/wicklungen\/\">Wicklungen<\/a><\/h1>\n<p><a href=\"https:\/\/came-italy.com\/de\/wicklungen\/\">Wicklungen aus Kupfer und Aluminium f\u00fcr Motoren mit Frequenzumrichter, manuelle Wicklungen, IE2, IE3, IE4, Niederspannungsmotoren, synchron Brushless<\/a>\n<\/div>\n<div class=\"home-section__block\">\n<h1><a href=\"https:\/\/came-italy.com\/de\/bearbeitung-und-montage\/\">Bearbeitung und Montage<\/a><\/h1>\n<p><a href=\"https:\/\/came-italy.com\/de\/bearbeitung-und-montage\/\">Einbau und Bearbeitung von gewickelten Statoren in Geh\u00e4use, mechanische Bearbeitungen von Lagerschilden und Flanschen.<\/a>\n<\/div>\n<div class=\"home-section__block\">\n<h1><a href=\"https:\/\/came-italy.com\/de\/individuelle-loesungen\/\">Individuelle L\u00f6sungen<\/a><\/h1>\n<p><a href=\"https:\/\/came-italy.com\/de\/individuelle-loesungen\/\">Das Leistungsangebot der Firma Came Spa umfasst die Forschung und Entwicklung sowie den technischen Kundendienst f\u00fcr alle Bauteile<\/a>\n<\/div>\n<\/div>\n<p><!-- END module DIV --><\/p>\n","protected":false},"excerpt":{"rendered":"<p>Druckgussteile Geh\u00e4use komplett mit F\u00fc\u00dfen Baugr\u00f6\u00dfe Mec 56-132, mit angeschraubten F\u00fc\u00dfen, Baugr\u00f6\u00dfe Mec 56-132, Druckgussteile in Lohnfertigung, Erstellung neuer Formen Wicklungen Wicklungen aus Kupfer und Aluminium f\u00fcr Motoren mit Frequenzumrichter, manuelle Wicklungen, IE2, IE3, IE4, Niederspannungsmotoren, synchron Brushless Bearbeitung und Montage Einbau und Bearbeitung von gewickelten Statoren in Geh\u00e4use, mechanische Bearbeitungen von Lagerschilden und Flanschen. [&hellip;]<\/p>\n","protected":false},"author":1,"featured_media":3759,"parent":0,"menu_order":0,"comment_status":"closed","ping_status":"closed","template":"homepage.php","meta":{"ngg_post_thumbnail":0,"footnotes":""},"class_list":["post-737","page","type-page","status-publish","has-post-thumbnail","hentry"],"yoast_head":"<!-- This site is optimized with the Yoast SEO plugin v27.2 - https:\/\/yoast.com\/product\/yoast-seo-wordpress\/ -->\n<title>Came Spa - Power your growth<\/title>\n<meta name=\"robots\" content=\"index, follow, max-snippet:-1, max-image-preview:large, max-video-preview:-1\" \/>\n<link rel=\"canonical\" href=\"https:\/\/came-italy.com\/de\/\" \/>\n<meta property=\"og:locale\" content=\"de_DE\" \/>\n<meta property=\"og:type\" content=\"article\" \/>\n<meta property=\"og:title\" content=\"Came Spa - Power your growth\" \/>\n<meta property=\"og:description\" content=\"Druckgussteile Geh\u00e4use komplett mit F\u00fc\u00dfen Baugr\u00f6\u00dfe Mec 56-132, mit angeschraubten F\u00fc\u00dfen, Baugr\u00f6\u00dfe Mec 56-132, Druckgussteile in Lohnfertigung, Erstellung neuer Formen Wicklungen Wicklungen aus Kupfer und Aluminium f\u00fcr Motoren mit Frequenzumrichter, manuelle Wicklungen, IE2, IE3, IE4, Niederspannungsmotoren, synchron Brushless Bearbeitung und Montage Einbau und Bearbeitung von gewickelten Statoren in Geh\u00e4use, mechanische Bearbeitungen von Lagerschilden und Flanschen. [&hellip;]\" \/>\n<meta property=\"og:url\" content=\"https:\/\/came-italy.com\/de\/\" \/>\n<meta property=\"og:site_name\" content=\"Came Spa\" \/>\n<meta property=\"article:modified_time\" content=\"2025-02-10T09:38:45+00:00\" \/>\n<meta property=\"og:image\" content=\"https:\/\/came-italy.com\/wp-content\/uploads\/2018\/01\/came-aluminium-die-casting-home.jpg\" \/>\n\t<meta property=\"og:image:width\" content=\"1000\" \/>\n\t<meta property=\"og:image:height\" content=\"600\" \/>\n\t<meta property=\"og:image:type\" content=\"image\/jpeg\" \/>\n<meta name=\"twitter:card\" content=\"summary_large_image\" \/>\n<meta name=\"twitter:label1\" content=\"Gesch\u00e4tzte Lesezeit\" \/>\n\t<meta name=\"twitter:data1\" content=\"1\u00a0Minute\" \/>\n<script type=\"application\/ld+json\" class=\"yoast-schema-graph\">{\"@context\":\"https:\/\/schema.org\",\"@graph\":[{\"@type\":\"WebPage\",\"@id\":\"https:\/\/came-italy.com\/de\/\",\"url\":\"https:\/\/came-italy.com\/de\/\",\"name\":\"Came Spa - Power your growth\",\"isPartOf\":{\"@id\":\"https:\/\/came-italy.com\/de\/#website\"},\"primaryImageOfPage\":{\"@id\":\"https:\/\/came-italy.com\/de\/#primaryimage\"},\"image\":{\"@id\":\"https:\/\/came-italy.com\/de\/#primaryimage\"},\"thumbnailUrl\":\"https:\/\/came-italy.com\/wp-content\/uploads\/2018\/01\/came-aluminium-die-casting-home.jpg\",\"datePublished\":\"2016-04-28T22:31:13+00:00\",\"dateModified\":\"2025-02-10T09:38:45+00:00\",\"breadcrumb\":{\"@id\":\"https:\/\/came-italy.com\/de\/#breadcrumb\"},\"inLanguage\":\"de\",\"potentialAction\":[{\"@type\":\"ReadAction\",\"target\":[\"https:\/\/came-italy.com\/de\/\"]}]},{\"@type\":\"ImageObject\",\"inLanguage\":\"de\",\"@id\":\"https:\/\/came-italy.com\/de\/#primaryimage\",\"url\":\"https:\/\/came-italy.com\/wp-content\/uploads\/2018\/01\/came-aluminium-die-casting-home.jpg\",\"contentUrl\":\"https:\/\/came-italy.com\/wp-content\/uploads\/2018\/01\/came-aluminium-die-casting-home.jpg\",\"width\":1000,\"height\":600},{\"@type\":\"BreadcrumbList\",\"@id\":\"https:\/\/came-italy.com\/de\/#breadcrumb\",\"itemListElement\":[{\"@type\":\"ListItem\",\"position\":1,\"name\":\"Home\",\"item\":\"https:\/\/came-italy.com\/de\/\"},{\"@type\":\"ListItem\",\"position\":2,\"name\":\"Home\"}]},{\"@type\":\"WebSite\",\"@id\":\"https:\/\/came-italy.com\/de\/#website\",\"url\":\"https:\/\/came-italy.com\/de\/\",\"name\":\"Came Spa\",\"description\":\"Avvolgimenti e componenti per motori elettrici\",\"publisher\":{\"@id\":\"https:\/\/came-italy.com\/de\/#organization\"},\"potentialAction\":[{\"@type\":\"SearchAction\",\"target\":{\"@type\":\"EntryPoint\",\"urlTemplate\":\"https:\/\/came-italy.com\/de\/?s={search_term_string}\"},\"query-input\":{\"@type\":\"PropertyValueSpecification\",\"valueRequired\":true,\"valueName\":\"search_term_string\"}}],\"inLanguage\":\"de\"},{\"@type\":\"Organization\",\"@id\":\"https:\/\/came-italy.com\/de\/#organization\",\"name\":\"Came Spa\",\"url\":\"https:\/\/came-italy.com\/de\/\",\"logo\":{\"@type\":\"ImageObject\",\"inLanguage\":\"de\",\"@id\":\"https:\/\/came-italy.com\/de\/#\/schema\/logo\/image\/\",\"url\":\"https:\/\/came-italy.com\/wp-content\/uploads\/2016\/07\/logo-came-spa.png\",\"contentUrl\":\"https:\/\/came-italy.com\/wp-content\/uploads\/2016\/07\/logo-came-spa.png\",\"width\":766,\"height\":129,\"caption\":\"Came Spa\"},\"image\":{\"@id\":\"https:\/\/came-italy.com\/de\/#\/schema\/logo\/image\/\"}}]}<\/script>\n<!-- \/ Yoast SEO plugin. -->","yoast_head_json":{"title":"Came Spa - Power your growth","robots":{"index":"index","follow":"follow","max-snippet":"max-snippet:-1","max-image-preview":"max-image-preview:large","max-video-preview":"max-video-preview:-1"},"canonical":"https:\/\/came-italy.com\/de\/","og_locale":"de_DE","og_type":"article","og_title":"Came Spa - Power your growth","og_description":"Druckgussteile Geh\u00e4use komplett mit F\u00fc\u00dfen Baugr\u00f6\u00dfe Mec 56-132, mit angeschraubten F\u00fc\u00dfen, Baugr\u00f6\u00dfe Mec 56-132, Druckgussteile in Lohnfertigung, Erstellung neuer Formen Wicklungen Wicklungen aus Kupfer und Aluminium f\u00fcr Motoren mit Frequenzumrichter, manuelle Wicklungen, IE2, IE3, IE4, Niederspannungsmotoren, synchron Brushless Bearbeitung und Montage Einbau und Bearbeitung von gewickelten Statoren in Geh\u00e4use, mechanische Bearbeitungen von Lagerschilden und Flanschen. [&hellip;]","og_url":"https:\/\/came-italy.com\/de\/","og_site_name":"Came Spa","article_modified_time":"2025-02-10T09:38:45+00:00","og_image":[{"width":1000,"height":600,"url":"https:\/\/came-italy.com\/wp-content\/uploads\/2018\/01\/came-aluminium-die-casting-home.jpg","type":"image\/jpeg"}],"twitter_card":"summary_large_image","twitter_misc":{"Gesch\u00e4tzte Lesezeit":"1\u00a0Minute"},"schema":{"@context":"https:\/\/schema.org","@graph":[{"@type":"WebPage","@id":"https:\/\/came-italy.com\/de\/","url":"https:\/\/came-italy.com\/de\/","name":"Came Spa - Power your growth","isPartOf":{"@id":"https:\/\/came-italy.com\/de\/#website"},"primaryImageOfPage":{"@id":"https:\/\/came-italy.com\/de\/#primaryimage"},"image":{"@id":"https:\/\/came-italy.com\/de\/#primaryimage"},"thumbnailUrl":"https:\/\/came-italy.com\/wp-content\/uploads\/2018\/01\/came-aluminium-die-casting-home.jpg","datePublished":"2016-04-28T22:31:13+00:00","dateModified":"2025-02-10T09:38:45+00:00","breadcrumb":{"@id":"https:\/\/came-italy.com\/de\/#breadcrumb"},"inLanguage":"de","potentialAction":[{"@type":"ReadAction","target":["https:\/\/came-italy.com\/de\/"]}]},{"@type":"ImageObject","inLanguage":"de","@id":"https:\/\/came-italy.com\/de\/#primaryimage","url":"https:\/\/came-italy.com\/wp-content\/uploads\/2018\/01\/came-aluminium-die-casting-home.jpg","contentUrl":"https:\/\/came-italy.com\/wp-content\/uploads\/2018\/01\/came-aluminium-die-casting-home.jpg","width":1000,"height":600},{"@type":"BreadcrumbList","@id":"https:\/\/came-italy.com\/de\/#breadcrumb","itemListElement":[{"@type":"ListItem","position":1,"name":"Home","item":"https:\/\/came-italy.com\/de\/"},{"@type":"ListItem","position":2,"name":"Home"}]},{"@type":"WebSite","@id":"https:\/\/came-italy.com\/de\/#website","url":"https:\/\/came-italy.com\/de\/","name":"Came Spa","description":"Avvolgimenti e componenti per motori elettrici","publisher":{"@id":"https:\/\/came-italy.com\/de\/#organization"},"potentialAction":[{"@type":"SearchAction","target":{"@type":"EntryPoint","urlTemplate":"https:\/\/came-italy.com\/de\/?s={search_term_string}"},"query-input":{"@type":"PropertyValueSpecification","valueRequired":true,"valueName":"search_term_string"}}],"inLanguage":"de"},{"@type":"Organization","@id":"https:\/\/came-italy.com\/de\/#organization","name":"Came Spa","url":"https:\/\/came-italy.com\/de\/","logo":{"@type":"ImageObject","inLanguage":"de","@id":"https:\/\/came-italy.com\/de\/#\/schema\/logo\/image\/","url":"https:\/\/came-italy.com\/wp-content\/uploads\/2016\/07\/logo-came-spa.png","contentUrl":"https:\/\/came-italy.com\/wp-content\/uploads\/2016\/07\/logo-came-spa.png","width":766,"height":129,"caption":"Came Spa"},"image":{"@id":"https:\/\/came-italy.com\/de\/#\/schema\/logo\/image\/"}}]}},"_links":{"self":[{"href":"https:\/\/came-italy.com\/de\/wp-json\/wp\/v2\/pages\/737","targetHints":{"allow":["GET"]}}],"collection":[{"href":"https:\/\/came-italy.com\/de\/wp-json\/wp\/v2\/pages"}],"about":[{"href":"https:\/\/came-italy.com\/de\/wp-json\/wp\/v2\/types\/page"}],"author":[{"embeddable":true,"href":"https:\/\/came-italy.com\/de\/wp-json\/wp\/v2\/users\/1"}],"replies":[{"embeddable":true,"href":"https:\/\/came-italy.com\/de\/wp-json\/wp\/v2\/comments?post=737"}],"version-history":[{"count":10,"href":"https:\/\/came-italy.com\/de\/wp-json\/wp\/v2\/pages\/737\/revisions"}],"predecessor-version":[{"id":4416,"href":"https:\/\/came-italy.com\/de\/wp-json\/wp\/v2\/pages\/737\/revisions\/4416"}],"wp:featuredmedia":[{"embeddable":true,"href":"https:\/\/came-italy.com\/de\/wp-json\/wp\/v2\/media\/3759"}],"wp:attachment":[{"href":"https:\/\/came-italy.com\/de\/wp-json\/wp\/v2\/media?parent=737"}],"curies":[{"name":"wp","href":"https:\/\/api.w.org\/{rel}","templated":true}]}}