{"id":11896,"date":"2020-12-21T09:29:32","date_gmt":"2020-12-21T08:29:32","guid":{"rendered":"https:\/\/came-italy.com\/?page_id=11896"},"modified":"2021-04-21T17:14:13","modified_gmt":"2021-04-21T15:14:13","slug":"servicios","status":"publish","type":"page","link":"https:\/\/came-italy.com\/es\/servicios\/","title":{"rendered":"Servicios"},"content":{"rendered":"<div class=\"entry_line\">&nbsp;<\/div>\n<div class=\"col-2\">\n<div>\n<h2 class=\"h2_20--black\">Investigaci\u00f3n, desarrollo y asistencia t\u00e9cnica<\/h2>\n<div class=\"orange-bullet font-20\">Dise\u00f1o<\/div>\n<div class=\"pl15\">Dimensionamiento el\u00e9ctrico con hoja de c\u00e1lculo o Motor-CAD.<\/div>\n<div class=\"orange-bullet font-20\">Ahorro de costes<\/div>\n<div class=\"pl15\">An\u00e1lisis del producto para la optimizaci\u00f3n y disminuci\u00f3n de costes.<\/div>\n<div class=\"orange-bullet font-20\">Laboratorio<\/div>\n<div class=\"pl15\">Prueba en el banco de frenos para caracterizar y optimizar en lo posible el motor el\u00e9ctrico haci\u00e9ndolo m\u00e1s eficiente.<\/div>\n<div class=\"orange-bullet font-20\">Microdescargas<\/div>\n<div class=\"pl15\">Prueba con un instrumento de medici\u00f3n espec\u00edfico para verificar la robustez de un motor Inverter y, si fuera necesario, mejorarla.<\/div>\n<div class=\"orange-bullet font-20\">Prototipado de BLDC<\/div>\n<div class=\"pl15\">Co-dise\u00f1o e industrializaci\u00f3n de estatores bobinados para motores sin escobillas de muy alta eficiencia.<\/div>\n<\/div>\n<h2 class=\"h2_20--black\">Co-dise\u00f1o de fundici\u00f3n a presi\u00f3n<\/h2>\n<div class=\"orange-bullet font-20\">Dise\u00f1o y co-dise\u00f1o<\/div>\n<div class=\"pl15\">Dise\u00f1o y co-dise\u00f1o en colaboraci\u00f3n con el cliente, para agilizar el proceso de dise\u00f1o y asistir al cliente en toda esta fase con un servicio llave en mano.El departamento de I+D de Came trabaja con sistemas CAD de dise\u00f1o asistido por ordenador y sistemas de an\u00e1lisis con simulaci\u00f3n del flujo (MAGMA, PROCAST).<\/div>\n<div class=\"orange-bullet font-20\">Dise\u00f1o y fabricaci\u00f3n de moldes<\/div>\n<div class=\"pl15\">Dise\u00f1o y optimizaci\u00f3n de la documentaci\u00f3n para la fabricaci\u00f3n de moldes y equipos.<\/div>\n<h2 class=\"h2_20--black\">Portal Came<\/h2>\n<p><a class=\"link-black-20\" href=\"http:\/\/portal.came-italy.com\" target=\"_blank\" rel=\"noopener\">Portal.Came-Italy.com<\/a><br \/>\n&nbsp;<br \/>\n<a href=\"https:\/\/came-italy.com\/en\/the-new-came-portal\/\" target=\"_blank\" rel=\"noopener\">Un entorno web donde nuestros Clientes encuentran toda la informaci\u00f3n comercial y el progreso de los pedidos:<\/a><\/p>\n<div class=\"orange-bullet font-20\">Fechas de entrega,<\/div>\n<div class=\"orange-bullet font-20\">Stock en almac\u00e9n,<\/div>\n<div class=\"orange-bullet font-20\">Condiciones comerciales,<\/div>\n<div class=\"orange-bullet font-20\">Documentos comerciales.<\/div>\n<div style=\"margin-top: 10px;\">Y mucho m\u00e1s\u2026<\/div>\n<h2 class=\"h2_20--black\">Stock en consignaci\u00f3n<\/h2>\n<p>Came ofrece a sus clientes m\u00e1s fieles <a href=\"https:\/\/came-italy.com\/en\/the-importance-of-an-integrated-customer-supplier-chain\/\" target=\"_blank\" rel=\"noopener\">varias soluciones para satisfacer sus necesidades log\u00edsticas y optimizar los tiempos de entrega integrando la cadena de suministro:<\/a><\/p>\n<div class=\"orange-bullet font-20\">Contratos de stock en consignaci\u00f3n mediante VMI (Vendor Managed Inventory) para una perfecta sincronizaci\u00f3n del sistema de configuraci\u00f3n del stock,<\/div>\n<div class=\"orange-bullet font-20\">Contratos de stock en consignaci\u00f3n en la sede del cliente con supresi\u00f3n del lead time,<\/div>\n<div class=\"orange-bullet font-20\">Contratos de stock en la sede de Came reduciendo el lead time solo al tiempo de embalaje y transporte,<\/div>\n<div class=\"orange-bullet font-20\">Contratos prospectivos para la compra de los estatores no mecanizados para reducir el lead time total.<\/div>\n<\/div>\n<div class=\"col-2 col-2-right\">\n<h2 class=\"h2_20 orange\">Cont\u00e1ctanos<\/h2>\n\n<div class=\"wpcf7 no-js\" id=\"wpcf7-f3815-o1\" lang=\"it-IT\" dir=\"ltr\" data-wpcf7-id=\"3815\">\n<div class=\"screen-reader-response\"><p role=\"status\" aria-live=\"polite\" aria-atomic=\"true\"><\/p> <ul><\/ul><\/div>\n<form action=\"\/es\/wp-json\/wp\/v2\/pages\/11896#wpcf7-f3815-o1\" method=\"post\" class=\"wpcf7-form init\" aria-label=\"Modulo di contatto\" novalidate=\"novalidate\" data-status=\"init\">\n<fieldset class=\"hidden-fields-container\"><input type=\"hidden\" name=\"_wpcf7\" value=\"3815\" \/><input type=\"hidden\" name=\"_wpcf7_version\" value=\"6.1.5\" \/><input type=\"hidden\" name=\"_wpcf7_locale\" value=\"it_IT\" \/><input type=\"hidden\" name=\"_wpcf7_unit_tag\" value=\"wpcf7-f3815-o1\" \/><input type=\"hidden\" name=\"_wpcf7_container_post\" value=\"0\" \/><input type=\"hidden\" name=\"_wpcf7_posted_data_hash\" value=\"\" \/><input type=\"hidden\" name=\"_wpcf7_recaptcha_response\" value=\"\" \/>\n<\/fieldset>\n<p><label>Tu nombre<\/label><span class=\"wpcf7-form-control-wrap\" data-name=\"your-name\"><input size=\"40\" maxlength=\"400\" class=\"wpcf7-form-control wpcf7-text wpcf7-validates-as-required\" aria-required=\"true\" aria-invalid=\"false\" value=\"\" type=\"text\" name=\"your-name\" \/><\/span><br \/>\n<label>Tu correo electr\u00f3nico<\/label><span class=\"wpcf7-form-control-wrap\" data-name=\"your-email\"><input size=\"40\" maxlength=\"400\" class=\"wpcf7-form-control wpcf7-email wpcf7-validates-as-required wpcf7-text wpcf7-validates-as-email\" aria-required=\"true\" aria-invalid=\"false\" value=\"\" type=\"email\" name=\"your-email\" \/><\/span><br \/>\n<label>Tel\u00e9fono<\/label><span class=\"wpcf7-form-control-wrap\" data-name=\"tel-182s\"><input size=\"40\" maxlength=\"400\" class=\"wpcf7-form-control wpcf7-tel wpcf7-validates-as-required wpcf7-text wpcf7-validates-as-tel\" aria-required=\"true\" aria-invalid=\"false\" value=\"\" type=\"tel\" name=\"tel-182s\" \/><\/span><br \/>\n<label>Tema<\/label><span class=\"wpcf7-form-control-wrap\" data-name=\"your-subject\"><input size=\"40\" maxlength=\"400\" class=\"wpcf7-form-control wpcf7-text wpcf7-validates-as-required\" aria-required=\"true\" aria-invalid=\"false\" value=\"\" type=\"text\" name=\"your-subject\" \/><\/span><br \/>\n<label>Mensaje<\/label>\n<\/p>\n<div id=\"form_message_2\">\n\t<p><span class=\"wpcf7-form-control-wrap\" data-name=\"your-message\"><textarea cols=\"40\" rows=\"10\" maxlength=\"2000\" class=\"wpcf7-form-control wpcf7-textarea\" aria-invalid=\"false\" name=\"your-message\"><\/textarea><\/span>\n\t<\/p>\n<\/div>\n<p><span class='form-checkbox'><span class=\"wpcf7-form-control-wrap\" data-name=\"newsletter\"><span class=\"wpcf7-form-control wpcf7-checkbox\" id=\"checkbox-newsletter\"><span class=\"wpcf7-list-item first last\"><input type=\"checkbox\" name=\"newsletter[]\" value=\"Inscr\u00edbete a nuestra newsletter\" \/><span class=\"wpcf7-list-item-label\">Inscr\u00edbete a nuestra newsletter<\/span><\/span><\/span><\/span><\/span><br \/>\n<span class='form-checkbox'><span class=\"wpcf7-form-control-wrap\" data-name=\"privacy-policy\"><span class=\"wpcf7-form-control wpcf7-acceptance\"><span class=\"wpcf7-list-item\"><label><input type=\"checkbox\" name=\"privacy-policy\" value=\"1\" aria-invalid=\"false\" \/><span class=\"wpcf7-list-item-label\"><\/span> He le\u00eddo y acepto <a href=\"https:\/\/came-italy.com\/it\/privacy-policy\/\">Privacy Policy<\/a><\/span><\/label><\/span><\/span><\/span><br \/>\n<\/span>\n<\/p>\n<div id=\"submit-die-casting\">\n\t<p><input class=\"wpcf7-form-control wpcf7-submit has-spinner\" type=\"submit\" value=\"ENIVAR\" \/>\n\t<\/p>\n<\/div><div class=\"wpcf7-response-output\" aria-hidden=\"true\"><\/div>\n<\/form>\n<\/div>\n\n<\/div>\n","protected":false},"excerpt":{"rendered":"<p>&nbsp; Investigaci\u00f3n, desarrollo y asistencia t\u00e9cnica Dise\u00f1o Dimensionamiento el\u00e9ctrico con hoja de c\u00e1lculo o Motor-CAD. Ahorro de costes An\u00e1lisis del producto para la optimizaci\u00f3n y disminuci\u00f3n de costes. Laboratorio Prueba en el banco de frenos para caracterizar y optimizar en lo posible el motor el\u00e9ctrico haci\u00e9ndolo m\u00e1s eficiente. Microdescargas Prueba con un instrumento de medici\u00f3n [&hellip;]<\/p>\n","protected":false},"author":1,"featured_media":11890,"parent":0,"menu_order":0,"comment_status":"closed","ping_status":"closed","template":"","meta":{"ngg_post_thumbnail":0,"footnotes":""},"class_list":["post-11896","page","type-page","status-publish","has-post-thumbnail","hentry"],"yoast_head":"<!-- This site is optimized with the Yoast SEO plugin v27.2 - https:\/\/yoast.com\/product\/yoast-seo-wordpress\/ -->\n<title>Servicios - Came Spa<\/title>\n<meta name=\"robots\" content=\"index, follow, max-snippet:-1, max-image-preview:large, max-video-preview:-1\" \/>\n<link rel=\"canonical\" href=\"https:\/\/came-italy.com\/es\/servicios\/\" \/>\n<meta property=\"og:locale\" content=\"es_ES\" \/>\n<meta property=\"og:type\" content=\"article\" \/>\n<meta property=\"og:title\" content=\"Servicios - Came Spa\" \/>\n<meta property=\"og:description\" content=\"&nbsp; Investigaci\u00f3n, desarrollo y asistencia t\u00e9cnica Dise\u00f1o Dimensionamiento el\u00e9ctrico con hoja de c\u00e1lculo o Motor-CAD. Ahorro de costes An\u00e1lisis del producto para la optimizaci\u00f3n y disminuci\u00f3n de costes. Laboratorio Prueba en el banco de frenos para caracterizar y optimizar en lo posible el motor el\u00e9ctrico haci\u00e9ndolo m\u00e1s eficiente. Microdescargas Prueba con un instrumento de medici\u00f3n [&hellip;]\" \/>\n<meta property=\"og:url\" content=\"https:\/\/came-italy.com\/es\/servicios\/\" \/>\n<meta property=\"og:site_name\" content=\"Came Spa\" \/>\n<meta property=\"article:modified_time\" content=\"2021-04-21T15:14:13+00:00\" \/>\n<meta property=\"og:image\" content=\"https:\/\/came-italy.com\/wp-content\/uploads\/2020\/12\/came-servizi.jpg\" \/>\n\t<meta property=\"og:image:width\" content=\"2560\" \/>\n\t<meta property=\"og:image:height\" content=\"1247\" \/>\n\t<meta property=\"og:image:type\" content=\"image\/jpeg\" \/>\n<meta name=\"twitter:card\" content=\"summary_large_image\" \/>\n<meta name=\"twitter:label1\" content=\"Tiempo de lectura\" \/>\n\t<meta name=\"twitter:data1\" content=\"2 minutos\" \/>\n<script type=\"application\/ld+json\" class=\"yoast-schema-graph\">{\"@context\":\"https:\/\/schema.org\",\"@graph\":[{\"@type\":\"WebPage\",\"@id\":\"https:\/\/came-italy.com\/es\/servicios\/\",\"url\":\"https:\/\/came-italy.com\/es\/servicios\/\",\"name\":\"Servicios - Came Spa\",\"isPartOf\":{\"@id\":\"https:\/\/came-italy.com\/es\/#website\"},\"primaryImageOfPage\":{\"@id\":\"https:\/\/came-italy.com\/es\/servicios\/#primaryimage\"},\"image\":{\"@id\":\"https:\/\/came-italy.com\/es\/servicios\/#primaryimage\"},\"thumbnailUrl\":\"https:\/\/came-italy.com\/wp-content\/uploads\/2020\/12\/came-servizi.jpg\",\"datePublished\":\"2020-12-21T08:29:32+00:00\",\"dateModified\":\"2021-04-21T15:14:13+00:00\",\"breadcrumb\":{\"@id\":\"https:\/\/came-italy.com\/es\/servicios\/#breadcrumb\"},\"inLanguage\":\"es\",\"potentialAction\":[{\"@type\":\"ReadAction\",\"target\":[\"https:\/\/came-italy.com\/es\/servicios\/\"]}]},{\"@type\":\"ImageObject\",\"inLanguage\":\"es\",\"@id\":\"https:\/\/came-italy.com\/es\/servicios\/#primaryimage\",\"url\":\"https:\/\/came-italy.com\/wp-content\/uploads\/2020\/12\/came-servizi.jpg\",\"contentUrl\":\"https:\/\/came-italy.com\/wp-content\/uploads\/2020\/12\/came-servizi.jpg\",\"width\":2560,\"height\":1247},{\"@type\":\"BreadcrumbList\",\"@id\":\"https:\/\/came-italy.com\/es\/servicios\/#breadcrumb\",\"itemListElement\":[{\"@type\":\"ListItem\",\"position\":1,\"name\":\"Home\",\"item\":\"https:\/\/came-italy.com\/es\/\"},{\"@type\":\"ListItem\",\"position\":2,\"name\":\"Servicios\"}]},{\"@type\":\"WebSite\",\"@id\":\"https:\/\/came-italy.com\/es\/#website\",\"url\":\"https:\/\/came-italy.com\/es\/\",\"name\":\"Came Spa\",\"description\":\"Avvolgimenti e componenti per motori elettrici\",\"publisher\":{\"@id\":\"https:\/\/came-italy.com\/es\/#organization\"},\"potentialAction\":[{\"@type\":\"SearchAction\",\"target\":{\"@type\":\"EntryPoint\",\"urlTemplate\":\"https:\/\/came-italy.com\/es\/?s={search_term_string}\"},\"query-input\":{\"@type\":\"PropertyValueSpecification\",\"valueRequired\":true,\"valueName\":\"search_term_string\"}}],\"inLanguage\":\"es\"},{\"@type\":\"Organization\",\"@id\":\"https:\/\/came-italy.com\/es\/#organization\",\"name\":\"Came Spa\",\"url\":\"https:\/\/came-italy.com\/es\/\",\"logo\":{\"@type\":\"ImageObject\",\"inLanguage\":\"es\",\"@id\":\"https:\/\/came-italy.com\/es\/#\/schema\/logo\/image\/\",\"url\":\"https:\/\/came-italy.com\/wp-content\/uploads\/2016\/07\/logo-came-spa.png\",\"contentUrl\":\"https:\/\/came-italy.com\/wp-content\/uploads\/2016\/07\/logo-came-spa.png\",\"width\":766,\"height\":129,\"caption\":\"Came Spa\"},\"image\":{\"@id\":\"https:\/\/came-italy.com\/es\/#\/schema\/logo\/image\/\"}}]}<\/script>\n<!-- \/ Yoast SEO plugin. -->","yoast_head_json":{"title":"Servicios - Came Spa","robots":{"index":"index","follow":"follow","max-snippet":"max-snippet:-1","max-image-preview":"max-image-preview:large","max-video-preview":"max-video-preview:-1"},"canonical":"https:\/\/came-italy.com\/es\/servicios\/","og_locale":"es_ES","og_type":"article","og_title":"Servicios - Came Spa","og_description":"&nbsp; Investigaci\u00f3n, desarrollo y asistencia t\u00e9cnica Dise\u00f1o Dimensionamiento el\u00e9ctrico con hoja de c\u00e1lculo o Motor-CAD. Ahorro de costes An\u00e1lisis del producto para la optimizaci\u00f3n y disminuci\u00f3n de costes. Laboratorio Prueba en el banco de frenos para caracterizar y optimizar en lo posible el motor el\u00e9ctrico haci\u00e9ndolo m\u00e1s eficiente. Microdescargas Prueba con un instrumento de medici\u00f3n [&hellip;]","og_url":"https:\/\/came-italy.com\/es\/servicios\/","og_site_name":"Came Spa","article_modified_time":"2021-04-21T15:14:13+00:00","og_image":[{"width":2560,"height":1247,"url":"https:\/\/came-italy.com\/wp-content\/uploads\/2020\/12\/came-servizi.jpg","type":"image\/jpeg"}],"twitter_card":"summary_large_image","twitter_misc":{"Tiempo de lectura":"2 minutos"},"schema":{"@context":"https:\/\/schema.org","@graph":[{"@type":"WebPage","@id":"https:\/\/came-italy.com\/es\/servicios\/","url":"https:\/\/came-italy.com\/es\/servicios\/","name":"Servicios - Came Spa","isPartOf":{"@id":"https:\/\/came-italy.com\/es\/#website"},"primaryImageOfPage":{"@id":"https:\/\/came-italy.com\/es\/servicios\/#primaryimage"},"image":{"@id":"https:\/\/came-italy.com\/es\/servicios\/#primaryimage"},"thumbnailUrl":"https:\/\/came-italy.com\/wp-content\/uploads\/2020\/12\/came-servizi.jpg","datePublished":"2020-12-21T08:29:32+00:00","dateModified":"2021-04-21T15:14:13+00:00","breadcrumb":{"@id":"https:\/\/came-italy.com\/es\/servicios\/#breadcrumb"},"inLanguage":"es","potentialAction":[{"@type":"ReadAction","target":["https:\/\/came-italy.com\/es\/servicios\/"]}]},{"@type":"ImageObject","inLanguage":"es","@id":"https:\/\/came-italy.com\/es\/servicios\/#primaryimage","url":"https:\/\/came-italy.com\/wp-content\/uploads\/2020\/12\/came-servizi.jpg","contentUrl":"https:\/\/came-italy.com\/wp-content\/uploads\/2020\/12\/came-servizi.jpg","width":2560,"height":1247},{"@type":"BreadcrumbList","@id":"https:\/\/came-italy.com\/es\/servicios\/#breadcrumb","itemListElement":[{"@type":"ListItem","position":1,"name":"Home","item":"https:\/\/came-italy.com\/es\/"},{"@type":"ListItem","position":2,"name":"Servicios"}]},{"@type":"WebSite","@id":"https:\/\/came-italy.com\/es\/#website","url":"https:\/\/came-italy.com\/es\/","name":"Came Spa","description":"Avvolgimenti e componenti per motori elettrici","publisher":{"@id":"https:\/\/came-italy.com\/es\/#organization"},"potentialAction":[{"@type":"SearchAction","target":{"@type":"EntryPoint","urlTemplate":"https:\/\/came-italy.com\/es\/?s={search_term_string}"},"query-input":{"@type":"PropertyValueSpecification","valueRequired":true,"valueName":"search_term_string"}}],"inLanguage":"es"},{"@type":"Organization","@id":"https:\/\/came-italy.com\/es\/#organization","name":"Came Spa","url":"https:\/\/came-italy.com\/es\/","logo":{"@type":"ImageObject","inLanguage":"es","@id":"https:\/\/came-italy.com\/es\/#\/schema\/logo\/image\/","url":"https:\/\/came-italy.com\/wp-content\/uploads\/2016\/07\/logo-came-spa.png","contentUrl":"https:\/\/came-italy.com\/wp-content\/uploads\/2016\/07\/logo-came-spa.png","width":766,"height":129,"caption":"Came Spa"},"image":{"@id":"https:\/\/came-italy.com\/es\/#\/schema\/logo\/image\/"}}]}},"_links":{"self":[{"href":"https:\/\/came-italy.com\/es\/wp-json\/wp\/v2\/pages\/11896","targetHints":{"allow":["GET"]}}],"collection":[{"href":"https:\/\/came-italy.com\/es\/wp-json\/wp\/v2\/pages"}],"about":[{"href":"https:\/\/came-italy.com\/es\/wp-json\/wp\/v2\/types\/page"}],"author":[{"embeddable":true,"href":"https:\/\/came-italy.com\/es\/wp-json\/wp\/v2\/users\/1"}],"replies":[{"embeddable":true,"href":"https:\/\/came-italy.com\/es\/wp-json\/wp\/v2\/comments?post=11896"}],"version-history":[{"count":6,"href":"https:\/\/came-italy.com\/es\/wp-json\/wp\/v2\/pages\/11896\/revisions"}],"predecessor-version":[{"id":12278,"href":"https:\/\/came-italy.com\/es\/wp-json\/wp\/v2\/pages\/11896\/revisions\/12278"}],"wp:featuredmedia":[{"embeddable":true,"href":"https:\/\/came-italy.com\/es\/wp-json\/wp\/v2\/media\/11890"}],"wp:attachment":[{"href":"https:\/\/came-italy.com\/es\/wp-json\/wp\/v2\/media?parent=11896"}],"curies":[{"name":"wp","href":"https:\/\/api.w.org\/{rel}","templated":true}]}}