{"id":12623,"date":"2021-08-25T11:46:36","date_gmt":"2021-08-25T09:46:36","guid":{"rendered":"https:\/\/came-italy.com\/?page_id=12623"},"modified":"2022-03-07T12:34:16","modified_gmt":"2022-03-07T11:34:16","slug":"valores-y-codigo-etico","status":"publish","type":"page","link":"https:\/\/came-italy.com\/es\/valores-y-codigo-etico\/","title":{"rendered":"Valores y C\u00f3digo \u00c9tico"},"content":{"rendered":"<div class=\"entry_line\">&nbsp;<\/div>\n<p>&nbsp;<\/p>\n<h2><span class=\"orange\">Los valores<\/span><\/h2>\n<p>Gu\u00edan nuestras decisiones, son los ideales en los que siempre hemos cre\u00eddo<\/p>\n<div class=\"container\">\n<div class=\"item\">\n<img decoding=\"async\" src=\"https:\/\/came-italy.com\/wp-content\/uploads\/2022\/02\/Centralita.jpg\" alt=\"\" height=\"100px\"\/><\/p>\n<div class=\"orange font-16\">Centralidad<br \/> del cliente<\/div>\n<p>Estar atento a las necesidades de cada Cliente para acompa\u00f1arlo en su crecimiento\n<\/p><\/div>\n<div class=\"item\">\n<img decoding=\"async\" src=\"https:\/\/came-italy.com\/wp-content\/uploads\/2022\/02\/Collaborazione.jpg\" alt=\"\" height=\"100px\"\/><\/p>\n<div class=\"orange font-16\">Colaboraci\u00f3n<br \/> y esp\u00edritu de equipo<\/div>\n<p>Ayudarse y respetarse, trabajar en equipo, superar los retos por el bien de la empresa y de nuestros clientes\n<\/p><\/div>\n<div class=\"item\">\n<img decoding=\"async\" src=\"https:\/\/came-italy.com\/wp-content\/uploads\/2022\/02\/Appartenenza.jpg\" alt=\"\" height=\"100px\"\/><\/p>\n<div class=\"orange font-16\">Sentido de pertenencia<br \/> y Compromiso<\/div>\n<p>Estar orgulloso de formar parte del equipo de Came, compartir los mismos valores, esforzarse cada d\u00eda contribuyendo al bien y al \u00e9xito com\u00fan\n<\/p><\/div>\n<div class=\"item\">\n<img decoding=\"async\" src=\"https:\/\/came-italy.com\/wp-content\/uploads\/2022\/02\/Passione.jpg\" alt=\"\" height=\"100px\"\/><\/p>\n<div class=\"orange font-16\">Pasi\u00f3n<br \/> y Fiabilidad<\/div>\n<p>Sentir apego por el propio trabajo y estar satisfecho de lo que se hace, dando siempre lo mejor de s\u00ed.  Ser personas coherentes, cre\u00edbles y dignas de confianza que cumplen con la palabra dada\n<\/p><\/div>\n<div class=\"item\">\n<img decoding=\"async\" src=\"https:\/\/came-italy.com\/wp-content\/uploads\/2022\/02\/Innovazione.jpg\" alt=\"\" height=\"100px\"\/><\/p>\n<div class=\"orange font-16\">Innovaci\u00f3n<br \/> y mejora<\/div>\n<p>Ser moderno y estar a la vanguardia en la tecnolog\u00eda y en los productos.  Optimizar constantemente los procesos de producci\u00f3n y organizaci\u00f3n con atenci\u00f3n y cuidado de los detalles\n<\/p><\/div>\n<\/div>\n<p>&nbsp;<\/p>\n<h2><span class=\"orange\">C\u00f3digo \u00c9tico<\/span><\/h2>\n<div class=\"col-2\">La gesti\u00f3n \u00e9tica de Came se basa en el respeto de los valores humanos, sociales, de sostenibilidad ambiental y morales, y nos ha motivado a delinear claramente las directrices de nuestro c\u00f3digo \u00e9tico para que sea compartido por nuestro equipo interno, con nuestros partners externos y aplicado diariamente.<\/br><br \/>\n<a href=\"https:\/\/came-italy.com\/wp-content\/uploads\/2021\/08\/Codice-etico.pdf\" target=\"_blank\" rel=\"noopener\">Aqu\u00ed puede leer nuestro c\u00f3digo \u00e9tico.<\/a><\/div>\n<div class=\"col-2 col-2-right\">\n<h2 class=\"h2_20 orange\">Cont\u00e1ctanos<\/h2>\n\n<div class=\"wpcf7 no-js\" id=\"wpcf7-f3815-o1\" lang=\"it-IT\" dir=\"ltr\" data-wpcf7-id=\"3815\">\n<div class=\"screen-reader-response\"><p role=\"status\" aria-live=\"polite\" aria-atomic=\"true\"><\/p> <ul><\/ul><\/div>\n<form action=\"\/es\/wp-json\/wp\/v2\/pages\/12623#wpcf7-f3815-o1\" method=\"post\" class=\"wpcf7-form init\" aria-label=\"Modulo di contatto\" novalidate=\"novalidate\" data-status=\"init\">\n<fieldset class=\"hidden-fields-container\"><input type=\"hidden\" name=\"_wpcf7\" value=\"3815\" \/><input type=\"hidden\" name=\"_wpcf7_version\" value=\"6.1.5\" \/><input type=\"hidden\" name=\"_wpcf7_locale\" value=\"it_IT\" \/><input type=\"hidden\" name=\"_wpcf7_unit_tag\" value=\"wpcf7-f3815-o1\" \/><input type=\"hidden\" name=\"_wpcf7_container_post\" value=\"0\" \/><input type=\"hidden\" name=\"_wpcf7_posted_data_hash\" value=\"\" \/><input type=\"hidden\" name=\"_wpcf7_recaptcha_response\" value=\"\" \/>\n<\/fieldset>\n<p><label>Tu nombre<\/label><span class=\"wpcf7-form-control-wrap\" data-name=\"your-name\"><input size=\"40\" maxlength=\"400\" class=\"wpcf7-form-control wpcf7-text wpcf7-validates-as-required\" aria-required=\"true\" aria-invalid=\"false\" value=\"\" type=\"text\" name=\"your-name\" \/><\/span><br \/>\n<label>Tu correo electr\u00f3nico<\/label><span class=\"wpcf7-form-control-wrap\" data-name=\"your-email\"><input size=\"40\" maxlength=\"400\" class=\"wpcf7-form-control wpcf7-email wpcf7-validates-as-required wpcf7-text wpcf7-validates-as-email\" aria-required=\"true\" aria-invalid=\"false\" value=\"\" type=\"email\" name=\"your-email\" \/><\/span><br \/>\n<label>Tel\u00e9fono<\/label><span class=\"wpcf7-form-control-wrap\" data-name=\"tel-182s\"><input size=\"40\" maxlength=\"400\" class=\"wpcf7-form-control wpcf7-tel wpcf7-validates-as-required wpcf7-text wpcf7-validates-as-tel\" aria-required=\"true\" aria-invalid=\"false\" value=\"\" type=\"tel\" name=\"tel-182s\" \/><\/span><br \/>\n<label>Tema<\/label><span class=\"wpcf7-form-control-wrap\" data-name=\"your-subject\"><input size=\"40\" maxlength=\"400\" class=\"wpcf7-form-control wpcf7-text wpcf7-validates-as-required\" aria-required=\"true\" aria-invalid=\"false\" value=\"\" type=\"text\" name=\"your-subject\" \/><\/span><br \/>\n<label>Mensaje<\/label>\n<\/p>\n<div id=\"form_message_2\">\n\t<p><span class=\"wpcf7-form-control-wrap\" data-name=\"your-message\"><textarea cols=\"40\" rows=\"10\" maxlength=\"2000\" class=\"wpcf7-form-control wpcf7-textarea\" aria-invalid=\"false\" name=\"your-message\"><\/textarea><\/span>\n\t<\/p>\n<\/div>\n<p><span class='form-checkbox'><span class=\"wpcf7-form-control-wrap\" data-name=\"newsletter\"><span class=\"wpcf7-form-control wpcf7-checkbox\" id=\"checkbox-newsletter\"><span class=\"wpcf7-list-item first last\"><input type=\"checkbox\" name=\"newsletter[]\" value=\"Inscr\u00edbete a nuestra newsletter\" \/><span class=\"wpcf7-list-item-label\">Inscr\u00edbete a nuestra newsletter<\/span><\/span><\/span><\/span><\/span><br \/>\n<span class='form-checkbox'><span class=\"wpcf7-form-control-wrap\" data-name=\"privacy-policy\"><span class=\"wpcf7-form-control wpcf7-acceptance\"><span class=\"wpcf7-list-item\"><label><input type=\"checkbox\" name=\"privacy-policy\" value=\"1\" aria-invalid=\"false\" \/><span class=\"wpcf7-list-item-label\"><\/span> He le\u00eddo y acepto <a href=\"https:\/\/came-italy.com\/it\/privacy-policy\/\">Privacy Policy<\/a><\/span><\/label><\/span><\/span><\/span><br \/>\n<\/span>\n<\/p>\n<div id=\"submit-die-casting\">\n\t<p><input class=\"wpcf7-form-control wpcf7-submit has-spinner\" type=\"submit\" value=\"ENIVAR\" \/>\n\t<\/p>\n<\/div><div class=\"wpcf7-response-output\" aria-hidden=\"true\"><\/div>\n<\/form>\n<\/div>\n\n<\/div>\n","protected":false},"excerpt":{"rendered":"<p>&nbsp; &nbsp; Los valores Gu\u00edan nuestras decisiones, son los ideales en los que siempre hemos cre\u00eddo Centralidad del cliente Estar atento a las necesidades de cada Cliente para acompa\u00f1arlo en su crecimiento Colaboraci\u00f3n y esp\u00edritu de equipo Ayudarse y respetarse, trabajar en equipo, superar los retos por el bien de la empresa y de nuestros [&hellip;]<\/p>\n","protected":false},"author":6,"featured_media":12582,"parent":0,"menu_order":0,"comment_status":"closed","ping_status":"closed","template":"","meta":{"ngg_post_thumbnail":0,"footnotes":""},"class_list":["post-12623","page","type-page","status-publish","has-post-thumbnail","hentry"],"yoast_head":"<!-- This site is optimized with the Yoast SEO plugin v27.2 - https:\/\/yoast.com\/product\/yoast-seo-wordpress\/ -->\n<title>Valores y C\u00f3digo \u00c9tico - Came Spa<\/title>\n<meta name=\"robots\" content=\"index, follow, max-snippet:-1, max-image-preview:large, max-video-preview:-1\" \/>\n<link rel=\"canonical\" href=\"https:\/\/came-italy.com\/es\/valores-y-codigo-etico\/\" \/>\n<meta property=\"og:locale\" content=\"es_ES\" \/>\n<meta property=\"og:type\" content=\"article\" \/>\n<meta property=\"og:title\" content=\"Valores y C\u00f3digo \u00c9tico - Came Spa\" \/>\n<meta property=\"og:description\" content=\"&nbsp; &nbsp; Los valores Gu\u00edan nuestras decisiones, son los ideales en los que siempre hemos cre\u00eddo Centralidad del cliente Estar atento a las necesidades de cada Cliente para acompa\u00f1arlo en su crecimiento Colaboraci\u00f3n y esp\u00edritu de equipo Ayudarse y respetarse, trabajar en equipo, superar los retos por el bien de la empresa y de nuestros [&hellip;]\" \/>\n<meta property=\"og:url\" content=\"https:\/\/came-italy.com\/es\/valores-y-codigo-etico\/\" \/>\n<meta property=\"og:site_name\" content=\"Came Spa\" \/>\n<meta property=\"article:modified_time\" content=\"2022-03-07T11:34:16+00:00\" \/>\n<meta property=\"og:image\" content=\"https:\/\/came-italy.com\/wp-content\/uploads\/2021\/08\/Codice-Etico.jpg\" \/>\n\t<meta property=\"og:image:width\" content=\"1600\" \/>\n\t<meta property=\"og:image:height\" content=\"600\" \/>\n\t<meta property=\"og:image:type\" content=\"image\/jpeg\" \/>\n<meta name=\"twitter:card\" content=\"summary_large_image\" \/>\n<meta name=\"twitter:label1\" content=\"Tiempo de lectura\" \/>\n\t<meta name=\"twitter:data1\" content=\"1 minuto\" \/>\n<script type=\"application\/ld+json\" class=\"yoast-schema-graph\">{\"@context\":\"https:\/\/schema.org\",\"@graph\":[{\"@type\":\"WebPage\",\"@id\":\"https:\/\/came-italy.com\/es\/valores-y-codigo-etico\/\",\"url\":\"https:\/\/came-italy.com\/es\/valores-y-codigo-etico\/\",\"name\":\"Valores y C\u00f3digo \u00c9tico - Came Spa\",\"isPartOf\":{\"@id\":\"https:\/\/came-italy.com\/es\/#website\"},\"primaryImageOfPage\":{\"@id\":\"https:\/\/came-italy.com\/es\/valores-y-codigo-etico\/#primaryimage\"},\"image\":{\"@id\":\"https:\/\/came-italy.com\/es\/valores-y-codigo-etico\/#primaryimage\"},\"thumbnailUrl\":\"https:\/\/came-italy.com\/wp-content\/uploads\/2021\/08\/Codice-Etico.jpg\",\"datePublished\":\"2021-08-25T09:46:36+00:00\",\"dateModified\":\"2022-03-07T11:34:16+00:00\",\"breadcrumb\":{\"@id\":\"https:\/\/came-italy.com\/es\/valores-y-codigo-etico\/#breadcrumb\"},\"inLanguage\":\"es\",\"potentialAction\":[{\"@type\":\"ReadAction\",\"target\":[\"https:\/\/came-italy.com\/es\/valores-y-codigo-etico\/\"]}]},{\"@type\":\"ImageObject\",\"inLanguage\":\"es\",\"@id\":\"https:\/\/came-italy.com\/es\/valores-y-codigo-etico\/#primaryimage\",\"url\":\"https:\/\/came-italy.com\/wp-content\/uploads\/2021\/08\/Codice-Etico.jpg\",\"contentUrl\":\"https:\/\/came-italy.com\/wp-content\/uploads\/2021\/08\/Codice-Etico.jpg\",\"width\":1600,\"height\":600},{\"@type\":\"BreadcrumbList\",\"@id\":\"https:\/\/came-italy.com\/es\/valores-y-codigo-etico\/#breadcrumb\",\"itemListElement\":[{\"@type\":\"ListItem\",\"position\":1,\"name\":\"Home\",\"item\":\"https:\/\/came-italy.com\/es\/\"},{\"@type\":\"ListItem\",\"position\":2,\"name\":\"Valores y C\u00f3digo \u00c9tico\"}]},{\"@type\":\"WebSite\",\"@id\":\"https:\/\/came-italy.com\/es\/#website\",\"url\":\"https:\/\/came-italy.com\/es\/\",\"name\":\"Came Spa\",\"description\":\"Avvolgimenti e componenti per motori elettrici\",\"publisher\":{\"@id\":\"https:\/\/came-italy.com\/es\/#organization\"},\"potentialAction\":[{\"@type\":\"SearchAction\",\"target\":{\"@type\":\"EntryPoint\",\"urlTemplate\":\"https:\/\/came-italy.com\/es\/?s={search_term_string}\"},\"query-input\":{\"@type\":\"PropertyValueSpecification\",\"valueRequired\":true,\"valueName\":\"search_term_string\"}}],\"inLanguage\":\"es\"},{\"@type\":\"Organization\",\"@id\":\"https:\/\/came-italy.com\/es\/#organization\",\"name\":\"Came Spa\",\"url\":\"https:\/\/came-italy.com\/es\/\",\"logo\":{\"@type\":\"ImageObject\",\"inLanguage\":\"es\",\"@id\":\"https:\/\/came-italy.com\/es\/#\/schema\/logo\/image\/\",\"url\":\"https:\/\/came-italy.com\/wp-content\/uploads\/2016\/07\/logo-came-spa.png\",\"contentUrl\":\"https:\/\/came-italy.com\/wp-content\/uploads\/2016\/07\/logo-came-spa.png\",\"width\":766,\"height\":129,\"caption\":\"Came Spa\"},\"image\":{\"@id\":\"https:\/\/came-italy.com\/es\/#\/schema\/logo\/image\/\"}}]}<\/script>\n<!-- \/ Yoast SEO plugin. -->","yoast_head_json":{"title":"Valores y C\u00f3digo \u00c9tico - Came Spa","robots":{"index":"index","follow":"follow","max-snippet":"max-snippet:-1","max-image-preview":"max-image-preview:large","max-video-preview":"max-video-preview:-1"},"canonical":"https:\/\/came-italy.com\/es\/valores-y-codigo-etico\/","og_locale":"es_ES","og_type":"article","og_title":"Valores y C\u00f3digo \u00c9tico - Came Spa","og_description":"&nbsp; &nbsp; Los valores Gu\u00edan nuestras decisiones, son los ideales en los que siempre hemos cre\u00eddo Centralidad del cliente Estar atento a las necesidades de cada Cliente para acompa\u00f1arlo en su crecimiento Colaboraci\u00f3n y esp\u00edritu de equipo Ayudarse y respetarse, trabajar en equipo, superar los retos por el bien de la empresa y de nuestros [&hellip;]","og_url":"https:\/\/came-italy.com\/es\/valores-y-codigo-etico\/","og_site_name":"Came Spa","article_modified_time":"2022-03-07T11:34:16+00:00","og_image":[{"width":1600,"height":600,"url":"https:\/\/came-italy.com\/wp-content\/uploads\/2021\/08\/Codice-Etico.jpg","type":"image\/jpeg"}],"twitter_card":"summary_large_image","twitter_misc":{"Tiempo de lectura":"1 minuto"},"schema":{"@context":"https:\/\/schema.org","@graph":[{"@type":"WebPage","@id":"https:\/\/came-italy.com\/es\/valores-y-codigo-etico\/","url":"https:\/\/came-italy.com\/es\/valores-y-codigo-etico\/","name":"Valores y C\u00f3digo \u00c9tico - Came Spa","isPartOf":{"@id":"https:\/\/came-italy.com\/es\/#website"},"primaryImageOfPage":{"@id":"https:\/\/came-italy.com\/es\/valores-y-codigo-etico\/#primaryimage"},"image":{"@id":"https:\/\/came-italy.com\/es\/valores-y-codigo-etico\/#primaryimage"},"thumbnailUrl":"https:\/\/came-italy.com\/wp-content\/uploads\/2021\/08\/Codice-Etico.jpg","datePublished":"2021-08-25T09:46:36+00:00","dateModified":"2022-03-07T11:34:16+00:00","breadcrumb":{"@id":"https:\/\/came-italy.com\/es\/valores-y-codigo-etico\/#breadcrumb"},"inLanguage":"es","potentialAction":[{"@type":"ReadAction","target":["https:\/\/came-italy.com\/es\/valores-y-codigo-etico\/"]}]},{"@type":"ImageObject","inLanguage":"es","@id":"https:\/\/came-italy.com\/es\/valores-y-codigo-etico\/#primaryimage","url":"https:\/\/came-italy.com\/wp-content\/uploads\/2021\/08\/Codice-Etico.jpg","contentUrl":"https:\/\/came-italy.com\/wp-content\/uploads\/2021\/08\/Codice-Etico.jpg","width":1600,"height":600},{"@type":"BreadcrumbList","@id":"https:\/\/came-italy.com\/es\/valores-y-codigo-etico\/#breadcrumb","itemListElement":[{"@type":"ListItem","position":1,"name":"Home","item":"https:\/\/came-italy.com\/es\/"},{"@type":"ListItem","position":2,"name":"Valores y C\u00f3digo \u00c9tico"}]},{"@type":"WebSite","@id":"https:\/\/came-italy.com\/es\/#website","url":"https:\/\/came-italy.com\/es\/","name":"Came Spa","description":"Avvolgimenti e componenti per motori elettrici","publisher":{"@id":"https:\/\/came-italy.com\/es\/#organization"},"potentialAction":[{"@type":"SearchAction","target":{"@type":"EntryPoint","urlTemplate":"https:\/\/came-italy.com\/es\/?s={search_term_string}"},"query-input":{"@type":"PropertyValueSpecification","valueRequired":true,"valueName":"search_term_string"}}],"inLanguage":"es"},{"@type":"Organization","@id":"https:\/\/came-italy.com\/es\/#organization","name":"Came Spa","url":"https:\/\/came-italy.com\/es\/","logo":{"@type":"ImageObject","inLanguage":"es","@id":"https:\/\/came-italy.com\/es\/#\/schema\/logo\/image\/","url":"https:\/\/came-italy.com\/wp-content\/uploads\/2016\/07\/logo-came-spa.png","contentUrl":"https:\/\/came-italy.com\/wp-content\/uploads\/2016\/07\/logo-came-spa.png","width":766,"height":129,"caption":"Came Spa"},"image":{"@id":"https:\/\/came-italy.com\/es\/#\/schema\/logo\/image\/"}}]}},"_links":{"self":[{"href":"https:\/\/came-italy.com\/es\/wp-json\/wp\/v2\/pages\/12623","targetHints":{"allow":["GET"]}}],"collection":[{"href":"https:\/\/came-italy.com\/es\/wp-json\/wp\/v2\/pages"}],"about":[{"href":"https:\/\/came-italy.com\/es\/wp-json\/wp\/v2\/types\/page"}],"author":[{"embeddable":true,"href":"https:\/\/came-italy.com\/es\/wp-json\/wp\/v2\/users\/6"}],"replies":[{"embeddable":true,"href":"https:\/\/came-italy.com\/es\/wp-json\/wp\/v2\/comments?post=12623"}],"version-history":[{"count":5,"href":"https:\/\/came-italy.com\/es\/wp-json\/wp\/v2\/pages\/12623\/revisions"}],"predecessor-version":[{"id":13374,"href":"https:\/\/came-italy.com\/es\/wp-json\/wp\/v2\/pages\/12623\/revisions\/13374"}],"wp:featuredmedia":[{"embeddable":true,"href":"https:\/\/came-italy.com\/es\/wp-json\/wp\/v2\/media\/12582"}],"wp:attachment":[{"href":"https:\/\/came-italy.com\/es\/wp-json\/wp\/v2\/media?parent=12623"}],"curies":[{"name":"wp","href":"https:\/\/api.w.org\/{rel}","templated":true}]}}