{"id":12935,"date":"2021-11-09T13:55:03","date_gmt":"2021-11-09T12:55:03","guid":{"rendered":"https:\/\/came-italy.com\/?page_id=12935"},"modified":"2025-07-18T09:54:06","modified_gmt":"2025-07-18T07:54:06","slug":"certificados-came","status":"publish","type":"page","link":"https:\/\/came-italy.com\/es\/certificados-came\/","title":{"rendered":"Certificados Came"},"content":{"rendered":"<p>En su camino hacia la excelencia, la mejora continua y el desarrollo de la sostenibilidad, Came ha obtenido la&nbsp; certificaci\u00f3n de los siguientes sistemas de gesti\u00f3n:<br \/>\n&nbsp;<br \/>\n&#8211; <a href=\"https:\/\/came-italy.com\/wp-content\/uploads\/2025\/07\/CAME-SPA_UNI-EN-ISO-9001.pdf\" target=\"_blank\" rel=\"noopener\">Sistema de gesti\u00f3n de la calidad UNI EN ISO 9001:2015<\/a><br \/>\n&nbsp;<br \/>\n&#8211; <a href=\"\/wp-content\/uploads\/2024\/10\/Sistema-di-gestione-qualita-per-il-settore-Automotive-IATF-16949.pdf\" target=\"_blank\" rel=\"noopener\">Sistema de gesti\u00f3n de la calidad para la industria del autom\u00f3vil IATF 16949<\/a> (s\u00f3lo para la planta de fundici\u00f3n a presi\u00f3n)<br \/>\n&nbsp;<br \/>\n&#8211; Sistema de gesti\u00f3n de la seguridad y la salud en el trabajo <a href=\"\/wp-content\/uploads\/2025\/07\/CAME-SPA_UNI-EN-ISO-45001.pdf\" target=\"_blank\" rel=\"noopener\">UNI EN ISO 45001:2023<\/a><br \/>\n&nbsp;<br \/>\n&#8211; Sistema de gesti\u00f3n ambiental <a href=\"\/wp-content\/uploads\/2025\/07\/CAME-SPA_UNI-EN-ISO-14001.pdf\" target=\"_blank\" rel=\"noopener\">UNI EN ISO 14001:2015<\/a><br \/>\n&nbsp;<\/p>\n","protected":false},"excerpt":{"rendered":"<p>En su camino hacia la excelencia, la mejora continua y el desarrollo de la sostenibilidad, Came ha obtenido la&nbsp; certificaci\u00f3n de los siguientes sistemas de gesti\u00f3n: &nbsp; &#8211; Sistema de gesti\u00f3n de la calidad UNI EN ISO 9001:2015 &nbsp; &#8211; Sistema de gesti\u00f3n de la calidad para la industria del autom\u00f3vil IATF 16949 (s\u00f3lo para [&hellip;]<\/p>\n","protected":false},"author":6,"featured_media":12810,"parent":0,"menu_order":0,"comment_status":"closed","ping_status":"closed","template":"","meta":{"ngg_post_thumbnail":0,"footnotes":""},"class_list":["post-12935","page","type-page","status-publish","has-post-thumbnail","hentry"],"yoast_head":"<!-- This site is optimized with the Yoast SEO plugin v27.2 - https:\/\/yoast.com\/product\/yoast-seo-wordpress\/ -->\n<title>Certificados Came - Came Spa<\/title>\n<meta name=\"robots\" content=\"index, follow, max-snippet:-1, max-image-preview:large, max-video-preview:-1\" \/>\n<link rel=\"canonical\" href=\"https:\/\/came-italy.com\/es\/certificados-came\/\" \/>\n<meta property=\"og:locale\" content=\"es_ES\" \/>\n<meta property=\"og:type\" content=\"article\" \/>\n<meta property=\"og:title\" content=\"Certificados Came - Came Spa\" \/>\n<meta property=\"og:description\" content=\"En su camino hacia la excelencia, la mejora continua y el desarrollo de la sostenibilidad, Came ha obtenido la&nbsp; certificaci\u00f3n de los siguientes sistemas de gesti\u00f3n: &nbsp; &#8211; Sistema de gesti\u00f3n de la calidad UNI EN ISO 9001:2015 &nbsp; &#8211; Sistema de gesti\u00f3n de la calidad para la industria del autom\u00f3vil IATF 16949 (s\u00f3lo para [&hellip;]\" \/>\n<meta property=\"og:url\" content=\"https:\/\/came-italy.com\/es\/certificados-came\/\" \/>\n<meta property=\"og:site_name\" content=\"Came Spa\" \/>\n<meta property=\"article:modified_time\" content=\"2025-07-18T07:54:06+00:00\" \/>\n<meta property=\"og:image\" content=\"https:\/\/came-italy.com\/wp-content\/uploads\/2021\/10\/Certificati.jpg\" \/>\n\t<meta property=\"og:image:width\" content=\"1600\" \/>\n\t<meta property=\"og:image:height\" content=\"600\" \/>\n\t<meta property=\"og:image:type\" content=\"image\/jpeg\" \/>\n<meta name=\"twitter:card\" content=\"summary_large_image\" \/>\n<meta name=\"twitter:label1\" content=\"Tiempo de lectura\" \/>\n\t<meta name=\"twitter:data1\" content=\"1 minuto\" \/>\n<script type=\"application\/ld+json\" class=\"yoast-schema-graph\">{\"@context\":\"https:\/\/schema.org\",\"@graph\":[{\"@type\":\"WebPage\",\"@id\":\"https:\/\/came-italy.com\/es\/certificados-came\/\",\"url\":\"https:\/\/came-italy.com\/es\/certificados-came\/\",\"name\":\"Certificados Came - Came Spa\",\"isPartOf\":{\"@id\":\"https:\/\/came-italy.com\/es\/#website\"},\"primaryImageOfPage\":{\"@id\":\"https:\/\/came-italy.com\/es\/certificados-came\/#primaryimage\"},\"image\":{\"@id\":\"https:\/\/came-italy.com\/es\/certificados-came\/#primaryimage\"},\"thumbnailUrl\":\"https:\/\/came-italy.com\/wp-content\/uploads\/2021\/10\/Certificati.jpg\",\"datePublished\":\"2021-11-09T12:55:03+00:00\",\"dateModified\":\"2025-07-18T07:54:06+00:00\",\"breadcrumb\":{\"@id\":\"https:\/\/came-italy.com\/es\/certificados-came\/#breadcrumb\"},\"inLanguage\":\"es\",\"potentialAction\":[{\"@type\":\"ReadAction\",\"target\":[\"https:\/\/came-italy.com\/es\/certificados-came\/\"]}]},{\"@type\":\"ImageObject\",\"inLanguage\":\"es\",\"@id\":\"https:\/\/came-italy.com\/es\/certificados-came\/#primaryimage\",\"url\":\"https:\/\/came-italy.com\/wp-content\/uploads\/2021\/10\/Certificati.jpg\",\"contentUrl\":\"https:\/\/came-italy.com\/wp-content\/uploads\/2021\/10\/Certificati.jpg\",\"width\":1600,\"height\":600},{\"@type\":\"BreadcrumbList\",\"@id\":\"https:\/\/came-italy.com\/es\/certificados-came\/#breadcrumb\",\"itemListElement\":[{\"@type\":\"ListItem\",\"position\":1,\"name\":\"Home\",\"item\":\"https:\/\/came-italy.com\/es\/\"},{\"@type\":\"ListItem\",\"position\":2,\"name\":\"Certificados Came\"}]},{\"@type\":\"WebSite\",\"@id\":\"https:\/\/came-italy.com\/es\/#website\",\"url\":\"https:\/\/came-italy.com\/es\/\",\"name\":\"Came Spa\",\"description\":\"Avvolgimenti e componenti per motori elettrici\",\"publisher\":{\"@id\":\"https:\/\/came-italy.com\/es\/#organization\"},\"potentialAction\":[{\"@type\":\"SearchAction\",\"target\":{\"@type\":\"EntryPoint\",\"urlTemplate\":\"https:\/\/came-italy.com\/es\/?s={search_term_string}\"},\"query-input\":{\"@type\":\"PropertyValueSpecification\",\"valueRequired\":true,\"valueName\":\"search_term_string\"}}],\"inLanguage\":\"es\"},{\"@type\":\"Organization\",\"@id\":\"https:\/\/came-italy.com\/es\/#organization\",\"name\":\"Came Spa\",\"url\":\"https:\/\/came-italy.com\/es\/\",\"logo\":{\"@type\":\"ImageObject\",\"inLanguage\":\"es\",\"@id\":\"https:\/\/came-italy.com\/es\/#\/schema\/logo\/image\/\",\"url\":\"https:\/\/came-italy.com\/wp-content\/uploads\/2016\/07\/logo-came-spa.png\",\"contentUrl\":\"https:\/\/came-italy.com\/wp-content\/uploads\/2016\/07\/logo-came-spa.png\",\"width\":766,\"height\":129,\"caption\":\"Came Spa\"},\"image\":{\"@id\":\"https:\/\/came-italy.com\/es\/#\/schema\/logo\/image\/\"}}]}<\/script>\n<!-- \/ Yoast SEO plugin. -->","yoast_head_json":{"title":"Certificados Came - Came Spa","robots":{"index":"index","follow":"follow","max-snippet":"max-snippet:-1","max-image-preview":"max-image-preview:large","max-video-preview":"max-video-preview:-1"},"canonical":"https:\/\/came-italy.com\/es\/certificados-came\/","og_locale":"es_ES","og_type":"article","og_title":"Certificados Came - Came Spa","og_description":"En su camino hacia la excelencia, la mejora continua y el desarrollo de la sostenibilidad, Came ha obtenido la&nbsp; certificaci\u00f3n de los siguientes sistemas de gesti\u00f3n: &nbsp; &#8211; Sistema de gesti\u00f3n de la calidad UNI EN ISO 9001:2015 &nbsp; &#8211; Sistema de gesti\u00f3n de la calidad para la industria del autom\u00f3vil IATF 16949 (s\u00f3lo para [&hellip;]","og_url":"https:\/\/came-italy.com\/es\/certificados-came\/","og_site_name":"Came Spa","article_modified_time":"2025-07-18T07:54:06+00:00","og_image":[{"width":1600,"height":600,"url":"https:\/\/came-italy.com\/wp-content\/uploads\/2021\/10\/Certificati.jpg","type":"image\/jpeg"}],"twitter_card":"summary_large_image","twitter_misc":{"Tiempo de lectura":"1 minuto"},"schema":{"@context":"https:\/\/schema.org","@graph":[{"@type":"WebPage","@id":"https:\/\/came-italy.com\/es\/certificados-came\/","url":"https:\/\/came-italy.com\/es\/certificados-came\/","name":"Certificados Came - Came Spa","isPartOf":{"@id":"https:\/\/came-italy.com\/es\/#website"},"primaryImageOfPage":{"@id":"https:\/\/came-italy.com\/es\/certificados-came\/#primaryimage"},"image":{"@id":"https:\/\/came-italy.com\/es\/certificados-came\/#primaryimage"},"thumbnailUrl":"https:\/\/came-italy.com\/wp-content\/uploads\/2021\/10\/Certificati.jpg","datePublished":"2021-11-09T12:55:03+00:00","dateModified":"2025-07-18T07:54:06+00:00","breadcrumb":{"@id":"https:\/\/came-italy.com\/es\/certificados-came\/#breadcrumb"},"inLanguage":"es","potentialAction":[{"@type":"ReadAction","target":["https:\/\/came-italy.com\/es\/certificados-came\/"]}]},{"@type":"ImageObject","inLanguage":"es","@id":"https:\/\/came-italy.com\/es\/certificados-came\/#primaryimage","url":"https:\/\/came-italy.com\/wp-content\/uploads\/2021\/10\/Certificati.jpg","contentUrl":"https:\/\/came-italy.com\/wp-content\/uploads\/2021\/10\/Certificati.jpg","width":1600,"height":600},{"@type":"BreadcrumbList","@id":"https:\/\/came-italy.com\/es\/certificados-came\/#breadcrumb","itemListElement":[{"@type":"ListItem","position":1,"name":"Home","item":"https:\/\/came-italy.com\/es\/"},{"@type":"ListItem","position":2,"name":"Certificados Came"}]},{"@type":"WebSite","@id":"https:\/\/came-italy.com\/es\/#website","url":"https:\/\/came-italy.com\/es\/","name":"Came Spa","description":"Avvolgimenti e componenti per motori elettrici","publisher":{"@id":"https:\/\/came-italy.com\/es\/#organization"},"potentialAction":[{"@type":"SearchAction","target":{"@type":"EntryPoint","urlTemplate":"https:\/\/came-italy.com\/es\/?s={search_term_string}"},"query-input":{"@type":"PropertyValueSpecification","valueRequired":true,"valueName":"search_term_string"}}],"inLanguage":"es"},{"@type":"Organization","@id":"https:\/\/came-italy.com\/es\/#organization","name":"Came Spa","url":"https:\/\/came-italy.com\/es\/","logo":{"@type":"ImageObject","inLanguage":"es","@id":"https:\/\/came-italy.com\/es\/#\/schema\/logo\/image\/","url":"https:\/\/came-italy.com\/wp-content\/uploads\/2016\/07\/logo-came-spa.png","contentUrl":"https:\/\/came-italy.com\/wp-content\/uploads\/2016\/07\/logo-came-spa.png","width":766,"height":129,"caption":"Came Spa"},"image":{"@id":"https:\/\/came-italy.com\/es\/#\/schema\/logo\/image\/"}}]}},"_links":{"self":[{"href":"https:\/\/came-italy.com\/es\/wp-json\/wp\/v2\/pages\/12935","targetHints":{"allow":["GET"]}}],"collection":[{"href":"https:\/\/came-italy.com\/es\/wp-json\/wp\/v2\/pages"}],"about":[{"href":"https:\/\/came-italy.com\/es\/wp-json\/wp\/v2\/types\/page"}],"author":[{"embeddable":true,"href":"https:\/\/came-italy.com\/es\/wp-json\/wp\/v2\/users\/6"}],"replies":[{"embeddable":true,"href":"https:\/\/came-italy.com\/es\/wp-json\/wp\/v2\/comments?post=12935"}],"version-history":[{"count":16,"href":"https:\/\/came-italy.com\/es\/wp-json\/wp\/v2\/pages\/12935\/revisions"}],"predecessor-version":[{"id":19081,"href":"https:\/\/came-italy.com\/es\/wp-json\/wp\/v2\/pages\/12935\/revisions\/19081"}],"wp:featuredmedia":[{"embeddable":true,"href":"https:\/\/came-italy.com\/es\/wp-json\/wp\/v2\/media\/12810"}],"wp:attachment":[{"href":"https:\/\/came-italy.com\/es\/wp-json\/wp\/v2\/media?parent=12935"}],"curies":[{"name":"wp","href":"https:\/\/api.w.org\/{rel}","templated":true}]}}