{"id":20355,"date":"2026-05-04T14:22:44","date_gmt":"2026-05-04T12:22:44","guid":{"rendered":"https:\/\/came-italy.com\/?page_id=20355"},"modified":"2026-05-04T14:22:44","modified_gmt":"2026-05-04T12:22:44","slug":"politica-de-igualdad-de-genero","status":"publish","type":"page","link":"https:\/\/came-italy.com\/es\/politica-de-igualdad-de-genero\/","title":{"rendered":"Pol\u00edtica de Igualdad de G\u00e9nero"},"content":{"rendered":"<div class=\"entry_line\">&nbsp;<\/div>\n<div class=\"col-2\">La pol\u00edtica de Came en materia de igualdad de g\u00e9nero tiene como objetivo promover un entorno de trabajo justo, inclusivo y respetuoso, en el que cada persona pueda expresar su valor, sus competencias y su potencial.<br \/>\n<br \/>\nEn Came consideramos la igualdad de g\u00e9nero un elemento fundamental para el crecimiento empresarial, el bienestar de las personas y el desarrollo de una cultura organizativa basada en el respeto, la responsabilidad y la colaboraci\u00f3n.<br \/>\n<br \/>\nLos principales valores para alcanzar nuestros objetivos estrat\u00e9gicos son la valorizaci\u00f3n de las competencias, la igualdad de oportunidades de crecimiento, la implicaci\u00f3n de las personas y la mejora continua de los procesos organizativos.<br \/>\n<br \/>\nA trav\u00e9s de esta pol\u00edtica, Came se compromete a prevenir cualquier forma de discriminaci\u00f3n, fomentar un lenguaje y comportamientos inclusivos, apoyar el equilibrio entre la vida profesional y personal y promover trayectorias de crecimiento basadas en el m\u00e9rito, las capacidades y la participaci\u00f3n.<br \/>\n<br \/>\n<a href=\"\/wp-content\/uploads\/2026\/05\/DOC.02.03-Politica-Parita-di-Genere_OK.pdf\" target=\"_blank\" rel=\"noopener\">Pod\u00e9is leer nuestra Pol\u00edtica de Igualdad de G\u00e9nero<\/a>\n<\/div>\n<div class=\"col-2 col-2-right\">\n<h2 class=\"h2_20 orange\">Cont\u00e1ctanos<\/h2>\n\n<div class=\"wpcf7 no-js\" id=\"wpcf7-f3815-o1\" lang=\"it-IT\" dir=\"ltr\" data-wpcf7-id=\"3815\">\n<div class=\"screen-reader-response\"><p role=\"status\" aria-live=\"polite\" aria-atomic=\"true\"><\/p> <ul><\/ul><\/div>\n<form action=\"\/es\/wp-json\/wp\/v2\/pages\/20355#wpcf7-f3815-o1\" method=\"post\" class=\"wpcf7-form init\" aria-label=\"Modulo di contatto\" novalidate=\"novalidate\" data-status=\"init\">\n<fieldset class=\"hidden-fields-container\"><input type=\"hidden\" name=\"_wpcf7\" value=\"3815\" \/><input type=\"hidden\" name=\"_wpcf7_version\" value=\"6.1.5\" \/><input type=\"hidden\" name=\"_wpcf7_locale\" value=\"it_IT\" \/><input type=\"hidden\" name=\"_wpcf7_unit_tag\" value=\"wpcf7-f3815-o1\" \/><input type=\"hidden\" name=\"_wpcf7_container_post\" value=\"0\" \/><input type=\"hidden\" name=\"_wpcf7_posted_data_hash\" value=\"\" \/><input type=\"hidden\" name=\"_wpcf7_recaptcha_response\" value=\"\" \/>\n<\/fieldset>\n<p><label>Tu nombre<\/label><span class=\"wpcf7-form-control-wrap\" data-name=\"your-name\"><input size=\"40\" maxlength=\"400\" class=\"wpcf7-form-control wpcf7-text wpcf7-validates-as-required\" aria-required=\"true\" aria-invalid=\"false\" value=\"\" type=\"text\" name=\"your-name\" \/><\/span><br \/>\n<label>Tu correo electr\u00f3nico<\/label><span class=\"wpcf7-form-control-wrap\" data-name=\"your-email\"><input size=\"40\" maxlength=\"400\" class=\"wpcf7-form-control wpcf7-email wpcf7-validates-as-required wpcf7-text wpcf7-validates-as-email\" aria-required=\"true\" aria-invalid=\"false\" value=\"\" type=\"email\" name=\"your-email\" \/><\/span><br \/>\n<label>Tel\u00e9fono<\/label><span class=\"wpcf7-form-control-wrap\" data-name=\"tel-182s\"><input size=\"40\" maxlength=\"400\" class=\"wpcf7-form-control wpcf7-tel wpcf7-validates-as-required wpcf7-text wpcf7-validates-as-tel\" aria-required=\"true\" aria-invalid=\"false\" value=\"\" type=\"tel\" name=\"tel-182s\" \/><\/span><br \/>\n<label>Tema<\/label><span class=\"wpcf7-form-control-wrap\" data-name=\"your-subject\"><input size=\"40\" maxlength=\"400\" class=\"wpcf7-form-control wpcf7-text wpcf7-validates-as-required\" aria-required=\"true\" aria-invalid=\"false\" value=\"\" type=\"text\" name=\"your-subject\" \/><\/span><br \/>\n<label>Mensaje<\/label>\n<\/p>\n<div id=\"form_message_2\">\n\t<p><span class=\"wpcf7-form-control-wrap\" data-name=\"your-message\"><textarea cols=\"40\" rows=\"10\" maxlength=\"2000\" class=\"wpcf7-form-control wpcf7-textarea\" aria-invalid=\"false\" name=\"your-message\"><\/textarea><\/span>\n\t<\/p>\n<\/div>\n<p><span class='form-checkbox'><span class=\"wpcf7-form-control-wrap\" data-name=\"newsletter\"><span class=\"wpcf7-form-control wpcf7-checkbox\" id=\"checkbox-newsletter\"><span class=\"wpcf7-list-item first last\"><input type=\"checkbox\" name=\"newsletter[]\" value=\"Inscr\u00edbete a nuestra newsletter\" \/><span class=\"wpcf7-list-item-label\">Inscr\u00edbete a nuestra newsletter<\/span><\/span><\/span><\/span><\/span><br \/>\n<span class='form-checkbox'><span class=\"wpcf7-form-control-wrap\" data-name=\"privacy-policy\"><span class=\"wpcf7-form-control wpcf7-acceptance\"><span class=\"wpcf7-list-item\"><label><input type=\"checkbox\" name=\"privacy-policy\" value=\"1\" aria-invalid=\"false\" \/><span class=\"wpcf7-list-item-label\"><\/span> He le\u00eddo y acepto <a href=\"https:\/\/came-italy.com\/it\/privacy-policy\/\">Privacy Policy<\/a><\/span><\/label><\/span><\/span><\/span><br \/>\n<\/span>\n<\/p>\n<div id=\"submit-die-casting\">\n\t<p><input class=\"wpcf7-form-control wpcf7-submit has-spinner\" type=\"submit\" value=\"ENIVAR\" \/>\n\t<\/p>\n<\/div><div class=\"wpcf7-response-output\" aria-hidden=\"true\"><\/div>\n<\/form>\n<\/div>\n\n<\/div>\n","protected":false},"excerpt":{"rendered":"<p>&nbsp; La pol\u00edtica de Came en materia de igualdad de g\u00e9nero tiene como objetivo promover un entorno de trabajo justo, inclusivo y respetuoso, en el que cada persona pueda expresar su valor, sus competencias y su potencial. En Came consideramos la igualdad de g\u00e9nero un elemento fundamental para el crecimiento empresarial, el bienestar de las [&hellip;]<\/p>\n","protected":false},"author":1,"featured_media":0,"parent":0,"menu_order":0,"comment_status":"closed","ping_status":"closed","template":"","meta":{"ngg_post_thumbnail":0,"footnotes":""},"class_list":["post-20355","page","type-page","status-publish","hentry"],"yoast_head":"<!-- This site is optimized with the Yoast SEO plugin v27.5 - https:\/\/yoast.com\/product\/yoast-seo-wordpress\/ -->\n<title>Pol\u00edtica de Igualdad de G\u00e9nero - Came Spa<\/title>\n<meta name=\"robots\" content=\"index, follow, max-snippet:-1, max-image-preview:large, max-video-preview:-1\" \/>\n<link rel=\"canonical\" href=\"https:\/\/came-italy.com\/es\/politica-de-igualdad-de-genero\/\" \/>\n<meta property=\"og:locale\" content=\"es_ES\" \/>\n<meta property=\"og:type\" content=\"article\" \/>\n<meta property=\"og:title\" content=\"Pol\u00edtica de Igualdad de G\u00e9nero - Came Spa\" \/>\n<meta property=\"og:description\" content=\"&nbsp; La pol\u00edtica de Came en materia de igualdad de g\u00e9nero tiene como objetivo promover un entorno de trabajo justo, inclusivo y respetuoso, en el que cada persona pueda expresar su valor, sus competencias y su potencial. En Came consideramos la igualdad de g\u00e9nero un elemento fundamental para el crecimiento empresarial, el bienestar de las [&hellip;]\" \/>\n<meta property=\"og:url\" content=\"https:\/\/came-italy.com\/es\/politica-de-igualdad-de-genero\/\" \/>\n<meta property=\"og:site_name\" content=\"Came Spa\" \/>\n<meta name=\"twitter:card\" content=\"summary_large_image\" \/>\n<script type=\"application\/ld+json\" class=\"yoast-schema-graph\">{\"@context\":\"https:\\\/\\\/schema.org\",\"@graph\":[{\"@type\":\"WebPage\",\"@id\":\"https:\\\/\\\/came-italy.com\\\/es\\\/politica-de-igualdad-de-genero\\\/\",\"url\":\"https:\\\/\\\/came-italy.com\\\/es\\\/politica-de-igualdad-de-genero\\\/\",\"name\":\"Pol\u00edtica de Igualdad de G\u00e9nero - Came Spa\",\"isPartOf\":{\"@id\":\"https:\\\/\\\/came-italy.com\\\/es\\\/#website\"},\"datePublished\":\"2026-05-04T12:22:44+00:00\",\"breadcrumb\":{\"@id\":\"https:\\\/\\\/came-italy.com\\\/es\\\/politica-de-igualdad-de-genero\\\/#breadcrumb\"},\"inLanguage\":\"es\",\"potentialAction\":[{\"@type\":\"ReadAction\",\"target\":[\"https:\\\/\\\/came-italy.com\\\/es\\\/politica-de-igualdad-de-genero\\\/\"]}]},{\"@type\":\"BreadcrumbList\",\"@id\":\"https:\\\/\\\/came-italy.com\\\/es\\\/politica-de-igualdad-de-genero\\\/#breadcrumb\",\"itemListElement\":[{\"@type\":\"ListItem\",\"position\":1,\"name\":\"Home\",\"item\":\"https:\\\/\\\/came-italy.com\\\/es\\\/\"},{\"@type\":\"ListItem\",\"position\":2,\"name\":\"Pol\u00edtica de Igualdad de G\u00e9nero\"}]},{\"@type\":\"WebSite\",\"@id\":\"https:\\\/\\\/came-italy.com\\\/es\\\/#website\",\"url\":\"https:\\\/\\\/came-italy.com\\\/es\\\/\",\"name\":\"Came Spa\",\"description\":\"Avvolgimenti e componenti per motori elettrici\",\"publisher\":{\"@id\":\"https:\\\/\\\/came-italy.com\\\/es\\\/#organization\"},\"potentialAction\":[{\"@type\":\"SearchAction\",\"target\":{\"@type\":\"EntryPoint\",\"urlTemplate\":\"https:\\\/\\\/came-italy.com\\\/es\\\/?s={search_term_string}\"},\"query-input\":{\"@type\":\"PropertyValueSpecification\",\"valueRequired\":true,\"valueName\":\"search_term_string\"}}],\"inLanguage\":\"es\"},{\"@type\":\"Organization\",\"@id\":\"https:\\\/\\\/came-italy.com\\\/es\\\/#organization\",\"name\":\"Came Spa\",\"url\":\"https:\\\/\\\/came-italy.com\\\/es\\\/\",\"logo\":{\"@type\":\"ImageObject\",\"inLanguage\":\"es\",\"@id\":\"https:\\\/\\\/came-italy.com\\\/es\\\/#\\\/schema\\\/logo\\\/image\\\/\",\"url\":\"https:\\\/\\\/came-italy.com\\\/wp-content\\\/uploads\\\/2016\\\/07\\\/logo-came-spa.png\",\"contentUrl\":\"https:\\\/\\\/came-italy.com\\\/wp-content\\\/uploads\\\/2016\\\/07\\\/logo-came-spa.png\",\"width\":766,\"height\":129,\"caption\":\"Came Spa\"},\"image\":{\"@id\":\"https:\\\/\\\/came-italy.com\\\/es\\\/#\\\/schema\\\/logo\\\/image\\\/\"}}]}<\/script>\n<!-- \/ Yoast SEO plugin. -->","yoast_head_json":{"title":"Pol\u00edtica de Igualdad de G\u00e9nero - Came Spa","robots":{"index":"index","follow":"follow","max-snippet":"max-snippet:-1","max-image-preview":"max-image-preview:large","max-video-preview":"max-video-preview:-1"},"canonical":"https:\/\/came-italy.com\/es\/politica-de-igualdad-de-genero\/","og_locale":"es_ES","og_type":"article","og_title":"Pol\u00edtica de Igualdad de G\u00e9nero - Came Spa","og_description":"&nbsp; La pol\u00edtica de Came en materia de igualdad de g\u00e9nero tiene como objetivo promover un entorno de trabajo justo, inclusivo y respetuoso, en el que cada persona pueda expresar su valor, sus competencias y su potencial. En Came consideramos la igualdad de g\u00e9nero un elemento fundamental para el crecimiento empresarial, el bienestar de las [&hellip;]","og_url":"https:\/\/came-italy.com\/es\/politica-de-igualdad-de-genero\/","og_site_name":"Came Spa","twitter_card":"summary_large_image","schema":{"@context":"https:\/\/schema.org","@graph":[{"@type":"WebPage","@id":"https:\/\/came-italy.com\/es\/politica-de-igualdad-de-genero\/","url":"https:\/\/came-italy.com\/es\/politica-de-igualdad-de-genero\/","name":"Pol\u00edtica de Igualdad de G\u00e9nero - Came Spa","isPartOf":{"@id":"https:\/\/came-italy.com\/es\/#website"},"datePublished":"2026-05-04T12:22:44+00:00","breadcrumb":{"@id":"https:\/\/came-italy.com\/es\/politica-de-igualdad-de-genero\/#breadcrumb"},"inLanguage":"es","potentialAction":[{"@type":"ReadAction","target":["https:\/\/came-italy.com\/es\/politica-de-igualdad-de-genero\/"]}]},{"@type":"BreadcrumbList","@id":"https:\/\/came-italy.com\/es\/politica-de-igualdad-de-genero\/#breadcrumb","itemListElement":[{"@type":"ListItem","position":1,"name":"Home","item":"https:\/\/came-italy.com\/es\/"},{"@type":"ListItem","position":2,"name":"Pol\u00edtica de Igualdad de G\u00e9nero"}]},{"@type":"WebSite","@id":"https:\/\/came-italy.com\/es\/#website","url":"https:\/\/came-italy.com\/es\/","name":"Came Spa","description":"Avvolgimenti e componenti per motori elettrici","publisher":{"@id":"https:\/\/came-italy.com\/es\/#organization"},"potentialAction":[{"@type":"SearchAction","target":{"@type":"EntryPoint","urlTemplate":"https:\/\/came-italy.com\/es\/?s={search_term_string}"},"query-input":{"@type":"PropertyValueSpecification","valueRequired":true,"valueName":"search_term_string"}}],"inLanguage":"es"},{"@type":"Organization","@id":"https:\/\/came-italy.com\/es\/#organization","name":"Came Spa","url":"https:\/\/came-italy.com\/es\/","logo":{"@type":"ImageObject","inLanguage":"es","@id":"https:\/\/came-italy.com\/es\/#\/schema\/logo\/image\/","url":"https:\/\/came-italy.com\/wp-content\/uploads\/2016\/07\/logo-came-spa.png","contentUrl":"https:\/\/came-italy.com\/wp-content\/uploads\/2016\/07\/logo-came-spa.png","width":766,"height":129,"caption":"Came Spa"},"image":{"@id":"https:\/\/came-italy.com\/es\/#\/schema\/logo\/image\/"}}]}},"_links":{"self":[{"href":"https:\/\/came-italy.com\/es\/wp-json\/wp\/v2\/pages\/20355","targetHints":{"allow":["GET"]}}],"collection":[{"href":"https:\/\/came-italy.com\/es\/wp-json\/wp\/v2\/pages"}],"about":[{"href":"https:\/\/came-italy.com\/es\/wp-json\/wp\/v2\/types\/page"}],"author":[{"embeddable":true,"href":"https:\/\/came-italy.com\/es\/wp-json\/wp\/v2\/users\/1"}],"replies":[{"embeddable":true,"href":"https:\/\/came-italy.com\/es\/wp-json\/wp\/v2\/comments?post=20355"}],"version-history":[{"count":1,"href":"https:\/\/came-italy.com\/es\/wp-json\/wp\/v2\/pages\/20355\/revisions"}],"predecessor-version":[{"id":20356,"href":"https:\/\/came-italy.com\/es\/wp-json\/wp\/v2\/pages\/20355\/revisions\/20356"}],"wp:attachment":[{"href":"https:\/\/came-italy.com\/es\/wp-json\/wp\/v2\/media?parent=20355"}],"curies":[{"name":"wp","href":"https:\/\/api.w.org\/{rel}","templated":true}]}}