{"id":2359,"date":"2016-05-06T16:47:10","date_gmt":"2016-05-06T16:47:10","guid":{"rendered":"http:\/\/came-italy.loc\/es\/?page_id=2359"},"modified":"2022-06-16T12:46:09","modified_gmt":"2022-06-16T10:46:09","slug":"came","status":"publish","type":"page","link":"https:\/\/came-italy.com\/es\/came\/","title":{"rendered":"Came"},"content":{"rendered":"<div class=\"entry_line\">&nbsp;<\/div>\n<div class=\"col-2\">\nEl mercado global est\u00e1 cambiando r\u00e1pidamente, situando en el centro la sostenibilidad y la innovaci\u00f3n, exactamente entre las necesidades del mercado y la capacidad de producci\u00f3n. Las empresas necesitan partners que puedan innovar y producir con ellas.<br \/>\n&nbsp;<br \/>\nCame se dedica desde hace 40 a\u00f1os a los componentes para motores el\u00e9ctricos, bobinados y piezas de fundici\u00f3n a presi\u00f3n de aluminio. A lo largo de nuestra historia hemos desarrollado valores, habilidades y experiencias que nos sit\u00faan como l\u00edderes europeos con solidez y visi\u00f3n de futuro.<br \/>\n&nbsp;<br \/>\nLa marca Came se basa en valores, como la centralidad del cliente y la mejora continua hacia la innovaci\u00f3n.<br \/>\nPara mantener la promesa de estos valores, Came utiliza una s\u00f3lida estructura de gesti\u00f3n y trabajo en equipo en todos los procesos, que abarca desde el codise\u00f1o, calidad, I+D, producci\u00f3n y log\u00edstica.<\/p>\n<h2 class=\"h2_20--black\">Factores de \u00e9xito \/ Beneficios para el Cliente<\/h2>\n<div class=\"orange-bullet font-20\">Solidez de la empresa<\/div>\n<div class=\"orange-bullet font-20\">Gesti\u00f3n ajustada y eficaz del aprovisionamiento (contratista principal)<\/div>\n<div class=\"orange-bullet font-20\">Servicios de innovaci\u00f3n e I+D para el desarrollo de nuevos productos<\/div>\n<div class=\"orange-bullet font-20\">Servicios de codise\u00f1o y dise\u00f1o de componentes de aluminio fundido a presi\u00f3n<\/div>\n<div class=\"orange-bullet font-20\">Optimizaci\u00f3n de los pedidos, de los plazos de entrega y del almac\u00e9n<\/div>\n<div class=\"orange-bullet font-20\">Proveedor \u00fanico de soluciones: bobinados, piezas de fundici\u00f3n a presi\u00f3n, ensamblajes, gesti\u00f3n de estatores, rotores, ejes<\/div>\n<\/div>\n<div class=\"col-2 col-2-right\">\n<h2 class=\"h2_20 orange\">Cont\u00e1ctanos<\/h2>\n\n<div class=\"wpcf7 no-js\" id=\"wpcf7-f3815-o1\" lang=\"it-IT\" dir=\"ltr\" data-wpcf7-id=\"3815\">\n<div class=\"screen-reader-response\"><p role=\"status\" aria-live=\"polite\" aria-atomic=\"true\"><\/p> <ul><\/ul><\/div>\n<form action=\"\/es\/wp-json\/wp\/v2\/pages\/2359#wpcf7-f3815-o1\" method=\"post\" class=\"wpcf7-form init\" aria-label=\"Modulo di contatto\" novalidate=\"novalidate\" data-status=\"init\">\n<fieldset class=\"hidden-fields-container\"><input type=\"hidden\" name=\"_wpcf7\" value=\"3815\" \/><input type=\"hidden\" name=\"_wpcf7_version\" value=\"6.1.5\" \/><input type=\"hidden\" name=\"_wpcf7_locale\" value=\"it_IT\" \/><input type=\"hidden\" name=\"_wpcf7_unit_tag\" value=\"wpcf7-f3815-o1\" \/><input type=\"hidden\" name=\"_wpcf7_container_post\" value=\"0\" \/><input type=\"hidden\" name=\"_wpcf7_posted_data_hash\" value=\"\" \/><input type=\"hidden\" name=\"_wpcf7_recaptcha_response\" value=\"\" \/>\n<\/fieldset>\n<p><label>Tu nombre<\/label><span class=\"wpcf7-form-control-wrap\" data-name=\"your-name\"><input size=\"40\" maxlength=\"400\" class=\"wpcf7-form-control wpcf7-text wpcf7-validates-as-required\" aria-required=\"true\" aria-invalid=\"false\" value=\"\" type=\"text\" name=\"your-name\" \/><\/span><br \/>\n<label>Tu correo electr\u00f3nico<\/label><span class=\"wpcf7-form-control-wrap\" data-name=\"your-email\"><input size=\"40\" maxlength=\"400\" class=\"wpcf7-form-control wpcf7-email wpcf7-validates-as-required wpcf7-text wpcf7-validates-as-email\" aria-required=\"true\" aria-invalid=\"false\" value=\"\" type=\"email\" name=\"your-email\" \/><\/span><br \/>\n<label>Tel\u00e9fono<\/label><span class=\"wpcf7-form-control-wrap\" data-name=\"tel-182s\"><input size=\"40\" maxlength=\"400\" class=\"wpcf7-form-control wpcf7-tel wpcf7-validates-as-required wpcf7-text wpcf7-validates-as-tel\" aria-required=\"true\" aria-invalid=\"false\" value=\"\" type=\"tel\" name=\"tel-182s\" \/><\/span><br \/>\n<label>Tema<\/label><span class=\"wpcf7-form-control-wrap\" data-name=\"your-subject\"><input size=\"40\" maxlength=\"400\" class=\"wpcf7-form-control wpcf7-text wpcf7-validates-as-required\" aria-required=\"true\" aria-invalid=\"false\" value=\"\" type=\"text\" name=\"your-subject\" \/><\/span><br \/>\n<label>Mensaje<\/label>\n<\/p>\n<div id=\"form_message_2\">\n\t<p><span class=\"wpcf7-form-control-wrap\" data-name=\"your-message\"><textarea cols=\"40\" rows=\"10\" maxlength=\"2000\" class=\"wpcf7-form-control wpcf7-textarea\" aria-invalid=\"false\" name=\"your-message\"><\/textarea><\/span>\n\t<\/p>\n<\/div>\n<p><span class='form-checkbox'><span class=\"wpcf7-form-control-wrap\" data-name=\"newsletter\"><span class=\"wpcf7-form-control wpcf7-checkbox\" id=\"checkbox-newsletter\"><span class=\"wpcf7-list-item first last\"><input type=\"checkbox\" name=\"newsletter[]\" value=\"Inscr\u00edbete a nuestra newsletter\" \/><span class=\"wpcf7-list-item-label\">Inscr\u00edbete a nuestra newsletter<\/span><\/span><\/span><\/span><\/span><br \/>\n<span class='form-checkbox'><span class=\"wpcf7-form-control-wrap\" data-name=\"privacy-policy\"><span class=\"wpcf7-form-control wpcf7-acceptance\"><span class=\"wpcf7-list-item\"><label><input type=\"checkbox\" name=\"privacy-policy\" value=\"1\" aria-invalid=\"false\" \/><span class=\"wpcf7-list-item-label\"><\/span> He le\u00eddo y acepto <a href=\"https:\/\/came-italy.com\/it\/privacy-policy\/\">Privacy Policy<\/a><\/span><\/label><\/span><\/span><\/span><br \/>\n<\/span>\n<\/p>\n<div id=\"submit-die-casting\">\n\t<p><input class=\"wpcf7-form-control wpcf7-submit has-spinner\" type=\"submit\" value=\"ENIVAR\" \/>\n\t<\/p>\n<\/div><div class=\"wpcf7-response-output\" aria-hidden=\"true\"><\/div>\n<\/form>\n<\/div>\n<\/div>\n<div class=\"page-block\">\n<h1 class=\"title\">Sectores de aplicaci\u00f3n<\/h1>\n<div class=\"entry_line\"><\/div>\n<table class=\"application-sectors\">\n<tbody>\n<tr>\n<td><img loading=\"lazy\" decoding=\"async\" class=\"alignnone size-large wp-image-2235\" src=\"https:\/\/came-italy.com\/wp-content\/uploads\/2016\/04\/motori-eletricci.jpg\" alt=\"motori-eletricci\" width=\"240\" height=\"240\" \/><br \/>\nMotores el\u00e9ctricos<\/td>\n<td><img loading=\"lazy\" decoding=\"async\" class=\"alignnone size-large wp-image-2236\" src=\"https:\/\/came-italy.com\/wp-content\/uploads\/2016\/04\/motoriduttori.jpg\" alt=\"motoriduttori\" width=\"240\" height=\"240\" \/><br \/>\nMotorreductores<\/td>\n<td><img loading=\"lazy\" decoding=\"async\" class=\"alignnone size-large wp-image-2234\" src=\"https:\/\/came-italy.com\/wp-content\/uploads\/2016\/04\/pompe.jpg\" alt=\"pompe\" width=\"240\" height=\"240\" \/><br \/>\nBombas<\/td>\n<td><img loading=\"lazy\" decoding=\"async\" class=\"alignnone size-large wp-image-2233\" src=\"https:\/\/came-italy.com\/wp-content\/uploads\/2016\/04\/motori-per-autoveicoli.jpg\" alt=\"motori-per-autoveicoli\" width=\"240\" height=\"240\" \/><br \/>\nMotores para autom\u00f3viles<\/td>\n<td><img loading=\"lazy\" decoding=\"async\" class=\"alignnone size-large wp-image-2232\" src=\"https:\/\/came-italy.com\/wp-content\/uploads\/2016\/04\/compressori.jpg\" alt=\"compressori\" width=\"240\" height=\"240\" \/><br \/>\nCompresores<\/td>\n<td><img loading=\"lazy\" decoding=\"async\" class=\"alignnone size-full wp-image-2231\" src=\"https:\/\/came-italy.com\/wp-content\/uploads\/2016\/04\/pompe-sommerse.jpg\" alt=\"pompe-sommerse\" width=\"240\" height=\"240\" \/><br \/>\nBombas sumergibles<\/td>\n<\/tr>\n<\/tbody>\n<\/table>\n<\/div>\n","protected":false},"excerpt":{"rendered":"<p>&nbsp; El mercado global est\u00e1 cambiando r\u00e1pidamente, situando en el centro la sostenibilidad y la innovaci\u00f3n, exactamente entre las necesidades del mercado y la capacidad de producci\u00f3n. Las empresas necesitan partners que puedan innovar y producir con ellas. &nbsp; Came se dedica desde hace 40 a\u00f1os a los componentes para motores el\u00e9ctricos, bobinados y piezas [&hellip;]<\/p>\n","protected":false},"author":1,"featured_media":13951,"parent":0,"menu_order":0,"comment_status":"closed","ping_status":"closed","template":"","meta":{"ngg_post_thumbnail":0,"footnotes":""},"class_list":["post-2359","page","type-page","status-publish","has-post-thumbnail","hentry"],"yoast_head":"<!-- This site is optimized with the Yoast SEO plugin v27.4 - https:\/\/yoast.com\/product\/yoast-seo-wordpress\/ -->\n<title>Came - Came Spa<\/title>\n<meta name=\"robots\" content=\"index, follow, max-snippet:-1, max-image-preview:large, max-video-preview:-1\" \/>\n<link rel=\"canonical\" href=\"https:\/\/came-italy.com\/es\/came\/\" \/>\n<meta property=\"og:locale\" content=\"es_ES\" \/>\n<meta property=\"og:type\" content=\"article\" \/>\n<meta property=\"og:title\" content=\"Came - Came Spa\" \/>\n<meta property=\"og:description\" content=\"&nbsp; El mercado global est\u00e1 cambiando r\u00e1pidamente, situando en el centro la sostenibilidad y la innovaci\u00f3n, exactamente entre las necesidades del mercado y la capacidad de producci\u00f3n. Las empresas necesitan partners que puedan innovar y producir con ellas. &nbsp; Came se dedica desde hace 40 a\u00f1os a los componentes para motores el\u00e9ctricos, bobinados y piezas [&hellip;]\" \/>\n<meta property=\"og:url\" content=\"https:\/\/came-italy.com\/es\/came\/\" \/>\n<meta property=\"og:site_name\" content=\"Came Spa\" \/>\n<meta property=\"article:modified_time\" content=\"2022-06-16T10:46:09+00:00\" \/>\n<meta property=\"og:image\" content=\"https:\/\/came-italy.com\/wp-content\/uploads\/2022\/06\/Came.jpg\" \/>\n\t<meta property=\"og:image:width\" content=\"1600\" \/>\n\t<meta property=\"og:image:height\" content=\"600\" \/>\n\t<meta property=\"og:image:type\" content=\"image\/jpeg\" \/>\n<meta name=\"twitter:card\" content=\"summary_large_image\" \/>\n<meta name=\"twitter:label1\" content=\"Tiempo de lectura\" \/>\n\t<meta name=\"twitter:data1\" content=\"1 minuto\" \/>\n<script type=\"application\/ld+json\" class=\"yoast-schema-graph\">{\"@context\":\"https:\\\/\\\/schema.org\",\"@graph\":[{\"@type\":\"WebPage\",\"@id\":\"https:\\\/\\\/came-italy.com\\\/es\\\/came\\\/\",\"url\":\"https:\\\/\\\/came-italy.com\\\/es\\\/came\\\/\",\"name\":\"Came - Came Spa\",\"isPartOf\":{\"@id\":\"https:\\\/\\\/came-italy.com\\\/es\\\/#website\"},\"primaryImageOfPage\":{\"@id\":\"https:\\\/\\\/came-italy.com\\\/es\\\/came\\\/#primaryimage\"},\"image\":{\"@id\":\"https:\\\/\\\/came-italy.com\\\/es\\\/came\\\/#primaryimage\"},\"thumbnailUrl\":\"https:\\\/\\\/came-italy.com\\\/wp-content\\\/uploads\\\/2022\\\/06\\\/Came.jpg\",\"datePublished\":\"2016-05-06T16:47:10+00:00\",\"dateModified\":\"2022-06-16T10:46:09+00:00\",\"breadcrumb\":{\"@id\":\"https:\\\/\\\/came-italy.com\\\/es\\\/came\\\/#breadcrumb\"},\"inLanguage\":\"es\",\"potentialAction\":[{\"@type\":\"ReadAction\",\"target\":[\"https:\\\/\\\/came-italy.com\\\/es\\\/came\\\/\"]}]},{\"@type\":\"ImageObject\",\"inLanguage\":\"es\",\"@id\":\"https:\\\/\\\/came-italy.com\\\/es\\\/came\\\/#primaryimage\",\"url\":\"https:\\\/\\\/came-italy.com\\\/wp-content\\\/uploads\\\/2022\\\/06\\\/Came.jpg\",\"contentUrl\":\"https:\\\/\\\/came-italy.com\\\/wp-content\\\/uploads\\\/2022\\\/06\\\/Came.jpg\",\"width\":1600,\"height\":600},{\"@type\":\"BreadcrumbList\",\"@id\":\"https:\\\/\\\/came-italy.com\\\/es\\\/came\\\/#breadcrumb\",\"itemListElement\":[{\"@type\":\"ListItem\",\"position\":1,\"name\":\"Home\",\"item\":\"https:\\\/\\\/came-italy.com\\\/es\\\/\"},{\"@type\":\"ListItem\",\"position\":2,\"name\":\"Came\"}]},{\"@type\":\"WebSite\",\"@id\":\"https:\\\/\\\/came-italy.com\\\/es\\\/#website\",\"url\":\"https:\\\/\\\/came-italy.com\\\/es\\\/\",\"name\":\"Came Spa\",\"description\":\"Avvolgimenti e componenti per motori elettrici\",\"publisher\":{\"@id\":\"https:\\\/\\\/came-italy.com\\\/es\\\/#organization\"},\"potentialAction\":[{\"@type\":\"SearchAction\",\"target\":{\"@type\":\"EntryPoint\",\"urlTemplate\":\"https:\\\/\\\/came-italy.com\\\/es\\\/?s={search_term_string}\"},\"query-input\":{\"@type\":\"PropertyValueSpecification\",\"valueRequired\":true,\"valueName\":\"search_term_string\"}}],\"inLanguage\":\"es\"},{\"@type\":\"Organization\",\"@id\":\"https:\\\/\\\/came-italy.com\\\/es\\\/#organization\",\"name\":\"Came Spa\",\"url\":\"https:\\\/\\\/came-italy.com\\\/es\\\/\",\"logo\":{\"@type\":\"ImageObject\",\"inLanguage\":\"es\",\"@id\":\"https:\\\/\\\/came-italy.com\\\/es\\\/#\\\/schema\\\/logo\\\/image\\\/\",\"url\":\"https:\\\/\\\/came-italy.com\\\/wp-content\\\/uploads\\\/2016\\\/07\\\/logo-came-spa.png\",\"contentUrl\":\"https:\\\/\\\/came-italy.com\\\/wp-content\\\/uploads\\\/2016\\\/07\\\/logo-came-spa.png\",\"width\":766,\"height\":129,\"caption\":\"Came Spa\"},\"image\":{\"@id\":\"https:\\\/\\\/came-italy.com\\\/es\\\/#\\\/schema\\\/logo\\\/image\\\/\"}}]}<\/script>\n<!-- \/ Yoast SEO plugin. -->","yoast_head_json":{"title":"Came - Came Spa","robots":{"index":"index","follow":"follow","max-snippet":"max-snippet:-1","max-image-preview":"max-image-preview:large","max-video-preview":"max-video-preview:-1"},"canonical":"https:\/\/came-italy.com\/es\/came\/","og_locale":"es_ES","og_type":"article","og_title":"Came - Came Spa","og_description":"&nbsp; El mercado global est\u00e1 cambiando r\u00e1pidamente, situando en el centro la sostenibilidad y la innovaci\u00f3n, exactamente entre las necesidades del mercado y la capacidad de producci\u00f3n. Las empresas necesitan partners que puedan innovar y producir con ellas. &nbsp; Came se dedica desde hace 40 a\u00f1os a los componentes para motores el\u00e9ctricos, bobinados y piezas [&hellip;]","og_url":"https:\/\/came-italy.com\/es\/came\/","og_site_name":"Came Spa","article_modified_time":"2022-06-16T10:46:09+00:00","og_image":[{"width":1600,"height":600,"url":"https:\/\/came-italy.com\/wp-content\/uploads\/2022\/06\/Came.jpg","type":"image\/jpeg"}],"twitter_card":"summary_large_image","twitter_misc":{"Tiempo de lectura":"1 minuto"},"schema":{"@context":"https:\/\/schema.org","@graph":[{"@type":"WebPage","@id":"https:\/\/came-italy.com\/es\/came\/","url":"https:\/\/came-italy.com\/es\/came\/","name":"Came - Came Spa","isPartOf":{"@id":"https:\/\/came-italy.com\/es\/#website"},"primaryImageOfPage":{"@id":"https:\/\/came-italy.com\/es\/came\/#primaryimage"},"image":{"@id":"https:\/\/came-italy.com\/es\/came\/#primaryimage"},"thumbnailUrl":"https:\/\/came-italy.com\/wp-content\/uploads\/2022\/06\/Came.jpg","datePublished":"2016-05-06T16:47:10+00:00","dateModified":"2022-06-16T10:46:09+00:00","breadcrumb":{"@id":"https:\/\/came-italy.com\/es\/came\/#breadcrumb"},"inLanguage":"es","potentialAction":[{"@type":"ReadAction","target":["https:\/\/came-italy.com\/es\/came\/"]}]},{"@type":"ImageObject","inLanguage":"es","@id":"https:\/\/came-italy.com\/es\/came\/#primaryimage","url":"https:\/\/came-italy.com\/wp-content\/uploads\/2022\/06\/Came.jpg","contentUrl":"https:\/\/came-italy.com\/wp-content\/uploads\/2022\/06\/Came.jpg","width":1600,"height":600},{"@type":"BreadcrumbList","@id":"https:\/\/came-italy.com\/es\/came\/#breadcrumb","itemListElement":[{"@type":"ListItem","position":1,"name":"Home","item":"https:\/\/came-italy.com\/es\/"},{"@type":"ListItem","position":2,"name":"Came"}]},{"@type":"WebSite","@id":"https:\/\/came-italy.com\/es\/#website","url":"https:\/\/came-italy.com\/es\/","name":"Came Spa","description":"Avvolgimenti e componenti per motori elettrici","publisher":{"@id":"https:\/\/came-italy.com\/es\/#organization"},"potentialAction":[{"@type":"SearchAction","target":{"@type":"EntryPoint","urlTemplate":"https:\/\/came-italy.com\/es\/?s={search_term_string}"},"query-input":{"@type":"PropertyValueSpecification","valueRequired":true,"valueName":"search_term_string"}}],"inLanguage":"es"},{"@type":"Organization","@id":"https:\/\/came-italy.com\/es\/#organization","name":"Came Spa","url":"https:\/\/came-italy.com\/es\/","logo":{"@type":"ImageObject","inLanguage":"es","@id":"https:\/\/came-italy.com\/es\/#\/schema\/logo\/image\/","url":"https:\/\/came-italy.com\/wp-content\/uploads\/2016\/07\/logo-came-spa.png","contentUrl":"https:\/\/came-italy.com\/wp-content\/uploads\/2016\/07\/logo-came-spa.png","width":766,"height":129,"caption":"Came Spa"},"image":{"@id":"https:\/\/came-italy.com\/es\/#\/schema\/logo\/image\/"}}]}},"_links":{"self":[{"href":"https:\/\/came-italy.com\/es\/wp-json\/wp\/v2\/pages\/2359","targetHints":{"allow":["GET"]}}],"collection":[{"href":"https:\/\/came-italy.com\/es\/wp-json\/wp\/v2\/pages"}],"about":[{"href":"https:\/\/came-italy.com\/es\/wp-json\/wp\/v2\/types\/page"}],"author":[{"embeddable":true,"href":"https:\/\/came-italy.com\/es\/wp-json\/wp\/v2\/users\/1"}],"replies":[{"embeddable":true,"href":"https:\/\/came-italy.com\/es\/wp-json\/wp\/v2\/comments?post=2359"}],"version-history":[{"count":19,"href":"https:\/\/came-italy.com\/es\/wp-json\/wp\/v2\/pages\/2359\/revisions"}],"predecessor-version":[{"id":12640,"href":"https:\/\/came-italy.com\/es\/wp-json\/wp\/v2\/pages\/2359\/revisions\/12640"}],"wp:featuredmedia":[{"embeddable":true,"href":"https:\/\/came-italy.com\/es\/wp-json\/wp\/v2\/media\/13951"}],"wp:attachment":[{"href":"https:\/\/came-italy.com\/es\/wp-json\/wp\/v2\/media?parent=2359"}],"curies":[{"name":"wp","href":"https:\/\/api.w.org\/{rel}","templated":true}]}}