{"id":2372,"date":"2016-05-06T17:11:28","date_gmt":"2016-05-06T17:11:28","guid":{"rendered":"http:\/\/came-italy.loc\/es\/?page_id=2372"},"modified":"2016-08-31T16:14:39","modified_gmt":"2016-08-31T14:14:39","slug":"fundiciones-a-presion","status":"publish","type":"page","link":"https:\/\/came-italy.com\/es\/fundiciones-a-presion\/","title":{"rendered":"Fundiciones a presi\u00f3n"},"content":{"rendered":"<div class=\"entry_line\"><\/div>\n<div class=\"col-3 top20\">Came Spa produce componentes para motores el\u00e9ctricos en aleaci\u00f3n de aluminio fundido a presi\u00f3n, efect\u00faa impresiones para terceros y se ocupa de la proyecci\u00f3n y construcciones de moldes, con una gama de productos propios que va desde el <strong>Mec 63 al Mec 160<\/strong>.<br \/>\nGracias a su amplia experiencia, Came Spa adem\u00e1s proyecta moldes (hasta la producci\u00f3n del producto) dise\u00f1ados por el cliente o a partir de una simple colaboraci\u00f3n para cualquier tipo de necesidad de construcci\u00f3n solicitada.<br \/>\nEl acercamiento a la producci\u00f3n de fundiciones a presi\u00f3n busca construir una estrecha colaboraci\u00f3n con el cliente, tratando de responder a las exigencias especiales de cada realidad presente en el mercado, siempre de modo din\u00e1mico y flexible.<br \/>\nTodo ello se traduce en el tentativo de alcanzar la \u00abm\u00e1xima calidad\u00bb con una organizaci\u00f3n capaz de hacer frente, cada vez, a problemas diferentes, gracias a su experiencia y conocimientos.<\/div>\n<div class=\"col-3\">\n<h2>Tipos<\/h2>\n<ul>\n<li>L\u00ednea de carcasas con pies integrados Mec 56 &#8211; 160<\/li>\n<li>L\u00ednea de carcasas con pies a\u00f1adidos Mec 56 &#8211; 160<\/li>\n<li>Impresi\u00f3n por fundici\u00f3n a presi\u00f3n para terceros<\/li>\n<li>Realizaci\u00f3n de nuevos moldes bajo pedido<\/li>\n<\/ul>\n<\/div>\n<div class=\"col-3 last-child\">\n<div class=\"services-box\">\n<h2>SERVICIO A MEDIDA<\/h2>\n<ul>\n<li>Soluciones personalizadas<\/li>\n<li>Asistencia t\u00e9cnico-comercial<\/li>\n<li>Investigaci\u00f3n y desarrollo<\/li>\n<\/ul>\n<div class=\"services-box-contact\"><a href=\"https:\/\/came-italy.com\/it\/contatti-came-spa-componenti-per-motori-elettrici-vicenza\/\">Contactar con nosotros<\/a><\/div>\n<\/div>\n<div class=\"download-box\">\n<h2>Download<\/h2>\n<p><a href=\"https:\/\/came-italy.com\/wp-content\/uploads\/2016\/05\/EN-Came-Catalogo-pressofusioni-072015rev06.pdf\" target=\"_blank\"><img loading=\"lazy\" decoding=\"async\" class=\"alignnone size-full wp-image-2254\" src=\"https:\/\/came-italy.com\/wp-content\/uploads\/2016\/04\/ico_download.png\" alt=\"ico_download\" width=\"59\" height=\"79\" \/><\/a><\/p>\n<p><a class=\"download-box-link\" href=\"https:\/\/came-italy.com\/wp-content\/uploads\/2016\/05\/EN-Came-Catalogo-pressofusioni-072015rev06.pdf\" target=\"_blank\">Descargar el cat\u00e1logo en formato PDF<\/a><\/p>\n<\/div>\n<\/div>\n<div class=\"page-block top50\">\n<h2>Instalaciones de producci\u00f3n<\/h2>\n<table class=\"page-table\">\n<tbody>\n<tr>\n<td>\n<div>M\u00e1quinas de fundici\u00f3n a presi\u00f3n asistidas mediante robot<\/div>\n<\/td>\n<td>\n<h3 class=\"year\">4<span class=\"h3small\">x<\/span>420<span class=\"h3small\">ton<\/span><\/h3>\n<\/td>\n<td>\n<h3 class=\"year\">2<span class=\"h3small\">x<\/span>560<span class=\"h3small\">ton<\/span><\/h3>\n<\/td>\n<td>\n<h3 class=\"year\">2<span class=\"h3small\">x<\/span>1.000<span class=\"h3small\">ton<\/span><\/h3>\n<\/td>\n<\/tr>\n<\/tbody>\n<\/table>\n<\/div>\n<p><img loading=\"lazy\" decoding=\"async\" class=\"alignnone size-page-feature-thumb wp-image-2266\" src=\"https:\/\/came-italy.com\/wp-content\/uploads\/2016\/04\/came-pressofusioni-1000x398.jpg\" alt=\"came-pressofusioni\" width=\"1000\" height=\"398\" srcset=\"https:\/\/came-italy.com\/wp-content\/uploads\/2016\/04\/came-pressofusioni-1000x398.jpg 1000w, https:\/\/came-italy.com\/wp-content\/uploads\/2016\/04\/came-pressofusioni-850x338.jpg 850w, https:\/\/came-italy.com\/wp-content\/uploads\/2016\/04\/came-pressofusioni-1200x477.jpg 1200w, https:\/\/came-italy.com\/wp-content\/uploads\/2016\/04\/came-pressofusioni-300x119.jpg 300w, https:\/\/came-italy.com\/wp-content\/uploads\/2016\/04\/came-pressofusioni-650x259.jpg 650w, https:\/\/came-italy.com\/wp-content\/uploads\/2016\/04\/came-pressofusioni.jpg 1257w\" sizes=\"auto, (max-width: 1000px) 100vw, 1000px\" \/><\/p>\n","protected":false},"excerpt":{"rendered":"<p>Came Spa produce componentes para motores el\u00e9ctricos en aleaci\u00f3n de aluminio fundido a presi\u00f3n, efect\u00faa impresiones para terceros y se ocupa de la proyecci\u00f3n y construcciones de moldes, con una gama de productos propios que va desde el Mec 63 al Mec 160. Gracias a su amplia experiencia, Came Spa adem\u00e1s proyecta moldes (hasta la [&hellip;]<\/p>\n","protected":false},"author":1,"featured_media":2243,"parent":0,"menu_order":0,"comment_status":"closed","ping_status":"closed","template":"","meta":{"ngg_post_thumbnail":0,"footnotes":""},"class_list":["post-2372","page","type-page","status-publish","has-post-thumbnail","hentry"],"yoast_head":"<!-- This site is optimized with the Yoast SEO plugin v27.5 - https:\/\/yoast.com\/product\/yoast-seo-wordpress\/ -->\n<title>Fundiciones a presi\u00f3n - Came Spa<\/title>\n<meta name=\"robots\" content=\"index, follow, max-snippet:-1, max-image-preview:large, max-video-preview:-1\" \/>\n<link rel=\"canonical\" href=\"https:\/\/came-italy.com\/es\/fundiciones-a-presion\/\" \/>\n<meta property=\"og:locale\" content=\"es_ES\" \/>\n<meta property=\"og:type\" content=\"article\" \/>\n<meta property=\"og:title\" content=\"Fundiciones a presi\u00f3n - Came Spa\" \/>\n<meta property=\"og:description\" content=\"Came Spa produce componentes para motores el\u00e9ctricos en aleaci\u00f3n de aluminio fundido a presi\u00f3n, efect\u00faa impresiones para terceros y se ocupa de la proyecci\u00f3n y construcciones de moldes, con una gama de productos propios que va desde el Mec 63 al Mec 160. Gracias a su amplia experiencia, Came Spa adem\u00e1s proyecta moldes (hasta la [&hellip;]\" \/>\n<meta property=\"og:url\" content=\"https:\/\/came-italy.com\/es\/fundiciones-a-presion\/\" \/>\n<meta property=\"og:site_name\" content=\"Came Spa\" \/>\n<meta property=\"article:modified_time\" content=\"2016-08-31T14:14:39+00:00\" \/>\n<meta property=\"og:image\" content=\"https:\/\/came-italy.com\/wp-content\/uploads\/2016\/04\/big_image_pressofusionii.jpg\" \/>\n\t<meta property=\"og:image:width\" content=\"1200\" \/>\n\t<meta property=\"og:image:height\" content=\"600\" \/>\n\t<meta property=\"og:image:type\" content=\"image\/jpeg\" \/>\n<meta name=\"twitter:card\" content=\"summary_large_image\" \/>\n<meta name=\"twitter:label1\" content=\"Tiempo de lectura\" \/>\n\t<meta name=\"twitter:data1\" content=\"1 minuto\" \/>\n<script type=\"application\/ld+json\" class=\"yoast-schema-graph\">{\"@context\":\"https:\\\/\\\/schema.org\",\"@graph\":[{\"@type\":\"WebPage\",\"@id\":\"https:\\\/\\\/came-italy.com\\\/es\\\/fundiciones-a-presion\\\/\",\"url\":\"https:\\\/\\\/came-italy.com\\\/es\\\/fundiciones-a-presion\\\/\",\"name\":\"Fundiciones a presi\u00f3n - Came Spa\",\"isPartOf\":{\"@id\":\"https:\\\/\\\/came-italy.com\\\/es\\\/#website\"},\"primaryImageOfPage\":{\"@id\":\"https:\\\/\\\/came-italy.com\\\/es\\\/fundiciones-a-presion\\\/#primaryimage\"},\"image\":{\"@id\":\"https:\\\/\\\/came-italy.com\\\/es\\\/fundiciones-a-presion\\\/#primaryimage\"},\"thumbnailUrl\":\"https:\\\/\\\/came-italy.com\\\/wp-content\\\/uploads\\\/2016\\\/04\\\/big_image_pressofusionii.jpg\",\"datePublished\":\"2016-05-06T17:11:28+00:00\",\"dateModified\":\"2016-08-31T14:14:39+00:00\",\"breadcrumb\":{\"@id\":\"https:\\\/\\\/came-italy.com\\\/es\\\/fundiciones-a-presion\\\/#breadcrumb\"},\"inLanguage\":\"es\",\"potentialAction\":[{\"@type\":\"ReadAction\",\"target\":[\"https:\\\/\\\/came-italy.com\\\/es\\\/fundiciones-a-presion\\\/\"]}]},{\"@type\":\"ImageObject\",\"inLanguage\":\"es\",\"@id\":\"https:\\\/\\\/came-italy.com\\\/es\\\/fundiciones-a-presion\\\/#primaryimage\",\"url\":\"https:\\\/\\\/came-italy.com\\\/wp-content\\\/uploads\\\/2016\\\/04\\\/big_image_pressofusionii.jpg\",\"contentUrl\":\"https:\\\/\\\/came-italy.com\\\/wp-content\\\/uploads\\\/2016\\\/04\\\/big_image_pressofusionii.jpg\",\"width\":1200,\"height\":600,\"caption\":\"Pressofusioni-motori-elettrici-Vicenza\"},{\"@type\":\"BreadcrumbList\",\"@id\":\"https:\\\/\\\/came-italy.com\\\/es\\\/fundiciones-a-presion\\\/#breadcrumb\",\"itemListElement\":[{\"@type\":\"ListItem\",\"position\":1,\"name\":\"Home\",\"item\":\"https:\\\/\\\/came-italy.com\\\/es\\\/\"},{\"@type\":\"ListItem\",\"position\":2,\"name\":\"Fundiciones a presi\u00f3n\"}]},{\"@type\":\"WebSite\",\"@id\":\"https:\\\/\\\/came-italy.com\\\/es\\\/#website\",\"url\":\"https:\\\/\\\/came-italy.com\\\/es\\\/\",\"name\":\"Came Spa\",\"description\":\"Avvolgimenti e componenti per motori elettrici\",\"publisher\":{\"@id\":\"https:\\\/\\\/came-italy.com\\\/es\\\/#organization\"},\"potentialAction\":[{\"@type\":\"SearchAction\",\"target\":{\"@type\":\"EntryPoint\",\"urlTemplate\":\"https:\\\/\\\/came-italy.com\\\/es\\\/?s={search_term_string}\"},\"query-input\":{\"@type\":\"PropertyValueSpecification\",\"valueRequired\":true,\"valueName\":\"search_term_string\"}}],\"inLanguage\":\"es\"},{\"@type\":\"Organization\",\"@id\":\"https:\\\/\\\/came-italy.com\\\/es\\\/#organization\",\"name\":\"Came Spa\",\"url\":\"https:\\\/\\\/came-italy.com\\\/es\\\/\",\"logo\":{\"@type\":\"ImageObject\",\"inLanguage\":\"es\",\"@id\":\"https:\\\/\\\/came-italy.com\\\/es\\\/#\\\/schema\\\/logo\\\/image\\\/\",\"url\":\"https:\\\/\\\/came-italy.com\\\/wp-content\\\/uploads\\\/2016\\\/07\\\/logo-came-spa.png\",\"contentUrl\":\"https:\\\/\\\/came-italy.com\\\/wp-content\\\/uploads\\\/2016\\\/07\\\/logo-came-spa.png\",\"width\":766,\"height\":129,\"caption\":\"Came Spa\"},\"image\":{\"@id\":\"https:\\\/\\\/came-italy.com\\\/es\\\/#\\\/schema\\\/logo\\\/image\\\/\"}}]}<\/script>\n<!-- \/ Yoast SEO plugin. -->","yoast_head_json":{"title":"Fundiciones a presi\u00f3n - Came Spa","robots":{"index":"index","follow":"follow","max-snippet":"max-snippet:-1","max-image-preview":"max-image-preview:large","max-video-preview":"max-video-preview:-1"},"canonical":"https:\/\/came-italy.com\/es\/fundiciones-a-presion\/","og_locale":"es_ES","og_type":"article","og_title":"Fundiciones a presi\u00f3n - Came Spa","og_description":"Came Spa produce componentes para motores el\u00e9ctricos en aleaci\u00f3n de aluminio fundido a presi\u00f3n, efect\u00faa impresiones para terceros y se ocupa de la proyecci\u00f3n y construcciones de moldes, con una gama de productos propios que va desde el Mec 63 al Mec 160. Gracias a su amplia experiencia, Came Spa adem\u00e1s proyecta moldes (hasta la [&hellip;]","og_url":"https:\/\/came-italy.com\/es\/fundiciones-a-presion\/","og_site_name":"Came Spa","article_modified_time":"2016-08-31T14:14:39+00:00","og_image":[{"width":1200,"height":600,"url":"https:\/\/came-italy.com\/wp-content\/uploads\/2016\/04\/big_image_pressofusionii.jpg","type":"image\/jpeg"}],"twitter_card":"summary_large_image","twitter_misc":{"Tiempo de lectura":"1 minuto"},"schema":{"@context":"https:\/\/schema.org","@graph":[{"@type":"WebPage","@id":"https:\/\/came-italy.com\/es\/fundiciones-a-presion\/","url":"https:\/\/came-italy.com\/es\/fundiciones-a-presion\/","name":"Fundiciones a presi\u00f3n - Came Spa","isPartOf":{"@id":"https:\/\/came-italy.com\/es\/#website"},"primaryImageOfPage":{"@id":"https:\/\/came-italy.com\/es\/fundiciones-a-presion\/#primaryimage"},"image":{"@id":"https:\/\/came-italy.com\/es\/fundiciones-a-presion\/#primaryimage"},"thumbnailUrl":"https:\/\/came-italy.com\/wp-content\/uploads\/2016\/04\/big_image_pressofusionii.jpg","datePublished":"2016-05-06T17:11:28+00:00","dateModified":"2016-08-31T14:14:39+00:00","breadcrumb":{"@id":"https:\/\/came-italy.com\/es\/fundiciones-a-presion\/#breadcrumb"},"inLanguage":"es","potentialAction":[{"@type":"ReadAction","target":["https:\/\/came-italy.com\/es\/fundiciones-a-presion\/"]}]},{"@type":"ImageObject","inLanguage":"es","@id":"https:\/\/came-italy.com\/es\/fundiciones-a-presion\/#primaryimage","url":"https:\/\/came-italy.com\/wp-content\/uploads\/2016\/04\/big_image_pressofusionii.jpg","contentUrl":"https:\/\/came-italy.com\/wp-content\/uploads\/2016\/04\/big_image_pressofusionii.jpg","width":1200,"height":600,"caption":"Pressofusioni-motori-elettrici-Vicenza"},{"@type":"BreadcrumbList","@id":"https:\/\/came-italy.com\/es\/fundiciones-a-presion\/#breadcrumb","itemListElement":[{"@type":"ListItem","position":1,"name":"Home","item":"https:\/\/came-italy.com\/es\/"},{"@type":"ListItem","position":2,"name":"Fundiciones a presi\u00f3n"}]},{"@type":"WebSite","@id":"https:\/\/came-italy.com\/es\/#website","url":"https:\/\/came-italy.com\/es\/","name":"Came Spa","description":"Avvolgimenti e componenti per motori elettrici","publisher":{"@id":"https:\/\/came-italy.com\/es\/#organization"},"potentialAction":[{"@type":"SearchAction","target":{"@type":"EntryPoint","urlTemplate":"https:\/\/came-italy.com\/es\/?s={search_term_string}"},"query-input":{"@type":"PropertyValueSpecification","valueRequired":true,"valueName":"search_term_string"}}],"inLanguage":"es"},{"@type":"Organization","@id":"https:\/\/came-italy.com\/es\/#organization","name":"Came Spa","url":"https:\/\/came-italy.com\/es\/","logo":{"@type":"ImageObject","inLanguage":"es","@id":"https:\/\/came-italy.com\/es\/#\/schema\/logo\/image\/","url":"https:\/\/came-italy.com\/wp-content\/uploads\/2016\/07\/logo-came-spa.png","contentUrl":"https:\/\/came-italy.com\/wp-content\/uploads\/2016\/07\/logo-came-spa.png","width":766,"height":129,"caption":"Came Spa"},"image":{"@id":"https:\/\/came-italy.com\/es\/#\/schema\/logo\/image\/"}}]}},"_links":{"self":[{"href":"https:\/\/came-italy.com\/es\/wp-json\/wp\/v2\/pages\/2372","targetHints":{"allow":["GET"]}}],"collection":[{"href":"https:\/\/came-italy.com\/es\/wp-json\/wp\/v2\/pages"}],"about":[{"href":"https:\/\/came-italy.com\/es\/wp-json\/wp\/v2\/types\/page"}],"author":[{"embeddable":true,"href":"https:\/\/came-italy.com\/es\/wp-json\/wp\/v2\/users\/1"}],"replies":[{"embeddable":true,"href":"https:\/\/came-italy.com\/es\/wp-json\/wp\/v2\/comments?post=2372"}],"version-history":[{"count":3,"href":"https:\/\/came-italy.com\/es\/wp-json\/wp\/v2\/pages\/2372\/revisions"}],"predecessor-version":[{"id":2453,"href":"https:\/\/came-italy.com\/es\/wp-json\/wp\/v2\/pages\/2372\/revisions\/2453"}],"wp:featuredmedia":[{"embeddable":true,"href":"https:\/\/came-italy.com\/es\/wp-json\/wp\/v2\/media\/2243"}],"wp:attachment":[{"href":"https:\/\/came-italy.com\/es\/wp-json\/wp\/v2\/media?parent=2372"}],"curies":[{"name":"wp","href":"https:\/\/api.w.org\/{rel}","templated":true}]}}