{"id":2392,"date":"2016-05-06T17:54:46","date_gmt":"2016-05-06T17:54:46","guid":{"rendered":"http:\/\/came-italy.loc\/es\/?page_id=2392"},"modified":"2024-02-12T10:56:35","modified_gmt":"2024-02-12T09:56:35","slug":"elaboracion-y-ensamblaje","status":"publish","type":"page","link":"https:\/\/came-italy.com\/es\/elaboracion-y-ensamblaje\/","title":{"rendered":"Elaboraci\u00f3n y ensamblaje"},"content":{"rendered":"<div class=\"entry_line\">&nbsp;<\/div>\n<div class=\"col-2\">\n<div class='top24'>\nPara ofrecer un servicio completo, Came est\u00e1 equipada para realizar inserciones en cajones y para el ensamblaje de todo tipo de bobinas, <strong>de Mec 56 a Mec 180<\/strong>.<br \/>\nCame, adem\u00e1s, puede suministrar todos los componentes para la fundici\u00f3n a presi\u00f3n, como escudos y bridas elaboradas con dise\u00f1o del cliente, listos para el ensamblaje.\n<\/div>\n<h2 class=\"h2_20--black\">Tipos<\/h2>\n<ul>\n<li>Inserci\u00f3n y elaboraci\u00f3n de est\u00e1tores envueltos en carcasas<\/li>\n<li>Rotores con eje<\/li>\n<li>Elaboraci\u00f3n mec\u00e1nica de escudos y bridas.<\/li>\n<li>Elaboraci\u00f3n de componentes de fundici\u00f3n, bronce y aluminio<\/li>\n<\/ul>\n<div class=\"services-box\">\n<h2 class=\"h2_20--black\">SERVICIO A MEDIDA<\/h2>\n<ul>\n<li>Soluciones personalizadas<\/li>\n<li>Asistencia t\u00e9cnico-comercial<\/li>\n<li>Investigaci\u00f3n y desarrollo<\/li>\n<\/ul>\n<\/div>\n<\/div>\n<div class=\"col-2 col-2-right\">\n<h2 class=\"h2_20 orange\">Cont\u00e1ctanos<\/h2>\n\n<div class=\"wpcf7 no-js\" id=\"wpcf7-f3815-o1\" lang=\"it-IT\" dir=\"ltr\" data-wpcf7-id=\"3815\">\n<div class=\"screen-reader-response\"><p role=\"status\" aria-live=\"polite\" aria-atomic=\"true\"><\/p> <ul><\/ul><\/div>\n<form action=\"\/es\/wp-json\/wp\/v2\/pages\/2392#wpcf7-f3815-o1\" method=\"post\" class=\"wpcf7-form init\" aria-label=\"Modulo di contatto\" novalidate=\"novalidate\" data-status=\"init\">\n<fieldset class=\"hidden-fields-container\"><input type=\"hidden\" name=\"_wpcf7\" value=\"3815\" \/><input type=\"hidden\" name=\"_wpcf7_version\" value=\"6.1.5\" \/><input type=\"hidden\" name=\"_wpcf7_locale\" value=\"it_IT\" \/><input type=\"hidden\" name=\"_wpcf7_unit_tag\" value=\"wpcf7-f3815-o1\" \/><input type=\"hidden\" name=\"_wpcf7_container_post\" value=\"0\" \/><input type=\"hidden\" name=\"_wpcf7_posted_data_hash\" value=\"\" \/><input type=\"hidden\" name=\"_wpcf7_recaptcha_response\" value=\"\" \/>\n<\/fieldset>\n<p><label>Tu nombre<\/label><span class=\"wpcf7-form-control-wrap\" data-name=\"your-name\"><input size=\"40\" maxlength=\"400\" class=\"wpcf7-form-control wpcf7-text wpcf7-validates-as-required\" aria-required=\"true\" aria-invalid=\"false\" value=\"\" type=\"text\" name=\"your-name\" \/><\/span><br \/>\n<label>Tu correo electr\u00f3nico<\/label><span class=\"wpcf7-form-control-wrap\" data-name=\"your-email\"><input size=\"40\" maxlength=\"400\" class=\"wpcf7-form-control wpcf7-email wpcf7-validates-as-required wpcf7-text wpcf7-validates-as-email\" aria-required=\"true\" aria-invalid=\"false\" value=\"\" type=\"email\" name=\"your-email\" \/><\/span><br \/>\n<label>Tel\u00e9fono<\/label><span class=\"wpcf7-form-control-wrap\" data-name=\"tel-182s\"><input size=\"40\" maxlength=\"400\" class=\"wpcf7-form-control wpcf7-tel wpcf7-validates-as-required wpcf7-text wpcf7-validates-as-tel\" aria-required=\"true\" aria-invalid=\"false\" value=\"\" type=\"tel\" name=\"tel-182s\" \/><\/span><br \/>\n<label>Tema<\/label><span class=\"wpcf7-form-control-wrap\" data-name=\"your-subject\"><input size=\"40\" maxlength=\"400\" class=\"wpcf7-form-control wpcf7-text wpcf7-validates-as-required\" aria-required=\"true\" aria-invalid=\"false\" value=\"\" type=\"text\" name=\"your-subject\" \/><\/span><br \/>\n<label>Mensaje<\/label>\n<\/p>\n<div id=\"form_message_2\">\n\t<p><span class=\"wpcf7-form-control-wrap\" data-name=\"your-message\"><textarea cols=\"40\" rows=\"10\" maxlength=\"2000\" class=\"wpcf7-form-control wpcf7-textarea\" aria-invalid=\"false\" name=\"your-message\"><\/textarea><\/span>\n\t<\/p>\n<\/div>\n<p><span class='form-checkbox'><span class=\"wpcf7-form-control-wrap\" data-name=\"newsletter\"><span class=\"wpcf7-form-control wpcf7-checkbox\" id=\"checkbox-newsletter\"><span class=\"wpcf7-list-item first last\"><input type=\"checkbox\" name=\"newsletter[]\" value=\"Inscr\u00edbete a nuestra newsletter\" \/><span class=\"wpcf7-list-item-label\">Inscr\u00edbete a nuestra newsletter<\/span><\/span><\/span><\/span><\/span><br \/>\n<span class='form-checkbox'><span class=\"wpcf7-form-control-wrap\" data-name=\"privacy-policy\"><span class=\"wpcf7-form-control wpcf7-acceptance\"><span class=\"wpcf7-list-item\"><label><input type=\"checkbox\" name=\"privacy-policy\" value=\"1\" aria-invalid=\"false\" \/><span class=\"wpcf7-list-item-label\"><\/span> He le\u00eddo y acepto <a href=\"https:\/\/came-italy.com\/it\/privacy-policy\/\">Privacy Policy<\/a><\/span><\/label><\/span><\/span><\/span><br \/>\n<\/span>\n<\/p>\n<div id=\"submit-die-casting\">\n\t<p><input class=\"wpcf7-form-control wpcf7-submit has-spinner\" type=\"submit\" value=\"ENIVAR\" \/>\n\t<\/p>\n<\/div><div class=\"wpcf7-response-output\" aria-hidden=\"true\"><\/div>\n<\/form>\n<\/div>\n<\/div>\n","protected":false},"excerpt":{"rendered":"<p>&nbsp; Para ofrecer un servicio completo, Came est\u00e1 equipada para realizar inserciones en cajones y para el ensamblaje de todo tipo de bobinas, de Mec 56 a Mec 180. Came, adem\u00e1s, puede suministrar todos los componentes para la fundici\u00f3n a presi\u00f3n, como escudos y bridas elaboradas con dise\u00f1o del cliente, listos para el ensamblaje. Tipos [&hellip;]<\/p>\n","protected":false},"author":1,"featured_media":4221,"parent":0,"menu_order":0,"comment_status":"closed","ping_status":"closed","template":"","meta":{"ngg_post_thumbnail":0,"footnotes":""},"class_list":["post-2392","page","type-page","status-publish","has-post-thumbnail","hentry"],"yoast_head":"<!-- This site is optimized with the Yoast SEO plugin v27.4 - https:\/\/yoast.com\/product\/yoast-seo-wordpress\/ -->\n<title>Elaboraci\u00f3n y ensamblaje - Came Spa<\/title>\n<meta name=\"robots\" content=\"index, follow, max-snippet:-1, max-image-preview:large, max-video-preview:-1\" \/>\n<link rel=\"canonical\" href=\"https:\/\/came-italy.com\/es\/elaboracion-y-ensamblaje\/\" \/>\n<meta property=\"og:locale\" content=\"es_ES\" \/>\n<meta property=\"og:type\" content=\"article\" \/>\n<meta property=\"og:title\" content=\"Elaboraci\u00f3n y ensamblaje - Came Spa\" \/>\n<meta property=\"og:description\" content=\"&nbsp; Para ofrecer un servicio completo, Came est\u00e1 equipada para realizar inserciones en cajones y para el ensamblaje de todo tipo de bobinas, de Mec 56 a Mec 180. Came, adem\u00e1s, puede suministrar todos los componentes para la fundici\u00f3n a presi\u00f3n, como escudos y bridas elaboradas con dise\u00f1o del cliente, listos para el ensamblaje. Tipos [&hellip;]\" \/>\n<meta property=\"og:url\" content=\"https:\/\/came-italy.com\/es\/elaboracion-y-ensamblaje\/\" \/>\n<meta property=\"og:site_name\" content=\"Came Spa\" \/>\n<meta property=\"article:modified_time\" content=\"2024-02-12T09:56:35+00:00\" \/>\n<meta property=\"og:image\" content=\"https:\/\/came-italy.com\/wp-content\/uploads\/2018\/10\/Processing-and-Assembling.jpg\" \/>\n\t<meta property=\"og:image:width\" content=\"1600\" \/>\n\t<meta property=\"og:image:height\" content=\"600\" \/>\n\t<meta property=\"og:image:type\" content=\"image\/jpeg\" \/>\n<meta name=\"twitter:card\" content=\"summary_large_image\" \/>\n<meta name=\"twitter:label1\" content=\"Tiempo de lectura\" \/>\n\t<meta name=\"twitter:data1\" content=\"1 minuto\" \/>\n<script type=\"application\/ld+json\" class=\"yoast-schema-graph\">{\"@context\":\"https:\\\/\\\/schema.org\",\"@graph\":[{\"@type\":\"WebPage\",\"@id\":\"https:\\\/\\\/came-italy.com\\\/es\\\/elaboracion-y-ensamblaje\\\/\",\"url\":\"https:\\\/\\\/came-italy.com\\\/es\\\/elaboracion-y-ensamblaje\\\/\",\"name\":\"Elaboraci\u00f3n y ensamblaje - Came Spa\",\"isPartOf\":{\"@id\":\"https:\\\/\\\/came-italy.com\\\/es\\\/#website\"},\"primaryImageOfPage\":{\"@id\":\"https:\\\/\\\/came-italy.com\\\/es\\\/elaboracion-y-ensamblaje\\\/#primaryimage\"},\"image\":{\"@id\":\"https:\\\/\\\/came-italy.com\\\/es\\\/elaboracion-y-ensamblaje\\\/#primaryimage\"},\"thumbnailUrl\":\"https:\\\/\\\/came-italy.com\\\/wp-content\\\/uploads\\\/2018\\\/10\\\/Processing-and-Assembling.jpg\",\"datePublished\":\"2016-05-06T17:54:46+00:00\",\"dateModified\":\"2024-02-12T09:56:35+00:00\",\"breadcrumb\":{\"@id\":\"https:\\\/\\\/came-italy.com\\\/es\\\/elaboracion-y-ensamblaje\\\/#breadcrumb\"},\"inLanguage\":\"es\",\"potentialAction\":[{\"@type\":\"ReadAction\",\"target\":[\"https:\\\/\\\/came-italy.com\\\/es\\\/elaboracion-y-ensamblaje\\\/\"]}]},{\"@type\":\"ImageObject\",\"inLanguage\":\"es\",\"@id\":\"https:\\\/\\\/came-italy.com\\\/es\\\/elaboracion-y-ensamblaje\\\/#primaryimage\",\"url\":\"https:\\\/\\\/came-italy.com\\\/wp-content\\\/uploads\\\/2018\\\/10\\\/Processing-and-Assembling.jpg\",\"contentUrl\":\"https:\\\/\\\/came-italy.com\\\/wp-content\\\/uploads\\\/2018\\\/10\\\/Processing-and-Assembling.jpg\",\"width\":1600,\"height\":600},{\"@type\":\"BreadcrumbList\",\"@id\":\"https:\\\/\\\/came-italy.com\\\/es\\\/elaboracion-y-ensamblaje\\\/#breadcrumb\",\"itemListElement\":[{\"@type\":\"ListItem\",\"position\":1,\"name\":\"Home\",\"item\":\"https:\\\/\\\/came-italy.com\\\/es\\\/\"},{\"@type\":\"ListItem\",\"position\":2,\"name\":\"Elaboraci\u00f3n y ensamblaje\"}]},{\"@type\":\"WebSite\",\"@id\":\"https:\\\/\\\/came-italy.com\\\/es\\\/#website\",\"url\":\"https:\\\/\\\/came-italy.com\\\/es\\\/\",\"name\":\"Came Spa\",\"description\":\"Avvolgimenti e componenti per motori elettrici\",\"publisher\":{\"@id\":\"https:\\\/\\\/came-italy.com\\\/es\\\/#organization\"},\"potentialAction\":[{\"@type\":\"SearchAction\",\"target\":{\"@type\":\"EntryPoint\",\"urlTemplate\":\"https:\\\/\\\/came-italy.com\\\/es\\\/?s={search_term_string}\"},\"query-input\":{\"@type\":\"PropertyValueSpecification\",\"valueRequired\":true,\"valueName\":\"search_term_string\"}}],\"inLanguage\":\"es\"},{\"@type\":\"Organization\",\"@id\":\"https:\\\/\\\/came-italy.com\\\/es\\\/#organization\",\"name\":\"Came Spa\",\"url\":\"https:\\\/\\\/came-italy.com\\\/es\\\/\",\"logo\":{\"@type\":\"ImageObject\",\"inLanguage\":\"es\",\"@id\":\"https:\\\/\\\/came-italy.com\\\/es\\\/#\\\/schema\\\/logo\\\/image\\\/\",\"url\":\"https:\\\/\\\/came-italy.com\\\/wp-content\\\/uploads\\\/2016\\\/07\\\/logo-came-spa.png\",\"contentUrl\":\"https:\\\/\\\/came-italy.com\\\/wp-content\\\/uploads\\\/2016\\\/07\\\/logo-came-spa.png\",\"width\":766,\"height\":129,\"caption\":\"Came Spa\"},\"image\":{\"@id\":\"https:\\\/\\\/came-italy.com\\\/es\\\/#\\\/schema\\\/logo\\\/image\\\/\"}}]}<\/script>\n<!-- \/ Yoast SEO plugin. -->","yoast_head_json":{"title":"Elaboraci\u00f3n y ensamblaje - Came Spa","robots":{"index":"index","follow":"follow","max-snippet":"max-snippet:-1","max-image-preview":"max-image-preview:large","max-video-preview":"max-video-preview:-1"},"canonical":"https:\/\/came-italy.com\/es\/elaboracion-y-ensamblaje\/","og_locale":"es_ES","og_type":"article","og_title":"Elaboraci\u00f3n y ensamblaje - Came Spa","og_description":"&nbsp; Para ofrecer un servicio completo, Came est\u00e1 equipada para realizar inserciones en cajones y para el ensamblaje de todo tipo de bobinas, de Mec 56 a Mec 180. Came, adem\u00e1s, puede suministrar todos los componentes para la fundici\u00f3n a presi\u00f3n, como escudos y bridas elaboradas con dise\u00f1o del cliente, listos para el ensamblaje. Tipos [&hellip;]","og_url":"https:\/\/came-italy.com\/es\/elaboracion-y-ensamblaje\/","og_site_name":"Came Spa","article_modified_time":"2024-02-12T09:56:35+00:00","og_image":[{"width":1600,"height":600,"url":"https:\/\/came-italy.com\/wp-content\/uploads\/2018\/10\/Processing-and-Assembling.jpg","type":"image\/jpeg"}],"twitter_card":"summary_large_image","twitter_misc":{"Tiempo de lectura":"1 minuto"},"schema":{"@context":"https:\/\/schema.org","@graph":[{"@type":"WebPage","@id":"https:\/\/came-italy.com\/es\/elaboracion-y-ensamblaje\/","url":"https:\/\/came-italy.com\/es\/elaboracion-y-ensamblaje\/","name":"Elaboraci\u00f3n y ensamblaje - Came Spa","isPartOf":{"@id":"https:\/\/came-italy.com\/es\/#website"},"primaryImageOfPage":{"@id":"https:\/\/came-italy.com\/es\/elaboracion-y-ensamblaje\/#primaryimage"},"image":{"@id":"https:\/\/came-italy.com\/es\/elaboracion-y-ensamblaje\/#primaryimage"},"thumbnailUrl":"https:\/\/came-italy.com\/wp-content\/uploads\/2018\/10\/Processing-and-Assembling.jpg","datePublished":"2016-05-06T17:54:46+00:00","dateModified":"2024-02-12T09:56:35+00:00","breadcrumb":{"@id":"https:\/\/came-italy.com\/es\/elaboracion-y-ensamblaje\/#breadcrumb"},"inLanguage":"es","potentialAction":[{"@type":"ReadAction","target":["https:\/\/came-italy.com\/es\/elaboracion-y-ensamblaje\/"]}]},{"@type":"ImageObject","inLanguage":"es","@id":"https:\/\/came-italy.com\/es\/elaboracion-y-ensamblaje\/#primaryimage","url":"https:\/\/came-italy.com\/wp-content\/uploads\/2018\/10\/Processing-and-Assembling.jpg","contentUrl":"https:\/\/came-italy.com\/wp-content\/uploads\/2018\/10\/Processing-and-Assembling.jpg","width":1600,"height":600},{"@type":"BreadcrumbList","@id":"https:\/\/came-italy.com\/es\/elaboracion-y-ensamblaje\/#breadcrumb","itemListElement":[{"@type":"ListItem","position":1,"name":"Home","item":"https:\/\/came-italy.com\/es\/"},{"@type":"ListItem","position":2,"name":"Elaboraci\u00f3n y ensamblaje"}]},{"@type":"WebSite","@id":"https:\/\/came-italy.com\/es\/#website","url":"https:\/\/came-italy.com\/es\/","name":"Came Spa","description":"Avvolgimenti e componenti per motori elettrici","publisher":{"@id":"https:\/\/came-italy.com\/es\/#organization"},"potentialAction":[{"@type":"SearchAction","target":{"@type":"EntryPoint","urlTemplate":"https:\/\/came-italy.com\/es\/?s={search_term_string}"},"query-input":{"@type":"PropertyValueSpecification","valueRequired":true,"valueName":"search_term_string"}}],"inLanguage":"es"},{"@type":"Organization","@id":"https:\/\/came-italy.com\/es\/#organization","name":"Came Spa","url":"https:\/\/came-italy.com\/es\/","logo":{"@type":"ImageObject","inLanguage":"es","@id":"https:\/\/came-italy.com\/es\/#\/schema\/logo\/image\/","url":"https:\/\/came-italy.com\/wp-content\/uploads\/2016\/07\/logo-came-spa.png","contentUrl":"https:\/\/came-italy.com\/wp-content\/uploads\/2016\/07\/logo-came-spa.png","width":766,"height":129,"caption":"Came Spa"},"image":{"@id":"https:\/\/came-italy.com\/es\/#\/schema\/logo\/image\/"}}]}},"_links":{"self":[{"href":"https:\/\/came-italy.com\/es\/wp-json\/wp\/v2\/pages\/2392","targetHints":{"allow":["GET"]}}],"collection":[{"href":"https:\/\/came-italy.com\/es\/wp-json\/wp\/v2\/pages"}],"about":[{"href":"https:\/\/came-italy.com\/es\/wp-json\/wp\/v2\/types\/page"}],"author":[{"embeddable":true,"href":"https:\/\/came-italy.com\/es\/wp-json\/wp\/v2\/users\/1"}],"replies":[{"embeddable":true,"href":"https:\/\/came-italy.com\/es\/wp-json\/wp\/v2\/comments?post=2392"}],"version-history":[{"count":10,"href":"https:\/\/came-italy.com\/es\/wp-json\/wp\/v2\/pages\/2392\/revisions"}],"predecessor-version":[{"id":16505,"href":"https:\/\/came-italy.com\/es\/wp-json\/wp\/v2\/pages\/2392\/revisions\/16505"}],"wp:featuredmedia":[{"embeddable":true,"href":"https:\/\/came-italy.com\/es\/wp-json\/wp\/v2\/media\/4221"}],"wp:attachment":[{"href":"https:\/\/came-italy.com\/es\/wp-json\/wp\/v2\/media?parent=2392"}],"curies":[{"name":"wp","href":"https:\/\/api.w.org\/{rel}","templated":true}]}}