{"id":3811,"date":"2018-03-20T12:51:13","date_gmt":"2018-03-20T11:51:13","guid":{"rendered":"https:\/\/came-italy.com\/?page_id=3811"},"modified":"2025-02-11T13:27:58","modified_gmt":"2025-02-11T12:27:58","slug":"die-casting","status":"publish","type":"page","link":"https:\/\/came-italy.com\/es\/die-casting\/","title":{"rendered":"Die Casting"},"content":{"rendered":"<div class=\"die-video\">\n<div class=\"videoWrapper\"><iframe loading=\"lazy\" src=\"https:\/\/www.youtube.com\/embed\/lMm7tJyGcpg?rel=0&amp;showinfo=0\" width=\"1200\" height=\"600\" frameborder=\"0\" allowfullscreen=\"allowfullscreen\"><\/iframe><\/div>\n<\/div>\n<h1 class=\"h1_35\">FUNDICI\u00d3N A PRESI\u00d3N DE ALUMINIO<\/h1>\n<div class=\"slogan20\">Del esbozo al producto acabado<\/div>\n<div class=\"entry_line top20\">&nbsp;<\/div>\n<div class=\"col4\">\n<h2 class=\"h2_20\">Fundici\u00f3n a presi\u00f3n de aluminio con robots:<\/h2>\n<p>1 x 320 toneladas<br \/>\n4 x 420 toneladas<br \/>\n3 x 560 toneladas<br \/>\n1 x 750 toneladas<br \/>\n2 x 1,000 toneladas<br \/>\n1 x 1,400 toneladas<\/p>\n<\/div>\n<div class=\"col4\">\n<h2 class=\"h2_20\">M\u00e1quinas de fundici\u00f3n a presi\u00f3n de aluminio:<\/h2>\n<p>5 x Prensas cinzallas<br \/>\n3 x Sanders (Alfombra)<br \/>\n2 x Sanders para voladuras (Racimo)<\/p>\n<\/div>\n<div class=\"col4\">\n<h2 class=\"h2_20\">Rango de peso:<\/h2>\n<p>Hasta 21 Kg<\/p>\n<\/div>\n<div class=\"col4\">\n<h2 class=\"h2_20\">Software:<\/h2>\n<p>Sistema CAD, an\u00e1lisis con simulaci\u00f3n de flujo<\/p>\n<\/div>\n<div class=\"entry_line\">&nbsp;<\/div>\n<div class=\"col-2\"><img loading=\"lazy\" decoding=\"async\" class=\"alignnone size-full wp-image-4524\" src=\"https:\/\/came-italy.com\/wp-content\/uploads\/2018\/11\/Came-Die-casting-proprietary.jpg\" alt=\"\" width=\"550\" height=\"367\"><\/p>\n<h2 class=\"h2_20--black\">Nuestras capacidades<\/h2>\n<p>El departamento de Came R&amp;D trabaja con sistemas CAD de asistencia al dise\u00f1o y sistemas de an\u00e1lisis con simulaci\u00f3n de flujo (MAGMA, PROCAST).<\/p>\n<p>&nbsp;<\/p>\n<p>El departamento de fundici\u00f3n cuenta con 11 islas de trabajo totalmente automatizadas y conectadas a la red de la compa\u00f1\u00eda compuestas por prensa, cizalla, m\u00e1quina herramienta para eliminar bebederos y robot antropom\u00f3rfico para gestionar el movimiento de la fundici\u00f3n dentro de la isla.<\/p>\n<p>&nbsp;<\/p>\n<p>Nuestro compromiso de una mejora continua y la inversi\u00f3n en tecnolog\u00eda son sin\u00f3nimo de calidad y servicio del producto, valores b\u00e1sicos de la filosof\u00eda Came.<\/p>\n<p>&nbsp;<\/p>\n<p>La calidad est\u00e1 garantizada por procesos estructurados seg\u00fan la normativa ISO 9001, por una oficina de metrolog\u00eda modernamente equipada (m\u00e1quina de medici\u00f3n 3D, cabina de alcance RX, cuant\u00f3metro) y respaldada por la presencia de personal delegado para controlar todos los cambios de producci\u00f3n.<\/p>\n<h2 class=\"h2_20--black\">Acabados<\/h2>\n<p>Para garantizar a los clientes est\u00e1ndares de alta calidad en los productos terminados, Came ofrece acabados superficiales, as\u00ed como mecanizado o submontaje adicional.<\/p>\n<p>&nbsp;<\/p>\n<p>A continuaci\u00f3n se muestra la lista completa de los servicios ofrecidos por Came:<br \/>\n\u2022 Dise\u00f1o y construcci\u00f3n de moldes;<br \/>\n\u2022 Estudio de factibilidad, codise\u00f1o y simulaci\u00f3n de flujo;<br \/>\n\u2022 Moldeado especial a terceros;<br \/>\n\u2022 Acabados superficiales como chorro de arena, volteo, recubrimiento, cataforesis, cromado;<br \/>\n\u2022 Procesamiento mec\u00e1nico;<br \/>\n\u2022 Impregnaci\u00f3n;<br \/>\n\u2022 Co-moldeo.<\/p>\n<h2 class=\"h2_20--black\">Calidad<\/h2>\n<p>Hoy el mercado y las compa\u00f1\u00edas internacionales requieren un claro compromiso con la calidad.<br \/>\nEs por esto que Came considera que la calidad es uno de sus principales objetivos comerciales dirigidos a satisfacer las necesidades de los clientes.<br \/>\nEl sistema de gesti\u00f3n de calidad de Came est\u00e1 certificado seg\u00fan los est\u00e1ndares ISO9000, y est\u00e1 totalmente integrado en el sistema de gesti\u00f3n de calidad.<\/p>\n<p>&nbsp;<\/p>\n<p>Came realiza controles dimensionales mediante DEA 3D automatiz\u00eczado, dur\u00f3metro para la prueba de dureza, comprobador de rugosidad para el control de superficie del chorro, cabina RX para fluoroscopia, uso de l\u00edquidos penetrantes y equipos de prueba de fugas.<\/p>\n<\/div>\n<div class=\"col-2 col-2-right\">\n<h2 class=\"h2_20 orange\">Cont\u00e1ctanos<\/h2>\n\n<div class=\"wpcf7 no-js\" id=\"wpcf7-f3815-o1\" lang=\"it-IT\" dir=\"ltr\" data-wpcf7-id=\"3815\">\n<div class=\"screen-reader-response\"><p role=\"status\" aria-live=\"polite\" aria-atomic=\"true\"><\/p> <ul><\/ul><\/div>\n<form action=\"\/es\/wp-json\/wp\/v2\/pages\/3811#wpcf7-f3815-o1\" method=\"post\" class=\"wpcf7-form init\" aria-label=\"Modulo di contatto\" novalidate=\"novalidate\" data-status=\"init\">\n<fieldset class=\"hidden-fields-container\"><input type=\"hidden\" name=\"_wpcf7\" value=\"3815\" \/><input type=\"hidden\" name=\"_wpcf7_version\" value=\"6.1.5\" \/><input type=\"hidden\" name=\"_wpcf7_locale\" value=\"it_IT\" \/><input type=\"hidden\" name=\"_wpcf7_unit_tag\" value=\"wpcf7-f3815-o1\" \/><input type=\"hidden\" name=\"_wpcf7_container_post\" value=\"0\" \/><input type=\"hidden\" name=\"_wpcf7_posted_data_hash\" value=\"\" \/><input type=\"hidden\" name=\"_wpcf7_recaptcha_response\" value=\"\" \/>\n<\/fieldset>\n<p><label>Tu nombre<\/label><span class=\"wpcf7-form-control-wrap\" data-name=\"your-name\"><input size=\"40\" maxlength=\"400\" class=\"wpcf7-form-control wpcf7-text wpcf7-validates-as-required\" aria-required=\"true\" aria-invalid=\"false\" value=\"\" type=\"text\" name=\"your-name\" \/><\/span><br \/>\n<label>Tu correo electr\u00f3nico<\/label><span class=\"wpcf7-form-control-wrap\" data-name=\"your-email\"><input size=\"40\" maxlength=\"400\" class=\"wpcf7-form-control wpcf7-email wpcf7-validates-as-required wpcf7-text wpcf7-validates-as-email\" aria-required=\"true\" aria-invalid=\"false\" value=\"\" type=\"email\" name=\"your-email\" \/><\/span><br \/>\n<label>Tel\u00e9fono<\/label><span class=\"wpcf7-form-control-wrap\" data-name=\"tel-182s\"><input size=\"40\" maxlength=\"400\" class=\"wpcf7-form-control wpcf7-tel wpcf7-validates-as-required wpcf7-text wpcf7-validates-as-tel\" aria-required=\"true\" aria-invalid=\"false\" value=\"\" type=\"tel\" name=\"tel-182s\" \/><\/span><br \/>\n<label>Tema<\/label><span class=\"wpcf7-form-control-wrap\" data-name=\"your-subject\"><input size=\"40\" maxlength=\"400\" class=\"wpcf7-form-control wpcf7-text wpcf7-validates-as-required\" aria-required=\"true\" aria-invalid=\"false\" value=\"\" type=\"text\" name=\"your-subject\" \/><\/span><br \/>\n<label>Mensaje<\/label>\n<\/p>\n<div id=\"form_message_2\">\n\t<p><span class=\"wpcf7-form-control-wrap\" data-name=\"your-message\"><textarea cols=\"40\" rows=\"10\" maxlength=\"2000\" class=\"wpcf7-form-control wpcf7-textarea\" aria-invalid=\"false\" name=\"your-message\"><\/textarea><\/span>\n\t<\/p>\n<\/div>\n<p><span class='form-checkbox'><span class=\"wpcf7-form-control-wrap\" data-name=\"newsletter\"><span class=\"wpcf7-form-control wpcf7-checkbox\" id=\"checkbox-newsletter\"><span class=\"wpcf7-list-item first last\"><input type=\"checkbox\" name=\"newsletter[]\" value=\"Inscr\u00edbete a nuestra newsletter\" \/><span class=\"wpcf7-list-item-label\">Inscr\u00edbete a nuestra newsletter<\/span><\/span><\/span><\/span><\/span><br \/>\n<span class='form-checkbox'><span class=\"wpcf7-form-control-wrap\" data-name=\"privacy-policy\"><span class=\"wpcf7-form-control wpcf7-acceptance\"><span class=\"wpcf7-list-item\"><label><input type=\"checkbox\" name=\"privacy-policy\" value=\"1\" aria-invalid=\"false\" \/><span class=\"wpcf7-list-item-label\"><\/span> He le\u00eddo y acepto <a href=\"https:\/\/came-italy.com\/it\/privacy-policy\/\">Privacy Policy<\/a><\/span><\/label><\/span><\/span><\/span><br \/>\n<\/span>\n<\/p>\n<div id=\"submit-die-casting\">\n\t<p><input class=\"wpcf7-form-control wpcf7-submit has-spinner\" type=\"submit\" value=\"ENIVAR\" \/>\n\t<\/p>\n<\/div><div class=\"wpcf7-response-output\" aria-hidden=\"true\"><\/div>\n<\/form>\n<\/div>\n\n<div class=\"floatLeft clear top50\">\n<h2 class=\"h2_20 orange top20\">Download<\/h2>\n<p><a class=\"top20 floatLeft\" href=\"https:\/\/came-italy.com\/wp-content\/uploads\/2025\/01\/Came-Die-Casting-catalog-2025-web.pdf\" target=\"_blank\" rel=\"noopener\"><img loading=\"lazy\" decoding=\"async\" class=\"alignnone wp-image-2254 size-full\" src=\"https:\/\/came-italy.com\/wp-content\/uploads\/2018\/10\/pdfs-512.png\" alt=\"ico_download\" width=\"60\" height=\"83\"><\/a><a class=\"pdf-text-link\" href=\"https:\/\/came-italy.com\/wp-content\/uploads\/2025\/01\/Came-Die-Casting-catalog-2025-web.pdf\" target=\"_blank\" rel=\"noopener\">Descargar el<br \/>\ncat\u00e1logo en formato PDF<\/a><\/p>\n<\/div>\n<\/div>\n","protected":false},"excerpt":{"rendered":"<p>FUNDICI\u00d3N A PRESI\u00d3N DE ALUMINIO Del esbozo al producto acabado &nbsp; Fundici\u00f3n a presi\u00f3n de aluminio con robots: 1 x 320 toneladas 4 x 420 toneladas 3 x 560 toneladas 1 x 750 toneladas 2 x 1,000 toneladas 1 x 1,400 toneladas M\u00e1quinas de fundici\u00f3n a presi\u00f3n de aluminio: 5 x Prensas cinzallas 3 x [&hellip;]<\/p>\n","protected":false},"author":1,"featured_media":0,"parent":0,"menu_order":0,"comment_status":"closed","ping_status":"closed","template":"diecasting.php","meta":{"ngg_post_thumbnail":0,"footnotes":""},"class_list":["post-3811","page","type-page","status-publish","hentry"],"yoast_head":"<!-- This site is optimized with the Yoast SEO plugin v27.5 - https:\/\/yoast.com\/product\/yoast-seo-wordpress\/ -->\n<title>Die Casting - Came Spa<\/title>\n<meta name=\"robots\" content=\"index, follow, max-snippet:-1, max-image-preview:large, max-video-preview:-1\" \/>\n<link rel=\"canonical\" href=\"https:\/\/came-italy.com\/es\/die-casting\/\" \/>\n<meta property=\"og:locale\" content=\"es_ES\" \/>\n<meta property=\"og:type\" content=\"article\" \/>\n<meta property=\"og:title\" content=\"Die Casting - Came Spa\" \/>\n<meta property=\"og:description\" content=\"FUNDICI\u00d3N A PRESI\u00d3N DE ALUMINIO Del esbozo al producto acabado &nbsp; Fundici\u00f3n a presi\u00f3n de aluminio con robots: 1 x 320 toneladas 4 x 420 toneladas 3 x 560 toneladas 1 x 750 toneladas 2 x 1,000 toneladas 1 x 1,400 toneladas M\u00e1quinas de fundici\u00f3n a presi\u00f3n de aluminio: 5 x Prensas cinzallas 3 x [&hellip;]\" \/>\n<meta property=\"og:url\" content=\"https:\/\/came-italy.com\/es\/die-casting\/\" \/>\n<meta property=\"og:site_name\" content=\"Came Spa\" \/>\n<meta property=\"article:modified_time\" content=\"2025-02-11T12:27:58+00:00\" \/>\n<meta property=\"og:image\" content=\"https:\/\/came-italy.com\/wp-content\/uploads\/2018\/11\/Came-Die-casting-proprietary.jpg\" \/>\n\t<meta property=\"og:image:width\" content=\"550\" \/>\n\t<meta property=\"og:image:height\" content=\"367\" \/>\n\t<meta property=\"og:image:type\" content=\"image\/jpeg\" \/>\n<meta name=\"twitter:card\" content=\"summary_large_image\" \/>\n<meta name=\"twitter:label1\" content=\"Tiempo de lectura\" \/>\n\t<meta name=\"twitter:data1\" content=\"3 minutos\" \/>\n<script type=\"application\/ld+json\" class=\"yoast-schema-graph\">{\"@context\":\"https:\\\/\\\/schema.org\",\"@graph\":[{\"@type\":\"WebPage\",\"@id\":\"https:\\\/\\\/came-italy.com\\\/es\\\/die-casting\\\/\",\"url\":\"https:\\\/\\\/came-italy.com\\\/es\\\/die-casting\\\/\",\"name\":\"Die Casting - Came Spa\",\"isPartOf\":{\"@id\":\"https:\\\/\\\/came-italy.com\\\/es\\\/#website\"},\"primaryImageOfPage\":{\"@id\":\"https:\\\/\\\/came-italy.com\\\/es\\\/die-casting\\\/#primaryimage\"},\"image\":{\"@id\":\"https:\\\/\\\/came-italy.com\\\/es\\\/die-casting\\\/#primaryimage\"},\"thumbnailUrl\":\"https:\\\/\\\/came-italy.com\\\/wp-content\\\/uploads\\\/2018\\\/11\\\/Came-Die-casting-proprietary.jpg\",\"datePublished\":\"2018-03-20T11:51:13+00:00\",\"dateModified\":\"2025-02-11T12:27:58+00:00\",\"breadcrumb\":{\"@id\":\"https:\\\/\\\/came-italy.com\\\/es\\\/die-casting\\\/#breadcrumb\"},\"inLanguage\":\"es\",\"potentialAction\":[{\"@type\":\"ReadAction\",\"target\":[\"https:\\\/\\\/came-italy.com\\\/es\\\/die-casting\\\/\"]}]},{\"@type\":\"ImageObject\",\"inLanguage\":\"es\",\"@id\":\"https:\\\/\\\/came-italy.com\\\/es\\\/die-casting\\\/#primaryimage\",\"url\":\"https:\\\/\\\/came-italy.com\\\/wp-content\\\/uploads\\\/2018\\\/11\\\/Came-Die-casting-proprietary.jpg\",\"contentUrl\":\"https:\\\/\\\/came-italy.com\\\/wp-content\\\/uploads\\\/2018\\\/11\\\/Came-Die-casting-proprietary.jpg\"},{\"@type\":\"BreadcrumbList\",\"@id\":\"https:\\\/\\\/came-italy.com\\\/es\\\/die-casting\\\/#breadcrumb\",\"itemListElement\":[{\"@type\":\"ListItem\",\"position\":1,\"name\":\"Home\",\"item\":\"https:\\\/\\\/came-italy.com\\\/es\\\/\"},{\"@type\":\"ListItem\",\"position\":2,\"name\":\"Die Casting\"}]},{\"@type\":\"WebSite\",\"@id\":\"https:\\\/\\\/came-italy.com\\\/es\\\/#website\",\"url\":\"https:\\\/\\\/came-italy.com\\\/es\\\/\",\"name\":\"Came Spa\",\"description\":\"Avvolgimenti e componenti per motori elettrici\",\"publisher\":{\"@id\":\"https:\\\/\\\/came-italy.com\\\/es\\\/#organization\"},\"potentialAction\":[{\"@type\":\"SearchAction\",\"target\":{\"@type\":\"EntryPoint\",\"urlTemplate\":\"https:\\\/\\\/came-italy.com\\\/es\\\/?s={search_term_string}\"},\"query-input\":{\"@type\":\"PropertyValueSpecification\",\"valueRequired\":true,\"valueName\":\"search_term_string\"}}],\"inLanguage\":\"es\"},{\"@type\":\"Organization\",\"@id\":\"https:\\\/\\\/came-italy.com\\\/es\\\/#organization\",\"name\":\"Came Spa\",\"url\":\"https:\\\/\\\/came-italy.com\\\/es\\\/\",\"logo\":{\"@type\":\"ImageObject\",\"inLanguage\":\"es\",\"@id\":\"https:\\\/\\\/came-italy.com\\\/es\\\/#\\\/schema\\\/logo\\\/image\\\/\",\"url\":\"https:\\\/\\\/came-italy.com\\\/wp-content\\\/uploads\\\/2016\\\/07\\\/logo-came-spa.png\",\"contentUrl\":\"https:\\\/\\\/came-italy.com\\\/wp-content\\\/uploads\\\/2016\\\/07\\\/logo-came-spa.png\",\"width\":766,\"height\":129,\"caption\":\"Came Spa\"},\"image\":{\"@id\":\"https:\\\/\\\/came-italy.com\\\/es\\\/#\\\/schema\\\/logo\\\/image\\\/\"}}]}<\/script>\n<!-- \/ Yoast SEO plugin. -->","yoast_head_json":{"title":"Die Casting - Came Spa","robots":{"index":"index","follow":"follow","max-snippet":"max-snippet:-1","max-image-preview":"max-image-preview:large","max-video-preview":"max-video-preview:-1"},"canonical":"https:\/\/came-italy.com\/es\/die-casting\/","og_locale":"es_ES","og_type":"article","og_title":"Die Casting - Came Spa","og_description":"FUNDICI\u00d3N A PRESI\u00d3N DE ALUMINIO Del esbozo al producto acabado &nbsp; Fundici\u00f3n a presi\u00f3n de aluminio con robots: 1 x 320 toneladas 4 x 420 toneladas 3 x 560 toneladas 1 x 750 toneladas 2 x 1,000 toneladas 1 x 1,400 toneladas M\u00e1quinas de fundici\u00f3n a presi\u00f3n de aluminio: 5 x Prensas cinzallas 3 x [&hellip;]","og_url":"https:\/\/came-italy.com\/es\/die-casting\/","og_site_name":"Came Spa","article_modified_time":"2025-02-11T12:27:58+00:00","og_image":[{"width":550,"height":367,"url":"https:\/\/came-italy.com\/wp-content\/uploads\/2018\/11\/Came-Die-casting-proprietary.jpg","type":"image\/jpeg"}],"twitter_card":"summary_large_image","twitter_misc":{"Tiempo de lectura":"3 minutos"},"schema":{"@context":"https:\/\/schema.org","@graph":[{"@type":"WebPage","@id":"https:\/\/came-italy.com\/es\/die-casting\/","url":"https:\/\/came-italy.com\/es\/die-casting\/","name":"Die Casting - Came Spa","isPartOf":{"@id":"https:\/\/came-italy.com\/es\/#website"},"primaryImageOfPage":{"@id":"https:\/\/came-italy.com\/es\/die-casting\/#primaryimage"},"image":{"@id":"https:\/\/came-italy.com\/es\/die-casting\/#primaryimage"},"thumbnailUrl":"https:\/\/came-italy.com\/wp-content\/uploads\/2018\/11\/Came-Die-casting-proprietary.jpg","datePublished":"2018-03-20T11:51:13+00:00","dateModified":"2025-02-11T12:27:58+00:00","breadcrumb":{"@id":"https:\/\/came-italy.com\/es\/die-casting\/#breadcrumb"},"inLanguage":"es","potentialAction":[{"@type":"ReadAction","target":["https:\/\/came-italy.com\/es\/die-casting\/"]}]},{"@type":"ImageObject","inLanguage":"es","@id":"https:\/\/came-italy.com\/es\/die-casting\/#primaryimage","url":"https:\/\/came-italy.com\/wp-content\/uploads\/2018\/11\/Came-Die-casting-proprietary.jpg","contentUrl":"https:\/\/came-italy.com\/wp-content\/uploads\/2018\/11\/Came-Die-casting-proprietary.jpg"},{"@type":"BreadcrumbList","@id":"https:\/\/came-italy.com\/es\/die-casting\/#breadcrumb","itemListElement":[{"@type":"ListItem","position":1,"name":"Home","item":"https:\/\/came-italy.com\/es\/"},{"@type":"ListItem","position":2,"name":"Die Casting"}]},{"@type":"WebSite","@id":"https:\/\/came-italy.com\/es\/#website","url":"https:\/\/came-italy.com\/es\/","name":"Came Spa","description":"Avvolgimenti e componenti per motori elettrici","publisher":{"@id":"https:\/\/came-italy.com\/es\/#organization"},"potentialAction":[{"@type":"SearchAction","target":{"@type":"EntryPoint","urlTemplate":"https:\/\/came-italy.com\/es\/?s={search_term_string}"},"query-input":{"@type":"PropertyValueSpecification","valueRequired":true,"valueName":"search_term_string"}}],"inLanguage":"es"},{"@type":"Organization","@id":"https:\/\/came-italy.com\/es\/#organization","name":"Came Spa","url":"https:\/\/came-italy.com\/es\/","logo":{"@type":"ImageObject","inLanguage":"es","@id":"https:\/\/came-italy.com\/es\/#\/schema\/logo\/image\/","url":"https:\/\/came-italy.com\/wp-content\/uploads\/2016\/07\/logo-came-spa.png","contentUrl":"https:\/\/came-italy.com\/wp-content\/uploads\/2016\/07\/logo-came-spa.png","width":766,"height":129,"caption":"Came Spa"},"image":{"@id":"https:\/\/came-italy.com\/es\/#\/schema\/logo\/image\/"}}]}},"_links":{"self":[{"href":"https:\/\/came-italy.com\/es\/wp-json\/wp\/v2\/pages\/3811","targetHints":{"allow":["GET"]}}],"collection":[{"href":"https:\/\/came-italy.com\/es\/wp-json\/wp\/v2\/pages"}],"about":[{"href":"https:\/\/came-italy.com\/es\/wp-json\/wp\/v2\/types\/page"}],"author":[{"embeddable":true,"href":"https:\/\/came-italy.com\/es\/wp-json\/wp\/v2\/users\/1"}],"replies":[{"embeddable":true,"href":"https:\/\/came-italy.com\/es\/wp-json\/wp\/v2\/comments?post=3811"}],"version-history":[{"count":13,"href":"https:\/\/came-italy.com\/es\/wp-json\/wp\/v2\/pages\/3811\/revisions"}],"predecessor-version":[{"id":18042,"href":"https:\/\/came-italy.com\/es\/wp-json\/wp\/v2\/pages\/3811\/revisions\/18042"}],"wp:attachment":[{"href":"https:\/\/came-italy.com\/es\/wp-json\/wp\/v2\/media?parent=3811"}],"curies":[{"name":"wp","href":"https:\/\/api.w.org\/{rel}","templated":true}]}}