{"id":3907,"date":"2018-06-12T12:48:42","date_gmt":"2018-06-12T10:48:42","guid":{"rendered":"https:\/\/came-italy.com\/?page_id=3907"},"modified":"2023-03-06T13:16:08","modified_gmt":"2023-03-06T12:16:08","slug":"politica-de-cookies","status":"publish","type":"page","link":"https:\/\/came-italy.com\/es\/politica-de-cookies\/","title":{"rendered":"Pol\u00edtica de Cookies"},"content":{"rendered":"<p class=\"western\">Este sitio web utiliza cookies. Usamos cookies para personalizar contenidos y anuncios, para proporcionar funciones de las redes sociales y para analizar nuestro tr\u00e1fico. Tambi\u00e9n compartimos informaci\u00f3n sobre el modo en que utiliza nuestro sitio con nuestros socios que se ocupan de analizar los datos web, publicidad y redes sociales, quienes podr\u00edan combinarla con otra informaci\u00f3n que les haya proporcionado o que hayan recogido durante el uso de sus servicios. se contin\u00faa utilizando nuestro sitio web, deber\u00e1 aceptar el uso de nuestras cookies.<\/p>\n<p>&nbsp;<\/p>\n<p class=\"western\">Las cookies son peque\u00f1os archivos de texto que pueden ser utilizados por los sitios web para que sea m\u00e1s eficiente la experiencia para el usuario.<\/p>\n<p>&nbsp;<\/p>\n<p class=\"western\">La ley establece que podemos almacenar cookies en su equipo si son estrictamente necesarias para el funcionamiento de este sitio.Para todas las dem\u00e1s cookies, necesitamos su autorizaci\u00f3n.<\/p>\n<p>&nbsp;<\/p>\n<p class=\"western\">Este sitio usa diferentes tipos de cookies. Algunas cookies son colocadas por servicios de terceros que aparecen en nuestras p\u00e1ginas.<\/p>\n<p>&nbsp;<\/p>\n<p class=\"western\">En cualquier momento puede cambiar o revocar su consentimiento de la Declaraci\u00f3n de Cookies en nuestro sitio web.<\/p>\n<p>&nbsp;<\/p>\n<p class=\"western\">Su consentimiento se aplica a los siguientes sitios web: www.came-italy.com<\/p>\n<p>&nbsp;<\/p>\n<p class=\"western\">Came spa protege la privacidad de los usuarios de este sitio seg\u00fan el RGDP UE 2016\/679. Solicitamos al usuario del sitio que, antes de navegar por el sitio, lea esta p\u00e1gina y cualquier integraci\u00f3n posterior, con respecto a la protecci\u00f3n de datos personales. Todo aquello declarado se refiere al sitio www.came-italy.com; para posibles recursos externos que el usuario pueda alcanzar a trav\u00e9s de enlaces, consulte los sitios propuestos al usuario.<\/p>\n<p>&nbsp;<\/p>\n<p><b>1)&nbsp;<\/b><b>NAVEGACI\u00d3N<\/b><\/p>\n<p>&nbsp;<\/p>\n<p class=\"western\">En el sitio se utilizan programas para la recogida de an\u00e1lisis estad\u00edsticos que sirven para hacernos comprender c\u00f3mo los usuarios usan el sitio, a fin de permitirnos mejorar la interacci\u00f3n entre el sitio y el usuario en las actualizaciones posteriores del sitio: por consiguiente, se recogen datos con fines estad\u00edsticos, en forma agregada y an\u00f3nima. La navegaci\u00f3n \u201cpasiva\u201d implica el uso de Cookies (de sesi\u00f3n o permanentes), que el usuario puede desactivar desde su navegador.<\/p>\n<p>&nbsp;<\/p>\n<p><b>2)&nbsp;<\/b><b>RECOGIDA DE INFORMACI\u00d3N<\/b><\/p>\n<p>&nbsp;<\/p>\n<p class=\"western\">La recogida de informaci\u00f3n se refiere a la solicitud de informaci\u00f3n, suscripci\u00f3n al bolet\u00edn de noticias, uso del formulario de comentarios.<\/p>\n<p>&nbsp;<\/p>\n<p class=\"western\"><i><b>Solicitaci\u00f3n informaci\u00f3n<\/b><\/i><\/p>\n<p>&nbsp;<\/p>\n<p class=\"western\">El correo electr\u00f3nico y los datos personales proporcionados durante la solicitud de informaci\u00f3n se utilizan solamente para facilitar el contacto entre Came spa  y el usuario del sitio, o para responder a sus solicitudes.<\/p>\n<p>&nbsp;<\/p>\n<p><b>3)&nbsp;<\/b><b>COOKIES<\/b><\/p>\n<p>&nbsp;<\/p>\n<p class=\"western\">Nuestro sitio utiliza cookies para ayudarnos a comprender c\u00f3mo ofrecer a los visitantes una mejor experiencia de navegaci\u00f3n. La cookie es un peque\u00f1o archivo de texto que contiene caracteres alfanum\u00e9ricos y que se guarda en la memoria del navegador, salvo que el visitante no est\u00e9 de acuerdo. Las cookies contienen informaci\u00f3n que se transfiere, pero NO es informaci\u00f3n que nos permite identificar al usuario: \u00a1su privacidad est\u00e1 garantizada!<\/p>\n<p class=\"western\">Utilizamos cookies de an\u00e1lisis\/de rendimiento (v\u00e9ase el siguiente apartado \u201cGoogle Analytics\u201d) que nos permiten contar el n\u00famero de visitantes y observar c\u00f3mo navegan por el sitio. Los datos son agregados, no individuales. Con estas cookies podemos entender c\u00f3mo mejorar el sitio o c\u00f3mo ayudar a los pr\u00f3ximos usuarios a encontrar m\u00e1s r\u00e1pido la informaci\u00f3n que buscan.<\/p>\n<p>&nbsp;<\/p>\n<p><b><i>Google Analytics<\/i><\/b><\/p>\n<p>&nbsp;<\/p>\n<p class=\"western\">A los fines del cumplimiento de las obligaciones contractuales asumidas por cuenta de Google y con exclusi\u00f3n de cualquier responsabilidad por parte de Google con respecto a los contenidos all\u00ed previstos, informamos al usuario que <i>\u201cGoogle Analytics es un servicio de an\u00e1lisis web suministrado por Google, Inc. (\u201cGoogle\u201d). Google Analytics utiliza \u201ccookies\u201d, que son archivos de texto almacenados en el ordenador del usuario, para que el sitio web analice, de forma an\u00f3nima, el modo en que los usuarios utilizan el sitio. La informaci\u00f3n que genera la cookie acerca del uso del sitio web ser\u00e1 directamente transmitida y archivada en los servidores de Google de Estados Unidos. Google utilizar\u00e1 esta informaci\u00f3n con el prop\u00f3sito de examinar el uso del sitio web por parte de los visitantes, crear informes de la actividad del sitio para los administradores del mismo y ofrecer otros servicios relacionados con la actividad del sitio web y el uso de Internet. Google tambi\u00e9n puede transmitir dicha informaci\u00f3n a terceros cuando as\u00ed lo requiera la legislaci\u00f3n, o cuando dichos terceros procesen dicha informaci\u00f3n por cuenta de Google. Google no asociar\u00e1 la direcci\u00f3n IP del usuario a ning\u00fan otro dato del que disponga Google. El usuario puede rechazar el uso de cookies seleccionando la configuraci\u00f3n apropiada en su navegador, pero esto podr\u00eda impedir el uso de todas las funciones del sitio. Al utilizar este sitio, sin modificar las configuraciones para rechazar las cookies, el usuario est\u00e1 dando su consentimiento a Google al tratamiento de sus datos personales en la forma y con las finalidades antedichas\u201d<\/i>.<\/p>\n<p>&nbsp;<\/p>\n<p class=\"western\"><i><b>Pol\u00edtica de privacidad de algunos terceros que utilizan las cookies en nuestro sitio<\/b><\/i><\/p>\n<p>&nbsp;<\/p>\n<p class=\"western\"><span style=\"color: #0000ff;\"><u><a href=\"https:\/\/policies.google.com\/privacy?hl=es&amp;gl=es\">Pol\u00edtica de privacidad de Google<\/a><\/u><\/p>\n<p>&nbsp;<\/p>\n<p class=\"western\">Un <span style=\"color: #0000ff;\"><u><a href=\"https:\/\/tools.google.com\/dlpage\/gaoptout?hl=es\">formulario complementario<\/a><\/u> permite <b>desactivar Google Analytics<\/b><\/p>\n<p>&nbsp;<\/p>\n<p><b>4)&nbsp;<\/b><b>APLICACIONES DE TERCEROS INTEGRADAS EN NUESTRO SITIO<\/b><\/p>\n<p>&nbsp;<\/p>\n<p class=\"western\">En nuestro sitio podemos incluir aplicaciones inform\u00e1ticas de terceros, que le permiten compartir los contenidos de nuestro sitio web con otras personas o hacer que dichas personas conozcan su consulta u opini\u00f3n sobre los contenidos de nuestro sitio. Esto es en particular el caso de botones como \u201cCompartir\u201d, \u201cme gusta\u201d, proporcionados por las redes sociales como \u201cFacebook\u201d, \u201cTwitter\u201d, \u201cLinkedIn\u201d, \u201cGoogle+\u201d, etc.<\/p>\n<p>&nbsp;<\/p>\n<p class=\"western\">La red social que presenta uno de los botones antedichos puede identificar al usuario a trav\u00e9s de este bot\u00f3n, incluso si no se utiliza cuando usted visita nuestro sitio web.<\/p>\n<p>&nbsp;<\/p>\n<p class=\"western\">De hecho, este tipo de bot\u00f3n puede permitir que la red social en cuesti\u00f3n siga su navegaci\u00f3n en nuestro sitio, simplemente porque su cuenta de la red social en cuesti\u00f3n se ha activado en su terminal (sesi\u00f3n abierta) durante su visita a nuestro sitio.<\/p>\n<p>&nbsp;<\/p>\n<p class=\"western\">No podemos controlar el proceso utilizado por la red social para recoger informaci\u00f3n sobre su navegaci\u00f3n en nuestro sitio y relacionada con los datos personales que tienen. Le invitamos a consultar la pol\u00edtica de privacidad de estas redes sociales para conocer el prop\u00f3sito del uso, incluida la publicidad, la informaci\u00f3n de navegaci\u00f3n que pueden recopilar con estos botones de aplicaci\u00f3n. Estas pol\u00edticas deber\u00edan, en particular, permitirle ejercer sus opciones en dichas redes sociales a trav\u00e9s de la configuraci\u00f3n de sus cuentas para el uso de cada una de ellas.<\/p>\n<p>&nbsp;<\/p>\n<p class=\"western\"><b>C\u00f3mo desactivar las cookies de servicios de terceros<\/b><\/p>\n<p>&nbsp;<\/p>\n<ul>\n<li style=\"font-weight: 400;\"><a href=\"http:\/\/www.google.com\/ads\/preferences\/?hl=es\"><span style=\"font-weight: 400;\">Servcios de Google<\/a><\/li>\n<li style=\"font-weight: 400;\"><a href=\"https:\/\/www.facebook.com\/help\/cookies?ref_type=sitefooter\"><span style=\"font-weight: 400;\">Facebook<\/a><\/li>\n<li style=\"font-weight: 400;\"><a href=\"https:\/\/help.twitter.com\/es\/rules-and-policies\/twitter-cookies\"><span style=\"font-weight: 400;\">Twitter<\/a><\/li>\n<\/ul>\n<p>&nbsp;<\/p>\n<p><b>5)&nbsp;<\/b><b>SUS OPCIONES SOBRE LAS COOKIES<\/b><\/p>\n<p>&nbsp;<\/p>\n<p class=\"western\">Usted tiene varias opciones para administrar las cookies. Todos los par\u00e1metros que usted puede configurar podr\u00edan determinar modificaciones en su modo de navegaci\u00f3n por Internet y a sus condiciones de acceso a algunos servicios que requieren el uso de cookies.<\/p>\n<p class=\"western\">En cualquier momento puede expresar y modificar sus opciones sobre las cookies de la manera que se describe a continuaci\u00f3n.<\/p>\n<p>&nbsp;<\/p>\n<p class=\"western\"><i><b>Opciones que ofrece su navegador <\/b><\/i><\/p>\n<p>&nbsp;<\/p>\n<p class=\"western\">El navegador se puede configurar para que las cookies se memoricen en el equipo o, por el contrario, sean rechazadas, ya sea sistem\u00e1ticamente o seg\u00fan el remitente. Tambi\u00e9n se puede configurar el navegador para que acepte o rechace las cookies de inmediato, antes de que una cookie sea probablemente almacenada en el equipo. Para m\u00e1s informaci\u00f3n, v\u00e9ase \u201cC\u00f3mo ejercer su opci\u00f3n de acuerdo con el navegador que utiliza\u201d<\/p>\n<p>&nbsp;<\/p>\n<p><b>\u2013&nbsp;<\/b><i><b>Consentimiento a las cookies<\/b><\/i><\/p>\n<p>&nbsp;<\/p>\n<p class=\"western\">El registro de una cookie en un equipo est\u00e1 esencialmente sujeto a la voluntad del usuario que se puede expresar y modificar en cualquier momento y de forma gratuita a trav\u00e9s de las opciones que ofrece el navegador. Si ha aceptado el registro de cookies en su terminal a trav\u00e9s de su navegador, las cookies integradas en las p\u00e1ginas y en los contenidos que ha consultado pueden almacenarse temporalmente en un \u00e1rea dedicada de su equipo. Estas ser\u00e1n legibles solo por el remitente.<\/p>\n<p>&nbsp;<\/p>\n<p><b>\u2013&nbsp;<\/b><i><b>Rechazo de cookies<\/b><\/i><\/p>\n<p>&nbsp;<\/p>\n<p class=\"western\">Si usted rechaza las cookies en su terminal, o elimina las que est\u00e1n registradas, es posible que no pueda utilizar todas nuestras funciones interactivas. Este ser\u00e1 el caso si intenta entrar a nuestros contenidos o servicios que requieren la identificaci\u00f3n. Lo mismo suceder\u00e1, si nosotros o nuestros proveedores no logramos reconocer, con fines de la compatibilidad t\u00e9cnica, el tipo de navegador que utiliza su equipo, las configuraciones del idioma y de la pantalla o el pa\u00eds desde el que el equipo est\u00e1 conectado a Internet. En tales casos, declinamos cualquier responsabilidad por las consecuencias relacionadas con el mal funcionamiento de nuestros servicios causado por la imposibilidad que tenemos de registrar o leer las cookies necesarias para operar y que usted haya rechazado o suprimido.<\/p>\n<p>&nbsp;<\/p>\n<p><b>\u2013&nbsp;<\/b><i><b>C\u00f3mo ejercer su opci\u00f3n de acuerdo con el navegador que utiliza<\/b><\/i><\/p>\n<p>&nbsp;<\/p>\n<p class=\"western\">Para administrar las cookies y sus opciones, la configuraci\u00f3n de cada navegador es diferente. La misma se describe en el men\u00fa de ayuda de su navegador, que le permitir\u00e1 saber c\u00f3mo cambiar sus opciones con respecto a las cookies.<\/p>\n<p>&nbsp;<\/p>\n<p><span style=\"font-weight: 400;\">Internet Explorer\u2122:&nbsp;<a href=\"https:\/\/support.microsoft.com\/es-es\/help\/17442\/windows-internet-explorer-delete-manage-cookies#ie=ie-11\">https:\/\/support.microsoft.com\/es-es\/help\/17442\/windows-internet-explorer-delete-manage-cookies#ie=ie-11<\/a><\/p>\n<p>&nbsp;<\/p>\n<p><span style=\"font-weight: 400;\">Safari\u2122:&nbsp;<a href=\"https:\/\/support.apple.com\/es-es\/HT201265\"><span style=\"font-weight: 400;\">https:\/\/support.apple.com\/es-es\/HT201265 <\/a><\/p>\n<p>&nbsp;<\/p>\n<p><span style=\"font-weight: 400;\">Chrome\u2122: <a href=\"https:\/\/support.google.com\/accounts\/answer\/61416?hl=es\"><span style=\"font-weight: 400;\">https:\/\/support.google.com\/accounts\/answer\/61416?hl=es<\/a><\/p>\n<p>&nbsp;<\/p>\n<p><span style=\"font-weight: 400;\">Firefox\u2122:<a href=\"https:\/\/support.mozilla.org\/es\/kb\/habilitar-y-deshabilitar-cookies-sitios-web-rastrear-preferencias\">https:\/\/support.mozilla.org\/es\/kb\/habilitar-y-deshabilitar-cookies-sitios-web-rastrear-preferencias<\/a><\/p>\n<p>&nbsp;<\/p>\n<p><span style=\"font-weight: 400;\">Opera\u2122:<a href=\"http:\/\/help.opera.com\/Windows\/10.20\/en\/cookies.html\">http:\/\/help.opera.com\/Windows\/10.20\/en\/cookies.html<\/a><\/p>\n<p>&nbsp;<\/p>\n<p><span style=\"font-weight: 400;\">etc.<\/p>\n<p>&nbsp;<\/p>\n<p class=\"western\">Si decide no aceptar el registro de cookies en su terminal (incluidas aquellas con fines publicitarios), puede configurarlo con la funci\u00f3n espec\u00edfica del navegador.<\/p>\n","protected":false},"excerpt":{"rendered":"<p>Este sitio web utiliza cookies. Usamos cookies para personalizar contenidos y anuncios, para proporcionar funciones de las redes sociales y para analizar nuestro tr\u00e1fico. Tambi\u00e9n compartimos informaci\u00f3n sobre el modo en que utiliza nuestro sitio con nuestros socios que se ocupan de analizar los datos web, publicidad y redes sociales, quienes podr\u00edan combinarla con otra [&hellip;]<\/p>\n","protected":false},"author":1,"featured_media":0,"parent":0,"menu_order":0,"comment_status":"closed","ping_status":"closed","template":"","meta":{"ngg_post_thumbnail":0,"footnotes":""},"class_list":["post-3907","page","type-page","status-publish","hentry"],"yoast_head":"<!-- This site is optimized with the Yoast SEO plugin v27.4 - https:\/\/yoast.com\/product\/yoast-seo-wordpress\/ -->\n<title>Pol\u00edtica de Cookies - Came Spa<\/title>\n<meta name=\"robots\" content=\"index, follow, max-snippet:-1, max-image-preview:large, max-video-preview:-1\" \/>\n<link rel=\"canonical\" href=\"https:\/\/came-italy.com\/es\/politica-de-cookies\/\" \/>\n<meta property=\"og:locale\" content=\"es_ES\" \/>\n<meta property=\"og:type\" content=\"article\" \/>\n<meta property=\"og:title\" content=\"Pol\u00edtica de Cookies - Came Spa\" \/>\n<meta property=\"og:description\" content=\"Este sitio web utiliza cookies. Usamos cookies para personalizar contenidos y anuncios, para proporcionar funciones de las redes sociales y para analizar nuestro tr\u00e1fico. Tambi\u00e9n compartimos informaci\u00f3n sobre el modo en que utiliza nuestro sitio con nuestros socios que se ocupan de analizar los datos web, publicidad y redes sociales, quienes podr\u00edan combinarla con otra [&hellip;]\" \/>\n<meta property=\"og:url\" content=\"https:\/\/came-italy.com\/es\/politica-de-cookies\/\" \/>\n<meta property=\"og:site_name\" content=\"Came Spa\" \/>\n<meta property=\"article:modified_time\" content=\"2023-03-06T12:16:08+00:00\" \/>\n<meta name=\"twitter:card\" content=\"summary_large_image\" \/>\n<meta name=\"twitter:label1\" content=\"Tiempo de lectura\" \/>\n\t<meta name=\"twitter:data1\" content=\"7 minutos\" \/>\n<script type=\"application\/ld+json\" class=\"yoast-schema-graph\">{\"@context\":\"https:\\\/\\\/schema.org\",\"@graph\":[{\"@type\":\"WebPage\",\"@id\":\"https:\\\/\\\/came-italy.com\\\/es\\\/politica-de-cookies\\\/\",\"url\":\"https:\\\/\\\/came-italy.com\\\/es\\\/politica-de-cookies\\\/\",\"name\":\"Pol\u00edtica de Cookies - Came Spa\",\"isPartOf\":{\"@id\":\"https:\\\/\\\/came-italy.com\\\/es\\\/#website\"},\"datePublished\":\"2018-06-12T10:48:42+00:00\",\"dateModified\":\"2023-03-06T12:16:08+00:00\",\"breadcrumb\":{\"@id\":\"https:\\\/\\\/came-italy.com\\\/es\\\/politica-de-cookies\\\/#breadcrumb\"},\"inLanguage\":\"es\",\"potentialAction\":[{\"@type\":\"ReadAction\",\"target\":[\"https:\\\/\\\/came-italy.com\\\/es\\\/politica-de-cookies\\\/\"]}]},{\"@type\":\"BreadcrumbList\",\"@id\":\"https:\\\/\\\/came-italy.com\\\/es\\\/politica-de-cookies\\\/#breadcrumb\",\"itemListElement\":[{\"@type\":\"ListItem\",\"position\":1,\"name\":\"Home\",\"item\":\"https:\\\/\\\/came-italy.com\\\/es\\\/\"},{\"@type\":\"ListItem\",\"position\":2,\"name\":\"Pol\u00edtica de Cookies\"}]},{\"@type\":\"WebSite\",\"@id\":\"https:\\\/\\\/came-italy.com\\\/es\\\/#website\",\"url\":\"https:\\\/\\\/came-italy.com\\\/es\\\/\",\"name\":\"Came Spa\",\"description\":\"Avvolgimenti e componenti per motori elettrici\",\"publisher\":{\"@id\":\"https:\\\/\\\/came-italy.com\\\/es\\\/#organization\"},\"potentialAction\":[{\"@type\":\"SearchAction\",\"target\":{\"@type\":\"EntryPoint\",\"urlTemplate\":\"https:\\\/\\\/came-italy.com\\\/es\\\/?s={search_term_string}\"},\"query-input\":{\"@type\":\"PropertyValueSpecification\",\"valueRequired\":true,\"valueName\":\"search_term_string\"}}],\"inLanguage\":\"es\"},{\"@type\":\"Organization\",\"@id\":\"https:\\\/\\\/came-italy.com\\\/es\\\/#organization\",\"name\":\"Came Spa\",\"url\":\"https:\\\/\\\/came-italy.com\\\/es\\\/\",\"logo\":{\"@type\":\"ImageObject\",\"inLanguage\":\"es\",\"@id\":\"https:\\\/\\\/came-italy.com\\\/es\\\/#\\\/schema\\\/logo\\\/image\\\/\",\"url\":\"https:\\\/\\\/came-italy.com\\\/wp-content\\\/uploads\\\/2016\\\/07\\\/logo-came-spa.png\",\"contentUrl\":\"https:\\\/\\\/came-italy.com\\\/wp-content\\\/uploads\\\/2016\\\/07\\\/logo-came-spa.png\",\"width\":766,\"height\":129,\"caption\":\"Came Spa\"},\"image\":{\"@id\":\"https:\\\/\\\/came-italy.com\\\/es\\\/#\\\/schema\\\/logo\\\/image\\\/\"}}]}<\/script>\n<!-- \/ Yoast SEO plugin. -->","yoast_head_json":{"title":"Pol\u00edtica de Cookies - Came Spa","robots":{"index":"index","follow":"follow","max-snippet":"max-snippet:-1","max-image-preview":"max-image-preview:large","max-video-preview":"max-video-preview:-1"},"canonical":"https:\/\/came-italy.com\/es\/politica-de-cookies\/","og_locale":"es_ES","og_type":"article","og_title":"Pol\u00edtica de Cookies - Came Spa","og_description":"Este sitio web utiliza cookies. Usamos cookies para personalizar contenidos y anuncios, para proporcionar funciones de las redes sociales y para analizar nuestro tr\u00e1fico. Tambi\u00e9n compartimos informaci\u00f3n sobre el modo en que utiliza nuestro sitio con nuestros socios que se ocupan de analizar los datos web, publicidad y redes sociales, quienes podr\u00edan combinarla con otra [&hellip;]","og_url":"https:\/\/came-italy.com\/es\/politica-de-cookies\/","og_site_name":"Came Spa","article_modified_time":"2023-03-06T12:16:08+00:00","twitter_card":"summary_large_image","twitter_misc":{"Tiempo de lectura":"7 minutos"},"schema":{"@context":"https:\/\/schema.org","@graph":[{"@type":"WebPage","@id":"https:\/\/came-italy.com\/es\/politica-de-cookies\/","url":"https:\/\/came-italy.com\/es\/politica-de-cookies\/","name":"Pol\u00edtica de Cookies - Came Spa","isPartOf":{"@id":"https:\/\/came-italy.com\/es\/#website"},"datePublished":"2018-06-12T10:48:42+00:00","dateModified":"2023-03-06T12:16:08+00:00","breadcrumb":{"@id":"https:\/\/came-italy.com\/es\/politica-de-cookies\/#breadcrumb"},"inLanguage":"es","potentialAction":[{"@type":"ReadAction","target":["https:\/\/came-italy.com\/es\/politica-de-cookies\/"]}]},{"@type":"BreadcrumbList","@id":"https:\/\/came-italy.com\/es\/politica-de-cookies\/#breadcrumb","itemListElement":[{"@type":"ListItem","position":1,"name":"Home","item":"https:\/\/came-italy.com\/es\/"},{"@type":"ListItem","position":2,"name":"Pol\u00edtica de Cookies"}]},{"@type":"WebSite","@id":"https:\/\/came-italy.com\/es\/#website","url":"https:\/\/came-italy.com\/es\/","name":"Came Spa","description":"Avvolgimenti e componenti per motori elettrici","publisher":{"@id":"https:\/\/came-italy.com\/es\/#organization"},"potentialAction":[{"@type":"SearchAction","target":{"@type":"EntryPoint","urlTemplate":"https:\/\/came-italy.com\/es\/?s={search_term_string}"},"query-input":{"@type":"PropertyValueSpecification","valueRequired":true,"valueName":"search_term_string"}}],"inLanguage":"es"},{"@type":"Organization","@id":"https:\/\/came-italy.com\/es\/#organization","name":"Came Spa","url":"https:\/\/came-italy.com\/es\/","logo":{"@type":"ImageObject","inLanguage":"es","@id":"https:\/\/came-italy.com\/es\/#\/schema\/logo\/image\/","url":"https:\/\/came-italy.com\/wp-content\/uploads\/2016\/07\/logo-came-spa.png","contentUrl":"https:\/\/came-italy.com\/wp-content\/uploads\/2016\/07\/logo-came-spa.png","width":766,"height":129,"caption":"Came Spa"},"image":{"@id":"https:\/\/came-italy.com\/es\/#\/schema\/logo\/image\/"}}]}},"_links":{"self":[{"href":"https:\/\/came-italy.com\/es\/wp-json\/wp\/v2\/pages\/3907","targetHints":{"allow":["GET"]}}],"collection":[{"href":"https:\/\/came-italy.com\/es\/wp-json\/wp\/v2\/pages"}],"about":[{"href":"https:\/\/came-italy.com\/es\/wp-json\/wp\/v2\/types\/page"}],"author":[{"embeddable":true,"href":"https:\/\/came-italy.com\/es\/wp-json\/wp\/v2\/users\/1"}],"replies":[{"embeddable":true,"href":"https:\/\/came-italy.com\/es\/wp-json\/wp\/v2\/comments?post=3907"}],"version-history":[{"count":4,"href":"https:\/\/came-italy.com\/es\/wp-json\/wp\/v2\/pages\/3907\/revisions"}],"predecessor-version":[{"id":15044,"href":"https:\/\/came-italy.com\/es\/wp-json\/wp\/v2\/pages\/3907\/revisions\/15044"}],"wp:attachment":[{"href":"https:\/\/came-italy.com\/es\/wp-json\/wp\/v2\/media?parent=3907"}],"curies":[{"name":"wp","href":"https:\/\/api.w.org\/{rel}","templated":true}]}}