{"id":12584,"date":"2021-08-25T12:10:47","date_gmt":"2021-08-25T10:10:47","guid":{"rendered":"https:\/\/came-italy.com\/?page_id=12584"},"modified":"2024-04-09T16:24:06","modified_gmt":"2024-04-09T14:24:06","slug":"valori-e-codice-etico","status":"publish","type":"page","link":"https:\/\/came-italy.com\/it\/valori-e-codice-etico\/","title":{"rendered":"Valori e Codice Etico"},"content":{"rendered":"<div class=\"entry_line\">&nbsp;<\/div>\n<p>&nbsp;<\/p>\n<h2 style=\"line-height: 1.6;\"><span class=\"orange\">I valori<\/span><\/h2>\n<p>La guida alle nostre scelte, gli ideali in cui abbiamo sempre creduto<\/p>\n<div class=\"container\">\n<div class=\"item\">\n<img decoding=\"async\" src=\"https:\/\/came-italy.com\/wp-content\/uploads\/2022\/02\/Centralita.jpg\" alt=\"\" height=\"100px\"\/><\/p>\n<div class=\"orange font-16\">Centralit\u00e0<br  class=\"hide-mobile\"\/>del cliente<\/div>\n<p>Avere uno sguardo attento alle necessit\u00e0 di ogni Cliente per accompagnarlo nella sua crescita.\n<\/p><\/div>\n<div class=\"item\">\n<img decoding=\"async\" src=\"https:\/\/came-italy.com\/wp-content\/uploads\/2022\/02\/Collaborazione.jpg\" alt=\"\" height=\"100px\"\/><\/p>\n<div class=\"orange font-16\">Collaborazione<br class=\"hide-mobile\" \/>e spirito di gruppo<\/div>\n<p>Aiutarsi e rispettarsi a vicenda, fare squadra, vincere le sfide per il  bene dell\u2019azienda e dei nostri clienti\n<\/p><\/div>\n<div class=\"item\">\n<img decoding=\"async\" src=\"https:\/\/came-italy.com\/wp-content\/uploads\/2022\/02\/Appartenenza.jpg\" alt=\"\" height=\"100px\"\/><\/p>\n<div class=\"orange font-16\">Senso di appartenenza<br class=\"hide-mobile\"\/> e Impegno<\/div>\n<p>Essere orgogliosi di far parte della squadra Came, condividere gli stessi valori, mettersi in gioco ogni giorno per contribuire al bene e al successo comune\n<\/p><\/div>\n<div class=\"item\">\n<img decoding=\"async\" src=\"https:\/\/came-italy.com\/wp-content\/uploads\/2022\/02\/Passione.jpg\" alt=\"\" height=\"100px\"\/><\/p>\n<div class=\"orange font-16\">Passione<br class=\"hide-mobile\"\/> e Affidabilit\u00e0<\/div>\n<p>Avere l\u2019amore per il proprio mestiere ed essere soddisfatti di quello che si fa per dare sempre il meglio\u201d Essere persone coerenti, credibili e di fiducia che mantengono gli impegni presi\n<\/p><\/div>\n<div class=\"item\">\n<img decoding=\"async\" src=\"https:\/\/came-italy.com\/wp-content\/uploads\/2022\/02\/Innovazione.jpg\" alt=\"\" height=\"100px\"\/><\/p>\n<div class=\"orange font-16\">Innovazione<br class=\"hide-mobile\"\/> e miglioramento<\/div>\n<p>Essere moderni e all\u2019avanguardia nella tecnologia e nei prodotti. Ottimizzare costantemente i processi produttivi e organizzativi con l\u2019attenzione e la cura dei dettagli\n<\/p><\/div>\n<\/div>\n<div class=\"col-2\">\n<h2  style=\"margin-top:12px;\"><span class=\"orange\">Codice etico<\/span><\/h2>\n<p>La gestione etica di Came si basa sul rispetto dei valori dell\u2019uomo, sociali, di sostenibilit\u00e0 ambientale e morali, e ci ha motivato a delineare in modo chiaro le linee guida del nostro codice etico perch\u00e8 sia condiviso dal nostro team interno, con i nostri partner esterni e applicato quotidianamente. <\/p>\n<p>&nbsp;<\/p>\n<p><a href=\"https:\/\/came-italy.com\/wp-content\/uploads\/2021\/08\/Codice-etico.pdf\" class=\"link-button\" target=\"_blank\" rel=\"noopener\">Potete leggere il nostro codice etico qui.<\/a><\/p>\n<div>\n<\/p>\n<p>&nbsp;<\/p>\n<h2 style=\"margin-top:30px;\"><span class=\"orange\">Titolo: Aziende leader del cambiamento con soft e hybrid skills, Cod. prog. 6805-0003-1010-2019<\/span><\/h2>\n<p>\nProgetto sostenuto dal POR FSE 2014 2020 della Regione Veneto all&#8217;interno del bando DGR 1010 del 12\/07\/2019 e finanziato con DDR. n. 9 del 03\/01\/2020<br \/>\n<br \/>\n<span style=\"color: black\">Obiettivi e risultati attesi:<\/span><br \/>\nLa finalit\u00e0 del progetto \u00e8 quella di intervenire su due aziende appartenenti al settore metalmeccanico a livello di propriet\u00e0, Direzione, HR pi\u00f9 una rappresentanza di tutti i responsabili di prima linea per formarli su competenze trasversali che possano aiutarli a gestire meglio le persone e creare un clima di condivisione e collaborazione a livello interfunzionale.<br \/>\n<br \/>\n<span style=\"color: black\">Numero destinatari coinvolti:<\/span><br class=\"show-mobile\"\/> <span class=\"orange\" style=\"font-size: 20px; font-weight: bold;\">12<\/span><br \/>\n<br \/>\n<span style=\"color: black\">Monte ore attivit\u00e0 previste:<\/span><br class=\"show-mobile\"\/> <span class=\"orange\" style=\"font-size: 20px; font-weight: bold;\">152<\/span><br \/>\n<br \/>\n<span style=\"color: black\">Contributo pubblico concesso:<\/span><br class=\"show-mobile\"\/> <span class=\"orange\" style=\"font-size: 20px; font-weight: bold;\">\u20ac 22.200,00<\/span><\/p>\n<p>&nbsp;<\/p>\n<div style=\"margin-top: 50px\" class=\"container-logo\">\n<img decoding=\"async\" src=\"https:\/\/came-italy.com\/wp-content\/uploads\/2022\/02\/unione-europa.png\"\/><\/p>\n<p><img decoding=\"async\" src=\"https:\/\/came-italy.com\/wp-content\/uploads\/2022\/02\/repvbblica-italiana.png\"\/><\/p>\n<p><img decoding=\"async\" src=\"https:\/\/came-italy.com\/wp-content\/uploads\/2022\/02\/regione-del-veneto-1.png\" \/><\/p>\n<p><img decoding=\"async\" src=\"https:\/\/came-italy.com\/wp-content\/uploads\/2022\/02\/regione-del-veneto.png\" \/>\n<\/div>\n<\/div>\n<\/div>\n<div class=\"col-2 col-2-right\">\n<h2 class=\"h2_20 orange\">Entra in contatto con noi<\/h2>\n\n<div class=\"wpcf7 no-js\" id=\"wpcf7-f3673-o1\" lang=\"it-IT\" dir=\"ltr\" data-wpcf7-id=\"3673\">\n<div class=\"screen-reader-response\"><p role=\"status\" aria-live=\"polite\" aria-atomic=\"true\"><\/p> <ul><\/ul><\/div>\n<form action=\"\/it\/wp-json\/wp\/v2\/pages\/12584#wpcf7-f3673-o1\" method=\"post\" class=\"wpcf7-form init\" aria-label=\"Modulo di contatto\" novalidate=\"novalidate\" data-status=\"init\">\n<fieldset class=\"hidden-fields-container\"><input type=\"hidden\" name=\"_wpcf7\" value=\"3673\" \/><input type=\"hidden\" name=\"_wpcf7_version\" value=\"6.1.5\" \/><input type=\"hidden\" name=\"_wpcf7_locale\" value=\"it_IT\" \/><input type=\"hidden\" name=\"_wpcf7_unit_tag\" value=\"wpcf7-f3673-o1\" \/><input type=\"hidden\" name=\"_wpcf7_container_post\" value=\"0\" \/><input type=\"hidden\" name=\"_wpcf7_posted_data_hash\" value=\"\" \/><input type=\"hidden\" name=\"_wpcf7_recaptcha_response\" value=\"\" \/>\n<\/fieldset>\n<p><label>Il tuo nome<\/label><span class=\"wpcf7-form-control-wrap\" data-name=\"your-name\"><input size=\"40\" maxlength=\"400\" class=\"wpcf7-form-control wpcf7-text wpcf7-validates-as-required\" aria-required=\"true\" aria-invalid=\"false\" value=\"\" type=\"text\" name=\"your-name\" \/><\/span><br \/>\n<label>La tua email<\/label><span class=\"wpcf7-form-control-wrap\" data-name=\"your-email\"><input size=\"40\" maxlength=\"400\" class=\"wpcf7-form-control wpcf7-email wpcf7-validates-as-required wpcf7-text wpcf7-validates-as-email\" aria-required=\"true\" aria-invalid=\"false\" value=\"\" type=\"email\" name=\"your-email\" \/><\/span><br \/>\n<label>Telefono<\/label><span class=\"wpcf7-form-control-wrap\" data-name=\"tel-182s\"><input size=\"40\" maxlength=\"400\" class=\"wpcf7-form-control wpcf7-tel wpcf7-validates-as-required wpcf7-text wpcf7-validates-as-tel\" aria-required=\"true\" aria-invalid=\"false\" value=\"\" type=\"tel\" name=\"tel-182s\" \/><\/span><br \/>\n<label>Oggetto<\/label><span class=\"wpcf7-form-control-wrap\" data-name=\"your-subject\"><input size=\"40\" maxlength=\"400\" class=\"wpcf7-form-control wpcf7-text wpcf7-validates-as-required\" aria-required=\"true\" aria-invalid=\"false\" value=\"\" type=\"text\" name=\"your-subject\" \/><\/span><br \/>\n<label>Messaggio<\/label>\n<\/p>\n<div id=\"form_message_2\">\n\t<p><span class=\"wpcf7-form-control-wrap\" data-name=\"your-message\"><textarea cols=\"40\" rows=\"10\" maxlength=\"2000\" class=\"wpcf7-form-control wpcf7-textarea\" aria-invalid=\"false\" name=\"your-message\"><\/textarea><\/span>\n\t<\/p>\n<\/div>\n<p><span class='form-checkbox'><span class=\"wpcf7-form-control-wrap\" data-name=\"newsletter\"><span class=\"wpcf7-form-control wpcf7-checkbox\" id=\"checkbox-newsletter\"><span class=\"wpcf7-list-item first last\"><input type=\"checkbox\" name=\"newsletter[]\" value=\"Iscriviti alla nostra newsletter\" \/><span class=\"wpcf7-list-item-label\">Iscriviti alla nostra newsletter<\/span><\/span><\/span><\/span><\/span><br \/>\n<span class='form-checkbox'><span class=\"wpcf7-form-control-wrap\" data-name=\"privacy-policy\"><span class=\"wpcf7-form-control wpcf7-acceptance\"><span class=\"wpcf7-list-item\"><label><input type=\"checkbox\" name=\"privacy-policy\" value=\"1\" aria-invalid=\"false\" \/><span class=\"wpcf7-list-item-label\"><\/span> Ho letto e accetto <a href=\"https:\/\/came-italy.com\/it\/privacy-policy\/\">Privacy Policy<\/a><\/span><\/label><\/span><\/span><\/span><br \/>\n<\/span>\n<\/p>\n<div id=\"submit-die-casting\">\n\t<p><input class=\"wpcf7-form-control wpcf7-submit has-spinner\" type=\"submit\" value=\"INVIA\" \/>\n\t<\/p>\n<\/div><div class=\"wpcf7-response-output\" aria-hidden=\"true\"><\/div>\n<\/form>\n<\/div>\n\n<\/div>\n","protected":false},"excerpt":{"rendered":"<p>&nbsp; &nbsp; I valori La guida alle nostre scelte, gli ideali in cui abbiamo sempre creduto Centralit\u00e0del cliente Avere uno sguardo attento alle necessit\u00e0 di ogni Cliente per accompagnarlo nella sua crescita. Collaborazionee spirito di gruppo Aiutarsi e rispettarsi a vicenda, fare squadra, vincere le sfide per il bene dell\u2019azienda e dei nostri clienti Senso [&hellip;]<\/p>\n","protected":false},"author":6,"featured_media":12581,"parent":0,"menu_order":0,"comment_status":"closed","ping_status":"closed","template":"","meta":{"ngg_post_thumbnail":0,"footnotes":""},"class_list":["post-12584","page","type-page","status-publish","has-post-thumbnail","hentry"],"yoast_head":"<!-- This site is optimized with the Yoast SEO plugin v27.2 - https:\/\/yoast.com\/product\/yoast-seo-wordpress\/ -->\n<title>Valori e Codice Etico - Came Spa<\/title>\n<meta name=\"robots\" content=\"index, follow, max-snippet:-1, max-image-preview:large, max-video-preview:-1\" \/>\n<link rel=\"canonical\" href=\"https:\/\/came-italy.com\/it\/valori-e-codice-etico\/\" \/>\n<meta property=\"og:locale\" content=\"it_IT\" \/>\n<meta property=\"og:type\" content=\"article\" \/>\n<meta property=\"og:title\" content=\"Valori e Codice Etico - Came Spa\" \/>\n<meta property=\"og:description\" content=\"&nbsp; &nbsp; I valori La guida alle nostre scelte, gli ideali in cui abbiamo sempre creduto Centralit\u00e0del cliente Avere uno sguardo attento alle necessit\u00e0 di ogni Cliente per accompagnarlo nella sua crescita. Collaborazionee spirito di gruppo Aiutarsi e rispettarsi a vicenda, fare squadra, vincere le sfide per il bene dell\u2019azienda e dei nostri clienti Senso [&hellip;]\" \/>\n<meta property=\"og:url\" content=\"https:\/\/came-italy.com\/it\/valori-e-codice-etico\/\" \/>\n<meta property=\"og:site_name\" content=\"Came Spa\" \/>\n<meta property=\"article:modified_time\" content=\"2024-04-09T14:24:06+00:00\" \/>\n<meta property=\"og:image\" content=\"https:\/\/came-italy.com\/wp-content\/uploads\/2021\/08\/Codice-Etico.jpg\" \/>\n\t<meta property=\"og:image:width\" content=\"1600\" \/>\n\t<meta property=\"og:image:height\" content=\"600\" \/>\n\t<meta property=\"og:image:type\" content=\"image\/jpeg\" \/>\n<meta name=\"twitter:card\" content=\"summary_large_image\" \/>\n<meta name=\"twitter:label1\" content=\"Tempo di lettura stimato\" \/>\n\t<meta name=\"twitter:data1\" content=\"4 minuti\" \/>\n<script type=\"application\/ld+json\" class=\"yoast-schema-graph\">{\"@context\":\"https:\/\/schema.org\",\"@graph\":[{\"@type\":\"WebPage\",\"@id\":\"https:\/\/came-italy.com\/it\/valori-e-codice-etico\/\",\"url\":\"https:\/\/came-italy.com\/it\/valori-e-codice-etico\/\",\"name\":\"Valori e Codice Etico - Came Spa\",\"isPartOf\":{\"@id\":\"https:\/\/came-italy.com\/it\/#website\"},\"primaryImageOfPage\":{\"@id\":\"https:\/\/came-italy.com\/it\/valori-e-codice-etico\/#primaryimage\"},\"image\":{\"@id\":\"https:\/\/came-italy.com\/it\/valori-e-codice-etico\/#primaryimage\"},\"thumbnailUrl\":\"https:\/\/came-italy.com\/wp-content\/uploads\/2021\/08\/Codice-Etico.jpg\",\"datePublished\":\"2021-08-25T10:10:47+00:00\",\"dateModified\":\"2024-04-09T14:24:06+00:00\",\"breadcrumb\":{\"@id\":\"https:\/\/came-italy.com\/it\/valori-e-codice-etico\/#breadcrumb\"},\"inLanguage\":\"it-IT\",\"potentialAction\":[{\"@type\":\"ReadAction\",\"target\":[\"https:\/\/came-italy.com\/it\/valori-e-codice-etico\/\"]}]},{\"@type\":\"ImageObject\",\"inLanguage\":\"it-IT\",\"@id\":\"https:\/\/came-italy.com\/it\/valori-e-codice-etico\/#primaryimage\",\"url\":\"https:\/\/came-italy.com\/wp-content\/uploads\/2021\/08\/Codice-Etico.jpg\",\"contentUrl\":\"https:\/\/came-italy.com\/wp-content\/uploads\/2021\/08\/Codice-Etico.jpg\",\"width\":1600,\"height\":600},{\"@type\":\"BreadcrumbList\",\"@id\":\"https:\/\/came-italy.com\/it\/valori-e-codice-etico\/#breadcrumb\",\"itemListElement\":[{\"@type\":\"ListItem\",\"position\":1,\"name\":\"Home\",\"item\":\"https:\/\/came-italy.com\/it\/\"},{\"@type\":\"ListItem\",\"position\":2,\"name\":\"Valori e Codice Etico\"}]},{\"@type\":\"WebSite\",\"@id\":\"https:\/\/came-italy.com\/it\/#website\",\"url\":\"https:\/\/came-italy.com\/it\/\",\"name\":\"Came Spa\",\"description\":\"Avvolgimenti e componenti per motori elettrici\",\"publisher\":{\"@id\":\"https:\/\/came-italy.com\/it\/#organization\"},\"potentialAction\":[{\"@type\":\"SearchAction\",\"target\":{\"@type\":\"EntryPoint\",\"urlTemplate\":\"https:\/\/came-italy.com\/it\/?s={search_term_string}\"},\"query-input\":{\"@type\":\"PropertyValueSpecification\",\"valueRequired\":true,\"valueName\":\"search_term_string\"}}],\"inLanguage\":\"it-IT\"},{\"@type\":\"Organization\",\"@id\":\"https:\/\/came-italy.com\/it\/#organization\",\"name\":\"Came Spa\",\"url\":\"https:\/\/came-italy.com\/it\/\",\"logo\":{\"@type\":\"ImageObject\",\"inLanguage\":\"it-IT\",\"@id\":\"https:\/\/came-italy.com\/it\/#\/schema\/logo\/image\/\",\"url\":\"https:\/\/came-italy.com\/wp-content\/uploads\/2016\/07\/logo-came-spa.png\",\"contentUrl\":\"https:\/\/came-italy.com\/wp-content\/uploads\/2016\/07\/logo-came-spa.png\",\"width\":766,\"height\":129,\"caption\":\"Came Spa\"},\"image\":{\"@id\":\"https:\/\/came-italy.com\/it\/#\/schema\/logo\/image\/\"}}]}<\/script>\n<!-- \/ Yoast SEO plugin. -->","yoast_head_json":{"title":"Valori e Codice Etico - Came Spa","robots":{"index":"index","follow":"follow","max-snippet":"max-snippet:-1","max-image-preview":"max-image-preview:large","max-video-preview":"max-video-preview:-1"},"canonical":"https:\/\/came-italy.com\/it\/valori-e-codice-etico\/","og_locale":"it_IT","og_type":"article","og_title":"Valori e Codice Etico - Came Spa","og_description":"&nbsp; &nbsp; I valori La guida alle nostre scelte, gli ideali in cui abbiamo sempre creduto Centralit\u00e0del cliente Avere uno sguardo attento alle necessit\u00e0 di ogni Cliente per accompagnarlo nella sua crescita. Collaborazionee spirito di gruppo Aiutarsi e rispettarsi a vicenda, fare squadra, vincere le sfide per il bene dell\u2019azienda e dei nostri clienti Senso [&hellip;]","og_url":"https:\/\/came-italy.com\/it\/valori-e-codice-etico\/","og_site_name":"Came Spa","article_modified_time":"2024-04-09T14:24:06+00:00","og_image":[{"width":1600,"height":600,"url":"https:\/\/came-italy.com\/wp-content\/uploads\/2021\/08\/Codice-Etico.jpg","type":"image\/jpeg"}],"twitter_card":"summary_large_image","twitter_misc":{"Tempo di lettura stimato":"4 minuti"},"schema":{"@context":"https:\/\/schema.org","@graph":[{"@type":"WebPage","@id":"https:\/\/came-italy.com\/it\/valori-e-codice-etico\/","url":"https:\/\/came-italy.com\/it\/valori-e-codice-etico\/","name":"Valori e Codice Etico - Came Spa","isPartOf":{"@id":"https:\/\/came-italy.com\/it\/#website"},"primaryImageOfPage":{"@id":"https:\/\/came-italy.com\/it\/valori-e-codice-etico\/#primaryimage"},"image":{"@id":"https:\/\/came-italy.com\/it\/valori-e-codice-etico\/#primaryimage"},"thumbnailUrl":"https:\/\/came-italy.com\/wp-content\/uploads\/2021\/08\/Codice-Etico.jpg","datePublished":"2021-08-25T10:10:47+00:00","dateModified":"2024-04-09T14:24:06+00:00","breadcrumb":{"@id":"https:\/\/came-italy.com\/it\/valori-e-codice-etico\/#breadcrumb"},"inLanguage":"it-IT","potentialAction":[{"@type":"ReadAction","target":["https:\/\/came-italy.com\/it\/valori-e-codice-etico\/"]}]},{"@type":"ImageObject","inLanguage":"it-IT","@id":"https:\/\/came-italy.com\/it\/valori-e-codice-etico\/#primaryimage","url":"https:\/\/came-italy.com\/wp-content\/uploads\/2021\/08\/Codice-Etico.jpg","contentUrl":"https:\/\/came-italy.com\/wp-content\/uploads\/2021\/08\/Codice-Etico.jpg","width":1600,"height":600},{"@type":"BreadcrumbList","@id":"https:\/\/came-italy.com\/it\/valori-e-codice-etico\/#breadcrumb","itemListElement":[{"@type":"ListItem","position":1,"name":"Home","item":"https:\/\/came-italy.com\/it\/"},{"@type":"ListItem","position":2,"name":"Valori e Codice Etico"}]},{"@type":"WebSite","@id":"https:\/\/came-italy.com\/it\/#website","url":"https:\/\/came-italy.com\/it\/","name":"Came Spa","description":"Avvolgimenti e componenti per motori elettrici","publisher":{"@id":"https:\/\/came-italy.com\/it\/#organization"},"potentialAction":[{"@type":"SearchAction","target":{"@type":"EntryPoint","urlTemplate":"https:\/\/came-italy.com\/it\/?s={search_term_string}"},"query-input":{"@type":"PropertyValueSpecification","valueRequired":true,"valueName":"search_term_string"}}],"inLanguage":"it-IT"},{"@type":"Organization","@id":"https:\/\/came-italy.com\/it\/#organization","name":"Came Spa","url":"https:\/\/came-italy.com\/it\/","logo":{"@type":"ImageObject","inLanguage":"it-IT","@id":"https:\/\/came-italy.com\/it\/#\/schema\/logo\/image\/","url":"https:\/\/came-italy.com\/wp-content\/uploads\/2016\/07\/logo-came-spa.png","contentUrl":"https:\/\/came-italy.com\/wp-content\/uploads\/2016\/07\/logo-came-spa.png","width":766,"height":129,"caption":"Came Spa"},"image":{"@id":"https:\/\/came-italy.com\/it\/#\/schema\/logo\/image\/"}}]}},"_links":{"self":[{"href":"https:\/\/came-italy.com\/it\/wp-json\/wp\/v2\/pages\/12584","targetHints":{"allow":["GET"]}}],"collection":[{"href":"https:\/\/came-italy.com\/it\/wp-json\/wp\/v2\/pages"}],"about":[{"href":"https:\/\/came-italy.com\/it\/wp-json\/wp\/v2\/types\/page"}],"author":[{"embeddable":true,"href":"https:\/\/came-italy.com\/it\/wp-json\/wp\/v2\/users\/6"}],"replies":[{"embeddable":true,"href":"https:\/\/came-italy.com\/it\/wp-json\/wp\/v2\/comments?post=12584"}],"version-history":[{"count":23,"href":"https:\/\/came-italy.com\/it\/wp-json\/wp\/v2\/pages\/12584\/revisions"}],"predecessor-version":[{"id":16799,"href":"https:\/\/came-italy.com\/it\/wp-json\/wp\/v2\/pages\/12584\/revisions\/16799"}],"wp:featuredmedia":[{"embeddable":true,"href":"https:\/\/came-italy.com\/it\/wp-json\/wp\/v2\/media\/12581"}],"wp:attachment":[{"href":"https:\/\/came-italy.com\/it\/wp-json\/wp\/v2\/media?parent=12584"}],"curies":[{"name":"wp","href":"https:\/\/api.w.org\/{rel}","templated":true}]}}