{"id":12806,"date":"2021-11-09T13:51:14","date_gmt":"2021-11-09T12:51:14","guid":{"rendered":"https:\/\/came-italy.com\/?page_id=12806"},"modified":"2025-07-18T09:52:31","modified_gmt":"2025-07-18T07:52:31","slug":"certificati-came","status":"publish","type":"page","link":"https:\/\/came-italy.com\/it\/certificati-came\/","title":{"rendered":"Certificati Came"},"content":{"rendered":"<p>Came nel suo percorso volto all\u2019eccellenza e al miglioramento continuo e allo sviluppo della sostenibilit\u00e0 ha ottenuto la certificazione dei seguenti sistemi di gestione:<br \/>\n&nbsp;<br \/>\n&#8211; <a href=\"https:\/\/came-italy.com\/wp-content\/uploads\/2025\/07\/CAME-SPA_UNI-EN-ISO-9001.pdf\" rel=\"noopener\" target=\"_blank\">Sistema di gestione Qualit\u00e0 UNI EN ISO 9001:2015<\/a><br \/>\n&nbsp;<br \/>\n&#8211; <a href=\"\/wp-content\/uploads\/2024\/10\/Sistema-di-gestione-qualita-per-il-settore-Automotive-IATF-16949.pdf\" rel=\"noopener\" target=\"_blank\">Sistema di gestione qualit\u00e0 per il settore Automotive IATF 16949<\/a> (per il solo sito di Pressofusione)<br \/>\n&nbsp;<br \/>\n&#8211; Sistema di gestione sicurezza e salute dei lavoratori <a href=\"\/wp-content\/uploads\/2025\/07\/CAME-SPA_UNI-EN-ISO-45001.pdf\" target=\"_Blank\" rel=\"noopener\">UNI ISO 45001:2023<\/a><br \/>\n&nbsp;<br \/>\n&#8211; Sistema di gestione ambientale <a href=\"\/wp-content\/uploads\/2025\/07\/CAME-SPA_UNI-EN-ISO-14001.pdf\" target=\"_Blank\" rel=\"noopener\">UNI EN ISO 14001:2015<\/a><br \/>\n&nbsp;<\/p>\n","protected":false},"excerpt":{"rendered":"<p>Came nel suo percorso volto all\u2019eccellenza e al miglioramento continuo e allo sviluppo della sostenibilit\u00e0 ha ottenuto la certificazione dei seguenti sistemi di gestione: &nbsp; &#8211; Sistema di gestione Qualit\u00e0 UNI EN ISO 9001:2015 &nbsp; &#8211; Sistema di gestione qualit\u00e0 per il settore Automotive IATF 16949 (per il solo sito di Pressofusione) &nbsp; &#8211; Sistema [&hellip;]<\/p>\n","protected":false},"author":6,"featured_media":12807,"parent":0,"menu_order":0,"comment_status":"closed","ping_status":"closed","template":"","meta":{"ngg_post_thumbnail":0,"footnotes":""},"class_list":["post-12806","page","type-page","status-publish","has-post-thumbnail","hentry"],"yoast_head":"<!-- This site is optimized with the Yoast SEO plugin v27.2 - https:\/\/yoast.com\/product\/yoast-seo-wordpress\/ -->\n<title>Certificati Came - Came Spa<\/title>\n<meta name=\"robots\" content=\"index, follow, max-snippet:-1, max-image-preview:large, max-video-preview:-1\" \/>\n<link rel=\"canonical\" href=\"https:\/\/came-italy.com\/it\/certificati-came\/\" \/>\n<meta property=\"og:locale\" content=\"it_IT\" \/>\n<meta property=\"og:type\" content=\"article\" \/>\n<meta property=\"og:title\" content=\"Certificati Came - Came Spa\" \/>\n<meta property=\"og:description\" content=\"Came nel suo percorso volto all\u2019eccellenza e al miglioramento continuo e allo sviluppo della sostenibilit\u00e0 ha ottenuto la certificazione dei seguenti sistemi di gestione: &nbsp; &#8211; Sistema di gestione Qualit\u00e0 UNI EN ISO 9001:2015 &nbsp; &#8211; Sistema di gestione qualit\u00e0 per il settore Automotive IATF 16949 (per il solo sito di Pressofusione) &nbsp; &#8211; Sistema [&hellip;]\" \/>\n<meta property=\"og:url\" content=\"https:\/\/came-italy.com\/it\/certificati-came\/\" \/>\n<meta property=\"og:site_name\" content=\"Came Spa\" \/>\n<meta property=\"article:modified_time\" content=\"2025-07-18T07:52:31+00:00\" \/>\n<meta property=\"og:image\" content=\"https:\/\/came-italy.com\/wp-content\/uploads\/2021\/10\/Certificati.jpg\" \/>\n\t<meta property=\"og:image:width\" content=\"1600\" \/>\n\t<meta property=\"og:image:height\" content=\"600\" \/>\n\t<meta property=\"og:image:type\" content=\"image\/jpeg\" \/>\n<meta name=\"twitter:card\" content=\"summary_large_image\" \/>\n<meta name=\"twitter:label1\" content=\"Tempo di lettura stimato\" \/>\n\t<meta name=\"twitter:data1\" content=\"1 minuto\" \/>\n<script type=\"application\/ld+json\" class=\"yoast-schema-graph\">{\"@context\":\"https:\/\/schema.org\",\"@graph\":[{\"@type\":\"WebPage\",\"@id\":\"https:\/\/came-italy.com\/it\/certificati-came\/\",\"url\":\"https:\/\/came-italy.com\/it\/certificati-came\/\",\"name\":\"Certificati Came - Came Spa\",\"isPartOf\":{\"@id\":\"https:\/\/came-italy.com\/it\/#website\"},\"primaryImageOfPage\":{\"@id\":\"https:\/\/came-italy.com\/it\/certificati-came\/#primaryimage\"},\"image\":{\"@id\":\"https:\/\/came-italy.com\/it\/certificati-came\/#primaryimage\"},\"thumbnailUrl\":\"https:\/\/came-italy.com\/wp-content\/uploads\/2021\/10\/Certificati.jpg\",\"datePublished\":\"2021-11-09T12:51:14+00:00\",\"dateModified\":\"2025-07-18T07:52:31+00:00\",\"breadcrumb\":{\"@id\":\"https:\/\/came-italy.com\/it\/certificati-came\/#breadcrumb\"},\"inLanguage\":\"it-IT\",\"potentialAction\":[{\"@type\":\"ReadAction\",\"target\":[\"https:\/\/came-italy.com\/it\/certificati-came\/\"]}]},{\"@type\":\"ImageObject\",\"inLanguage\":\"it-IT\",\"@id\":\"https:\/\/came-italy.com\/it\/certificati-came\/#primaryimage\",\"url\":\"https:\/\/came-italy.com\/wp-content\/uploads\/2021\/10\/Certificati.jpg\",\"contentUrl\":\"https:\/\/came-italy.com\/wp-content\/uploads\/2021\/10\/Certificati.jpg\",\"width\":1600,\"height\":600},{\"@type\":\"BreadcrumbList\",\"@id\":\"https:\/\/came-italy.com\/it\/certificati-came\/#breadcrumb\",\"itemListElement\":[{\"@type\":\"ListItem\",\"position\":1,\"name\":\"Home\",\"item\":\"https:\/\/came-italy.com\/it\/\"},{\"@type\":\"ListItem\",\"position\":2,\"name\":\"Certificati Came\"}]},{\"@type\":\"WebSite\",\"@id\":\"https:\/\/came-italy.com\/it\/#website\",\"url\":\"https:\/\/came-italy.com\/it\/\",\"name\":\"Came Spa\",\"description\":\"Avvolgimenti e componenti per motori elettrici\",\"publisher\":{\"@id\":\"https:\/\/came-italy.com\/it\/#organization\"},\"potentialAction\":[{\"@type\":\"SearchAction\",\"target\":{\"@type\":\"EntryPoint\",\"urlTemplate\":\"https:\/\/came-italy.com\/it\/?s={search_term_string}\"},\"query-input\":{\"@type\":\"PropertyValueSpecification\",\"valueRequired\":true,\"valueName\":\"search_term_string\"}}],\"inLanguage\":\"it-IT\"},{\"@type\":\"Organization\",\"@id\":\"https:\/\/came-italy.com\/it\/#organization\",\"name\":\"Came Spa\",\"url\":\"https:\/\/came-italy.com\/it\/\",\"logo\":{\"@type\":\"ImageObject\",\"inLanguage\":\"it-IT\",\"@id\":\"https:\/\/came-italy.com\/it\/#\/schema\/logo\/image\/\",\"url\":\"https:\/\/came-italy.com\/wp-content\/uploads\/2016\/07\/logo-came-spa.png\",\"contentUrl\":\"https:\/\/came-italy.com\/wp-content\/uploads\/2016\/07\/logo-came-spa.png\",\"width\":766,\"height\":129,\"caption\":\"Came Spa\"},\"image\":{\"@id\":\"https:\/\/came-italy.com\/it\/#\/schema\/logo\/image\/\"}}]}<\/script>\n<!-- \/ Yoast SEO plugin. -->","yoast_head_json":{"title":"Certificati Came - Came Spa","robots":{"index":"index","follow":"follow","max-snippet":"max-snippet:-1","max-image-preview":"max-image-preview:large","max-video-preview":"max-video-preview:-1"},"canonical":"https:\/\/came-italy.com\/it\/certificati-came\/","og_locale":"it_IT","og_type":"article","og_title":"Certificati Came - Came Spa","og_description":"Came nel suo percorso volto all\u2019eccellenza e al miglioramento continuo e allo sviluppo della sostenibilit\u00e0 ha ottenuto la certificazione dei seguenti sistemi di gestione: &nbsp; &#8211; Sistema di gestione Qualit\u00e0 UNI EN ISO 9001:2015 &nbsp; &#8211; Sistema di gestione qualit\u00e0 per il settore Automotive IATF 16949 (per il solo sito di Pressofusione) &nbsp; &#8211; Sistema [&hellip;]","og_url":"https:\/\/came-italy.com\/it\/certificati-came\/","og_site_name":"Came Spa","article_modified_time":"2025-07-18T07:52:31+00:00","og_image":[{"width":1600,"height":600,"url":"https:\/\/came-italy.com\/wp-content\/uploads\/2021\/10\/Certificati.jpg","type":"image\/jpeg"}],"twitter_card":"summary_large_image","twitter_misc":{"Tempo di lettura stimato":"1 minuto"},"schema":{"@context":"https:\/\/schema.org","@graph":[{"@type":"WebPage","@id":"https:\/\/came-italy.com\/it\/certificati-came\/","url":"https:\/\/came-italy.com\/it\/certificati-came\/","name":"Certificati Came - Came Spa","isPartOf":{"@id":"https:\/\/came-italy.com\/it\/#website"},"primaryImageOfPage":{"@id":"https:\/\/came-italy.com\/it\/certificati-came\/#primaryimage"},"image":{"@id":"https:\/\/came-italy.com\/it\/certificati-came\/#primaryimage"},"thumbnailUrl":"https:\/\/came-italy.com\/wp-content\/uploads\/2021\/10\/Certificati.jpg","datePublished":"2021-11-09T12:51:14+00:00","dateModified":"2025-07-18T07:52:31+00:00","breadcrumb":{"@id":"https:\/\/came-italy.com\/it\/certificati-came\/#breadcrumb"},"inLanguage":"it-IT","potentialAction":[{"@type":"ReadAction","target":["https:\/\/came-italy.com\/it\/certificati-came\/"]}]},{"@type":"ImageObject","inLanguage":"it-IT","@id":"https:\/\/came-italy.com\/it\/certificati-came\/#primaryimage","url":"https:\/\/came-italy.com\/wp-content\/uploads\/2021\/10\/Certificati.jpg","contentUrl":"https:\/\/came-italy.com\/wp-content\/uploads\/2021\/10\/Certificati.jpg","width":1600,"height":600},{"@type":"BreadcrumbList","@id":"https:\/\/came-italy.com\/it\/certificati-came\/#breadcrumb","itemListElement":[{"@type":"ListItem","position":1,"name":"Home","item":"https:\/\/came-italy.com\/it\/"},{"@type":"ListItem","position":2,"name":"Certificati Came"}]},{"@type":"WebSite","@id":"https:\/\/came-italy.com\/it\/#website","url":"https:\/\/came-italy.com\/it\/","name":"Came Spa","description":"Avvolgimenti e componenti per motori elettrici","publisher":{"@id":"https:\/\/came-italy.com\/it\/#organization"},"potentialAction":[{"@type":"SearchAction","target":{"@type":"EntryPoint","urlTemplate":"https:\/\/came-italy.com\/it\/?s={search_term_string}"},"query-input":{"@type":"PropertyValueSpecification","valueRequired":true,"valueName":"search_term_string"}}],"inLanguage":"it-IT"},{"@type":"Organization","@id":"https:\/\/came-italy.com\/it\/#organization","name":"Came Spa","url":"https:\/\/came-italy.com\/it\/","logo":{"@type":"ImageObject","inLanguage":"it-IT","@id":"https:\/\/came-italy.com\/it\/#\/schema\/logo\/image\/","url":"https:\/\/came-italy.com\/wp-content\/uploads\/2016\/07\/logo-came-spa.png","contentUrl":"https:\/\/came-italy.com\/wp-content\/uploads\/2016\/07\/logo-came-spa.png","width":766,"height":129,"caption":"Came Spa"},"image":{"@id":"https:\/\/came-italy.com\/it\/#\/schema\/logo\/image\/"}}]}},"_links":{"self":[{"href":"https:\/\/came-italy.com\/it\/wp-json\/wp\/v2\/pages\/12806","targetHints":{"allow":["GET"]}}],"collection":[{"href":"https:\/\/came-italy.com\/it\/wp-json\/wp\/v2\/pages"}],"about":[{"href":"https:\/\/came-italy.com\/it\/wp-json\/wp\/v2\/types\/page"}],"author":[{"embeddable":true,"href":"https:\/\/came-italy.com\/it\/wp-json\/wp\/v2\/users\/6"}],"replies":[{"embeddable":true,"href":"https:\/\/came-italy.com\/it\/wp-json\/wp\/v2\/comments?post=12806"}],"version-history":[{"count":25,"href":"https:\/\/came-italy.com\/it\/wp-json\/wp\/v2\/pages\/12806\/revisions"}],"predecessor-version":[{"id":19075,"href":"https:\/\/came-italy.com\/it\/wp-json\/wp\/v2\/pages\/12806\/revisions\/19075"}],"wp:featuredmedia":[{"embeddable":true,"href":"https:\/\/came-italy.com\/it\/wp-json\/wp\/v2\/media\/12807"}],"wp:attachment":[{"href":"https:\/\/came-italy.com\/it\/wp-json\/wp\/v2\/media?parent=12806"}],"curies":[{"name":"wp","href":"https:\/\/api.w.org\/{rel}","templated":true}]}}