{"id":20349,"date":"2026-05-04T14:18:57","date_gmt":"2026-05-04T12:18:57","guid":{"rendered":"https:\/\/came-italy.com\/?page_id=20349"},"modified":"2026-05-04T14:18:57","modified_gmt":"2026-05-04T12:18:57","slug":"politica-parita-di-genere","status":"publish","type":"page","link":"https:\/\/came-italy.com\/it\/politica-parita-di-genere\/","title":{"rendered":"Politica Parit\u00e0 di Genere"},"content":{"rendered":"<div class=\"entry_line\">&nbsp;<\/div>\n<div class=\"col-2\">La politica Came in ambito parit\u00e0 di genere \u00e8 volta a promuovere un ambiente di lavoro equo, inclusivo e rispettoso, in cui ogni persona possa esprimere il proprio valore, le proprie competenze e il proprio potenziale.<br \/>\n<br \/>\nNoi di Came consideriamo la parit\u00e0 di genere un elemento fondamentale per la crescita aziendale, per il benessere delle persone e per lo sviluppo di una cultura organizzativa basata su rispetto, responsabilit\u00e0 e collaborazione.<br \/>\n<br \/>\nI valori principali per raggiungere i nostri obiettivi strategici sono la valorizzazione delle competenze, l\u2019equit\u00e0 nelle opportunit\u00e0 di crescita, il coinvolgimento delle persone e il miglioramento continuo dei processi organizzativi.<br \/>\n<br \/>\nAttraverso questa politica, Came si impegna a prevenire ogni forma di discriminazione, a favorire un linguaggio e comportamenti inclusivi, a sostenere l\u2019equilibrio tra vita professionale e vita personale e a promuovere percorsi di crescita basati sul merito, sulle capacit\u00e0 e sulla partecipazione.<br \/>\n<br \/>\n<a href=\"\/wp-content\/uploads\/2026\/05\/DOC.02.03-Politica-Parita-di-Genere_OK.pdf\" target=\"_blank\" rel=\"noopener\"> Potete leggere la nostra politica per la parit\u00e0 di genere.<\/a><\/div>\n<div class=\"col-2 col-2-right\">\n<h2 class=\"h2_20 orange\">Entra in contatto con noi<\/h2>\n\n<div class=\"wpcf7 no-js\" id=\"wpcf7-f3673-o1\" lang=\"it-IT\" dir=\"ltr\" data-wpcf7-id=\"3673\">\n<div class=\"screen-reader-response\"><p role=\"status\" aria-live=\"polite\" aria-atomic=\"true\"><\/p> <ul><\/ul><\/div>\n<form action=\"\/it\/wp-json\/wp\/v2\/pages\/20349#wpcf7-f3673-o1\" method=\"post\" class=\"wpcf7-form init\" aria-label=\"Modulo di contatto\" novalidate=\"novalidate\" data-status=\"init\">\n<fieldset class=\"hidden-fields-container\"><input type=\"hidden\" name=\"_wpcf7\" value=\"3673\" \/><input type=\"hidden\" name=\"_wpcf7_version\" value=\"6.1.5\" \/><input type=\"hidden\" name=\"_wpcf7_locale\" value=\"it_IT\" \/><input type=\"hidden\" name=\"_wpcf7_unit_tag\" value=\"wpcf7-f3673-o1\" \/><input type=\"hidden\" name=\"_wpcf7_container_post\" value=\"0\" \/><input type=\"hidden\" name=\"_wpcf7_posted_data_hash\" value=\"\" \/><input type=\"hidden\" name=\"_wpcf7_recaptcha_response\" value=\"\" \/>\n<\/fieldset>\n<p><label>Il tuo nome<\/label><span class=\"wpcf7-form-control-wrap\" data-name=\"your-name\"><input size=\"40\" maxlength=\"400\" class=\"wpcf7-form-control wpcf7-text wpcf7-validates-as-required\" aria-required=\"true\" aria-invalid=\"false\" value=\"\" type=\"text\" name=\"your-name\" \/><\/span><br \/>\n<label>La tua email<\/label><span class=\"wpcf7-form-control-wrap\" data-name=\"your-email\"><input size=\"40\" maxlength=\"400\" class=\"wpcf7-form-control wpcf7-email wpcf7-validates-as-required wpcf7-text wpcf7-validates-as-email\" aria-required=\"true\" aria-invalid=\"false\" value=\"\" type=\"email\" name=\"your-email\" \/><\/span><br \/>\n<label>Telefono<\/label><span class=\"wpcf7-form-control-wrap\" data-name=\"tel-182s\"><input size=\"40\" maxlength=\"400\" class=\"wpcf7-form-control wpcf7-tel wpcf7-validates-as-required wpcf7-text wpcf7-validates-as-tel\" aria-required=\"true\" aria-invalid=\"false\" value=\"\" type=\"tel\" name=\"tel-182s\" \/><\/span><br \/>\n<label>Oggetto<\/label><span class=\"wpcf7-form-control-wrap\" data-name=\"your-subject\"><input size=\"40\" maxlength=\"400\" class=\"wpcf7-form-control wpcf7-text wpcf7-validates-as-required\" aria-required=\"true\" aria-invalid=\"false\" value=\"\" type=\"text\" name=\"your-subject\" \/><\/span><br \/>\n<label>Messaggio<\/label>\n<\/p>\n<div id=\"form_message_2\">\n\t<p><span class=\"wpcf7-form-control-wrap\" data-name=\"your-message\"><textarea cols=\"40\" rows=\"10\" maxlength=\"2000\" class=\"wpcf7-form-control wpcf7-textarea\" aria-invalid=\"false\" name=\"your-message\"><\/textarea><\/span>\n\t<\/p>\n<\/div>\n<p><span class='form-checkbox'><span class=\"wpcf7-form-control-wrap\" data-name=\"newsletter\"><span class=\"wpcf7-form-control wpcf7-checkbox\" id=\"checkbox-newsletter\"><span class=\"wpcf7-list-item first last\"><input type=\"checkbox\" name=\"newsletter[]\" value=\"Iscriviti alla nostra newsletter\" \/><span class=\"wpcf7-list-item-label\">Iscriviti alla nostra newsletter<\/span><\/span><\/span><\/span><\/span><br \/>\n<span class='form-checkbox'><span class=\"wpcf7-form-control-wrap\" data-name=\"privacy-policy\"><span class=\"wpcf7-form-control wpcf7-acceptance\"><span class=\"wpcf7-list-item\"><label><input type=\"checkbox\" name=\"privacy-policy\" value=\"1\" aria-invalid=\"false\" \/><span class=\"wpcf7-list-item-label\"><\/span> Ho letto e accetto <a href=\"https:\/\/came-italy.com\/it\/privacy-policy\/\">Privacy Policy<\/a><\/span><\/label><\/span><\/span><\/span><br \/>\n<\/span>\n<\/p>\n<div id=\"submit-die-casting\">\n\t<p><input class=\"wpcf7-form-control wpcf7-submit has-spinner\" type=\"submit\" value=\"INVIA\" \/>\n\t<\/p>\n<\/div><div class=\"wpcf7-response-output\" aria-hidden=\"true\"><\/div>\n<\/form>\n<\/div>\n\n<\/div>\n","protected":false},"excerpt":{"rendered":"<p>&nbsp; La politica Came in ambito parit\u00e0 di genere \u00e8 volta a promuovere un ambiente di lavoro equo, inclusivo e rispettoso, in cui ogni persona possa esprimere il proprio valore, le proprie competenze e il proprio potenziale. Noi di Came consideriamo la parit\u00e0 di genere un elemento fondamentale per la crescita aziendale, per il benessere [&hellip;]<\/p>\n","protected":false},"author":1,"featured_media":0,"parent":0,"menu_order":0,"comment_status":"closed","ping_status":"closed","template":"","meta":{"ngg_post_thumbnail":0,"footnotes":""},"class_list":["post-20349","page","type-page","status-publish","hentry"],"yoast_head":"<!-- This site is optimized with the Yoast SEO plugin v27.5 - https:\/\/yoast.com\/product\/yoast-seo-wordpress\/ -->\n<title>Politica Parit\u00e0 di Genere - Came Spa<\/title>\n<meta name=\"robots\" content=\"index, follow, max-snippet:-1, max-image-preview:large, max-video-preview:-1\" \/>\n<link rel=\"canonical\" href=\"https:\/\/came-italy.com\/it\/politica-parita-di-genere\/\" \/>\n<meta property=\"og:locale\" content=\"it_IT\" \/>\n<meta property=\"og:type\" content=\"article\" \/>\n<meta property=\"og:title\" content=\"Politica Parit\u00e0 di Genere - Came Spa\" \/>\n<meta property=\"og:description\" content=\"&nbsp; La politica Came in ambito parit\u00e0 di genere \u00e8 volta a promuovere un ambiente di lavoro equo, inclusivo e rispettoso, in cui ogni persona possa esprimere il proprio valore, le proprie competenze e il proprio potenziale. Noi di Came consideriamo la parit\u00e0 di genere un elemento fondamentale per la crescita aziendale, per il benessere [&hellip;]\" \/>\n<meta property=\"og:url\" content=\"https:\/\/came-italy.com\/it\/politica-parita-di-genere\/\" \/>\n<meta property=\"og:site_name\" content=\"Came Spa\" \/>\n<meta name=\"twitter:card\" content=\"summary_large_image\" \/>\n<script type=\"application\/ld+json\" class=\"yoast-schema-graph\">{\"@context\":\"https:\\\/\\\/schema.org\",\"@graph\":[{\"@type\":\"WebPage\",\"@id\":\"https:\\\/\\\/came-italy.com\\\/it\\\/politica-parita-di-genere\\\/\",\"url\":\"https:\\\/\\\/came-italy.com\\\/it\\\/politica-parita-di-genere\\\/\",\"name\":\"Politica Parit\u00e0 di Genere - Came Spa\",\"isPartOf\":{\"@id\":\"https:\\\/\\\/came-italy.com\\\/it\\\/#website\"},\"datePublished\":\"2026-05-04T12:18:57+00:00\",\"breadcrumb\":{\"@id\":\"https:\\\/\\\/came-italy.com\\\/it\\\/politica-parita-di-genere\\\/#breadcrumb\"},\"inLanguage\":\"it-IT\",\"potentialAction\":[{\"@type\":\"ReadAction\",\"target\":[\"https:\\\/\\\/came-italy.com\\\/it\\\/politica-parita-di-genere\\\/\"]}]},{\"@type\":\"BreadcrumbList\",\"@id\":\"https:\\\/\\\/came-italy.com\\\/it\\\/politica-parita-di-genere\\\/#breadcrumb\",\"itemListElement\":[{\"@type\":\"ListItem\",\"position\":1,\"name\":\"Home\",\"item\":\"https:\\\/\\\/came-italy.com\\\/it\\\/\"},{\"@type\":\"ListItem\",\"position\":2,\"name\":\"Politica Parit\u00e0 di Genere\"}]},{\"@type\":\"WebSite\",\"@id\":\"https:\\\/\\\/came-italy.com\\\/it\\\/#website\",\"url\":\"https:\\\/\\\/came-italy.com\\\/it\\\/\",\"name\":\"Came Spa\",\"description\":\"Avvolgimenti e componenti per motori elettrici\",\"publisher\":{\"@id\":\"https:\\\/\\\/came-italy.com\\\/it\\\/#organization\"},\"potentialAction\":[{\"@type\":\"SearchAction\",\"target\":{\"@type\":\"EntryPoint\",\"urlTemplate\":\"https:\\\/\\\/came-italy.com\\\/it\\\/?s={search_term_string}\"},\"query-input\":{\"@type\":\"PropertyValueSpecification\",\"valueRequired\":true,\"valueName\":\"search_term_string\"}}],\"inLanguage\":\"it-IT\"},{\"@type\":\"Organization\",\"@id\":\"https:\\\/\\\/came-italy.com\\\/it\\\/#organization\",\"name\":\"Came Spa\",\"url\":\"https:\\\/\\\/came-italy.com\\\/it\\\/\",\"logo\":{\"@type\":\"ImageObject\",\"inLanguage\":\"it-IT\",\"@id\":\"https:\\\/\\\/came-italy.com\\\/it\\\/#\\\/schema\\\/logo\\\/image\\\/\",\"url\":\"https:\\\/\\\/came-italy.com\\\/wp-content\\\/uploads\\\/2016\\\/07\\\/logo-came-spa.png\",\"contentUrl\":\"https:\\\/\\\/came-italy.com\\\/wp-content\\\/uploads\\\/2016\\\/07\\\/logo-came-spa.png\",\"width\":766,\"height\":129,\"caption\":\"Came Spa\"},\"image\":{\"@id\":\"https:\\\/\\\/came-italy.com\\\/it\\\/#\\\/schema\\\/logo\\\/image\\\/\"}}]}<\/script>\n<!-- \/ Yoast SEO plugin. -->","yoast_head_json":{"title":"Politica Parit\u00e0 di Genere - Came Spa","robots":{"index":"index","follow":"follow","max-snippet":"max-snippet:-1","max-image-preview":"max-image-preview:large","max-video-preview":"max-video-preview:-1"},"canonical":"https:\/\/came-italy.com\/it\/politica-parita-di-genere\/","og_locale":"it_IT","og_type":"article","og_title":"Politica Parit\u00e0 di Genere - Came Spa","og_description":"&nbsp; La politica Came in ambito parit\u00e0 di genere \u00e8 volta a promuovere un ambiente di lavoro equo, inclusivo e rispettoso, in cui ogni persona possa esprimere il proprio valore, le proprie competenze e il proprio potenziale. Noi di Came consideriamo la parit\u00e0 di genere un elemento fondamentale per la crescita aziendale, per il benessere [&hellip;]","og_url":"https:\/\/came-italy.com\/it\/politica-parita-di-genere\/","og_site_name":"Came Spa","twitter_card":"summary_large_image","schema":{"@context":"https:\/\/schema.org","@graph":[{"@type":"WebPage","@id":"https:\/\/came-italy.com\/it\/politica-parita-di-genere\/","url":"https:\/\/came-italy.com\/it\/politica-parita-di-genere\/","name":"Politica Parit\u00e0 di Genere - Came Spa","isPartOf":{"@id":"https:\/\/came-italy.com\/it\/#website"},"datePublished":"2026-05-04T12:18:57+00:00","breadcrumb":{"@id":"https:\/\/came-italy.com\/it\/politica-parita-di-genere\/#breadcrumb"},"inLanguage":"it-IT","potentialAction":[{"@type":"ReadAction","target":["https:\/\/came-italy.com\/it\/politica-parita-di-genere\/"]}]},{"@type":"BreadcrumbList","@id":"https:\/\/came-italy.com\/it\/politica-parita-di-genere\/#breadcrumb","itemListElement":[{"@type":"ListItem","position":1,"name":"Home","item":"https:\/\/came-italy.com\/it\/"},{"@type":"ListItem","position":2,"name":"Politica Parit\u00e0 di Genere"}]},{"@type":"WebSite","@id":"https:\/\/came-italy.com\/it\/#website","url":"https:\/\/came-italy.com\/it\/","name":"Came Spa","description":"Avvolgimenti e componenti per motori elettrici","publisher":{"@id":"https:\/\/came-italy.com\/it\/#organization"},"potentialAction":[{"@type":"SearchAction","target":{"@type":"EntryPoint","urlTemplate":"https:\/\/came-italy.com\/it\/?s={search_term_string}"},"query-input":{"@type":"PropertyValueSpecification","valueRequired":true,"valueName":"search_term_string"}}],"inLanguage":"it-IT"},{"@type":"Organization","@id":"https:\/\/came-italy.com\/it\/#organization","name":"Came Spa","url":"https:\/\/came-italy.com\/it\/","logo":{"@type":"ImageObject","inLanguage":"it-IT","@id":"https:\/\/came-italy.com\/it\/#\/schema\/logo\/image\/","url":"https:\/\/came-italy.com\/wp-content\/uploads\/2016\/07\/logo-came-spa.png","contentUrl":"https:\/\/came-italy.com\/wp-content\/uploads\/2016\/07\/logo-came-spa.png","width":766,"height":129,"caption":"Came Spa"},"image":{"@id":"https:\/\/came-italy.com\/it\/#\/schema\/logo\/image\/"}}]}},"_links":{"self":[{"href":"https:\/\/came-italy.com\/it\/wp-json\/wp\/v2\/pages\/20349","targetHints":{"allow":["GET"]}}],"collection":[{"href":"https:\/\/came-italy.com\/it\/wp-json\/wp\/v2\/pages"}],"about":[{"href":"https:\/\/came-italy.com\/it\/wp-json\/wp\/v2\/types\/page"}],"author":[{"embeddable":true,"href":"https:\/\/came-italy.com\/it\/wp-json\/wp\/v2\/users\/1"}],"replies":[{"embeddable":true,"href":"https:\/\/came-italy.com\/it\/wp-json\/wp\/v2\/comments?post=20349"}],"version-history":[{"count":2,"href":"https:\/\/came-italy.com\/it\/wp-json\/wp\/v2\/pages\/20349\/revisions"}],"predecessor-version":[{"id":20351,"href":"https:\/\/came-italy.com\/it\/wp-json\/wp\/v2\/pages\/20349\/revisions\/20351"}],"wp:attachment":[{"href":"https:\/\/came-italy.com\/it\/wp-json\/wp\/v2\/media?parent=20349"}],"curies":[{"name":"wp","href":"https:\/\/api.w.org\/{rel}","templated":true}]}}