{"id":2617,"date":"2016-05-07T17:45:02","date_gmt":"2016-05-07T15:45:02","guid":{"rendered":"http:\/\/came-italy.loc\/it\/?page_id=2617"},"modified":"2025-08-06T17:12:52","modified_gmt":"2025-08-06T15:12:52","slug":"lavora-con-noi","status":"publish","type":"page","link":"https:\/\/came-italy.com\/it\/lavora-con-noi\/","title":{"rendered":"Lavora con noi"},"content":{"rendered":"<div class=\"entry_line\">&nbsp;<\/div>\n<h2>Vuoi lavorare con noi?<\/h2>\n<p>Siamo sempre alla ricerca di nuovi talenti con voglia di crescere assieme a noi!<br \/>\nInviaci la tua candidatura oppure consulta le posizioni aperte.<br \/>\n&nbsp;<\/p>\n<h2>Come candidarsi<\/h2>\n<p>Gli interessati ad una delle posizioni aperte potranno inviare la propria candidatura, specificando nell\u2019oggetto il riferimento all\u2019annuncio e l\u2019area di interesse (Es. Rif: Responsabile Customer Care Back Office).<br \/>\n&nbsp;<br \/>\nPer essere preso in considerazione il curriculum dovr\u00e0 contenere l\u2019autorizzazione espressa al trattamento dei propri dati personali (D. Lgs. 196\/03 e Regolamento (UE) 679\/2016).<br \/>\n&nbsp;<br \/>\nIl trattamento dei dati personali, forniti mediante l\u2019invio spontaneo del Curriculum Vitae al nostro indirizzo email avverr\u00e0 nel rispetto della disposizioni previste dal Regolamento (UE) 679\/2016 e dalla normativa italiana applicabile in materia di trattamento dei dati personali:<br \/>\n&nbsp;<\/p>\n<ul>\n<li>tramite supporto cartaceo, strumenti elettronici e\/o telematici nel rispetto delle disposizioni di legge atte a garantirne la riservatezza e la sicurezza dei dati;<\/li>\n<li>esclusivamente per le finalit\u00e0 strettamente correlate alla selezione del personale;<\/li>\n<li>nel rispetto dei principi di necessit\u00e0 e pertinenza, vale a dire con modalit\u00e0 e nei limiti necessari per perseguire le predette finalit\u00e0.<\/li>\n<\/ul>\n<p>&nbsp;<br \/>\nI dati personali saranno conservati dal Titolare per 2 anni dalla fine della procedura di selezione e non saranno diffusi n\u00e9 trasferiti in paesi EXTRA UE.<\/p>\n<div class=\"page-block top50\">\n<h2>Posizione aperta<\/h2>\n<h3 class=\"h3lavore top20\">Rif:AREA MANAGER<\/h3>\n<div>Per la nostra sede di San Pietro Mussolino (VI), siamo alla ricerca di un un\/a AREA MANAGER full-time..<br \/>\n&nbsp;<br \/>\nLe sue principali responsabilit\u00e0 riguarderanno:<br \/>\n&nbsp;<br \/>\n&#8211; Gestione diretta dei clienti sviluppando relazioni di fiducia, garantendo gli obiettivi di fatturato, mix prodotti\/servizi e marginalit\u00e0 e garantendo al cliente il rispetto dei livelli di servizio concordati;<br \/>\n&#8211; Coordinamento delle attivit\u00e0 di reclamo dei clienti, agendo come principale punto di contatto tra essi ed i team interni;<br \/>\n&#8211; Supervisionare gli account team inter funzionali interni assegnati a ciascun cliente chiave;<br \/>\n&#8211; Gestione diretta dei progetti che gli sono stati affidati ottimizzando la gestione dei flussi operativi tra gruppi inter funzionali di lavoro interni e risorse dell\u2019organizzazione Cliente;<br \/>\n&#8211; Creazione e sviluppo di una rete di lavoro sia interna all\u2019azienda che esterna che gli fornir\u00e0 la possibilit\u00e0 di raggiungere i risultati pianificati con pi\u00f9 facilit\u00e0 e aumentare cos\u00ec le proprie opportunit\u00e0 di business;<br \/>\n&#8211; Aggiornamento costante della scheda clienti\/concorrenti con tutte le informazioni raccolte;<br \/>\n&#8211; Analisi e monitoraggio dell\u2019andamento dei mercati di interesse, del comportamento dei clienti e dei concorrenti e dei cambiamenti in atto o previsti in ciascuna area di business per mantenere il desiderato posizionamento attraverso le necessarie azioni commerciali e di prodotto;<br \/>\n&#8211; Analisi dei fabbisogni del cliente allo scopo di fornirgli supporto flessibile e personalizzato;<br \/>\n&#8211; Organizzazione delle visite presso i clienti gestiti e presso le principali fiere internazionali di settore.<br \/>\n&nbsp;<br \/>\nSi richiedono:<br \/>\n&nbsp;<br \/>\n&#8211; Esperienza pluriennale nel ruolo in una realt\u00e0 di medie dimensioni modernamente strutturata;<br \/>\n&#8211; Ottima conoscenza della lingua inglese;<br \/>\n&#8211; Gradita conoscenza di una seconda lingua, preferibilmente tedesco e\/o spagnolo;<br \/>\n&#8211; Buona capacit\u00e0 di utilizzo degli strumenti informatici;<br \/>\n&#8211; Competenze tecniche in materia di project management, analisi del mercato e della concorrenza;<br \/>\n&#8211; Altamente preferibile conoscenza del settore elettromeccanico;<br \/>\n&#8211; Preferibile conoscenza del settore automotive e delle principali normative qualit\u00e0 di riferimento (es. IATF 16949\/2016);<br \/>\n&#8211; Preferibile capacit\u00e0 utilizzo di un CRM.<br \/>\n&nbsp;<br \/>\nCompletano il profilo:<br \/>\n&nbsp;<br \/>\n&#8211; Spiccate doti di leadership;<br \/>\n&#8211; Capacit\u00e0 organizzative e di pianificazione;<br \/>\n&#8211; Ottime doti comunicative e relazionali;<br \/>\n&#8211; Forte orientamento al cliente e al risultato;<br \/>\n&#8211; Attitudine al problem solving e spirito d\u2019iniziativa;<br \/>\n&#8211; Disponibilit\u00e0 a effettuare frequenti trasferte in Italia e all\u2019estero.<br \/>\n&nbsp;<br \/>\nSi offre inserimento diretto in azienda secondo il Contratto Collettivo Nazionale di Lavoro (CCNL) di settore e commisurato all\u2019esperienza professionale.<br \/>\n&nbsp;<br \/>\nIl presente annuncio \u00e8 rivolto ad entrambi i sessi, ai sensi delle leggi 903\/77 e 125\/91, e a persone di tutte le et\u00e0 e tutte le nazionalit\u00e0, ai sensi dei decreti legislativi 215\/03 e 216\/03.<br \/>\nOgni trattamento di dati personali raccolti avverr\u00e0 nel rispetto dei principi fissati nel Regolamento (UE) 2016\/679.<\/div>\n<p>&nbsp;<br \/>\n<a class=\"btn-arancio\" style=\"width: 280px;\" href=\"mailto:risorseumane@came-italy.com?subject=AREA MANAGER\">Candidati per questa posizione&nbsp;\u00bb<\/a><\/p>\n<\/div>\n","protected":false},"excerpt":{"rendered":"<p>&nbsp; Vuoi lavorare con noi? Siamo sempre alla ricerca di nuovi talenti con voglia di crescere assieme a noi! Inviaci la tua candidatura oppure consulta le posizioni aperte. &nbsp; Come candidarsi Gli interessati ad una delle posizioni aperte potranno inviare la propria candidatura, specificando nell\u2019oggetto il riferimento all\u2019annuncio e l\u2019area di interesse (Es. Rif: Responsabile [&hellip;]<\/p>\n","protected":false},"author":1,"featured_media":13427,"parent":0,"menu_order":0,"comment_status":"closed","ping_status":"closed","template":"","meta":{"ngg_post_thumbnail":0,"footnotes":""},"class_list":["post-2617","page","type-page","status-publish","has-post-thumbnail","hentry"],"yoast_head":"<!-- This site is optimized with the Yoast SEO plugin v27.2 - https:\/\/yoast.com\/product\/yoast-seo-wordpress\/ -->\n<title>Lavora con noi - Came Spa<\/title>\n<meta name=\"robots\" content=\"index, follow, max-snippet:-1, max-image-preview:large, max-video-preview:-1\" \/>\n<link rel=\"canonical\" href=\"https:\/\/came-italy.com\/it\/lavora-con-noi\/\" \/>\n<meta property=\"og:locale\" content=\"it_IT\" \/>\n<meta property=\"og:type\" content=\"article\" \/>\n<meta property=\"og:title\" content=\"Lavora con noi - Came Spa\" \/>\n<meta property=\"og:description\" content=\"&nbsp; Vuoi lavorare con noi? Siamo sempre alla ricerca di nuovi talenti con voglia di crescere assieme a noi! Inviaci la tua candidatura oppure consulta le posizioni aperte. &nbsp; Come candidarsi Gli interessati ad una delle posizioni aperte potranno inviare la propria candidatura, specificando nell\u2019oggetto il riferimento all\u2019annuncio e l\u2019area di interesse (Es. Rif: Responsabile [&hellip;]\" \/>\n<meta property=\"og:url\" content=\"https:\/\/came-italy.com\/it\/lavora-con-noi\/\" \/>\n<meta property=\"og:site_name\" content=\"Came Spa\" \/>\n<meta property=\"article:modified_time\" content=\"2025-08-06T15:12:52+00:00\" \/>\n<meta property=\"og:image\" content=\"https:\/\/came-italy.com\/wp-content\/uploads\/2022\/03\/lavora-con-noi.jpg\" \/>\n\t<meta property=\"og:image:width\" content=\"1600\" \/>\n\t<meta property=\"og:image:height\" content=\"600\" \/>\n\t<meta property=\"og:image:type\" content=\"image\/jpeg\" \/>\n<meta name=\"twitter:card\" content=\"summary_large_image\" \/>\n<meta name=\"twitter:label1\" content=\"Tempo di lettura stimato\" \/>\n\t<meta name=\"twitter:data1\" content=\"3 minuti\" \/>\n<script type=\"application\/ld+json\" class=\"yoast-schema-graph\">{\"@context\":\"https:\/\/schema.org\",\"@graph\":[{\"@type\":\"WebPage\",\"@id\":\"https:\/\/came-italy.com\/it\/lavora-con-noi\/\",\"url\":\"https:\/\/came-italy.com\/it\/lavora-con-noi\/\",\"name\":\"Lavora con noi - Came Spa\",\"isPartOf\":{\"@id\":\"https:\/\/came-italy.com\/it\/#website\"},\"primaryImageOfPage\":{\"@id\":\"https:\/\/came-italy.com\/it\/lavora-con-noi\/#primaryimage\"},\"image\":{\"@id\":\"https:\/\/came-italy.com\/it\/lavora-con-noi\/#primaryimage\"},\"thumbnailUrl\":\"https:\/\/came-italy.com\/wp-content\/uploads\/2022\/03\/lavora-con-noi.jpg\",\"datePublished\":\"2016-05-07T15:45:02+00:00\",\"dateModified\":\"2025-08-06T15:12:52+00:00\",\"breadcrumb\":{\"@id\":\"https:\/\/came-italy.com\/it\/lavora-con-noi\/#breadcrumb\"},\"inLanguage\":\"it-IT\",\"potentialAction\":[{\"@type\":\"ReadAction\",\"target\":[\"https:\/\/came-italy.com\/it\/lavora-con-noi\/\"]}]},{\"@type\":\"ImageObject\",\"inLanguage\":\"it-IT\",\"@id\":\"https:\/\/came-italy.com\/it\/lavora-con-noi\/#primaryimage\",\"url\":\"https:\/\/came-italy.com\/wp-content\/uploads\/2022\/03\/lavora-con-noi.jpg\",\"contentUrl\":\"https:\/\/came-italy.com\/wp-content\/uploads\/2022\/03\/lavora-con-noi.jpg\",\"width\":1600,\"height\":600},{\"@type\":\"BreadcrumbList\",\"@id\":\"https:\/\/came-italy.com\/it\/lavora-con-noi\/#breadcrumb\",\"itemListElement\":[{\"@type\":\"ListItem\",\"position\":1,\"name\":\"Home\",\"item\":\"https:\/\/came-italy.com\/it\/\"},{\"@type\":\"ListItem\",\"position\":2,\"name\":\"Lavora con noi\"}]},{\"@type\":\"WebSite\",\"@id\":\"https:\/\/came-italy.com\/it\/#website\",\"url\":\"https:\/\/came-italy.com\/it\/\",\"name\":\"Came Spa\",\"description\":\"Avvolgimenti e componenti per motori elettrici\",\"publisher\":{\"@id\":\"https:\/\/came-italy.com\/it\/#organization\"},\"potentialAction\":[{\"@type\":\"SearchAction\",\"target\":{\"@type\":\"EntryPoint\",\"urlTemplate\":\"https:\/\/came-italy.com\/it\/?s={search_term_string}\"},\"query-input\":{\"@type\":\"PropertyValueSpecification\",\"valueRequired\":true,\"valueName\":\"search_term_string\"}}],\"inLanguage\":\"it-IT\"},{\"@type\":\"Organization\",\"@id\":\"https:\/\/came-italy.com\/it\/#organization\",\"name\":\"Came Spa\",\"url\":\"https:\/\/came-italy.com\/it\/\",\"logo\":{\"@type\":\"ImageObject\",\"inLanguage\":\"it-IT\",\"@id\":\"https:\/\/came-italy.com\/it\/#\/schema\/logo\/image\/\",\"url\":\"https:\/\/came-italy.com\/wp-content\/uploads\/2016\/07\/logo-came-spa.png\",\"contentUrl\":\"https:\/\/came-italy.com\/wp-content\/uploads\/2016\/07\/logo-came-spa.png\",\"width\":766,\"height\":129,\"caption\":\"Came Spa\"},\"image\":{\"@id\":\"https:\/\/came-italy.com\/it\/#\/schema\/logo\/image\/\"}}]}<\/script>\n<!-- \/ Yoast SEO plugin. -->","yoast_head_json":{"title":"Lavora con noi - Came Spa","robots":{"index":"index","follow":"follow","max-snippet":"max-snippet:-1","max-image-preview":"max-image-preview:large","max-video-preview":"max-video-preview:-1"},"canonical":"https:\/\/came-italy.com\/it\/lavora-con-noi\/","og_locale":"it_IT","og_type":"article","og_title":"Lavora con noi - Came Spa","og_description":"&nbsp; Vuoi lavorare con noi? Siamo sempre alla ricerca di nuovi talenti con voglia di crescere assieme a noi! Inviaci la tua candidatura oppure consulta le posizioni aperte. &nbsp; Come candidarsi Gli interessati ad una delle posizioni aperte potranno inviare la propria candidatura, specificando nell\u2019oggetto il riferimento all\u2019annuncio e l\u2019area di interesse (Es. Rif: Responsabile [&hellip;]","og_url":"https:\/\/came-italy.com\/it\/lavora-con-noi\/","og_site_name":"Came Spa","article_modified_time":"2025-08-06T15:12:52+00:00","og_image":[{"width":1600,"height":600,"url":"https:\/\/came-italy.com\/wp-content\/uploads\/2022\/03\/lavora-con-noi.jpg","type":"image\/jpeg"}],"twitter_card":"summary_large_image","twitter_misc":{"Tempo di lettura stimato":"3 minuti"},"schema":{"@context":"https:\/\/schema.org","@graph":[{"@type":"WebPage","@id":"https:\/\/came-italy.com\/it\/lavora-con-noi\/","url":"https:\/\/came-italy.com\/it\/lavora-con-noi\/","name":"Lavora con noi - Came Spa","isPartOf":{"@id":"https:\/\/came-italy.com\/it\/#website"},"primaryImageOfPage":{"@id":"https:\/\/came-italy.com\/it\/lavora-con-noi\/#primaryimage"},"image":{"@id":"https:\/\/came-italy.com\/it\/lavora-con-noi\/#primaryimage"},"thumbnailUrl":"https:\/\/came-italy.com\/wp-content\/uploads\/2022\/03\/lavora-con-noi.jpg","datePublished":"2016-05-07T15:45:02+00:00","dateModified":"2025-08-06T15:12:52+00:00","breadcrumb":{"@id":"https:\/\/came-italy.com\/it\/lavora-con-noi\/#breadcrumb"},"inLanguage":"it-IT","potentialAction":[{"@type":"ReadAction","target":["https:\/\/came-italy.com\/it\/lavora-con-noi\/"]}]},{"@type":"ImageObject","inLanguage":"it-IT","@id":"https:\/\/came-italy.com\/it\/lavora-con-noi\/#primaryimage","url":"https:\/\/came-italy.com\/wp-content\/uploads\/2022\/03\/lavora-con-noi.jpg","contentUrl":"https:\/\/came-italy.com\/wp-content\/uploads\/2022\/03\/lavora-con-noi.jpg","width":1600,"height":600},{"@type":"BreadcrumbList","@id":"https:\/\/came-italy.com\/it\/lavora-con-noi\/#breadcrumb","itemListElement":[{"@type":"ListItem","position":1,"name":"Home","item":"https:\/\/came-italy.com\/it\/"},{"@type":"ListItem","position":2,"name":"Lavora con noi"}]},{"@type":"WebSite","@id":"https:\/\/came-italy.com\/it\/#website","url":"https:\/\/came-italy.com\/it\/","name":"Came Spa","description":"Avvolgimenti e componenti per motori elettrici","publisher":{"@id":"https:\/\/came-italy.com\/it\/#organization"},"potentialAction":[{"@type":"SearchAction","target":{"@type":"EntryPoint","urlTemplate":"https:\/\/came-italy.com\/it\/?s={search_term_string}"},"query-input":{"@type":"PropertyValueSpecification","valueRequired":true,"valueName":"search_term_string"}}],"inLanguage":"it-IT"},{"@type":"Organization","@id":"https:\/\/came-italy.com\/it\/#organization","name":"Came Spa","url":"https:\/\/came-italy.com\/it\/","logo":{"@type":"ImageObject","inLanguage":"it-IT","@id":"https:\/\/came-italy.com\/it\/#\/schema\/logo\/image\/","url":"https:\/\/came-italy.com\/wp-content\/uploads\/2016\/07\/logo-came-spa.png","contentUrl":"https:\/\/came-italy.com\/wp-content\/uploads\/2016\/07\/logo-came-spa.png","width":766,"height":129,"caption":"Came Spa"},"image":{"@id":"https:\/\/came-italy.com\/it\/#\/schema\/logo\/image\/"}}]}},"_links":{"self":[{"href":"https:\/\/came-italy.com\/it\/wp-json\/wp\/v2\/pages\/2617","targetHints":{"allow":["GET"]}}],"collection":[{"href":"https:\/\/came-italy.com\/it\/wp-json\/wp\/v2\/pages"}],"about":[{"href":"https:\/\/came-italy.com\/it\/wp-json\/wp\/v2\/types\/page"}],"author":[{"embeddable":true,"href":"https:\/\/came-italy.com\/it\/wp-json\/wp\/v2\/users\/1"}],"replies":[{"embeddable":true,"href":"https:\/\/came-italy.com\/it\/wp-json\/wp\/v2\/comments?post=2617"}],"version-history":[{"count":103,"href":"https:\/\/came-italy.com\/it\/wp-json\/wp\/v2\/pages\/2617\/revisions"}],"predecessor-version":[{"id":19149,"href":"https:\/\/came-italy.com\/it\/wp-json\/wp\/v2\/pages\/2617\/revisions\/19149"}],"wp:featuredmedia":[{"embeddable":true,"href":"https:\/\/came-italy.com\/it\/wp-json\/wp\/v2\/media\/13427"}],"wp:attachment":[{"href":"https:\/\/came-italy.com\/it\/wp-json\/wp\/v2\/media?parent=2617"}],"curies":[{"name":"wp","href":"https:\/\/api.w.org\/{rel}","templated":true}]}}