{"id":3675,"date":"2018-01-05T17:16:56","date_gmt":"2018-01-05T16:16:56","guid":{"rendered":"https:\/\/came-italy.com\/?page_id=3675"},"modified":"2025-02-11T13:26:44","modified_gmt":"2025-02-11T12:26:44","slug":"die-casting","status":"publish","type":"page","link":"https:\/\/came-italy.com\/it\/die-casting\/","title":{"rendered":"Die Casting"},"content":{"rendered":"<div class=\"die-video\">\n<div class=\"videoWrapper\"><iframe loading=\"lazy\" src=\"https:\/\/www.youtube.com\/embed\/lMm7tJyGcpg?rel=0&amp;showinfo=0\" width=\"1200\" height=\"600\" frameborder=\"0\" allowfullscreen=\"allowfullscreen\"><\/iframe><\/div>\n<\/div>\n<h1 class=\"h1_35\">Pressofusione in alluminio<\/h1>\n<div class=\"slogan20\">Dalla bozza al prodotto finito.<\/div>\n<div class=\"entry_line top20\">&nbsp;<\/div>\n<div class=\"col4\">\n<h2 class=\"h2_20\">Pressofusione con isole<br \/>\nautomatiche robotizzate:<\/h2>\n<p>1 x 320 tonnellate<br \/>\n3 x 400 tonnellate<br \/>\n5 x 560 tonnellate<br \/>\n1 x 750 tonnellate<br \/>\n2 x 1,000 tonnellate<br \/>\n1 x 1,400 tonnellate<\/p>\n<\/div>\n<div class=\"col4\">\n<h2 class=\"h2_20\">Macchine pressofusione:<\/h2>\n<p>5 x Presse trancianti<br \/>\n3 x Sabbiatrici (Tappeto)<br \/>\n2 x Sabiatrici (Grappolo)<\/p>\n<\/div>\n<div class=\"col4\">\n<h2 class=\"h2_20\">Range di peso:<\/h2>\n<p>Fino a 21 Kg<\/p>\n<\/div>\n<div class=\"col4\">\n<h2 class=\"h2_20\">Software:<\/h2>\n<p>Sistema CAD,<br \/>\nanalisi con simulazione del flusso<\/p>\n<\/div>\n<div class=\"entry_line\">&nbsp;<\/div>\n<div class=\"col-2\">\n<p><img loading=\"lazy\" decoding=\"async\" class=\"size-full wp-image-4521\" src=\"https:\/\/came-italy.com\/wp-content\/uploads\/2018\/11\/Came-Die-casting-proprietary.jpg\" alt=\"\" width=\"550\" height=\"367\"><\/p>\n<h2 class=\"h2_20--black\">Le nostre capacit\u00e0<\/h2>\n<p>Came Spa produce componenti per motori elettrici in lega di alluminio pressofuso con una gamma di propri prodotti che va dal Mec 56 al Mec 132.<br \/>\nSegue inoltre la progettazione, la costruzione di stampi e la stampa conto terzi.<\/p>\n<p>&nbsp;<\/p>\n<p>Il dipartimento R&amp;D di Came lavora con sistemi CAD di assistenza al design e sistemi di analisi con simulazione del flusso (MAGMA, PROCAST).<\/p>\n<p>&nbsp;<\/p>\n<p>Il reparto fonderia conta 11 isole di lavoro completamente automatizzate e connesse al network aziendale composte da pressa, trancia, macchina utensile per eliminazione materozza e robot antropomorfo per gestire la movimentazione della colata all\u2019interno dell\u2019isola.<\/p>\n<p>&nbsp;<\/p>\n<p>La propensione al miglioramento continuo e l\u2019investimento in tecnologia sono sinonimo di qualit\u00e0 di prodotto e servizio, valori base della filosofia Came.<\/p>\n<p>La qualit\u00e0 \u00e8 garantita dai processi strutturati secondo normativa ISO 9001, da un ufficio metrologico modernamente attrezzato (macchina misura 3D, cabina di scopia RX, quantometro) e supportata dalla presenza di personale delegato al controllo su tutti i turni produttivi.<\/p>\n<h2 class=\"h2_20--black\">Finitura<\/h2>\n<p>Per garantire ai propri clienti elevati standard qualitativi sui prodotti finiti, Came offre servizi di finitura superficiale, lavorazioni e sub-assemblaggi addizionali.<\/p>\n<p>&nbsp;<\/p>\n<p>Di seguito l\u2019elenco completo dei servizi offerti da Came:<br \/>\n\u2022 Progettazione e costruzione stampi;<br \/>\n\u2022 Studio fattibilit\u00e0, Co-Design e simulazione del flusso;<br \/>\n\u2022 Stampaggio particolari conto terzi;<br \/>\n\u2022 Finiture superficiali quali sabbiatura,burattatura, verniciatura, cataforesi, cromatura;<br \/>\n\u2022 Impregnazione;<br \/>\n\u2022 Costampaggio.<\/p>\n<h2 class=\"h2_20--black\">Lavorazioni meccaniche<\/h2>\n<p>Il reparto dispone di macchine cnc e personale specializzato<\/p>\n<h2 class=\"h2_20--black\">Qualit\u00e0<\/h2>\n<p>Oggi il mercato e le aziende internazionali richiedono un chiaro impegno per la qualit\u00e0. Questo \u00e8 il motivo per cui Came considera la qualit\u00e0 uno dei suoi principali obiettivi aziendali incentrati sulle esigenze dei clienti.<\/p>\n<p>&nbsp;<\/p>\n<p>L\u2019organizzazione di Came dispone dei seguenti schemi di certificazione:<br \/>\n\u2022 ISO9001:2015<br \/>\n\u2022 ISO14001:2015<br \/>\n\u2022 ISO45001:2018<br \/>\n\u2022 Conformit\u00e0 a Sistema di Gestione IATF16949<\/p>\n<p>&nbsp;<\/p>\n<p>La sala metrologica Came \u00e8 modernamente equipaggiata con quantometro per analisi chimica alluminio, cabina RX, macchina di misura 3D, braccio di scansione laser, profliometro, durometro, rugosimetro e strumentazione tradizionale.<\/p>\n<\/div>\n<div class=\"col-2 col-2-right\">\n<h2 class=\"h2_20 orange\">Entra in contatto con noi<\/h2>\n\n<div class=\"wpcf7 no-js\" id=\"wpcf7-f3673-o1\" lang=\"it-IT\" dir=\"ltr\" data-wpcf7-id=\"3673\">\n<div class=\"screen-reader-response\"><p role=\"status\" aria-live=\"polite\" aria-atomic=\"true\"><\/p> <ul><\/ul><\/div>\n<form action=\"\/it\/wp-json\/wp\/v2\/pages\/3675#wpcf7-f3673-o1\" method=\"post\" class=\"wpcf7-form init\" aria-label=\"Modulo di contatto\" novalidate=\"novalidate\" data-status=\"init\">\n<fieldset class=\"hidden-fields-container\"><input type=\"hidden\" name=\"_wpcf7\" value=\"3673\" \/><input type=\"hidden\" name=\"_wpcf7_version\" value=\"6.1.5\" \/><input type=\"hidden\" name=\"_wpcf7_locale\" value=\"it_IT\" \/><input type=\"hidden\" name=\"_wpcf7_unit_tag\" value=\"wpcf7-f3673-o1\" \/><input type=\"hidden\" name=\"_wpcf7_container_post\" value=\"0\" \/><input type=\"hidden\" name=\"_wpcf7_posted_data_hash\" value=\"\" \/><input type=\"hidden\" name=\"_wpcf7_recaptcha_response\" value=\"\" \/>\n<\/fieldset>\n<p><label>Il tuo nome<\/label><span class=\"wpcf7-form-control-wrap\" data-name=\"your-name\"><input size=\"40\" maxlength=\"400\" class=\"wpcf7-form-control wpcf7-text wpcf7-validates-as-required\" aria-required=\"true\" aria-invalid=\"false\" value=\"\" type=\"text\" name=\"your-name\" \/><\/span><br \/>\n<label>La tua email<\/label><span class=\"wpcf7-form-control-wrap\" data-name=\"your-email\"><input size=\"40\" maxlength=\"400\" class=\"wpcf7-form-control wpcf7-email wpcf7-validates-as-required wpcf7-text wpcf7-validates-as-email\" aria-required=\"true\" aria-invalid=\"false\" value=\"\" type=\"email\" name=\"your-email\" \/><\/span><br \/>\n<label>Telefono<\/label><span class=\"wpcf7-form-control-wrap\" data-name=\"tel-182s\"><input size=\"40\" maxlength=\"400\" class=\"wpcf7-form-control wpcf7-tel wpcf7-validates-as-required wpcf7-text wpcf7-validates-as-tel\" aria-required=\"true\" aria-invalid=\"false\" value=\"\" type=\"tel\" name=\"tel-182s\" \/><\/span><br \/>\n<label>Oggetto<\/label><span class=\"wpcf7-form-control-wrap\" data-name=\"your-subject\"><input size=\"40\" maxlength=\"400\" class=\"wpcf7-form-control wpcf7-text wpcf7-validates-as-required\" aria-required=\"true\" aria-invalid=\"false\" value=\"\" type=\"text\" name=\"your-subject\" \/><\/span><br \/>\n<label>Messaggio<\/label>\n<\/p>\n<div id=\"form_message_2\">\n\t<p><span class=\"wpcf7-form-control-wrap\" data-name=\"your-message\"><textarea cols=\"40\" rows=\"10\" maxlength=\"2000\" class=\"wpcf7-form-control wpcf7-textarea\" aria-invalid=\"false\" name=\"your-message\"><\/textarea><\/span>\n\t<\/p>\n<\/div>\n<p><span class='form-checkbox'><span class=\"wpcf7-form-control-wrap\" data-name=\"newsletter\"><span class=\"wpcf7-form-control wpcf7-checkbox\" id=\"checkbox-newsletter\"><span class=\"wpcf7-list-item first last\"><input type=\"checkbox\" name=\"newsletter[]\" value=\"Iscriviti alla nostra newsletter\" \/><span class=\"wpcf7-list-item-label\">Iscriviti alla nostra newsletter<\/span><\/span><\/span><\/span><\/span><br \/>\n<span class='form-checkbox'><span class=\"wpcf7-form-control-wrap\" data-name=\"privacy-policy\"><span class=\"wpcf7-form-control wpcf7-acceptance\"><span class=\"wpcf7-list-item\"><label><input type=\"checkbox\" name=\"privacy-policy\" value=\"1\" aria-invalid=\"false\" \/><span class=\"wpcf7-list-item-label\"><\/span> Ho letto e accetto <a href=\"https:\/\/came-italy.com\/it\/privacy-policy\/\">Privacy Policy<\/a><\/span><\/label><\/span><\/span><\/span><br \/>\n<\/span>\n<\/p>\n<div id=\"submit-die-casting\">\n\t<p><input class=\"wpcf7-form-control wpcf7-submit has-spinner\" type=\"submit\" value=\"INVIA\" \/>\n\t<\/p>\n<\/div><div class=\"wpcf7-response-output\" aria-hidden=\"true\"><\/div>\n<\/form>\n<\/div>\n\n<div class=\"floatLeft clear top50\">\n<h2 class=\"h2_20 orange top20\">Download<\/h2>\n<p><a class=\"top20 floatLeft\" href=\"https:\/\/came-italy.com\/wp-content\/uploads\/2025\/01\/Came-Die-Casting-catalogo-2025-web.pdf\" target=\"_blank\" rel=\"noopener\"><img loading=\"lazy\" decoding=\"async\" class=\"alignnone wp-image-2254 size-full\" src=\"https:\/\/came-italy.com\/wp-content\/uploads\/2018\/10\/pdfs-512.png\" alt=\"ico_download\" width=\"60\" height=\"83\"><\/a><a class=\"pdf-text-link\" href=\"https:\/\/came-italy.com\/wp-content\/uploads\/2025\/01\/Came-Die-Casting-catalogo-2025-web.pdf\" target=\"_blank\" rel=\"noopener\">Scarica<br \/>\ncatalogo in PDF<\/a><\/p>\n<\/div>\n<\/div>\n","protected":false},"excerpt":{"rendered":"<p>Pressofusione in alluminio Dalla bozza al prodotto finito. &nbsp; Pressofusione con isole automatiche robotizzate: 1 x 320 tonnellate 3 x 400 tonnellate 5 x 560 tonnellate 1 x 750 tonnellate 2 x 1,000 tonnellate 1 x 1,400 tonnellate Macchine pressofusione: 5 x Presse trancianti 3 x Sabbiatrici (Tappeto) 2 x Sabiatrici (Grappolo) Range di peso: [&hellip;]<\/p>\n","protected":false},"author":1,"featured_media":0,"parent":0,"menu_order":0,"comment_status":"closed","ping_status":"closed","template":"diecasting.php","meta":{"ngg_post_thumbnail":0,"footnotes":""},"class_list":["post-3675","page","type-page","status-publish","hentry"],"yoast_head":"<!-- This site is optimized with the Yoast SEO plugin v27.2 - https:\/\/yoast.com\/product\/yoast-seo-wordpress\/ -->\n<title>Die Casting - Came Spa<\/title>\n<meta name=\"robots\" content=\"index, follow, max-snippet:-1, max-image-preview:large, max-video-preview:-1\" \/>\n<link rel=\"canonical\" href=\"https:\/\/came-italy.com\/it\/die-casting\/\" \/>\n<meta property=\"og:locale\" content=\"it_IT\" \/>\n<meta property=\"og:type\" content=\"article\" \/>\n<meta property=\"og:title\" content=\"Die Casting - Came Spa\" \/>\n<meta property=\"og:description\" content=\"Pressofusione in alluminio Dalla bozza al prodotto finito. &nbsp; Pressofusione con isole automatiche robotizzate: 1 x 320 tonnellate 3 x 400 tonnellate 5 x 560 tonnellate 1 x 750 tonnellate 2 x 1,000 tonnellate 1 x 1,400 tonnellate Macchine pressofusione: 5 x Presse trancianti 3 x Sabbiatrici (Tappeto) 2 x Sabiatrici (Grappolo) Range di peso: [&hellip;]\" \/>\n<meta property=\"og:url\" content=\"https:\/\/came-italy.com\/it\/die-casting\/\" \/>\n<meta property=\"og:site_name\" content=\"Came Spa\" \/>\n<meta property=\"article:modified_time\" content=\"2025-02-11T12:26:44+00:00\" \/>\n<meta property=\"og:image\" content=\"https:\/\/came-italy.com\/wp-content\/uploads\/2018\/11\/Came-Die-casting-proprietary.jpg\" \/>\n\t<meta property=\"og:image:width\" content=\"550\" \/>\n\t<meta property=\"og:image:height\" content=\"367\" \/>\n\t<meta property=\"og:image:type\" content=\"image\/jpeg\" \/>\n<meta name=\"twitter:card\" content=\"summary_large_image\" \/>\n<meta name=\"twitter:label1\" content=\"Tempo di lettura stimato\" \/>\n\t<meta name=\"twitter:data1\" content=\"3 minuti\" \/>\n<script type=\"application\/ld+json\" class=\"yoast-schema-graph\">{\"@context\":\"https:\/\/schema.org\",\"@graph\":[{\"@type\":\"WebPage\",\"@id\":\"https:\/\/came-italy.com\/it\/die-casting\/\",\"url\":\"https:\/\/came-italy.com\/it\/die-casting\/\",\"name\":\"Die Casting - Came Spa\",\"isPartOf\":{\"@id\":\"https:\/\/came-italy.com\/it\/#website\"},\"primaryImageOfPage\":{\"@id\":\"https:\/\/came-italy.com\/it\/die-casting\/#primaryimage\"},\"image\":{\"@id\":\"https:\/\/came-italy.com\/it\/die-casting\/#primaryimage\"},\"thumbnailUrl\":\"https:\/\/came-italy.com\/wp-content\/uploads\/2018\/11\/Came-Die-casting-proprietary.jpg\",\"datePublished\":\"2018-01-05T16:16:56+00:00\",\"dateModified\":\"2025-02-11T12:26:44+00:00\",\"breadcrumb\":{\"@id\":\"https:\/\/came-italy.com\/it\/die-casting\/#breadcrumb\"},\"inLanguage\":\"it-IT\",\"potentialAction\":[{\"@type\":\"ReadAction\",\"target\":[\"https:\/\/came-italy.com\/it\/die-casting\/\"]}]},{\"@type\":\"ImageObject\",\"inLanguage\":\"it-IT\",\"@id\":\"https:\/\/came-italy.com\/it\/die-casting\/#primaryimage\",\"url\":\"https:\/\/came-italy.com\/wp-content\/uploads\/2018\/11\/Came-Die-casting-proprietary.jpg\",\"contentUrl\":\"https:\/\/came-italy.com\/wp-content\/uploads\/2018\/11\/Came-Die-casting-proprietary.jpg\"},{\"@type\":\"BreadcrumbList\",\"@id\":\"https:\/\/came-italy.com\/it\/die-casting\/#breadcrumb\",\"itemListElement\":[{\"@type\":\"ListItem\",\"position\":1,\"name\":\"Home\",\"item\":\"https:\/\/came-italy.com\/it\/\"},{\"@type\":\"ListItem\",\"position\":2,\"name\":\"Die Casting\"}]},{\"@type\":\"WebSite\",\"@id\":\"https:\/\/came-italy.com\/it\/#website\",\"url\":\"https:\/\/came-italy.com\/it\/\",\"name\":\"Came Spa\",\"description\":\"Avvolgimenti e componenti per motori elettrici\",\"publisher\":{\"@id\":\"https:\/\/came-italy.com\/it\/#organization\"},\"potentialAction\":[{\"@type\":\"SearchAction\",\"target\":{\"@type\":\"EntryPoint\",\"urlTemplate\":\"https:\/\/came-italy.com\/it\/?s={search_term_string}\"},\"query-input\":{\"@type\":\"PropertyValueSpecification\",\"valueRequired\":true,\"valueName\":\"search_term_string\"}}],\"inLanguage\":\"it-IT\"},{\"@type\":\"Organization\",\"@id\":\"https:\/\/came-italy.com\/it\/#organization\",\"name\":\"Came Spa\",\"url\":\"https:\/\/came-italy.com\/it\/\",\"logo\":{\"@type\":\"ImageObject\",\"inLanguage\":\"it-IT\",\"@id\":\"https:\/\/came-italy.com\/it\/#\/schema\/logo\/image\/\",\"url\":\"https:\/\/came-italy.com\/wp-content\/uploads\/2016\/07\/logo-came-spa.png\",\"contentUrl\":\"https:\/\/came-italy.com\/wp-content\/uploads\/2016\/07\/logo-came-spa.png\",\"width\":766,\"height\":129,\"caption\":\"Came Spa\"},\"image\":{\"@id\":\"https:\/\/came-italy.com\/it\/#\/schema\/logo\/image\/\"}}]}<\/script>\n<!-- \/ Yoast SEO plugin. -->","yoast_head_json":{"title":"Die Casting - Came Spa","robots":{"index":"index","follow":"follow","max-snippet":"max-snippet:-1","max-image-preview":"max-image-preview:large","max-video-preview":"max-video-preview:-1"},"canonical":"https:\/\/came-italy.com\/it\/die-casting\/","og_locale":"it_IT","og_type":"article","og_title":"Die Casting - Came Spa","og_description":"Pressofusione in alluminio Dalla bozza al prodotto finito. &nbsp; Pressofusione con isole automatiche robotizzate: 1 x 320 tonnellate 3 x 400 tonnellate 5 x 560 tonnellate 1 x 750 tonnellate 2 x 1,000 tonnellate 1 x 1,400 tonnellate Macchine pressofusione: 5 x Presse trancianti 3 x Sabbiatrici (Tappeto) 2 x Sabiatrici (Grappolo) Range di peso: [&hellip;]","og_url":"https:\/\/came-italy.com\/it\/die-casting\/","og_site_name":"Came Spa","article_modified_time":"2025-02-11T12:26:44+00:00","og_image":[{"width":550,"height":367,"url":"https:\/\/came-italy.com\/wp-content\/uploads\/2018\/11\/Came-Die-casting-proprietary.jpg","type":"image\/jpeg"}],"twitter_card":"summary_large_image","twitter_misc":{"Tempo di lettura stimato":"3 minuti"},"schema":{"@context":"https:\/\/schema.org","@graph":[{"@type":"WebPage","@id":"https:\/\/came-italy.com\/it\/die-casting\/","url":"https:\/\/came-italy.com\/it\/die-casting\/","name":"Die Casting - Came Spa","isPartOf":{"@id":"https:\/\/came-italy.com\/it\/#website"},"primaryImageOfPage":{"@id":"https:\/\/came-italy.com\/it\/die-casting\/#primaryimage"},"image":{"@id":"https:\/\/came-italy.com\/it\/die-casting\/#primaryimage"},"thumbnailUrl":"https:\/\/came-italy.com\/wp-content\/uploads\/2018\/11\/Came-Die-casting-proprietary.jpg","datePublished":"2018-01-05T16:16:56+00:00","dateModified":"2025-02-11T12:26:44+00:00","breadcrumb":{"@id":"https:\/\/came-italy.com\/it\/die-casting\/#breadcrumb"},"inLanguage":"it-IT","potentialAction":[{"@type":"ReadAction","target":["https:\/\/came-italy.com\/it\/die-casting\/"]}]},{"@type":"ImageObject","inLanguage":"it-IT","@id":"https:\/\/came-italy.com\/it\/die-casting\/#primaryimage","url":"https:\/\/came-italy.com\/wp-content\/uploads\/2018\/11\/Came-Die-casting-proprietary.jpg","contentUrl":"https:\/\/came-italy.com\/wp-content\/uploads\/2018\/11\/Came-Die-casting-proprietary.jpg"},{"@type":"BreadcrumbList","@id":"https:\/\/came-italy.com\/it\/die-casting\/#breadcrumb","itemListElement":[{"@type":"ListItem","position":1,"name":"Home","item":"https:\/\/came-italy.com\/it\/"},{"@type":"ListItem","position":2,"name":"Die Casting"}]},{"@type":"WebSite","@id":"https:\/\/came-italy.com\/it\/#website","url":"https:\/\/came-italy.com\/it\/","name":"Came Spa","description":"Avvolgimenti e componenti per motori elettrici","publisher":{"@id":"https:\/\/came-italy.com\/it\/#organization"},"potentialAction":[{"@type":"SearchAction","target":{"@type":"EntryPoint","urlTemplate":"https:\/\/came-italy.com\/it\/?s={search_term_string}"},"query-input":{"@type":"PropertyValueSpecification","valueRequired":true,"valueName":"search_term_string"}}],"inLanguage":"it-IT"},{"@type":"Organization","@id":"https:\/\/came-italy.com\/it\/#organization","name":"Came Spa","url":"https:\/\/came-italy.com\/it\/","logo":{"@type":"ImageObject","inLanguage":"it-IT","@id":"https:\/\/came-italy.com\/it\/#\/schema\/logo\/image\/","url":"https:\/\/came-italy.com\/wp-content\/uploads\/2016\/07\/logo-came-spa.png","contentUrl":"https:\/\/came-italy.com\/wp-content\/uploads\/2016\/07\/logo-came-spa.png","width":766,"height":129,"caption":"Came Spa"},"image":{"@id":"https:\/\/came-italy.com\/it\/#\/schema\/logo\/image\/"}}]}},"_links":{"self":[{"href":"https:\/\/came-italy.com\/it\/wp-json\/wp\/v2\/pages\/3675","targetHints":{"allow":["GET"]}}],"collection":[{"href":"https:\/\/came-italy.com\/it\/wp-json\/wp\/v2\/pages"}],"about":[{"href":"https:\/\/came-italy.com\/it\/wp-json\/wp\/v2\/types\/page"}],"author":[{"embeddable":true,"href":"https:\/\/came-italy.com\/it\/wp-json\/wp\/v2\/users\/1"}],"replies":[{"embeddable":true,"href":"https:\/\/came-italy.com\/it\/wp-json\/wp\/v2\/comments?post=3675"}],"version-history":[{"count":39,"href":"https:\/\/came-italy.com\/it\/wp-json\/wp\/v2\/pages\/3675\/revisions"}],"predecessor-version":[{"id":18039,"href":"https:\/\/came-italy.com\/it\/wp-json\/wp\/v2\/pages\/3675\/revisions\/18039"}],"wp:attachment":[{"href":"https:\/\/came-italy.com\/it\/wp-json\/wp\/v2\/media?parent=3675"}],"curies":[{"name":"wp","href":"https:\/\/api.w.org\/{rel}","templated":true}]}}