{"id":3858,"date":"2018-05-25T16:48:16","date_gmt":"2018-05-25T14:48:16","guid":{"rendered":"https:\/\/came-italy.com\/?page_id=3858"},"modified":"2018-06-12T17:50:51","modified_gmt":"2018-06-12T15:50:51","slug":"privacy-policy","status":"publish","type":"page","link":"https:\/\/came-italy.com\/it\/privacy-policy\/","title":{"rendered":"Privacy Policy"},"content":{"rendered":"<p><b>INFORMATIVA RELATIVA AL TRATTAMENTO DEI DATI PERSONALI<\/b><\/p>\n<p>&nbsp;<\/p>\n<p><span style=\"font-size: medium;\">Questa informativa \u00e8 fornita, ai sensi dell\u2019art. 13 Regolamento UE 2016\/679 (GDPR) agli utenti che interagiscono con il sito web di Came spa accessibile per via telematica a partire dall\u2019indirizzo: <a href=\"https:\/\/came-italy.com\">www.came-italy.com<\/a> corrispondente alla pagina iniziale del sito.<\/span><\/p>\n<p>&nbsp;<\/p>\n<p><span style=\"font-size: medium;\">La presente informativa descrive le modalit\u00e0 di gestione del solo sito web ufficiale dell\u2019azienda ma non di altri siti web esterni consultabili eventualmente dall\u2019utente tramite link.<\/span><\/p>\n<p>&nbsp;<\/p>\n<p><span style=\"font-size: medium;\">Informazioni aggiuntive potranno essere fornite all\u2019interno dei differenti canali di accesso, suddivisi sulla base degli argomenti trattati. Altre informative potranno essere previste all\u2019interno del Sito in relazione a specifici servizi.<\/span><\/p>\n<p>&nbsp;<\/p>\n<p><b>Titolare del Trattamento: Came spa &#8211;&nbsp;<\/b><\/p>\n<p><span style=\"font-size: medium;\">Via Risorgimento, 96 36070, San Pietro Mussolino, VI<\/span><\/p>\n<p>dati di contatto:&nbsp;<span style=\"font-weight: 400;\"><a href=\"mailto:privacy@came-italy.com\">privacy@came-italy.com<\/a><\/span><\/p>\n<p>&nbsp;<\/p>\n<p><b>Finalit\u00e0 del Trattamento<\/b><\/p>\n<p>&nbsp;<\/p>\n<p><span style=\"font-weight: 400;\">Il trattamento dei dati personali volontariamente forniti saranno oggetto di trattamento per le seguenti finalit\u00e0:<\/span><\/p>\n<ul>\n<li style=\"font-weight: 400;\"><span style=\"font-weight: 400;\">navigazione sul presente sito internet;<\/span><\/li>\n<li style=\"font-weight: 400;\"><span style=\"font-weight: 400;\">interazione con social network;<\/span><\/li>\n<li style=\"font-weight: 400;\"><span style=\"font-weight: 400;\">eventuale richiesta di contatto, con invio di informazioni da Lei richieste;<\/span><\/li>\n<li style=\"font-weight: 400;\"><span style=\"font-weight: 400;\">invio di messaggi mail, tramite newsletter;<\/span><\/li>\n<li style=\"font-weight: 400;\"><span style=\"font-weight: 400;\">attivit\u00e0 amministrativo-contabili in genere e per l\u2019adempimento degli obblighi di legge.<\/span><\/li>\n<\/ul>\n<p>&nbsp;<\/p>\n<p><span style=\"font-weight: 400;\">I suoi dati personali potranno inoltre, previo suo consenso, essere utilizzati per finalit\u00e0 di Marketing e Pubblicit\u00e0. La registrazione alla newsletter permette l\u2019iscrizione in una mailing list tramite la quale saranno inviati messaggi anche di natura commerciale e promozionale.<\/span><\/p>\n<p>&nbsp;<\/p>\n<p><b>Tipologia dei Dati Trattati e Modalit\u00e0 di Raccolta<\/b><\/p>\n<p>&nbsp;<\/p>\n<p><b>Dati di navigazione \u2013 log files<\/b><\/p>\n<p>&nbsp;<\/p>\n<p><span style=\"font-weight: 400;\">E\u2019 possibile accedere al Sito senza che all\u2019utente venga richiesto il conferimento di alcun dato personale. I sistemi informatici e gli applicativi dedicati al funzionamento di questo sito web rilevano, nel corso del loro normale funzionamento, alcuni dati (la cui trasmissione \u00e8 implicita nell\u2019uso dei protocolli di comunicazione di Internet) non associati a utenti direttamente identificabili. Tra i dati raccolti sono compresi gli indirizzi IP degli utenti che si connettono al sito, gli indirizzi in notazione URI (Uniform Resource Identifier) delle risorse richieste, l\u2019orario della richiesta ed il codice numerico indicante lo stato della risposta data dal server (buon fine, errore, ecc.).<\/span><\/p>\n<p><span style=\"font-size: medium;\">Si tratta di informazioni che non forniscono dati personali dell\u2019utente e che non sono raccolte per essere associate a interessati identificati, ma si tratta di dati di carattere tecnico\/informatico raccolti e utilizzati in maniera aggregata e anonima per finalit\u00e0 di verificare il corretto funzionamento e monitorare la sicurezza del Sito; migliorare la qualit\u00e0 del servizio e fornire statistiche concernenti l\u2019uso del Sito; procedere all\u2019accertamento di responsabilit\u00e0 in caso di ipotetici reati informatici ai danni del sito.<\/span><\/p>\n<p>&nbsp;<\/p>\n<p><b>Dati forniti volontariamente dall\u2019utente<\/b><\/p>\n<p>&nbsp;<\/p>\n<p><span style=\"font-size: medium;\">L\u2019invio volontario ed esplicito di posta elettronica agli indirizzi indicati nei differenti canali di accesso di questo sito comporta la successiva acquisizione dell\u2019indirizzo e dei dati del mittente\/utente, necessari per rispondere alle istanze prodotte e\/o erogare il servizio richiesto. Si assicura, tuttavia, che tale trattamento sar\u00e0 improntato ai principi di correttezza, liceit\u00e0 e trasparenza e di tutela della riservatezza come indicato nel GDPR. In ogni caso, prima di procedere all\u2019attivazione di un determinato servizio sar\u00e0 fornita idonea informativa e, ove necessario, acquisito il relativo consenso al trattamento dei dati personali. Tale consenso potr\u00e0 essere in seguito revocato in qualsiasi momento, facendo decadere la possibilit\u00e0 di utilizzo del servizio in questione<\/span><\/p>\n<p>&nbsp;<\/p>\n<p><b>(COOKIE POLICY)<\/b><\/p>\n<p>&nbsp;<\/p>\n<p><b>Base giuridica del trattamento<\/b><\/p>\n<p>&nbsp;<\/p>\n<p><span style=\"font-size: medium;\">I dati personali dei visitatori e degli utenti del Sito verranno trattati in base al consenso reso dagli stessi in relazione alle modalit\u00e0 e alle finalit\u00e0 descritte sopra per i dati forniti volontariamente, mediante l\u2019accesso e la navigazione del Sito e\/o l\u2019utilizzo dei servizi forniti dal Titolare attraverso lo stesso Sito. A parte quanto specificato per i dati di navigazione, che vengono raccolti automaticamente dal sistema, e per l\u2019operativit\u00e0 dei cookies, alla cui informativa si rimanda, il conferimento del consenso \u00e8 facoltativo, e l\u2019Utente potr\u00e0 negare il consenso o revocare in ogni momento un consenso gi\u00e0 prestato. <\/span><\/p>\n<p><span style=\"font-size: medium;\">La mancata prestazione del consenso o la revoca dello stesso non comporta alcuna conseguenza, salvo l\u2019impossibilit\u00e0 di utilizzo del Sito e\/o l\u2019erogazione del servizio richiesto o di ottenere informazioni pi\u00f9 particolareggiate sulle attivit\u00e0 della Societ\u00e0.<\/span><\/p>\n<p><span style=\"font-size: medium;\">In ogni caso, il trattamento dei dati personali potr\u00e0 essere svolto, qualora sia necessario, per il perseguimento di un legittimo interesse del Titolare o in base ad un obbligo di legge. In particolare, l\u2019ottenimento del consenso al trattamento di cui al punto precedente relativo ai dati di navigazione e log non \u00e8 necessario in quanto i dati vengono trattati come rispondente a un interesse legittimo (Considerando 47 del GDPR)<\/span><\/p>\n<p>&nbsp;<\/p>\n<p><b>Facoltativit\u00e0 del Conferimento dei Dati<\/b><\/p>\n<p>&nbsp;<\/p>\n<p><span style=\"font-size: medium;\">A parte quanto specificato per i dati di navigazione, il conferimento dei dati personali da parte dell\u2019interessato, per le finalit\u00e0 descritte nel paragrafo precedente \u00e8 da ritenersi facoltativo. Il loro mancato conferimento pu\u00f2 comportare l\u2019impossibilit\u00e0 di usufruire di determinati servizi forniti dal sito.<\/span><\/p>\n<p>&nbsp;<\/p>\n<p><b>Modalit\u00e0 del Trattamento dei Dati<\/b><\/p>\n<p>&nbsp;<\/p>\n<p><span style=\"font-weight: 400;\">I dati personali sono trattati con strumenti automatizzati per il tempo strettamente necessario a conseguire gli scopi per cui sono raccolti nel rispetto dei principi di liceit\u00e0, limitazione delle finalit\u00e0 e minimizzazione dei dati, ai sensi dell\u2019art. 5 del GDPR e nel rispetto dei tempi obbligatori prescritti dalla legge. Specifiche misure di sicurezza sono osservate per prevenire la perdita dei dati, usi illeciti o non corretti ed accessi non autorizzati.<\/span><\/p>\n<p>&nbsp;<\/p>\n<p><b>Comunicazione e\/o Diffusione dei Dati<\/b><\/p>\n<p>&nbsp;<\/p>\n<p><span style=\"font-weight: 400;\">I Suoi dati, oggetto del trattamento, non saranno diffusi ma potranno essere comunicati a societ\u00e0 contrattualmente legate a Came spa, in conformit\u00e0 e nei limiti del GDPR. I dati personali potranno essere trasferiti all\u2019estero in paesi extra UE nell\u2019ambito e nei limiti previsti dal GDPR, al fine di ottemperare ai contratti o finalit\u00e0 connesse. I dati potranno essere comunicati a terzi appartenenti alle seguenti categorie:<\/span><\/p>\n<p><span style=\"font-weight: 400;\">\u2013 soggetti che forniscono servizi per la gestione del sistema informativo usato da Came spa e delle reti di telecomunicazioni (ivi compresa la posta elettronica);<\/span><\/p>\n<p><span style=\"font-weight: 400;\">\u2013 studi o societ\u00e0 nell\u2019ambito di rapporti di assistenza e consulenza;<\/span><\/p>\n<p><span style=\"font-weight: 400;\">\u2013 autorit\u00e0 competenti per adempimenti di obblighi di leggi e\/o di disposizioni di organi pubblici, su richiesta.<\/span><\/p>\n<p><span style=\"font-weight: 400;\">I soggetti appartenenti alle categorie suddette svolgono la funzione di Responsabile del trattamento dei dati, oppure operano in totale autonomia come distinti Titolari del trattamento. L\u2019elenco dei responsabili&nbsp;\u00e8 costantemente aggiornato e disponibile presso la sede di Came spa. &nbsp;Ogni ulteriore comunicazione o diffusione avverr\u00e0 solo previo Suo esplicito consenso.<\/span><\/p>\n<p>&nbsp;<\/p>\n<p><b>Periodo di Conservazione dei Dati<\/b><\/p>\n<p>&nbsp;<\/p>\n<p><span style=\"font-weight: 400;\">Al termine della prestazione o della fornitura del servizio, i dati personali saranno conservati esclusivamente per scopi storici o statistici, in conformit\u00e0 alla legge, ai regolamenti, alla normativa comunitaria e ai codici di deontologia e di buona condotta sottoscritti ai sensi dell&#8217;articolo 40 del Reg. UE 2016\/679, per un periodo come da normativa vigente (di solito 10 anni), oppure, nel caso non siano soggetti ad alcuna legge, per un periodo non superiore a cinque anni. Oltre tale periodo, i dati personali saranno conservati in forma anonima, oppure saranno distrutti.<\/span><\/p>\n<p>&nbsp;<\/p>\n<p><b>Eventuale Esistenza di un Processo Decisionale Automatizzato<\/b><\/p>\n<p>&nbsp;<\/p>\n<p><span style=\"font-weight: 400;\">Il titolare informa l&#8217;interessato che in questo sito non esiste un processo decisionale automatizzato, quindi in particolare non esiste un sistema di profilazione.<\/span><\/p>\n<p>&nbsp;<\/p>\n<p><b>Minori<\/b><b><br \/>\n<\/b><\/p>\n<p>&nbsp;<\/p>\n<p><span style=\"font-weight: 400;\">Questo Sito e i Servizi del Titolare non sono destinati a minori di 16 anni e il Titolare non raccoglie intenzionalmente informazioni personali riferite ai minori. Nel caso in cui informazioni su minori fossero involontariamente registrate, il Titolare le canceller\u00e0 in modo tempestivo, su richiesta degli utenti.<\/span><\/p>\n<p>&nbsp;<\/p>\n<p><span style=\"font-weight: 400;\"><br \/>\n<\/span><strong>Diritti dell\u2019interessato<\/strong><\/p>\n<p>&nbsp;<\/p>\n<p><span style=\"font-size: medium;\">Gli interessati hanno il diritto di ricevere dall\u2019Azienda informazioni in merito al trattamento effettuato delle informazioni personali mediante mail a: <\/span><a href=\"mailto:privacy@came-italy.com\">privacy@came-italy.com<\/a><\/p>\n<ul>\n<li><strong>Diritto di accesso<\/strong>: siamo trasparenti riguardo ai dati che raccogliamo e all\u2019uso che ne facciamo. Potete contattarci in qualsiasi momento spedendo una mail per accedere alle informazioni in nostro possesso.<\/li>\n<li><strong>Diritto di rettifica<\/strong>: avete il diritto di ottenere la rettifica di eventuali informazioni imprecise o incomplete e richiederne l\u2019aggiornamento e\/o la modifica.<\/li>\n<li><strong>Diritto alla cancellazione (oblio)<\/strong>: inviate una richiesta di cancellazione di tutti i dati che vi riguardano ed entro 30 giorni prenderemo in carico la vostra richiesta.<\/li>\n<li><strong>Diritto di limitazione<\/strong>: avete il diritto di chiedere che il titolare dei dati limiti il trattamento dei vostri dati.<\/li>\n<li><strong>Diritto alla portabilit\u00e0<\/strong>: se ce lo richiedete, esporteremo i vostri dati in modo che possano essere trasferiti a terzi in un formato strutturato e di uso comune e leggibile da dispositivo automatico.<\/li>\n<li><strong>Diritto di opposizione<\/strong>: potrete disiscrivervi in qualsiasi momento da tutti gli usi specifici che facciamo dei vostri dati (newsletter, email automatiche ecc.).<\/li>\n<li><strong>Diritto a proporre un reclamo<\/strong>: se ritenete che i vostri diritti non siano stati rispettati, potrete proporre reclamo all\u2019autorit\u00e0 competente secondo le indicazioni pubblicate sul sito <a href=\"https:\/\/www.garanteprivacy.it\/\">www.garanteprivacy.it<\/a> o mediante mail a <a href=\"mailto:urp@gpdp.it\">urp@gpdp.it<\/a><\/li>\n<\/ul>\n","protected":false},"excerpt":{"rendered":"<p>INFORMATIVA RELATIVA AL TRATTAMENTO DEI DATI PERSONALI &nbsp; Questa informativa \u00e8 fornita, ai sensi dell\u2019art. 13 Regolamento UE 2016\/679 (GDPR) agli utenti che interagiscono con il sito web di Came spa accessibile per via telematica a partire dall\u2019indirizzo: www.came-italy.com corrispondente alla pagina iniziale del sito. &nbsp; La presente informativa descrive le modalit\u00e0 di gestione del [&hellip;]<\/p>\n","protected":false},"author":1,"featured_media":0,"parent":0,"menu_order":0,"comment_status":"closed","ping_status":"closed","template":"","meta":{"ngg_post_thumbnail":0,"footnotes":""},"class_list":["post-3858","page","type-page","status-publish","hentry"],"yoast_head":"<!-- This site is optimized with the Yoast SEO plugin v27.2 - https:\/\/yoast.com\/product\/yoast-seo-wordpress\/ -->\n<title>Privacy Policy - Came Spa<\/title>\n<meta name=\"robots\" content=\"index, follow, max-snippet:-1, max-image-preview:large, max-video-preview:-1\" \/>\n<link rel=\"canonical\" href=\"https:\/\/came-italy.com\/it\/privacy-policy\/\" \/>\n<meta property=\"og:locale\" content=\"it_IT\" \/>\n<meta property=\"og:type\" content=\"article\" \/>\n<meta property=\"og:title\" content=\"Privacy Policy - Came Spa\" \/>\n<meta property=\"og:description\" content=\"INFORMATIVA RELATIVA AL TRATTAMENTO DEI DATI PERSONALI &nbsp; Questa informativa \u00e8 fornita, ai sensi dell\u2019art. 13 Regolamento UE 2016\/679 (GDPR) agli utenti che interagiscono con il sito web di Came spa accessibile per via telematica a partire dall\u2019indirizzo: www.came-italy.com corrispondente alla pagina iniziale del sito. &nbsp; La presente informativa descrive le modalit\u00e0 di gestione del [&hellip;]\" \/>\n<meta property=\"og:url\" content=\"https:\/\/came-italy.com\/it\/privacy-policy\/\" \/>\n<meta property=\"og:site_name\" content=\"Came Spa\" \/>\n<meta property=\"article:modified_time\" content=\"2018-06-12T15:50:51+00:00\" \/>\n<meta name=\"twitter:card\" content=\"summary_large_image\" \/>\n<meta name=\"twitter:label1\" content=\"Tempo di lettura stimato\" \/>\n\t<meta name=\"twitter:data1\" content=\"7 minuti\" \/>\n<script type=\"application\/ld+json\" class=\"yoast-schema-graph\">{\"@context\":\"https:\/\/schema.org\",\"@graph\":[{\"@type\":\"WebPage\",\"@id\":\"https:\/\/came-italy.com\/it\/privacy-policy\/\",\"url\":\"https:\/\/came-italy.com\/it\/privacy-policy\/\",\"name\":\"Privacy Policy - Came Spa\",\"isPartOf\":{\"@id\":\"https:\/\/came-italy.com\/it\/#website\"},\"datePublished\":\"2018-05-25T14:48:16+00:00\",\"dateModified\":\"2018-06-12T15:50:51+00:00\",\"breadcrumb\":{\"@id\":\"https:\/\/came-italy.com\/it\/privacy-policy\/#breadcrumb\"},\"inLanguage\":\"it-IT\",\"potentialAction\":[{\"@type\":\"ReadAction\",\"target\":[\"https:\/\/came-italy.com\/it\/privacy-policy\/\"]}]},{\"@type\":\"BreadcrumbList\",\"@id\":\"https:\/\/came-italy.com\/it\/privacy-policy\/#breadcrumb\",\"itemListElement\":[{\"@type\":\"ListItem\",\"position\":1,\"name\":\"Home\",\"item\":\"https:\/\/came-italy.com\/it\/\"},{\"@type\":\"ListItem\",\"position\":2,\"name\":\"Privacy Policy\"}]},{\"@type\":\"WebSite\",\"@id\":\"https:\/\/came-italy.com\/it\/#website\",\"url\":\"https:\/\/came-italy.com\/it\/\",\"name\":\"Came Spa\",\"description\":\"Avvolgimenti e componenti per motori elettrici\",\"publisher\":{\"@id\":\"https:\/\/came-italy.com\/it\/#organization\"},\"potentialAction\":[{\"@type\":\"SearchAction\",\"target\":{\"@type\":\"EntryPoint\",\"urlTemplate\":\"https:\/\/came-italy.com\/it\/?s={search_term_string}\"},\"query-input\":{\"@type\":\"PropertyValueSpecification\",\"valueRequired\":true,\"valueName\":\"search_term_string\"}}],\"inLanguage\":\"it-IT\"},{\"@type\":\"Organization\",\"@id\":\"https:\/\/came-italy.com\/it\/#organization\",\"name\":\"Came Spa\",\"url\":\"https:\/\/came-italy.com\/it\/\",\"logo\":{\"@type\":\"ImageObject\",\"inLanguage\":\"it-IT\",\"@id\":\"https:\/\/came-italy.com\/it\/#\/schema\/logo\/image\/\",\"url\":\"https:\/\/came-italy.com\/wp-content\/uploads\/2016\/07\/logo-came-spa.png\",\"contentUrl\":\"https:\/\/came-italy.com\/wp-content\/uploads\/2016\/07\/logo-came-spa.png\",\"width\":766,\"height\":129,\"caption\":\"Came Spa\"},\"image\":{\"@id\":\"https:\/\/came-italy.com\/it\/#\/schema\/logo\/image\/\"}}]}<\/script>\n<!-- \/ Yoast SEO plugin. -->","yoast_head_json":{"title":"Privacy Policy - Came Spa","robots":{"index":"index","follow":"follow","max-snippet":"max-snippet:-1","max-image-preview":"max-image-preview:large","max-video-preview":"max-video-preview:-1"},"canonical":"https:\/\/came-italy.com\/it\/privacy-policy\/","og_locale":"it_IT","og_type":"article","og_title":"Privacy Policy - Came Spa","og_description":"INFORMATIVA RELATIVA AL TRATTAMENTO DEI DATI PERSONALI &nbsp; Questa informativa \u00e8 fornita, ai sensi dell\u2019art. 13 Regolamento UE 2016\/679 (GDPR) agli utenti che interagiscono con il sito web di Came spa accessibile per via telematica a partire dall\u2019indirizzo: www.came-italy.com corrispondente alla pagina iniziale del sito. &nbsp; La presente informativa descrive le modalit\u00e0 di gestione del [&hellip;]","og_url":"https:\/\/came-italy.com\/it\/privacy-policy\/","og_site_name":"Came Spa","article_modified_time":"2018-06-12T15:50:51+00:00","twitter_card":"summary_large_image","twitter_misc":{"Tempo di lettura stimato":"7 minuti"},"schema":{"@context":"https:\/\/schema.org","@graph":[{"@type":"WebPage","@id":"https:\/\/came-italy.com\/it\/privacy-policy\/","url":"https:\/\/came-italy.com\/it\/privacy-policy\/","name":"Privacy Policy - Came Spa","isPartOf":{"@id":"https:\/\/came-italy.com\/it\/#website"},"datePublished":"2018-05-25T14:48:16+00:00","dateModified":"2018-06-12T15:50:51+00:00","breadcrumb":{"@id":"https:\/\/came-italy.com\/it\/privacy-policy\/#breadcrumb"},"inLanguage":"it-IT","potentialAction":[{"@type":"ReadAction","target":["https:\/\/came-italy.com\/it\/privacy-policy\/"]}]},{"@type":"BreadcrumbList","@id":"https:\/\/came-italy.com\/it\/privacy-policy\/#breadcrumb","itemListElement":[{"@type":"ListItem","position":1,"name":"Home","item":"https:\/\/came-italy.com\/it\/"},{"@type":"ListItem","position":2,"name":"Privacy Policy"}]},{"@type":"WebSite","@id":"https:\/\/came-italy.com\/it\/#website","url":"https:\/\/came-italy.com\/it\/","name":"Came Spa","description":"Avvolgimenti e componenti per motori elettrici","publisher":{"@id":"https:\/\/came-italy.com\/it\/#organization"},"potentialAction":[{"@type":"SearchAction","target":{"@type":"EntryPoint","urlTemplate":"https:\/\/came-italy.com\/it\/?s={search_term_string}"},"query-input":{"@type":"PropertyValueSpecification","valueRequired":true,"valueName":"search_term_string"}}],"inLanguage":"it-IT"},{"@type":"Organization","@id":"https:\/\/came-italy.com\/it\/#organization","name":"Came Spa","url":"https:\/\/came-italy.com\/it\/","logo":{"@type":"ImageObject","inLanguage":"it-IT","@id":"https:\/\/came-italy.com\/it\/#\/schema\/logo\/image\/","url":"https:\/\/came-italy.com\/wp-content\/uploads\/2016\/07\/logo-came-spa.png","contentUrl":"https:\/\/came-italy.com\/wp-content\/uploads\/2016\/07\/logo-came-spa.png","width":766,"height":129,"caption":"Came Spa"},"image":{"@id":"https:\/\/came-italy.com\/it\/#\/schema\/logo\/image\/"}}]}},"_links":{"self":[{"href":"https:\/\/came-italy.com\/it\/wp-json\/wp\/v2\/pages\/3858","targetHints":{"allow":["GET"]}}],"collection":[{"href":"https:\/\/came-italy.com\/it\/wp-json\/wp\/v2\/pages"}],"about":[{"href":"https:\/\/came-italy.com\/it\/wp-json\/wp\/v2\/types\/page"}],"author":[{"embeddable":true,"href":"https:\/\/came-italy.com\/it\/wp-json\/wp\/v2\/users\/1"}],"replies":[{"embeddable":true,"href":"https:\/\/came-italy.com\/it\/wp-json\/wp\/v2\/comments?post=3858"}],"version-history":[{"count":12,"href":"https:\/\/came-italy.com\/it\/wp-json\/wp\/v2\/pages\/3858\/revisions"}],"predecessor-version":[{"id":3922,"href":"https:\/\/came-italy.com\/it\/wp-json\/wp\/v2\/pages\/3858\/revisions\/3922"}],"wp:attachment":[{"href":"https:\/\/came-italy.com\/it\/wp-json\/wp\/v2\/media?parent=3858"}],"curies":[{"name":"wp","href":"https:\/\/api.w.org\/{rel}","templated":true}]}}